{"id":44466,"date":"2025-11-14T14:24:49","date_gmt":"2025-11-14T14:24:49","guid":{"rendered":"https:\/\/bnssghealthiertogether.org.uk\/?page_id=44466"},"modified":"2026-01-20T13:46:26","modified_gmt":"2026-01-20T13:46:26","slug":"promoting-eye-care-practice-for-children-with-learning-disabilities-pepchild","status":"publish","type":"page","link":"https:\/\/bnssghealthiertogether.org.uk\/fr\/integrated-care-board\/research-and-evidence\/our-research-portfolio\/type-2-rcf-funded-projects\/promoting-eye-care-practice-for-children-with-learning-disabilities-pepchild\/","title":{"rendered":"Promotion des pratiques de soins oculaires pour les enfants ayant des troubles d&#039;apprentissage (PEPChiLD)"},"content":{"rendered":"<div class=\"assembler_default-group assembler_module_group assembler_default-group_1 assembler_module_group_1\"><div class=\"assembler_module_area assembler_module_area_1\"><div class=\"assembler_text-module assembler_module assembler_text-module_1 assembler_module_1  transparent\"><a tabindex=\"-1\" title=\"Section intitul\u00e9e module-1\" id=\"module-1\" href=\"https:\/\/bnssghealthiertogether.org.uk\/fr\/wp-json\/wp\/v2\/pages\/44466\/#module-1\" class=\"anchor\"><span class=\"hidden\">Section intitul\u00e9e module-1<\/span><\/a><!-- Template found for text-module - Template: template-text - Matched: _only --><section class=\"w-full mx-auto max-w-content pt-12 sm:pt-24 pb-12 sm:pb-24\">\r\n  <div class=\"entry-content w-full !px-0 max-w-small\">\r\n        <h1>Promotion des pratiques de soins oculaires pour les enfants ayant des troubles d&#039;apprentissage (PEPChiLD)<\/h1>\n<p>&nbsp;<\/p>\n<h2>Financement<\/h2>\n<p>Financement des capacit\u00e9s de recherche ICB du NHS Bristol, North Somerset et South Gloucestershire.<\/p>\n<h2><strong>Quelle est la question de recherche ?<\/strong><\/h2>\n<p>Comment promouvoir au mieux les bonnes pratiques en mati\u00e8re de soins oculaires chez les enfants ayant des troubles d&#039;apprentissage\u00a0?<\/p>\n<h2><strong>Quel est le probl\u00e8me ?<\/strong><\/h2>\n<p>Les enfants pr\u00e9sentant une d\u00e9ficience intellectuelle repr\u00e9sentent environ 2,51 % de la population britannique. Des \u00e9tudes ont montr\u00e9 que les probl\u00e8mes visuels, tels que les troubles de la r\u00e9fraction, le strabisme, les anomalies de la motilit\u00e9 oculaire, les maladies oculaires et autres d\u00e9ficiences visuelles d&#039;origine c\u00e9r\u00e9brale, sont beaucoup plus fr\u00e9quents chez ces enfants. Malgr\u00e9 la forte pr\u00e9valence de ces probl\u00e8mes dans ce groupe, la recherche met en \u00e9vidence un manque fr\u00e9quent d&#039;ant\u00e9c\u00e9dents de soins ophtalmologiques appropri\u00e9s. De plus, malgr\u00e9 les appels \u00e0 l&#039;\u00e9galit\u00e9 des droits \u00e0 la vue pour les personnes pr\u00e9sentant une d\u00e9ficience intellectuelle, les informations directes des familles et des professionnels de sant\u00e9 oculaire de premier recours concernant les obstacles \u00e0 l&#039;acc\u00e8s aux services de soins ophtalmologiques sont insuffisantes. Cette \u00e9tude s&#039;inscrit dans les domaines prioritaires de l&#039;ICB\u00a0: la lutte contre les in\u00e9galit\u00e9s, la pr\u00e9vention des maladies et l&#039;acc\u00e8s pr\u00e9coce aux soins. Elle vise \u00e0 faciliter l&#039;acc\u00e8s aux soins et au soutien pour les personnes vuln\u00e9rables et \u00e0 contribuer \u00e0 l&#039;investissement dans les 1\u00a0001 premiers jours de la vie.<\/p>\n<h2><strong>Quel est l&#039;objectif de la recherche ?<\/strong><\/h2>\n<p>L\u2019objectif de la recherche du NIHR est de comprendre l\u2019offre actuelle de services de soins oculaires, d\u2019identifier les obstacles et de d\u00e9velopper des ressources pour am\u00e9liorer l\u2019acc\u00e8s aux services de soins oculaires.<\/p>\n<p>Ce projet devrait permettre d&#039;\u00e9laborer des documents d&#039;information destin\u00e9s aux parents et aux patients, expliquant pourquoi, quand et comment acc\u00e9der aux soins oculaires. Des recommandations pour am\u00e9liorer les services de soins oculaires seront diffus\u00e9es via un site web o\u00f9 les informations importantes seront toujours accessibles, des vid\u00e9os et des infographies diffus\u00e9es sur les r\u00e9seaux sociaux, des ressources de formation, ainsi que des publications et articles \u00e9valu\u00e9s par des pairs.<\/p>\n<h2><strong>Comment cela sera-t-il r\u00e9alis\u00e9 ? <\/strong><\/h2>\n<p>La subvention BNSSG ICB RCF servira \u00e0 organiser des groupes de discussion r\u00e9unissant des familles d&#039;enfants pr\u00e9sentant des troubles d&#039;apprentissage et des optom\u00e9tristes. Ces groupes de discussion auront pour objectif de cerner les principaux obstacles rencontr\u00e9s par les parents, les aidants et les professionnels pour acc\u00e9der aux soins et les dispenser.<\/p>\n<p>Le groupe de discussion permettra d&#039;impliquer les patients et le public (IPP), et ses conclusions contribueront \u00e0 l&#039;\u00e9laboration de la proposition de financement aupr\u00e8s du NIHR. L&#039;obtention de cette subvention permettra \u00e0 l&#039;\u00e9quipe de recherche PEPChiLD de concevoir et de mener des enqu\u00eates aupr\u00e8s des familles et des optom\u00e9tristes au Royaume-Uni, afin d&#039;identifier les facteurs influen\u00e7ant la prise en charge ophtalmologique des enfants pr\u00e9sentant des troubles d&#039;apprentissage. Les r\u00e9sultats permettront d&#039;\u00e9valuer l&#039;ampleur des obstacles et de d\u00e9velopper des ressources pour am\u00e9liorer l&#039;acc\u00e8s aux services de soins ophtalmologiques.<\/p>\n<h2><strong>Qui dirige la recherche ?<\/strong><\/h2>\n<p>Ces recherches sont men\u00e9es par le Dr Onyeka Amiebenomo, ma\u00eetre de conf\u00e9rences en optom\u00e9trie \u00e0 l&#039;\u00c9cole de sant\u00e9 et de bien-\u00eatre social de l&#039;Universit\u00e9 de l&#039;Ouest de l&#039;Angleterre, \u00e0 Bristol.<\/p>\n<h2>Informations compl\u00e9mentaires<\/h2>\n<p>Pour plus d&#039;informations ou pour participer \u00e0 ce projet, veuillez envoyer un courriel.\u00a0<a href=\"mailto:bnssg.research@nhs.net\"><strong>bnssg.research@nhs.net<\/strong><\/a><\/p>\n  <\/div>\r\n  <\/section><\/div><!-- .assembler_text-module.assembler_module.assembler_text-module_1.assembler_module_1..transparent --><\/div><!-- .assembler_module_area.assembler_module_area_1 --><\/div><!-- .assembler_default-group.assembler_module_group.assembler_default-group_1.assembler_module_group_1  -->","protected":false},"excerpt":{"rendered":"<p>Comment promouvoir au mieux les bonnes pratiques en mati\u00e8re de soins oculaires chez les enfants ayant des troubles d&#039;apprentissage\u00a0?<\/p>","protected":false},"author":16,"featured_media":0,"parent":32896,"menu_order":0,"comment_status":"closed","ping_status":"closed","template":"","meta":{"_acf_changed":false,"footnotes":""},"tags":[],"class_list":["post-44466","page","type-page","status-publish","hentry"],"acf":[],"_links":{"self":[{"href":"https:\/\/bnssghealthiertogether.org.uk\/fr\/wp-json\/wp\/v2\/pages\/44466","targetHints":{"allow":["GET"]}}],"collection":[{"href":"https:\/\/bnssghealthiertogether.org.uk\/fr\/wp-json\/wp\/v2\/pages"}],"about":[{"href":"https:\/\/bnssghealthiertogether.org.uk\/fr\/wp-json\/wp\/v2\/types\/page"}],"author":[{"embeddable":true,"href":"https:\/\/bnssghealthiertogether.org.uk\/fr\/wp-json\/wp\/v2\/users\/16"}],"replies":[{"embeddable":true,"href":"https:\/\/bnssghealthiertogether.org.uk\/fr\/wp-json\/wp\/v2\/comments?post=44466"}],"version-history":[{"count":2,"href":"https:\/\/bnssghealthiertogether.org.uk\/fr\/wp-json\/wp\/v2\/pages\/44466\/revisions"}],"predecessor-version":[{"id":44468,"href":"https:\/\/bnssghealthiertogether.org.uk\/fr\/wp-json\/wp\/v2\/pages\/44466\/revisions\/44468"}],"up":[{"embeddable":true,"href":"https:\/\/bnssghealthiertogether.org.uk\/fr\/wp-json\/wp\/v2\/pages\/32896"}],"wp:attachment":[{"href":"https:\/\/bnssghealthiertogether.org.uk\/fr\/wp-json\/wp\/v2\/media?parent=44466"}],"wp:term":[{"taxonomy":"post_tag","embeddable":true,"href":"https:\/\/bnssghealthiertogether.org.uk\/fr\/wp-json\/wp\/v2\/tags?post=44466"}],"curies":[{"name":"wp","href":"https:\/\/api.w.org\/{rel}","templated":true}]}}