{"id":46901,"date":"2026-02-18T14:03:30","date_gmt":"2026-02-18T14:03:30","guid":{"rendered":"https:\/\/bnssghealthiertogether.org.uk\/?page_id=46901"},"modified":"2026-02-18T14:03:30","modified_gmt":"2026-02-18T14:03:30","slug":"healthcare-professionals-active-engagement-in-promoting-lifestyle-management","status":"publish","type":"page","link":"https:\/\/bnssghealthiertogether.org.uk\/fr\/integrated-care-board\/research-and-evidence\/our-research-portfolio\/type-1-rcf-funded-projects\/healthcare-professionals-active-engagement-in-promoting-lifestyle-management\/","title":{"rendered":"L&#039;engagement actif des professionnels de la sant\u00e9 dans la promotion de la gestion du mode de vie"},"content":{"rendered":"<div class=\"assembler_default-group assembler_module_group assembler_default-group_1 assembler_module_group_1\"><div class=\"assembler_module_area assembler_module_area_1\"><div class=\"assembler_text-module assembler_module assembler_text-module_1 assembler_module_1  transparent\"><a tabindex=\"-1\" title=\"Section intitul\u00e9e module-1\" id=\"module-1\" href=\"https:\/\/bnssghealthiertogether.org.uk\/fr\/wp-json\/wp\/v2\/pages\/46901\/#module-1\" class=\"anchor\"><span class=\"hidden\">Section intitul\u00e9e module-1<\/span><\/a><!-- Template found for text-module - Template: template-text - Matched: _only --><section class=\"w-full mx-auto max-w-content pt-12 sm:pt-24 pb-12 sm:pb-24\">\r\n  <div class=\"entry-content w-full !px-0 max-w-small\">\r\n        <h1>L&#039;engagement actif des professionnels de la sant\u00e9 dans la promotion de la gestion du mode de vie<\/h1>\n<p>La docteure Rebekah Stone souhaite \u00e9tudier si l&#039;implication active des professionnels de sant\u00e9 dans la promotion de la gestion des habitudes de vie, notamment en mati\u00e8re de nutrition, peut avoir un impact positif sur la sant\u00e9 des populations d\u00e9favoris\u00e9es. Ces communaut\u00e9s sont souvent n\u00e9glig\u00e9es dans la recherche et les initiatives de sant\u00e9, alors m\u00eame qu&#039;elles sont les plus touch\u00e9es par les maladies li\u00e9es au mode de vie, y compris celles associ\u00e9es \u00e0 une mauvaise alimentation.<\/p>\n<h2>Financement<\/h2>\n<p>Financement des capacit\u00e9s de recherche ICB du NHS Bristol, North Somerset et South Gloucestershire.<\/p>\n<h2>Qui dirige la recherche ?<\/h2>\n<p>Cette recherche est men\u00e9e par le Dr Rebekah Stone, m\u00e9decin g\u00e9n\u00e9raliste au cabinet m\u00e9dical de Downton Road.<\/p>\n<h2>Informations compl\u00e9mentaires<\/h2>\n<p>Pour plus d&#039;informations ou pour participer \u00e0 ce projet, veuillez envoyer un courriel.\u00a0<a href=\"mailto:bnssg.research@nhs.net\"><strong>bnssg.research@nhs.net<\/strong><\/a>.<\/p>\n  <\/div>\r\n  <\/section><\/div><!-- .assembler_text-module.assembler_module.assembler_text-module_1.assembler_module_1..transparent --><\/div><!-- .assembler_module_area.assembler_module_area_1 --><\/div><!-- .assembler_default-group.assembler_module_group.assembler_default-group_1.assembler_module_group_1  -->","protected":false},"excerpt":{"rendered":"<p>Dr Rebekah Stone is interested in exploring whether healthcare professionals\u2019 active engagement in promoting lifestyle management such as nutrition can positively influence health outcomes in underserved populations.<\/p>","protected":false},"author":16,"featured_media":0,"parent":32894,"menu_order":0,"comment_status":"closed","ping_status":"closed","template":"","meta":{"_acf_changed":false,"footnotes":""},"tags":[],"class_list":["post-46901","page","type-page","status-publish","hentry"],"acf":[],"_links":{"self":[{"href":"https:\/\/bnssghealthiertogether.org.uk\/fr\/wp-json\/wp\/v2\/pages\/46901","targetHints":{"allow":["GET"]}}],"collection":[{"href":"https:\/\/bnssghealthiertogether.org.uk\/fr\/wp-json\/wp\/v2\/pages"}],"about":[{"href":"https:\/\/bnssghealthiertogether.org.uk\/fr\/wp-json\/wp\/v2\/types\/page"}],"author":[{"embeddable":true,"href":"https:\/\/bnssghealthiertogether.org.uk\/fr\/wp-json\/wp\/v2\/users\/16"}],"replies":[{"embeddable":true,"href":"https:\/\/bnssghealthiertogether.org.uk\/fr\/wp-json\/wp\/v2\/comments?post=46901"}],"version-history":[{"count":2,"href":"https:\/\/bnssghealthiertogether.org.uk\/fr\/wp-json\/wp\/v2\/pages\/46901\/revisions"}],"predecessor-version":[{"id":46904,"href":"https:\/\/bnssghealthiertogether.org.uk\/fr\/wp-json\/wp\/v2\/pages\/46901\/revisions\/46904"}],"up":[{"embeddable":true,"href":"https:\/\/bnssghealthiertogether.org.uk\/fr\/wp-json\/wp\/v2\/pages\/32894"}],"wp:attachment":[{"href":"https:\/\/bnssghealthiertogether.org.uk\/fr\/wp-json\/wp\/v2\/media?parent=46901"}],"wp:term":[{"taxonomy":"post_tag","embeddable":true,"href":"https:\/\/bnssghealthiertogether.org.uk\/fr\/wp-json\/wp\/v2\/tags?post=46901"}],"curies":[{"name":"wp","href":"https:\/\/api.w.org\/{rel}","templated":true}]}}