{"id":46905,"date":"2026-02-18T14:07:59","date_gmt":"2026-02-18T14:07:59","guid":{"rendered":"https:\/\/bnssghealthiertogether.org.uk\/?page_id=46905"},"modified":"2026-02-18T14:08:00","modified_gmt":"2026-02-18T14:08:00","slug":"change-understanding-and-awareness-of-hpv-and-associated-health-conditions-across-the-life-course","status":"publish","type":"page","link":"https:\/\/bnssghealthiertogether.org.uk\/fr\/integrated-care-board\/research-and-evidence\/our-research-portfolio\/type-1-rcf-funded-projects\/change-understanding-and-awareness-of-hpv-and-associated-health-conditions-across-the-life-course\/","title":{"rendered":"Faire \u00e9voluer la compr\u00e9hension et la sensibilisation au VPH et aux probl\u00e8mes de sant\u00e9 associ\u00e9s tout au long de la vie"},"content":{"rendered":"<div class=\"assembler_default-group assembler_module_group assembler_default-group_1 assembler_module_group_1\"><div class=\"assembler_module_area assembler_module_area_1\"><div class=\"assembler_text-module assembler_module assembler_text-module_1 assembler_module_1  transparent\"><a tabindex=\"-1\" title=\"Section intitul\u00e9e module-1\" id=\"module-1\" href=\"https:\/\/bnssghealthiertogether.org.uk\/fr\/wp-json\/wp\/v2\/pages\/46905\/#module-1\" class=\"anchor\"><span class=\"hidden\">Section intitul\u00e9e module-1<\/span><\/a><!-- Template found for text-module - Template: template-text - Matched: _only --><section class=\"w-full mx-auto max-w-content pt-12 sm:pt-24 pb-12 sm:pb-24\">\r\n  <div class=\"entry-content w-full !px-0 max-w-small\">\r\n        <h1>Faire \u00e9voluer la compr\u00e9hension et la sensibilisation au VPH et aux probl\u00e8mes de sant\u00e9 associ\u00e9s tout au long de la vie<\/h1>\n<p>Ce financement permettra d&#039;\u00e9laborer conjointement une proposition de recherche pour un projet visant \u00e0 faire \u00e9voluer la compr\u00e9hension et la sensibilisation au VPH et aux probl\u00e8mes de sant\u00e9 associ\u00e9s tout au long de la vie.<\/p>\n<h2>Financement<\/h2>\n<p>Financement des capacit\u00e9s de recherche ICB du NHS Bristol, North Somerset et South Gloucestershire.<\/p>\n<h2>Qui dirige ces recherches ?<\/h2>\n<p>This research is led by Dr Maddie Tremblett, Lecturer in Psychology, UWE Bristol.<\/p>\n<h2>Informations compl\u00e9mentaires<\/h2>\n<p>Pour plus d&#039;informations ou pour participer \u00e0 ce projet, veuillez envoyer un courriel.\u00a0<a href=\"mailto:bnssg.research@nhs.net\"><strong>bnssg.research@nhs.net<\/strong><\/a>.<\/p>\n  <\/div>\r\n  <\/section><\/div><!-- .assembler_text-module.assembler_module.assembler_text-module_1.assembler_module_1..transparent --><\/div><!-- .assembler_module_area.assembler_module_area_1 --><\/div><!-- .assembler_default-group.assembler_module_group.assembler_default-group_1.assembler_module_group_1  -->","protected":false},"excerpt":{"rendered":"<p>Ce financement permettra d&#039;\u00e9laborer conjointement une proposition de recherche pour un projet visant \u00e0 faire \u00e9voluer la compr\u00e9hension et la sensibilisation au VPH et aux probl\u00e8mes de sant\u00e9 associ\u00e9s tout au long de la vie.<\/p>","protected":false},"author":16,"featured_media":0,"parent":32894,"menu_order":0,"comment_status":"closed","ping_status":"closed","template":"","meta":{"_acf_changed":false,"footnotes":""},"tags":[],"class_list":["post-46905","page","type-page","status-publish","hentry"],"acf":[],"_links":{"self":[{"href":"https:\/\/bnssghealthiertogether.org.uk\/fr\/wp-json\/wp\/v2\/pages\/46905","targetHints":{"allow":["GET"]}}],"collection":[{"href":"https:\/\/bnssghealthiertogether.org.uk\/fr\/wp-json\/wp\/v2\/pages"}],"about":[{"href":"https:\/\/bnssghealthiertogether.org.uk\/fr\/wp-json\/wp\/v2\/types\/page"}],"author":[{"embeddable":true,"href":"https:\/\/bnssghealthiertogether.org.uk\/fr\/wp-json\/wp\/v2\/users\/16"}],"replies":[{"embeddable":true,"href":"https:\/\/bnssghealthiertogether.org.uk\/fr\/wp-json\/wp\/v2\/comments?post=46905"}],"version-history":[{"count":2,"href":"https:\/\/bnssghealthiertogether.org.uk\/fr\/wp-json\/wp\/v2\/pages\/46905\/revisions"}],"predecessor-version":[{"id":46908,"href":"https:\/\/bnssghealthiertogether.org.uk\/fr\/wp-json\/wp\/v2\/pages\/46905\/revisions\/46908"}],"up":[{"embeddable":true,"href":"https:\/\/bnssghealthiertogether.org.uk\/fr\/wp-json\/wp\/v2\/pages\/32894"}],"wp:attachment":[{"href":"https:\/\/bnssghealthiertogether.org.uk\/fr\/wp-json\/wp\/v2\/media?parent=46905"}],"wp:term":[{"taxonomy":"post_tag","embeddable":true,"href":"https:\/\/bnssghealthiertogether.org.uk\/fr\/wp-json\/wp\/v2\/tags?post=46905"}],"curies":[{"name":"wp","href":"https:\/\/api.w.org\/{rel}","templated":true}]}}