{"id":46917,"date":"2026-02-18T14:36:31","date_gmt":"2026-02-18T14:36:31","guid":{"rendered":"https:\/\/bnssghealthiertogether.org.uk\/?page_id=46917"},"modified":"2026-02-18T14:36:31","modified_gmt":"2026-02-18T14:36:31","slug":"optimising-hepatitis-c-surveillance-for-women-who-inject-drugs","status":"publish","type":"page","link":"https:\/\/bnssghealthiertogether.org.uk\/fr\/integrated-care-board\/research-and-evidence\/our-research-portfolio\/type-2-rcf-funded-projects\/optimising-hepatitis-c-surveillance-for-women-who-inject-drugs\/","title":{"rendered":"Optimisation de la surveillance de l&#039;h\u00e9patite C chez les femmes qui s&#039;injectent des drogues"},"content":{"rendered":"<div class=\"assembler_default-group assembler_module_group assembler_default-group_1 assembler_module_group_1\"><div class=\"assembler_module_area assembler_module_area_1\"><div class=\"assembler_text-module assembler_module assembler_text-module_1 assembler_module_1  transparent\"><a tabindex=\"-1\" title=\"Section intitul\u00e9e module-1\" id=\"module-1\" href=\"https:\/\/bnssghealthiertogether.org.uk\/fr\/wp-json\/wp\/v2\/pages\/46917\/#module-1\" class=\"anchor\"><span class=\"hidden\">Section intitul\u00e9e module-1<\/span><\/a><!-- Template found for text-module - Template: template-text - Matched: _only --><section class=\"w-full mx-auto max-w-content pt-12 sm:pt-24 pb-12 sm:pb-24\">\r\n  <div class=\"entry-content w-full !px-0 max-w-small\">\r\n        <h1>Optimisation de la surveillance de l&#039;h\u00e9patite C chez les femmes qui s&#039;injectent des drogues<\/h1>\n<h2>Financement<\/h2>\n<p>Financement des capacit\u00e9s de recherche ICB du NHS Bristol, North Somerset et South Gloucestershire.<\/p>\n<h2>Quel est le probl\u00e8me ?<\/h2>\n<p>Conform\u00e9ment aux priorit\u00e9s de l&#039;ICB visant \u00e0 lutter contre les in\u00e9galit\u00e9s, \u00e0 pr\u00e9venir les maladies et \u00e0 traiter les personnes plus t\u00f4t, ce travail se concentre sur le d\u00e9pistage de suivi de l&#039;h\u00e9patite C chez les femmes qui s&#039;injectent des drogues et qui pr\u00e9sentent un risque accru d&#039;infection et de r\u00e9infection.<\/p>\n<p>L\u2019h\u00e9patite C peut entra\u00eener de graves l\u00e9sions h\u00e9patiques, un cancer et un d\u00e9c\u00e8s pr\u00e9matur\u00e9 si elle n\u2019est pas trait\u00e9e, mais elle est gu\u00e9rissable. Au cours de la derni\u00e8re d\u00e9cennie, le Royaume-Uni a intensifi\u00e9 le d\u00e9pistage et le traitement des personnes qui s\u2019injectent des drogues (principal groupe touch\u00e9 par le virus de l\u2019h\u00e9patite C). Il est recommand\u00e9 aux personnes qui s\u2019injectent des drogues et qui ont \u00e9t\u00e9 trait\u00e9es pour une h\u00e9patite C de b\u00e9n\u00e9ficier d\u2019un d\u00e9pistage annuel afin de d\u00e9tecter une \u00e9ventuelle r\u00e9infection, un retraitement \u00e9tant propos\u00e9 si n\u00e9cessaire. Cependant, il appara\u00eet que ce suivi de routine est rarement effectu\u00e9 au-del\u00e0 de la premi\u00e8re ann\u00e9e (aussi bien chez les hommes que chez les femmes). L\u2019objectif de ce travail en cours est d\u2019\u00e9laborer des recommandations pour optimiser les interventions de d\u00e9pistage de suivi. \u00c0 ce jour, nos efforts se sont concentr\u00e9s sur l\u2019ensemble des personnes qui s\u2019injectent des drogues. Toutefois, il est \u00e9tabli que les femmes sont expos\u00e9es \u00e0 des risques d\u2019infection par l\u2019h\u00e9patite C disproportionnellement plus \u00e9lev\u00e9s et rencontrent des obstacles suppl\u00e9mentaires pour acc\u00e9der aux services communautaires de prise en charge des toxicomanies et de l\u2019alcoolisme ainsi qu\u2019aux programmes de r\u00e9duction des risques, comparativement aux hommes.<\/p>\n<h2>Quel est l&#039;objectif de la recherche ?<\/h2>\n<p>Ce financement soutiendra des activit\u00e9s essentielles de participation des patientes et du public (PPP) afin de garantir que l&#039;intervention soit adapt\u00e9e aux besoins et aux exp\u00e9riences sp\u00e9cifiques des femmes. Cet objectif sera atteint gr\u00e2ce \u00e0 trois composantes cl\u00e9s\u00a0:<\/p>\n<ol>\n<li>Nous \u00e9valuerons la facilit\u00e9 d\u2019utilisation, l\u2019acceptabilit\u00e9 et la faisabilit\u00e9 de l\u2019intervention au moyen d\u2019entretiens de verbalisation \u00e0 voix haute avec des femmes qui s\u2019injectent des drogues, afin d\u2019affiner et d\u2019optimiser la m\u00e9thode de suivi. Jusqu\u2019\u00e0 dix entretiens seront men\u00e9s par cycles it\u00e9ratifs, permettant de tester, de r\u00e9viser et de retester l\u2019intervention, et ainsi de garantir que chaque retour d\u2019information contribue \u00e0 des am\u00e9liorations significatives.<\/li>\n<li>Nous organiserons des groupes d&#039;experts compos\u00e9s de prestataires de services accompagnant les femmes qui s&#039;injectent des drogues et de femmes ayant une exp\u00e9rience v\u00e9cue de cette situation. Ces groupes examineront et affineront l&#039;intervention afin de garantir qu&#039;elle r\u00e9ponde aux besoins des sous-groupes de femmes les plus expos\u00e9s au risque de r\u00e9infection par l&#039;h\u00e9patite C, notamment les jeunes femmes, les femmes ayant des ant\u00e9c\u00e9dents d&#039;incarc\u00e9ration, les femmes enceintes ou ayant des nourrissons, et les femmes travaillant dans l&#039;industrie du sexe.<\/li>\n<li>Ce financement permettra de consacrer du temps \u00e0 l&#039;\u00e9laboration d&#039;une proposition d&#039;essai et \u00e0 la r\u00e9alisation d&#039;une formation aux m\u00e9thodes de recherche, ax\u00e9e sur le recrutement pour les essais contr\u00f4l\u00e9s randomis\u00e9s.<\/li>\n<\/ol>\n<h2>Comment cela sera-t-il r\u00e9alis\u00e9 ?<\/h2>\n<p>Avec l\u2019aide de l\u2019unit\u00e9 d\u2019essais cliniques de Bristol et gr\u00e2ce \u00e0 des collaborations avec nos coll\u00e8gues de l\u2019Agence britannique de s\u00e9curit\u00e9 sanitaire et de Public Health Scotland (via notre \u00e9quipe NIHR HPRU EBS), nous concevrons une \u00e9tude pour tester l\u2019efficacit\u00e9 de l\u2019approche de d\u00e9pistage de suivi que nous avons optimis\u00e9e, afin de d\u00e9terminer si cette approche a produit les r\u00e9sultats escompt\u00e9s, \u00e0 savoir\u00a0:<\/p>\n<ul>\n<li>Augmentation des taux de tests de suivi annuels (et, dans ce cadre, des proportions d\u2019hommes et de femmes suivis \u2013 et de la mani\u00e8re dont cela se rapporte \u00e0 la population de personnes qui s\u2019injectent des drogues).<\/li>\n<li>La d\u00e9tection des r\u00e9infections gr\u00e2ce aux tests de suivi annuels et aux taux d&#039;adoption du traitement permettra de d\u00e9terminer s&#039;il s&#039;agit d&#039;une approche faisable et rentable pour maintenir les niveaux de micro-\u00e9limination atteints au Royaume-Uni.<\/li>\n<\/ul>\n<p>Nous recueillerions des donn\u00e9es qualitatives aupr\u00e8s des services et des personnes qui s&#039;injectent des drogues afin de comprendre la mise en \u0153uvre de l&#039;intervention et leur exp\u00e9rience du suivi (y compris les exp\u00e9riences de r\u00e9infection et de reprise du traitement, le cas \u00e9ch\u00e9ant). Cette proposition inclurait \u00e9galement une sous-\u00e9tude m\u00e9thodologique visant \u00e0 explorer l&#039;impact des chercheurs pairs (qui facilitent ou co-facilitent la collecte de donn\u00e9es) sur les donn\u00e9es recueillies.<\/p>\n<h2>Qui dirige la recherche ?<\/h2>\n<p>Ces recherches sont men\u00e9es par le Dr Hannah Family, chercheuse \u00e0 l&#039;Universit\u00e9 de Bristol.<\/p>\n<h2>Informations compl\u00e9mentaires<\/h2>\n<p>Pour plus d&#039;informations ou pour participer \u00e0 ce projet, veuillez envoyer un courriel.\u00a0<a href=\"mailto:bnssg.research@nhs.net\"><strong>bnssg.research@nhs.net<\/strong><\/a>.<\/p>\n  <\/div>\r\n  <\/section><\/div><!-- .assembler_text-module.assembler_module.assembler_text-module_1.assembler_module_1..transparent --><\/div><!-- .assembler_module_area.assembler_module_area_1 --><\/div><!-- .assembler_default-group.assembler_module_group.assembler_default-group_1.assembler_module_group_1  -->","protected":false},"excerpt":{"rendered":"<p>Conform\u00e9ment aux priorit\u00e9s de l&#039;ICB visant \u00e0 lutter contre les in\u00e9galit\u00e9s, \u00e0 pr\u00e9venir les maladies et \u00e0 traiter les personnes plus t\u00f4t, ce travail se concentre sur le d\u00e9pistage de suivi de l&#039;h\u00e9patite C chez les femmes qui s&#039;injectent des drogues et qui pr\u00e9sentent un risque accru d&#039;infection et de r\u00e9infection.<\/p>","protected":false},"author":16,"featured_media":0,"parent":32896,"menu_order":0,"comment_status":"closed","ping_status":"closed","template":"","meta":{"_acf_changed":false,"footnotes":""},"tags":[],"class_list":["post-46917","page","type-page","status-publish","hentry"],"acf":[],"_links":{"self":[{"href":"https:\/\/bnssghealthiertogether.org.uk\/fr\/wp-json\/wp\/v2\/pages\/46917","targetHints":{"allow":["GET"]}}],"collection":[{"href":"https:\/\/bnssghealthiertogether.org.uk\/fr\/wp-json\/wp\/v2\/pages"}],"about":[{"href":"https:\/\/bnssghealthiertogether.org.uk\/fr\/wp-json\/wp\/v2\/types\/page"}],"author":[{"embeddable":true,"href":"https:\/\/bnssghealthiertogether.org.uk\/fr\/wp-json\/wp\/v2\/users\/16"}],"replies":[{"embeddable":true,"href":"https:\/\/bnssghealthiertogether.org.uk\/fr\/wp-json\/wp\/v2\/comments?post=46917"}],"version-history":[{"count":2,"href":"https:\/\/bnssghealthiertogether.org.uk\/fr\/wp-json\/wp\/v2\/pages\/46917\/revisions"}],"predecessor-version":[{"id":46920,"href":"https:\/\/bnssghealthiertogether.org.uk\/fr\/wp-json\/wp\/v2\/pages\/46917\/revisions\/46920"}],"up":[{"embeddable":true,"href":"https:\/\/bnssghealthiertogether.org.uk\/fr\/wp-json\/wp\/v2\/pages\/32896"}],"wp:attachment":[{"href":"https:\/\/bnssghealthiertogether.org.uk\/fr\/wp-json\/wp\/v2\/media?parent=46917"}],"wp:term":[{"taxonomy":"post_tag","embeddable":true,"href":"https:\/\/bnssghealthiertogether.org.uk\/fr\/wp-json\/wp\/v2\/tags?post=46917"}],"curies":[{"name":"wp","href":"https:\/\/api.w.org\/{rel}","templated":true}]}}