{"id":46921,"date":"2026-02-18T14:45:56","date_gmt":"2026-02-18T14:45:56","guid":{"rendered":"https:\/\/bnssghealthiertogether.org.uk\/?page_id=46921"},"modified":"2026-02-18T14:45:56","modified_gmt":"2026-02-18T14:45:56","slug":"access-to-female-contraception-via-general-practitioners-and-pharmacists-in-england","status":"publish","type":"page","link":"https:\/\/bnssghealthiertogether.org.uk\/fr\/integrated-care-board\/research-and-evidence\/our-research-portfolio\/type-2-rcf-funded-projects\/access-to-female-contraception-via-general-practitioners-and-pharmacists-in-england\/","title":{"rendered":"Acc\u00e8s \u00e0 la contraception f\u00e9minine via les m\u00e9decins g\u00e9n\u00e9ralistes et les pharmaciens en Angleterre"},"content":{"rendered":"<div class=\"assembler_default-group assembler_module_group assembler_default-group_1 assembler_module_group_1\"><div class=\"assembler_module_area assembler_module_area_1\"><div class=\"assembler_text-module assembler_module assembler_text-module_1 assembler_module_1  transparent\"><a tabindex=\"-1\" title=\"Section intitul\u00e9e module-1\" id=\"module-1\" href=\"https:\/\/bnssghealthiertogether.org.uk\/fr\/wp-json\/wp\/v2\/pages\/46921\/#module-1\" class=\"anchor\"><span class=\"hidden\">Section intitul\u00e9e module-1<\/span><\/a><!-- Template found for text-module - Template: template-text - Matched: _only --><section class=\"w-full mx-auto max-w-content pt-12 sm:pt-24 pb-12 sm:pb-24\">\r\n  <div class=\"entry-content w-full !px-0 max-w-small\">\r\n        <h1>Acc\u00e8s \u00e0 la contraception f\u00e9minine via les m\u00e9decins g\u00e9n\u00e9ralistes et les pharmaciens en Angleterre<\/h1>\n<h2>Financement<\/h2>\n<p>Financement des capacit\u00e9s de recherche ICB du NHS Bristol, North Somerset et South Gloucestershire.<\/p>\n<h2>Quel est le probl\u00e8me ?<\/h2>\n<p>Le NHS (service national de sant\u00e9 britannique) propose gratuitement des moyens de contraception aux personnes menstru\u00e9es (ci-apr\u00e8s d\u00e9nomm\u00e9es \u00ab\u00a0femmes\u00a0\u00bb), principalement par l\u2019interm\u00e9diaire des m\u00e9decins g\u00e9n\u00e9ralistes, des centres de sant\u00e9 sexuelle et des pharmacies. Il est essentiel que les femmes puissent acc\u00e9der facilement \u00e0 la contraception afin de pr\u00e9venir les grossesses non d\u00e9sir\u00e9es et de r\u00e9duire le nombre d\u2019avortements.<\/p>\n<p>Le service de contraception en pharmacie (PCS)\u00b9 a \u00e9t\u00e9 test\u00e9 dans certaines r\u00e9gions en 2021, puis d\u00e9ploy\u00e9 dans toute l&#039;Angleterre en 2023. Ce service permettait aux femmes de se faire prescrire des contraceptifs oraux par un pharmacien, et non plus par leur m\u00e9decin g\u00e9n\u00e9raliste. L&#039;objectif du PCS \u00e9tait d&#039;am\u00e9liorer l&#039;acc\u00e8s \u00e0 la contraception et de r\u00e9duire la charge de travail des m\u00e9decins g\u00e9n\u00e9ralistes.<\/p>\n<p>Les donn\u00e9es recueillies \u00e0 ce jour sur le PCS ont port\u00e9 sur l&#039;exp\u00e9rience des patientes et du personnel dans le cadre du projet pilote, ainsi que sur la s\u00e9curit\u00e9 des m\u00e9dicaments. Aucune \u00e9tude n&#039;a \u00e9valu\u00e9 l&#039;acc\u00e8s au service pour diff\u00e9rents groupes de femmes, que ce soit au sein du BNSSG ou \u00e0 l&#039;\u00e9chelle de l&#039;Angleterre. Il est essentiel de comprendre quelles populations ont b\u00e9n\u00e9fici\u00e9 ou non de ce service afin de garantir son accessibilit\u00e9 \u00e0 toutes celles qui en ont besoin.<\/p>\n<p>La lutte contre les in\u00e9galit\u00e9s est l&#039;une des cinq priorit\u00e9s identifi\u00e9es dans la strat\u00e9gie du Conseil de soins int\u00e9gr\u00e9s. Par cons\u00e9quent, l&#039;\u00e9tude des obstacles \u00e0 l&#039;acc\u00e8s \u00e0 la contraception et l&#039;\u00e9valuation de la capacit\u00e9 du PCS \u00e0 atteindre son objectif d&#039;am\u00e9lioration de l&#039;acc\u00e8s aux contraceptifs oraux constitueraient une \u00e9tape pr\u00e9cieuse vers la r\u00e9alisation de cet objectif.<\/p>\n<h2>Quel est l&#039;objectif de la recherche ?<\/h2>\n<p>Le financement destin\u00e9 au renforcement des capacit\u00e9s de recherche permettra d&#039;\u00e9tudier la disponibilit\u00e9 et l&#039;exactitude des donn\u00e9es recueillies par les m\u00e9decins g\u00e9n\u00e9ralistes sur l&#039;utilisation de la contraception f\u00e9minine et de d\u00e9crire les tendances actuelles en Angleterre en fonction de l&#039;\u00e2ge, de l&#039;origine ethnique et du lieu de r\u00e9sidence. Il financera \u00e9galement des actions de sensibilisation aupr\u00e8s des femmes au niveau local et r\u00e9mun\u00e9rera le temps de recherche des chercheurs afin qu&#039;ils puissent mener des \u00e9tudes et formuler des recommandations.<\/p>\n<p>Nous \u00e9tudierons la disponibilit\u00e9 et l&#039;exactitude des donn\u00e9es recueillies de fa\u00e7on syst\u00e9matique par les m\u00e9decins g\u00e9n\u00e9ralistes sur l&#039;utilisation de la contraception f\u00e9minine. En th\u00e9orie, les consultations en pharmacie devraient \u00eatre li\u00e9es au dossier m\u00e9dical de la patiente, mais cela n&#039;a pas \u00e9t\u00e9 valid\u00e9. Dans le cadre du RCF, nous explorerons la ressource de recherche Clinical Practice Research Datalink (CPRD), qui comprend des donn\u00e9es de m\u00e9decins g\u00e9n\u00e9ralistes issues d&#039;un \u00e9chantillon repr\u00e9sentatif de la population anglaise.<\/p>\n<p>Nous organiserons \u00e9galement des groupes de travail avec les parties prenantes afin de comprendre comment le PCS a modifi\u00e9 l&#039;acc\u00e8s \u00e0 la contraception\u00a0; le PCS est command\u00e9 par le NHS England, mais comprendre comment il r\u00e9pond aux besoins d\u00e9mographiques de la population locale de BNSSG est essentiel \u00e0 son succ\u00e8s et \u00e0 sa mise en \u0153uvre.<\/p>\n<p>Ce travail pr\u00e9liminaire nous permettra de comprendre la qualit\u00e9 des donn\u00e9es, les preuves actuelles et comment nous pouvons utiliser au mieux les donn\u00e9es disponibles dans une future demande de subvention NIHR plus importante afin d&#039;explorer l&#039;impact du PCS.<\/p>\n<h2>Comment cela sera-t-il r\u00e9alis\u00e9 ?<\/h2>\n<p>Nous allons demander un financement au titre du programme NIHR Health and Social Care Delivery Research (HSDR) pour une \u00e9valuation comportant deux volets principaux.<\/p>\n<ol>\n<li>Le premier volet de ce travail \u00e9tudiera et comparera l&#039;acc\u00e8s \u00e0 la contraception orale aupr\u00e8s des m\u00e9decins g\u00e9n\u00e9ralistes et des pharmacies avant et apr\u00e8s la mise en \u0153uvre du syst\u00e8me de prescription de m\u00e9dicaments. Nous analyserons quels groupes sp\u00e9cifiques (selon l&#039;\u00e2ge, l&#039;origine ethnique et la situation g\u00e9ographique) sont plus ou moins susceptibles d&#039;avoir acc\u00e8s \u00e0 la contraception orale, et o\u00f9.<\/li>\n<li>Le deuxi\u00e8me volet de ce travail \u00e9tudiera les obstacles et les facteurs facilitant l&#039;acc\u00e8s \u00e0 la contraception pour les femmes. Au moyen de groupes de discussion et d&#039;entretiens avec des femmes, des m\u00e9decins g\u00e9n\u00e9ralistes et des cliniciens, nous explorerons les lieux o\u00f9 les femmes pr\u00e9f\u00e8rent se procurer une contraception, les probl\u00e8mes qui peuvent les en emp\u00eacher et les services qui contribuent ou pourraient contribuer \u00e0 am\u00e9liorer cet acc\u00e8s.<\/li>\n<\/ol>\n<p>Ensemble, ces travaux permettront d&#039;\u00e9valuer l&#039;efficacit\u00e9 du service de contraception en pharmacie en termes d&#039;am\u00e9lioration de l&#039;acc\u00e8s \u00e0 la contraception, de r\u00e9duction de la charge de travail des m\u00e9decins g\u00e9n\u00e9ralistes et de lutte contre les in\u00e9galit\u00e9s. Nous pr\u00e9voyons que les r\u00e9sultats fourniront des donn\u00e9es empiriques pour \u00e9clairer les d\u00e9cisions relatives au financement, r\u00e9duire les in\u00e9galit\u00e9s et formuler des recommandations \u00e0 l&#039;intention des d\u00e9cideurs politiques et des professionnels de sant\u00e9.<\/p>\n<h2>Qui dirige la recherche ?<\/h2>\n<p>Ces recherches sont men\u00e9es par le Dr Lauren Scott et le Dr Isobel Ward, respectivement chercheuse associ\u00e9e principale en recherche appliqu\u00e9e en sant\u00e9 et chercheuse principale en recherche appliqu\u00e9e en sant\u00e9, sciences de la sant\u00e9 des populations, facult\u00e9 de m\u00e9decine de Bristol, universit\u00e9 de Bristol.<\/p>\n<p>Pour plus d&#039;informations ou pour participer \u00e0 ce projet, veuillez envoyer un courriel.\u00a0<a href=\"mailto:bnssg.research@nhs.net\"><strong>bnssg.research@nhs.net<\/strong><\/a>.<\/p>\n  <\/div>\r\n  <\/section><\/div><!-- .assembler_text-module.assembler_module.assembler_text-module_1.assembler_module_1..transparent --><\/div><!-- .assembler_module_area.assembler_module_area_1 --><\/div><!-- .assembler_default-group.assembler_module_group.assembler_default-group_1.assembler_module_group_1  -->","protected":false},"excerpt":{"rendered":"<p>La lutte contre les in\u00e9galit\u00e9s est l&#039;une des cinq priorit\u00e9s identifi\u00e9es dans la strat\u00e9gie du Conseil de soins int\u00e9gr\u00e9s. Par cons\u00e9quent, l&#039;\u00e9tude des obstacles \u00e0 l&#039;acc\u00e8s \u00e0 la contraception et l&#039;\u00e9valuation de la capacit\u00e9 du PCS \u00e0 atteindre son objectif d&#039;am\u00e9lioration de l&#039;acc\u00e8s aux contraceptifs oraux constitueraient une \u00e9tape pr\u00e9cieuse vers la r\u00e9alisation de cet objectif.<\/p>","protected":false},"author":16,"featured_media":0,"parent":32896,"menu_order":0,"comment_status":"closed","ping_status":"closed","template":"","meta":{"_acf_changed":false,"footnotes":""},"tags":[],"class_list":["post-46921","page","type-page","status-publish","hentry"],"acf":[],"_links":{"self":[{"href":"https:\/\/bnssghealthiertogether.org.uk\/fr\/wp-json\/wp\/v2\/pages\/46921","targetHints":{"allow":["GET"]}}],"collection":[{"href":"https:\/\/bnssghealthiertogether.org.uk\/fr\/wp-json\/wp\/v2\/pages"}],"about":[{"href":"https:\/\/bnssghealthiertogether.org.uk\/fr\/wp-json\/wp\/v2\/types\/page"}],"author":[{"embeddable":true,"href":"https:\/\/bnssghealthiertogether.org.uk\/fr\/wp-json\/wp\/v2\/users\/16"}],"replies":[{"embeddable":true,"href":"https:\/\/bnssghealthiertogether.org.uk\/fr\/wp-json\/wp\/v2\/comments?post=46921"}],"version-history":[{"count":2,"href":"https:\/\/bnssghealthiertogether.org.uk\/fr\/wp-json\/wp\/v2\/pages\/46921\/revisions"}],"predecessor-version":[{"id":46925,"href":"https:\/\/bnssghealthiertogether.org.uk\/fr\/wp-json\/wp\/v2\/pages\/46921\/revisions\/46925"}],"up":[{"embeddable":true,"href":"https:\/\/bnssghealthiertogether.org.uk\/fr\/wp-json\/wp\/v2\/pages\/32896"}],"wp:attachment":[{"href":"https:\/\/bnssghealthiertogether.org.uk\/fr\/wp-json\/wp\/v2\/media?parent=46921"}],"wp:term":[{"taxonomy":"post_tag","embeddable":true,"href":"https:\/\/bnssghealthiertogether.org.uk\/fr\/wp-json\/wp\/v2\/tags?post=46921"}],"curies":[{"name":"wp","href":"https:\/\/api.w.org\/{rel}","templated":true}]}}