{"id":47294,"date":"2026-03-16T14:41:47","date_gmt":"2026-03-16T14:41:47","guid":{"rendered":"https:\/\/bnssghealthiertogether.org.uk\/?page_id=47294"},"modified":"2026-03-16T14:41:47","modified_gmt":"2026-03-16T14:41:47","slug":"co-producing-a-research-proposal-to-co-develop-community-led-wellbeing-interventions-among-gypsy-roma-and-traveller-communities","status":"publish","type":"page","link":"https:\/\/bnssghealthiertogether.org.uk\/fr\/integrated-care-board\/research-and-evidence\/our-research-portfolio\/type-2-rcf-funded-projects\/co-producing-a-research-proposal-to-co-develop-community-led-wellbeing-interventions-among-gypsy-roma-and-traveller-communities\/","title":{"rendered":"\u00c9laboration conjointe d&#039;une proposition de recherche visant \u00e0 co-d\u00e9velopper des interventions communautaires de bien-\u00eatre aupr\u00e8s des communaut\u00e9s gitanes, roms et itin\u00e9rantes."},"content":{"rendered":"<div class=\"assembler_default-group assembler_module_group assembler_default-group_1 assembler_module_group_1\"><div class=\"assembler_module_area assembler_module_area_1\"><div class=\"assembler_text-module assembler_module assembler_text-module_1 assembler_module_1  transparent\"><a tabindex=\"-1\" title=\"Section intitul\u00e9e module-1\" id=\"module-1\" href=\"https:\/\/bnssghealthiertogether.org.uk\/fr\/wp-json\/wp\/v2\/pages\/47294\/#module-1\" class=\"anchor\"><span class=\"hidden\">Section intitul\u00e9e module-1<\/span><\/a><!-- Template found for text-module - Template: template-text - Matched: _only --><section class=\"w-full mx-auto max-w-content pt-12 sm:pt-24 pb-12 sm:pb-24\">\r\n  <div class=\"entry-content w-full !px-0 max-w-small\">\r\n        <h1>\u00c9laboration conjointe d&#039;une proposition de recherche visant \u00e0 co-d\u00e9velopper des interventions communautaires de bien-\u00eatre aupr\u00e8s des communaut\u00e9s gitanes, roms et itin\u00e9rantes.<\/h1>\n<h2>Financement<\/h2>\n<p>Financement des capacit\u00e9s de recherche ICB du NHS Bristol, North Somerset et South Gloucestershire.<\/p>\n<h2><strong>Quel est le probl\u00e8me ?<\/strong><\/h2>\n<p>Le besoin de ce projet a \u00e9t\u00e9 identifi\u00e9 lors de conversations avec les partenaires du projet et des femmes participant \u00e0 un groupe existant pour les communaut\u00e9s GRT.<\/p>\n<p>Le terme GRT d\u00e9signe les communaut\u00e9s gitanes, roms et nomades, mais inclut \u00e9galement d&#039;autres groupes pratiquant le nomadisme (par exemple, les forains, les nouveaux voyageurs et les plaisanciers). Ces communaut\u00e9s sont consid\u00e9r\u00e9es comme \u2018\u00a0prioritaires\u00a0\u2018 dans le cadre du programme Inclusion Health (1), ce qui signifie qu&#039;il est urgent d&#039;agir pour leur garantir l&#039;acc\u00e8s aux services de sant\u00e9 dont elles ont besoin. Les donn\u00e9es montrent que les communaut\u00e9s GRT sont confront\u00e9es aux plus grandes in\u00e9galit\u00e9s de sant\u00e9 au Royaume-Uni, avec des taux plus \u00e9lev\u00e9s de nombreuses affections de longue dur\u00e9e et des r\u00e9sultats de sant\u00e9 consid\u00e9rablement moins bons que la population g\u00e9n\u00e9rale (2, 3). On estime que l&#039;esp\u00e9rance de vie des communaut\u00e9s GRT est inf\u00e9rieure de 10 \u00e0 25 ans \u00e0 celle de la population g\u00e9n\u00e9rale (4). La sant\u00e9 mentale est un probl\u00e8me majeur, de nombreuses personnes au sein de ces communaut\u00e9s souffrant d&#039;anxi\u00e9t\u00e9 et de d\u00e9pression (5). Le taux de suicide serait sept fois plus \u00e9lev\u00e9 chez les communaut\u00e9s GRT que dans la population g\u00e9n\u00e9rale et serait responsable de 111\u00a0030 d\u00e9c\u00e8s chez les Gens du voyage irlandais (5).<\/p>\n<p>Pour favoriser l&#039;acc\u00e8s aux soins, les services doivent \u00eatre con\u00e7us en collaboration avec les communaut\u00e9s afin d&#039;\u00eatre acceptables, accessibles et de surmonter les obstacles sp\u00e9cifiques auxquels elles sont confront\u00e9es. Cela exige une collaboration \u00e9quitable et valorisante entre les \u00e9quipes de recherche et les communaut\u00e9s, qui encourage un sentiment d&#039;appropriation et de responsabilit\u00e9 partag\u00e9e. Les \u00e9quipes de recherche doivent adopter des m\u00e9thodes flexibles et adapt\u00e9es aux r\u00e9alit\u00e9s culturelles pour r\u00e9pondre aux besoins des communaut\u00e9s.<\/p>\n<h2><strong>Quel est l&#039;objectif de la recherche ?<\/strong><\/h2>\n<p>Ce projet vise \u00e0 collaborer \u00e9troitement avec les communaut\u00e9s GRT afin de mieux comprendre leurs priorit\u00e9s en mati\u00e8re de sant\u00e9 mentale et de d\u00e9velopper des recherches futures qui tiennent compte de leurs besoins et de leurs exp\u00e9riences. Un objectif cl\u00e9 est de b\u00e2tir des relations solides, de confiance et durables entre les communaut\u00e9s GRT et les chercheurs, fond\u00e9es sur le respect mutuel et le partage des connaissances.<\/p>\n<p>Le projet privil\u00e9giera une approche participative\u00a0: les membres du groupe contribueront \u00e0 d\u00e9finir les sujets abord\u00e9s, le d\u00e9roulement des \u00e9changes et les r\u00e9sultats attendus. Nous inviterons les personnes issues des communaut\u00e9s transgenres et transgenres \u00e0 participer \u00e0 des s\u00e9ances de groupe toutes les deux semaines pendant 12\u00a0mois. Les groupes se r\u00e9uniront dans un espace communautaire familier et accessible, o\u00f9 des collations seront offertes. Cr\u00e9er un environnement s\u00fbr, accueillant et flexible est essentiel au projet, notamment compte tenu de la m\u00e9fiance pass\u00e9e et actuelle entre les communaut\u00e9s transgenres et transgenres et les services de sant\u00e9. L\u2019information en mati\u00e8re de sant\u00e9 sera diffus\u00e9e par des professionnels de confiance, tout en reconnaissant l\u2019expertise et les connaissances pr\u00e9sentes au sein de la communaut\u00e9.<\/p>\n<p>Les r\u00e9unions comprendront des activit\u00e9s cr\u00e9atives et interactives, comme des ateliers manuels et des discussions en petits groupes, afin de favoriser des \u00e9changes ouverts et constructifs sur la sant\u00e9 mentale et les exp\u00e9riences li\u00e9es \u00e0 la recherche en sant\u00e9. Ces discussions permettront de cerner les priorit\u00e9s du groupe et d&#039;identifier comment rendre la recherche plus inclusive. Elles alimenteront une demande de financement \u00e9labor\u00e9e en collaboration avec la communaut\u00e9 et r\u00e9pondant \u00e0 ses besoins.<\/p>\n<h2><strong>Comment cela sera-t-il r\u00e9alis\u00e9 ?<\/strong><\/h2>\n<p>Le travail du RCF avec les communaut\u00e9s GRT permettra d&#039;\u00e9laborer une demande de financement aupr\u00e8s du programme de sant\u00e9 publique du NIHR. L&#039;objectif du projet NIHR est de mieux comprendre comment les approches communautaires peuvent favoriser le bien-\u00eatre, afin que la transition du NHS England, de l&#039;h\u00f4pital \u00e0 la communaut\u00e9 et du traitement \u00e0 la pr\u00e9vention, prenne en compte les in\u00e9galit\u00e9s de sant\u00e9 dont souffre cette population mal desservie. Nous travaillerons en \u00e9troite collaboration avec les associations et les collectivit\u00e9s locales qui soutiennent d\u00e9j\u00e0 les communaut\u00e9s GRT. Nous avons d\u00e9j\u00e0 \u00e9tabli des liens avec deux collectivit\u00e9s locales et d&#039;autres partenaires seront identifi\u00e9s gr\u00e2ce \u00e0 des actions de d\u00e9veloppement des relations pr\u00e9vues.<\/p>\n<p>Le projet comprendra deux volets principaux. Dans un premier temps, nous examinerons comment les activit\u00e9s communautaires actuelles contribuent au bien-\u00eatre. Cela inclura des entretiens et des ateliers avec les membres de la communaut\u00e9 afin de recueillir leurs points de vue sur les initiatives locales, telles que les \u00e9v\u00e9nements communautaires, les s\u00e9ances d&#039;information, les journ\u00e9es de sensibilisation \u00e0 la sant\u00e9 et \u00e0 la s\u00e9curit\u00e9, et les groupes de femmes. Nous analyserons les points forts et les axes d&#039;am\u00e9lioration. Ces observations seront combin\u00e9es aux donn\u00e9es de recherche existantes pour aider les organisations \u00e0 apporter des am\u00e9liorations concr\u00e8tes \u00e0 leurs activit\u00e9s.<\/p>\n<p>Deuxi\u00e8mement, nous \u00e9valuerons les initiatives communautaires am\u00e9lior\u00e9es afin de comprendre leur fonctionnement, leurs b\u00e9n\u00e9ficiaires et les contextes dans lesquels elles sont mises en \u0153uvre. Cette approche tient compte de la diversit\u00e9 des communaut\u00e9s GRT et de l&#039;importance des contextes locaux. Nous utiliserons des entretiens, des ateliers et les documents relatifs aux projets pour \u00e9laborer des \u00e9tudes de cas sur chaque site.<\/p>\n<p>Les r\u00e9sultats seront diffus\u00e9s de mani\u00e8re accessible aupr\u00e8s des communaut\u00e9s, des partenaires et des conseils, et plus largement par le biais des r\u00e9seaux politiques, professionnels et universitaires afin de soutenir l&#039;apprentissage et l&#039;impact.<\/p>\n<h2><strong>Qui dirige la recherche ?<\/strong><\/h2>\n<p>Ces recherches sont men\u00e9es par le Dr Sarah Denford et le Dr Hannah Bowers, chercheuses principales \u00e0 l&#039;Universit\u00e9 de Bristol et \u00e0 l&#039;Universit\u00e9 de Southampton.<\/p>\n<h2><strong>Informations compl\u00e9mentaires<\/strong><\/h2>\n<p>Pour plus d&#039;informations ou pour participer \u00e0 ce projet, veuillez envoyer un courriel.\u00a0<a href=\"mailto:bnssg.research@nhs.net\"><strong>bnssg.research@nhs.net<\/strong><\/a><\/p>\n  <\/div>\r\n  <\/section><\/div><!-- .assembler_text-module.assembler_module.assembler_text-module_1.assembler_module_1..transparent --><\/div><!-- .assembler_module_area.assembler_module_area_1 --><\/div><!-- .assembler_default-group.assembler_module_group.assembler_default-group_1.assembler_module_group_1  -->","protected":false},"excerpt":{"rendered":"<p>Le besoin de ce projet a \u00e9t\u00e9 identifi\u00e9 lors de conversations avec les partenaires du projet et des femmes participant \u00e0 un groupe existant pour les communaut\u00e9s GRT.<\/p>","protected":false},"author":16,"featured_media":0,"parent":32896,"menu_order":0,"comment_status":"closed","ping_status":"closed","template":"","meta":{"_acf_changed":false,"footnotes":""},"tags":[],"class_list":["post-47294","page","type-page","status-publish","hentry"],"acf":[],"_links":{"self":[{"href":"https:\/\/bnssghealthiertogether.org.uk\/fr\/wp-json\/wp\/v2\/pages\/47294","targetHints":{"allow":["GET"]}}],"collection":[{"href":"https:\/\/bnssghealthiertogether.org.uk\/fr\/wp-json\/wp\/v2\/pages"}],"about":[{"href":"https:\/\/bnssghealthiertogether.org.uk\/fr\/wp-json\/wp\/v2\/types\/page"}],"author":[{"embeddable":true,"href":"https:\/\/bnssghealthiertogether.org.uk\/fr\/wp-json\/wp\/v2\/users\/16"}],"replies":[{"embeddable":true,"href":"https:\/\/bnssghealthiertogether.org.uk\/fr\/wp-json\/wp\/v2\/comments?post=47294"}],"version-history":[{"count":2,"href":"https:\/\/bnssghealthiertogether.org.uk\/fr\/wp-json\/wp\/v2\/pages\/47294\/revisions"}],"predecessor-version":[{"id":47296,"href":"https:\/\/bnssghealthiertogether.org.uk\/fr\/wp-json\/wp\/v2\/pages\/47294\/revisions\/47296"}],"up":[{"embeddable":true,"href":"https:\/\/bnssghealthiertogether.org.uk\/fr\/wp-json\/wp\/v2\/pages\/32896"}],"wp:attachment":[{"href":"https:\/\/bnssghealthiertogether.org.uk\/fr\/wp-json\/wp\/v2\/media?parent=47294"}],"wp:term":[{"taxonomy":"post_tag","embeddable":true,"href":"https:\/\/bnssghealthiertogether.org.uk\/fr\/wp-json\/wp\/v2\/tags?post=47294"}],"curies":[{"name":"wp","href":"https:\/\/api.w.org\/{rel}","templated":true}]}}