{"id":47297,"date":"2026-03-16T14:45:32","date_gmt":"2026-03-16T14:45:32","guid":{"rendered":"https:\/\/bnssghealthiertogether.org.uk\/?page_id=47297"},"modified":"2026-03-16T14:45:32","modified_gmt":"2026-03-16T14:45:32","slug":"building-mens-mental-fitness-behind-bars-evaluating-talk-club-in-prisons","status":"publish","type":"page","link":"https:\/\/bnssghealthiertogether.org.uk\/fr\/integrated-care-board\/research-and-evidence\/our-research-portfolio\/type-2-rcf-funded-projects\/building-mens-mental-fitness-behind-bars-evaluating-talk-club-in-prisons\/","title":{"rendered":"Am\u00e9liorer la sant\u00e9 mentale des hommes en prison\u00a0: \u00c9valuation du programme Talk Club en milieu carc\u00e9ral"},"content":{"rendered":"<div class=\"assembler_default-group assembler_module_group assembler_default-group_1 assembler_module_group_1\"><div class=\"assembler_module_area assembler_module_area_1\"><div class=\"assembler_text-module assembler_module assembler_text-module_1 assembler_module_1  transparent\"><a tabindex=\"-1\" title=\"Section intitul\u00e9e module-1\" id=\"module-1\" href=\"https:\/\/bnssghealthiertogether.org.uk\/fr\/wp-json\/wp\/v2\/pages\/47297\/#module-1\" class=\"anchor\"><span class=\"hidden\">Section intitul\u00e9e module-1<\/span><\/a><!-- Template found for text-module - Template: template-text - Matched: _only --><section class=\"w-full mx-auto max-w-content pt-12 sm:pt-24 pb-12 sm:pb-24\">\r\n  <div class=\"entry-content w-full !px-0 max-w-small\">\r\n        <h1>Am\u00e9liorer la sant\u00e9 mentale des hommes en prison\u00a0: \u00c9valuation du programme Talk Club en milieu carc\u00e9ral<\/h1>\n<h2><strong>Financement<\/strong><\/h2>\n<p>Financement des capacit\u00e9s de recherche ICB du NHS Bristol, North Somerset et South Gloucestershire.<\/p>\n<h2><strong>Quel est le probl\u00e8me ?<\/strong><\/h2>\n<p>Au Royaume-Uni, 3 suicides sur 4 concernent des hommes, et les taux sont \u00e0 leur plus haut niveau depuis 1999 (<a href=\"https:\/\/www.ons.gov.uk\/peoplepopulationandcommunity\/birthsdeathsandmarriages\/deaths\/bulletins\/suicidesintheunitedkingdom\/2023\" rel=\"noopener\">ONS, 2023<\/a>Les hommes en prison ont presque quatre fois plus de risques de se suicider que les hommes de la population g\u00e9n\u00e9rale (<a href=\"https:\/\/commonslibrary.parliament.uk\/research-briefings\/cbp-10102\/\" rel=\"noopener\">Biblioth\u00e8que de la Chambre des communes, 2024<\/a>). En 2023-2024, les taux d&#039;automutilation dans les prisons pour hommes ont augment\u00e9 de 251 % par rapport \u00e0 2022-2023 (<a href=\"https:\/\/www.gov.uk\/government\/statistics\/safety-in-custody-quarterly-update-to-march-2024\/safety-in-custody-statistics-england-and-wales-deaths-in-prison-custody-to-june-2024-assaults-and-self-harm-to-march-2024\" rel=\"noopener\">HMPPS, 2024<\/a>).<\/p>\n<p>Les hommes sont moins susceptibles que les femmes de demander de l&#039;aide en mati\u00e8re de sant\u00e9 mentale (<a href=\"https:\/\/onlinelibrary.wiley.com\/doi\/full\/10.1111\/j.1365-2648.2004.03331.x?casa_token=tQHcOzhQ6jEAAAAA%3ANE-Ou1Ltesdr4oB2MavmJ8oCWJGTjPktRxzVmdFngH6NwXaCJqdxui4WSX9aT_IWtsEg8UQGLjxu8XXFdg\" rel=\"noopener\">Galdas et al., 2005<\/a>). Lorsque les hommes s&#039;engagent dans la conversation, ils pr\u00e9f\u00e8rent les espaces informels et conviviaux pour les hommes qui normalisent le fait de parler de ses sentiments (<a href=\"https:\/\/academic.oup.com\/heapro\/article\/35\/5\/1230\/5585825?login=true\" rel=\"noopener\">Oliffe et al., 2020<\/a>L&#039;importance de fournir un soutien en sant\u00e9 mentale qui refl\u00e8te les besoins des hommes est reconnue internationalement (<a href=\"https:\/\/www.who.int\/europe\/publications\/i\/item\/9789289053532\" rel=\"noopener\">OMS, 2018<\/a>) et dans la premi\u00e8re strat\u00e9gie de sant\u00e9 masculine de l&#039;Angleterre (<a href=\"https:\/\/www.gov.uk\/government\/publications\/mens-health-strategy-for-england\" rel=\"noopener\">DHSC, 2025<\/a>), qui identifie la sant\u00e9 mentale et la pr\u00e9vention du suicide comme des priorit\u00e9s essentielles.<\/p>\n<p>Talk Club est une association caritative prim\u00e9e, ancr\u00e9e dans la communaut\u00e9, qui propose des groupes structur\u00e9s de \u2018 bien-\u00eatre mental \u2019 anim\u00e9s par des pairs pour les hommes\u00a0: <em>\u201c Nous pr\u00e9f\u00e9rons parler de bien-\u00eatre mental, car nos groupes de parole aident activement les hommes \u00e0 comprendre ce qu&#039;ils ressentent en leur demandant : &quot;Comment allez-vous ? Sur une \u00e9chelle de 1 \u00e0 10 ?&quot; puis en expliquant pourquoi. \u2018 <\/em>(<a href=\"https:\/\/talkclub.org\/\" rel=\"noopener\">https:\/\/talkclub.org\/<\/a>Le programme Talk Club est actuellement pr\u00e9sent dans 21 prisons britanniques, o\u00f9 des d\u00e9tenus sont form\u00e9s pour animer les s\u00e9ances (\u2018\u00a0capitaines\u00a0\u2019). Bien que d\u00e9tenus et personnel fassent part d&#039;exp\u00e9riences positives, l&#039;impact du Talk Club en prison n&#039;a pas encore fait l&#039;objet d&#039;une \u00e9valuation formelle.<\/p>\n<p>Ce projet s&#039;inscrit dans les priorit\u00e9s de l&#039;ICB en mati\u00e8re de d\u00e9pistage pr\u00e9coce et de prise en charge de l&#039;anxi\u00e9t\u00e9 et de la d\u00e9pression. Il s&#039;attaque aux in\u00e9galit\u00e9s en mati\u00e8re de sant\u00e9 et renforce les fondements d&#039;une bonne sant\u00e9 et du bien-\u00eatre gr\u00e2ce \u00e0 une intervention \u00e9prouv\u00e9e men\u00e9e par le secteur associatif et social aupr\u00e8s d&#039;une population carc\u00e9rale pr\u00e9sentant d&#039;importants besoins non satisfaits en sant\u00e9 mentale.<\/p>\n<h2><strong>Quel est l&#039;objectif de la recherche ?<\/strong><\/h2>\n<p>Les futurs travaux financ\u00e9s par le NIHR examineront le fonctionnement des Talk Clubs en prison et leur impact sur les d\u00e9tenus participants et leur entourage (famille, personnel p\u00e9nitentiaire). Cinq \u00e0 six prisons d&#039;Angleterre seront concern\u00e9es, repr\u00e9sentant diff\u00e9rents types d&#039;\u00e9tablissements et de profils de d\u00e9tenus.<\/p>\n<p>Cette \u00e9tude examinera le profil des participants au Talk Club, la fr\u00e9quence de leur pr\u00e9sence et leur niveau de satisfaction. Les hommes participant au Talk Club seront invit\u00e9s \u00e0 remplir de courts questionnaires sur leur bien-\u00eatre mental, leurs strat\u00e9gies d&#039;adaptation, le soutien social, la solitude et le d\u00e9veloppement de leurs comp\u00e9tences interpersonnelles \u00e0 diff\u00e9rents moments de l&#039;\u00e9tude. De plus, la note \u201c\u00a0Comment allez-vous\u00a0? Sur 10\u00a0?\u00a0\u201d, d\u00e9j\u00e0 utilis\u00e9e avant et apr\u00e8s chaque s\u00e9ance du Talk Club, sera analys\u00e9e afin d&#039;observer l&#039;\u00e9volution du ressenti des hommes au fil de leur participation.<\/p>\n<p>Des entretiens seront men\u00e9s aupr\u00e8s des d\u00e9tenus afin de comprendre leur exp\u00e9rience du club de parole, ce qui facilite ou entrave leur participation, et comment cela influence leur quotidien et leurs relations. Le personnel p\u00e9nitentiaire et les familles seront \u00e9galement interrog\u00e9s afin de recueillir un plus large \u00e9ventail de points de vue.<\/p>\n<p>Enfin, lorsque cela est possible, les dossiers p\u00e9nitentiaires existants relatifs \u00e0 l&#039;automutilation, au suicide et aux incidents graves seront examin\u00e9s afin d&#039;identifier les tendances avant et apr\u00e8s la mise en place du Talk Club. L&#039;ensemble de ces travaux permettra de dresser un tableau pr\u00e9cis du fonctionnement du Talk Club en compl\u00e9ment des services de sant\u00e9 p\u00e9nitentiaires existants et d&#039;identifier les pistes d&#039;am\u00e9lioration.<\/p>\n<h2><strong>Comment cela sera-t-il r\u00e9alis\u00e9 ?<\/strong><\/h2>\n<ol>\n<li>Participation continue des PPI\u00a0: Implication continue des personnes ayant une exp\u00e9rience directe du Talk Club, y compris les membres de la communaut\u00e9 et les d\u00e9tenus, afin de fa\u00e7onner le plan d\u2019\u00e9tude, d\u2019affiner les outils d\u2019\u00e9tude et d\u2019identifier les d\u00e9fis pratiques ou \u00e9thiques.<\/li>\n<li>R\u00e9unions du comit\u00e9 de pilotage\u00a0:\n<ol>\n<li>Le personnel p\u00e9nitentiaire, de probation et de mise en service sera charg\u00e9 de d\u00e9finir le protocole de l&#039;\u00e9tude, de mettre en \u00e9vidence les difficult\u00e9s rencontr\u00e9es, de veiller \u00e0 ce que les donn\u00e9es recueillies soient pertinentes pour la prise de d\u00e9cision concernant la g\u00e9n\u00e9ralisation du programme Talk Club dans les prisons et d&#039;identifier toute information pouvant \u00eatre recueillie pour appuyer les d\u00e9cisions futures concernant l&#039;utilisation de Talk Club dans les services de probation.<\/li>\n<li>Le personnel clinique et charg\u00e9 de la mise en service doit identifier toute information pouvant \u00eatre recueillie pour appuyer les d\u00e9cisions futures concernant l&#039;utilisation de Talk Club dans des services plus larges du NHS (par exemple, les affections de longue dur\u00e9e).<\/li>\n<\/ol>\n<\/li>\n<li>Revue rapide de la litt\u00e9rature : Un examen cibl\u00e9 des recherches existantes sur le soutien en mati\u00e8re de sant\u00e9 mentale et de bien-\u00eatre des hommes en prison afin de comprendre ce qui est d\u00e9j\u00e0 connu, comment des interventions similaires ont \u00e9t\u00e9 \u00e9valu\u00e9es et o\u00f9 subsistent d&#039;importantes lacunes.<\/li>\n<li>Piloter le processus de recherche \u00e0 la prison de Bristol\u00a0:\n<ol>\n<li>Tester les processus de recrutement.<\/li>\n<li>Explorez des m\u00e9thodes pour \u00e9valuer si les s\u00e9ances du Talk Club sont dispens\u00e9es comme pr\u00e9vu, notamment en identifiant des moyens pratiques et acceptables de v\u00e9rifier la coh\u00e9rence de leur d\u00e9roulement.<\/li>\n<li>Mener des entretiens avec un petit nombre de prisonniers afin d&#039;affiner les questions et d&#039;identifier les \u00e9ventuels obstacles pratiques et \u00e9thiques li\u00e9s au processus de recherche.<\/li>\n<li>Tester la longueur et la clart\u00e9 des questionnaires propos\u00e9s.<\/li>\n<li>Tester des m\u00e9thodes pratiques pour que les scores \u201c Comment allez-vous ? Sur 10 ? \u201d recueillis r\u00e9guli\u00e8rement soient partag\u00e9s en toute s\u00e9curit\u00e9 avec l&#039;\u00e9quipe de recherche.<\/li>\n<li>V\u00e9rifier s&#039;il est possible d&#039;acc\u00e9der aux dossiers p\u00e9nitentiaires relatifs aux automutilations, aux suicides et aux incidents graves.<\/li>\n<li>D\u00e9veloppement de la demande de subvention NIHR\u00a0: R\u00e9unions de l\u2019\u00e9quipe de recherche et temps de r\u00e9daction pour peaufiner et soumettre une demande de subvention NIHR de haute qualit\u00e9<\/li>\n<\/ol>\n<\/li>\n<\/ol>\n<h2><strong>Qui dirige la recherche ?<\/strong><\/h2>\n<p>Ces recherches sont men\u00e9es par le Dr Caroline Flurey, professeure agr\u00e9g\u00e9e de sant\u00e9 masculine et de maladies chroniques \u00e0 l&#039;Universit\u00e9 de l&#039;Ouest de l&#039;Angleterre, \u00e0 Bristol, au sein de la Facult\u00e9 des sciences sociales et du Coll\u00e8ge de la sant\u00e9, des sciences et de la soci\u00e9t\u00e9.<\/p>\n<h2><strong>Informations compl\u00e9mentaires<\/strong><\/h2>\n<p>Pour plus d&#039;informations ou pour participer \u00e0 ce projet, veuillez envoyer un courriel.\u00a0<a href=\"mailto:bnssg.research@nhs.net\"><strong>bnssg.research@nhs.net<\/strong><\/a><\/p>\n  <\/div>\r\n  <\/section><\/div><!-- .assembler_text-module.assembler_module.assembler_text-module_1.assembler_module_1..transparent --><\/div><!-- .assembler_module_area.assembler_module_area_1 --><\/div><!-- .assembler_default-group.assembler_module_group.assembler_default-group_1.assembler_module_group_1  -->","protected":false},"excerpt":{"rendered":"<p>Ce projet s&#039;inscrit dans les priorit\u00e9s de l&#039;ICB en mati\u00e8re de d\u00e9pistage pr\u00e9coce et de prise en charge de l&#039;anxi\u00e9t\u00e9 et de la d\u00e9pression. Il s&#039;attaque aux in\u00e9galit\u00e9s en mati\u00e8re de sant\u00e9 et renforce les fondements d&#039;une bonne sant\u00e9 et du bien-\u00eatre gr\u00e2ce \u00e0 une intervention \u00e9prouv\u00e9e men\u00e9e par le secteur associatif et social aupr\u00e8s d&#039;une population carc\u00e9rale pr\u00e9sentant d&#039;importants besoins non satisfaits en sant\u00e9 mentale.<\/p>","protected":false},"author":16,"featured_media":0,"parent":32896,"menu_order":0,"comment_status":"closed","ping_status":"closed","template":"","meta":{"_acf_changed":false,"footnotes":""},"tags":[],"class_list":["post-47297","page","type-page","status-publish","hentry"],"acf":[],"_links":{"self":[{"href":"https:\/\/bnssghealthiertogether.org.uk\/fr\/wp-json\/wp\/v2\/pages\/47297","targetHints":{"allow":["GET"]}}],"collection":[{"href":"https:\/\/bnssghealthiertogether.org.uk\/fr\/wp-json\/wp\/v2\/pages"}],"about":[{"href":"https:\/\/bnssghealthiertogether.org.uk\/fr\/wp-json\/wp\/v2\/types\/page"}],"author":[{"embeddable":true,"href":"https:\/\/bnssghealthiertogether.org.uk\/fr\/wp-json\/wp\/v2\/users\/16"}],"replies":[{"embeddable":true,"href":"https:\/\/bnssghealthiertogether.org.uk\/fr\/wp-json\/wp\/v2\/comments?post=47297"}],"version-history":[{"count":2,"href":"https:\/\/bnssghealthiertogether.org.uk\/fr\/wp-json\/wp\/v2\/pages\/47297\/revisions"}],"predecessor-version":[{"id":47303,"href":"https:\/\/bnssghealthiertogether.org.uk\/fr\/wp-json\/wp\/v2\/pages\/47297\/revisions\/47303"}],"up":[{"embeddable":true,"href":"https:\/\/bnssghealthiertogether.org.uk\/fr\/wp-json\/wp\/v2\/pages\/32896"}],"wp:attachment":[{"href":"https:\/\/bnssghealthiertogether.org.uk\/fr\/wp-json\/wp\/v2\/media?parent=47297"}],"wp:term":[{"taxonomy":"post_tag","embeddable":true,"href":"https:\/\/bnssghealthiertogether.org.uk\/fr\/wp-json\/wp\/v2\/tags?post=47297"}],"curies":[{"name":"wp","href":"https:\/\/api.w.org\/{rel}","templated":true}]}}