{"id":47307,"date":"2026-03-16T14:52:13","date_gmt":"2026-03-16T14:52:13","guid":{"rendered":"https:\/\/bnssghealthiertogether.org.uk\/?page_id=47307"},"modified":"2026-03-16T14:52:13","modified_gmt":"2026-03-16T14:52:13","slug":"including-fertility-awareness-methods-in-routine-nhs-contraceptive-consultations","status":"publish","type":"page","link":"https:\/\/bnssghealthiertogether.org.uk\/fr\/integrated-care-board\/research-and-evidence\/our-research-portfolio\/type-2-rcf-funded-projects\/including-fertility-awareness-methods-in-routine-nhs-contraceptive-consultations\/","title":{"rendered":"Int\u00e9grer les m\u00e9thodes de connaissance de la fertilit\u00e9 dans les consultations de contraception de routine du NHS"},"content":{"rendered":"<div class=\"assembler_default-group assembler_module_group assembler_default-group_1 assembler_module_group_1\"><div class=\"assembler_module_area assembler_module_area_1\"><div class=\"assembler_text-module assembler_module assembler_text-module_1 assembler_module_1  transparent\"><a tabindex=\"-1\" title=\"Section intitul\u00e9e module-1\" id=\"module-1\" href=\"https:\/\/bnssghealthiertogether.org.uk\/fr\/wp-json\/wp\/v2\/pages\/47307\/#module-1\" class=\"anchor\"><span class=\"hidden\">Section intitul\u00e9e module-1<\/span><\/a><!-- Template found for text-module - Template: template-text - Matched: _only --><section class=\"w-full mx-auto max-w-content pt-12 sm:pt-24 pb-12 sm:pb-24\">\r\n  <div class=\"entry-content w-full !px-0 max-w-small\">\r\n        <h1>Int\u00e9grer les m\u00e9thodes de connaissance de la fertilit\u00e9 dans les consultations de contraception de routine du NHS<\/h1>\n<h2><strong>Financement<\/strong><\/h2>\n<p>Financement des capacit\u00e9s de recherche ICB du NHS Bristol, North Somerset et South Gloucestershire.<\/p>\n<h2><strong>Quel est le probl\u00e8me ?<\/strong><\/h2>\n<p>Les grossesses non d\u00e9sir\u00e9es demeurent un probl\u00e8me de sant\u00e9 publique majeur au Royaume-Uni, avec une baisse du recours \u00e0 la contraception et une augmentation du nombre d&#039;avortements ces derni\u00e8res ann\u00e9es. Ces cons\u00e9quences touchent de mani\u00e8re disproportionn\u00e9e les personnes vivant dans les zones les plus d\u00e9favoris\u00e9es, les communaut\u00e9s ethniques minoritaires et les personnes en situation de handicap mental, refl\u00e9tant ainsi des in\u00e9galit\u00e9s de sant\u00e9 plus g\u00e9n\u00e9rales.<\/p>\n<p>Les pr\u00e9f\u00e9rences en mati\u00e8re de contraception ont \u00e9volu\u00e9. Certaines personnes d\u00e9laissent les m\u00e9thodes hormonales par crainte des effets secondaires ou par d\u00e9sir d&#039;options plus naturelles. Les m\u00e9thodes de connaissance de la fertilit\u00e9 (MCF), souvent facilit\u00e9es par des applications pour smartphones, sont de plus en plus populaires. Ces m\u00e9thodes consistent \u00e0 identifier les jours fertiles en suivant son cycle menstruel et en observant des signes biologiques, comme la temp\u00e9rature corporelle et la glaire cervicale, et \u00e0 \u00e9viter les rapports sexuels non prot\u00e9g\u00e9s pendant ces p\u00e9riodes.<\/p>\n<p>Bien que certaines m\u00e9thodes d&#039;\u00e9valuation de la fertilit\u00e9 soient fond\u00e9es sur des donn\u00e9es probantes et efficaces lorsqu&#039;elles sont accompagn\u00e9es d&#039;\u00e9ducation et d&#039;un soutien clinique, de nombreuses applications ne sont pas valid\u00e9es et peuvent fournir des pr\u00e9dictions inexactes, notamment apr\u00e8s un accouchement, un avortement ou en cas de cycles irr\u00e9guliers. Sans les recommandations et le soutien du NHS (service national de sant\u00e9 britannique), le recours \u00e0 ces outils pourrait accro\u00eetre le nombre de grossesses non d\u00e9sir\u00e9es et d&#039;avortements subs\u00e9quents, en particulier au sein des populations d\u00e9j\u00e0 confront\u00e9es \u00e0 des in\u00e9galit\u00e9s.<\/p>\n<p>Actuellement, les consultations de contraception du NHS ne fournissent pas syst\u00e9matiquement d&#039;informations claires et fond\u00e9es sur des donn\u00e9es probantes concernant les m\u00e9thodes d&#039;\u00e9valuation de la fertilit\u00e9. Combler cette lacune s&#039;inscrit dans les priorit\u00e9s du Conseil de soins int\u00e9gr\u00e9s (ICB) de Bristol, North Somerset et South Gloucestershire (BNSSG) en mati\u00e8re de sant\u00e9 reproductive, de pr\u00e9vention, de choix \u00e9clair\u00e9 et de r\u00e9duction des in\u00e9galit\u00e9s en mati\u00e8re de sant\u00e9.<\/p>\n<h2><strong>Quel est l&#039;objectif de la recherche ?<\/strong><\/h2>\n<p>Le financement du RCF soutiendra un travail de d\u00e9veloppement men\u00e9 par les services afin d&#039;am\u00e9liorer une intervention de sensibilisation \u00e0 la fertilit\u00e9 et de pr\u00e9parer une demande de subvention solide aupr\u00e8s du NIHR. Les activit\u00e9s comprendront la participation des patients et du public, la mobilisation des parties prenantes et une revue rapide de la litt\u00e9rature.<\/p>\n<p>Cette analyse rapide permettra d&#039;identifier les donn\u00e9es probantes existantes sur les obstacles et les facteurs facilitant la mise en \u0153uvre des FAM (Feature Advice Management) lors des consultations de contraception de routine du NHS (National Health Service). La participation du public et des parties prenantes permettra d&#039;explorer les perceptions de la facilit\u00e9 d&#039;utilisation, de la faisabilit\u00e9 et de l&#039;acceptabilit\u00e9, et d&#039;identifier les situations (par exemple, apr\u00e8s un accouchement, un avortement, lors de consultations de sant\u00e9 reproductive de routine) et les contextes (par exemple, cabinets de m\u00e9decins g\u00e9n\u00e9ralistes, services de sant\u00e9 sexuelle, pharmacies) les plus appropri\u00e9s pour leur mise en \u0153uvre.<\/p>\n<p>Afin de favoriser une participation inclusive, diverses approches seront mises en \u0153uvre, notamment des groupes de discussion restreints (jusqu&#039;\u00e0 cinq participants), des entretiens individuels et des rencontres en ligne ou en pr\u00e9sentiel. Jusqu&#039;\u00e0 20 personnes issues de milieux sociod\u00e9mographiques vari\u00e9s au sein du BNSSG seront recrut\u00e9es, avec le soutien d&#039;organismes communautaires (par exemple, Caafi Health et Bristol Health Partners). Les participants seront des personnes \u00e9ligibles \u00e0 la contraception et ayant des exp\u00e9riences diverses en mati\u00e8re d&#039;acc\u00e8s aux soins.<\/p>\n<p>Jusqu&#039;\u00e0 10 parties prenantes (cliniciens, responsables de la planification, etc.) seront \u00e9galement recrut\u00e9es pour participer \u00e0 des entretiens individuels afin d&#039;identifier les obstacles structurels et li\u00e9s aux services. Le financement du RCF permettra \u00e9galement de consacrer du temps \u00e0 l&#039;\u00e9laboration de la demande de financement aupr\u00e8s du NIHR, garantissant ainsi que la proposition refl\u00e8te la r\u00e9alit\u00e9 v\u00e9cue et les priorit\u00e9s des services.<\/p>\n<h2><strong>Comment cela sera-t-il r\u00e9alis\u00e9 ?<\/strong><\/h2>\n<p>Le projet financ\u00e9 par le NIHR s&#039;appuiera sur les enseignements tir\u00e9s des services actuels, des retours des patients et des conclusions de la phase RCF. Il mettra en \u0153uvre et \u00e9valuera l&#039;offre de m\u00e9thodes de connaissance de la fertilit\u00e9 lors des consultations de contraception du NHS, identifi\u00e9es comme pertinentes lors des travaux financ\u00e9s par le RCF.<\/p>\n<p>Cette recherche \u00e9valuera l\u2019impact, l\u2019acceptabilit\u00e9, la faisabilit\u00e9 et les co\u00fbts de l\u2019int\u00e9gration des consultations de m\u00e9decine reproductive dans les soins courants du NHS. Elle examinera si la mise \u00e0 disposition de consultations et d\u2019un soutien fond\u00e9s sur des donn\u00e9es probantes am\u00e9liore le choix \u00e9clair\u00e9 et l\u2019autonomie reproductive, tout en garantissant la s\u00e9curit\u00e9 et l\u2019\u00e9quit\u00e9.<\/p>\n<p>Les donn\u00e9es quantitatives porteront notamment sur les taux de grossesses non d\u00e9sir\u00e9es et d&#039;avortements au sein du BNSSG. Les donn\u00e9es qualitatives exploreront le v\u00e9cu de l&#039;intervention par les usagers et les professionnels de sant\u00e9. Une \u00e9valuation \u00e9conomique permettra d&#039;estimer les co\u00fbts et le rapport co\u00fbt-efficacit\u00e9 potentiel pour le NHS.<\/p>\n<p>Cette intervention sera co-construite avec les patients et les cliniciens afin d&#039;en garantir l&#039;ad\u00e9quation culturelle et l&#039;accessibilit\u00e9, notamment pour les populations du programme CORE20PLUS. L&#039;objectif global est d&#039;am\u00e9liorer la qualit\u00e9, la coh\u00e9rence et l&#039;\u00e9quit\u00e9 des conseils en contraception propos\u00e9s par le NHS, tout en favorisant un choix \u00e9clair\u00e9 et en r\u00e9duisant les in\u00e9galit\u00e9s en mati\u00e8re de sant\u00e9.<\/p>\n<h2><strong>Qui dirige la recherche ?<\/strong><\/h2>\n<p>Ces recherches sont men\u00e9es par le Dr China Harrison, chercheuse \u00e0 l&#039;Universit\u00e9 de Bristol.<\/p>\n<h2><strong>Informations compl\u00e9mentaires<\/strong><\/h2>\n<p>Pour plus d&#039;informations ou pour participer \u00e0 ce projet, veuillez envoyer un courriel.\u00a0<a href=\"mailto:bnssg.research@nhs.net\"><strong>bnssg.research@nhs.net<\/strong><\/a><\/p>\n  <\/div>\r\n  <\/section><\/div><!-- .assembler_text-module.assembler_module.assembler_text-module_1.assembler_module_1..transparent --><\/div><!-- .assembler_module_area.assembler_module_area_1 --><\/div><!-- .assembler_default-group.assembler_module_group.assembler_default-group_1.assembler_module_group_1  -->","protected":false},"excerpt":{"rendered":"<p>The intended NIHR-funded project will build on learning from current service provision, patient feedback, and findings from the RCF phase.<\/p>","protected":false},"author":16,"featured_media":0,"parent":32896,"menu_order":0,"comment_status":"closed","ping_status":"closed","template":"","meta":{"_acf_changed":false,"footnotes":""},"tags":[],"class_list":["post-47307","page","type-page","status-publish","hentry"],"acf":[],"_links":{"self":[{"href":"https:\/\/bnssghealthiertogether.org.uk\/fr\/wp-json\/wp\/v2\/pages\/47307","targetHints":{"allow":["GET"]}}],"collection":[{"href":"https:\/\/bnssghealthiertogether.org.uk\/fr\/wp-json\/wp\/v2\/pages"}],"about":[{"href":"https:\/\/bnssghealthiertogether.org.uk\/fr\/wp-json\/wp\/v2\/types\/page"}],"author":[{"embeddable":true,"href":"https:\/\/bnssghealthiertogether.org.uk\/fr\/wp-json\/wp\/v2\/users\/16"}],"replies":[{"embeddable":true,"href":"https:\/\/bnssghealthiertogether.org.uk\/fr\/wp-json\/wp\/v2\/comments?post=47307"}],"version-history":[{"count":2,"href":"https:\/\/bnssghealthiertogether.org.uk\/fr\/wp-json\/wp\/v2\/pages\/47307\/revisions"}],"predecessor-version":[{"id":47309,"href":"https:\/\/bnssghealthiertogether.org.uk\/fr\/wp-json\/wp\/v2\/pages\/47307\/revisions\/47309"}],"up":[{"embeddable":true,"href":"https:\/\/bnssghealthiertogether.org.uk\/fr\/wp-json\/wp\/v2\/pages\/32896"}],"wp:attachment":[{"href":"https:\/\/bnssghealthiertogether.org.uk\/fr\/wp-json\/wp\/v2\/media?parent=47307"}],"wp:term":[{"taxonomy":"post_tag","embeddable":true,"href":"https:\/\/bnssghealthiertogether.org.uk\/fr\/wp-json\/wp\/v2\/tags?post=47307"}],"curies":[{"name":"wp","href":"https:\/\/api.w.org\/{rel}","templated":true}]}}