{"id":47323,"date":"2026-03-16T15:11:56","date_gmt":"2026-03-16T15:11:56","guid":{"rendered":"https:\/\/bnssghealthiertogether.org.uk\/?page_id=47323"},"modified":"2026-03-16T15:11:56","modified_gmt":"2026-03-16T15:11:56","slug":"experiences-of-hrt-prescribing-in-the-perimenopause","status":"publish","type":"page","link":"https:\/\/bnssghealthiertogether.org.uk\/fr\/integrated-care-board\/research-and-evidence\/our-research-portfolio\/type-1-rcf-funded-projects\/experiences-of-hrt-prescribing-in-the-perimenopause\/","title":{"rendered":"Exp\u00e9riences de prescription de THS pendant la p\u00e9rim\u00e9nopause"},"content":{"rendered":"<div class=\"assembler_default-group assembler_module_group assembler_default-group_1 assembler_module_group_1\"><div class=\"assembler_module_area assembler_module_area_1\"><div class=\"assembler_text-module assembler_module assembler_text-module_1 assembler_module_1  transparent\"><a tabindex=\"-1\" title=\"Section intitul\u00e9e module-1\" id=\"module-1\" href=\"https:\/\/bnssghealthiertogether.org.uk\/fr\/wp-json\/wp\/v2\/pages\/47323\/#module-1\" class=\"anchor\"><span class=\"hidden\">Section intitul\u00e9e module-1<\/span><\/a><!-- Template found for text-module - Template: template-text - Matched: _only --><section class=\"w-full mx-auto max-w-content pt-12 sm:pt-24 pb-12 sm:pb-24\">\r\n  <div class=\"entry-content w-full !px-0 max-w-small\">\r\n        <h1>Exp\u00e9riences de prescription de THS pendant la p\u00e9rim\u00e9nopause<\/h1>\n<h2><strong>Financement<\/strong><\/h2>\n<p>Financement des capacit\u00e9s de recherche BNSSG ICB.<\/p>\n<h2><strong>Qui dirige la recherche<\/strong><\/h2>\n<p>La recherche est dirig\u00e9e par le Dr Victoria Pitts, m\u00e9decin g\u00e9n\u00e9raliste.<\/p>\n<p>Cette recherche est ax\u00e9e sur le service ; le Dr Pitts a re\u00e7u une bourse BNSSG sur les in\u00e9galit\u00e9s en mati\u00e8re de sant\u00e9, ax\u00e9e sur l&#039;am\u00e9lioration des soins aux femmes m\u00e9nopaus\u00e9es dans son cabinet, Downtown Road Surgery.<\/p>\n<h2><strong>Informations compl\u00e9mentaires<\/strong><\/h2>\n<p>Pour plus d&#039;informations ou pour participer \u00e0 ce projet, veuillez contacter <a href=\"mailto:bnssg.research@nhs.net\">bnssg.research@nhs.net<\/a>.<\/p>\n  <\/div>\r\n  <\/section><\/div><!-- .assembler_text-module.assembler_module.assembler_text-module_1.assembler_module_1..transparent --><\/div><!-- .assembler_module_area.assembler_module_area_1 --><\/div><!-- .assembler_default-group.assembler_module_group.assembler_default-group_1.assembler_module_group_1  -->","protected":false},"excerpt":{"rendered":"<p>Cette recherche est ax\u00e9e sur le service ; le Dr Pitts a re\u00e7u une bourse BNSSG sur les in\u00e9galit\u00e9s en mati\u00e8re de sant\u00e9, ax\u00e9e sur l&#039;am\u00e9lioration des soins aux femmes m\u00e9nopaus\u00e9es dans son cabinet, Downtown Road Surgery.<\/p>","protected":false},"author":16,"featured_media":0,"parent":32894,"menu_order":0,"comment_status":"closed","ping_status":"closed","template":"","meta":{"_acf_changed":false,"footnotes":""},"tags":[],"class_list":["post-47323","page","type-page","status-publish","hentry"],"acf":[],"_links":{"self":[{"href":"https:\/\/bnssghealthiertogether.org.uk\/fr\/wp-json\/wp\/v2\/pages\/47323","targetHints":{"allow":["GET"]}}],"collection":[{"href":"https:\/\/bnssghealthiertogether.org.uk\/fr\/wp-json\/wp\/v2\/pages"}],"about":[{"href":"https:\/\/bnssghealthiertogether.org.uk\/fr\/wp-json\/wp\/v2\/types\/page"}],"author":[{"embeddable":true,"href":"https:\/\/bnssghealthiertogether.org.uk\/fr\/wp-json\/wp\/v2\/users\/16"}],"replies":[{"embeddable":true,"href":"https:\/\/bnssghealthiertogether.org.uk\/fr\/wp-json\/wp\/v2\/comments?post=47323"}],"version-history":[{"count":2,"href":"https:\/\/bnssghealthiertogether.org.uk\/fr\/wp-json\/wp\/v2\/pages\/47323\/revisions"}],"predecessor-version":[{"id":47325,"href":"https:\/\/bnssghealthiertogether.org.uk\/fr\/wp-json\/wp\/v2\/pages\/47323\/revisions\/47325"}],"up":[{"embeddable":true,"href":"https:\/\/bnssghealthiertogether.org.uk\/fr\/wp-json\/wp\/v2\/pages\/32894"}],"wp:attachment":[{"href":"https:\/\/bnssghealthiertogether.org.uk\/fr\/wp-json\/wp\/v2\/media?parent=47323"}],"wp:term":[{"taxonomy":"post_tag","embeddable":true,"href":"https:\/\/bnssghealthiertogether.org.uk\/fr\/wp-json\/wp\/v2\/tags?post=47323"}],"curies":[{"name":"wp","href":"https:\/\/api.w.org\/{rel}","templated":true}]}}