{"id":47335,"date":"2026-03-16T15:32:47","date_gmt":"2026-03-16T15:32:47","guid":{"rendered":"https:\/\/bnssghealthiertogether.org.uk\/?page_id=47335"},"modified":"2026-03-16T15:32:47","modified_gmt":"2026-03-16T15:32:47","slug":"tackling-antimicrobial-resistance-amr-inequalities-in-underserved-communities","status":"publish","type":"page","link":"https:\/\/bnssghealthiertogether.org.uk\/fr\/integrated-care-board\/research-and-evidence\/our-research-portfolio\/type-1-rcf-funded-projects\/tackling-antimicrobial-resistance-amr-inequalities-in-underserved-communities\/","title":{"rendered":"Lutter contre les in\u00e9galit\u00e9s en mati\u00e8re de r\u00e9sistance aux antimicrobiens (RAM) dans les communaut\u00e9s mal desservies"},"content":{"rendered":"<div class=\"assembler_default-group assembler_module_group assembler_default-group_1 assembler_module_group_1\"><div class=\"assembler_module_area assembler_module_area_1\"><div class=\"assembler_text-module assembler_module assembler_text-module_1 assembler_module_1  transparent\"><a tabindex=\"-1\" title=\"Section intitul\u00e9e module-1\" id=\"module-1\" href=\"https:\/\/bnssghealthiertogether.org.uk\/fr\/wp-json\/wp\/v2\/pages\/47335\/#module-1\" class=\"anchor\"><span class=\"hidden\">Section intitul\u00e9e module-1<\/span><\/a><!-- Template found for text-module - Template: template-text - Matched: _only --><section class=\"w-full mx-auto max-w-content pt-12 sm:pt-24 pb-12 sm:pb-24\">\r\n  <div class=\"entry-content w-full !px-0 max-w-small\">\r\n        <h1>Lutter contre les in\u00e9galit\u00e9s en mati\u00e8re de r\u00e9sistance aux antimicrobiens (RAM) dans les communaut\u00e9s mal desservies<\/h1>\n<h2><strong>Financement<\/strong><\/h2>\n<p>Financement des capacit\u00e9s de recherche BNSSG ICB.<\/p>\n<h2><strong>Qui dirige la recherche<\/strong><\/h2>\n<p>La recherche est dirig\u00e9e par le Dr Nour Al Husein, associ\u00e9 principal de recherche, Sciences de la sant\u00e9 de la population\/\u00c9cole de m\u00e9decine de Bristol, Universit\u00e9 de Bristol, en collaboration avec des partenaires communautaires : Caafi Health.<\/p>\n<h2><strong>Informations compl\u00e9mentaires<\/strong><\/h2>\n<p>Pour plus d&#039;informations ou pour participer \u00e0 ce projet, veuillez contacter <a href=\"mailto:bnssg.research@nhs.net\">bnssg.research@nhs.net<\/a>.<\/p>\n  <\/div>\r\n  <\/section><\/div><!-- .assembler_text-module.assembler_module.assembler_text-module_1.assembler_module_1..transparent --><\/div><!-- .assembler_module_area.assembler_module_area_1 --><\/div><!-- .assembler_default-group.assembler_module_group.assembler_default-group_1.assembler_module_group_1  -->","protected":false},"excerpt":{"rendered":"<p>La recherche est dirig\u00e9e par le Dr Nour Al Husein, associ\u00e9 principal de recherche, Sciences de la sant\u00e9 de la population\/\u00c9cole de m\u00e9decine de Bristol, Universit\u00e9 de Bristol, en collaboration avec des partenaires communautaires : Caafi Health.<\/p>","protected":false},"author":16,"featured_media":0,"parent":32894,"menu_order":0,"comment_status":"closed","ping_status":"closed","template":"","meta":{"_acf_changed":false,"footnotes":""},"tags":[],"class_list":["post-47335","page","type-page","status-publish","hentry"],"acf":[],"_links":{"self":[{"href":"https:\/\/bnssghealthiertogether.org.uk\/fr\/wp-json\/wp\/v2\/pages\/47335","targetHints":{"allow":["GET"]}}],"collection":[{"href":"https:\/\/bnssghealthiertogether.org.uk\/fr\/wp-json\/wp\/v2\/pages"}],"about":[{"href":"https:\/\/bnssghealthiertogether.org.uk\/fr\/wp-json\/wp\/v2\/types\/page"}],"author":[{"embeddable":true,"href":"https:\/\/bnssghealthiertogether.org.uk\/fr\/wp-json\/wp\/v2\/users\/16"}],"replies":[{"embeddable":true,"href":"https:\/\/bnssghealthiertogether.org.uk\/fr\/wp-json\/wp\/v2\/comments?post=47335"}],"version-history":[{"count":2,"href":"https:\/\/bnssghealthiertogether.org.uk\/fr\/wp-json\/wp\/v2\/pages\/47335\/revisions"}],"predecessor-version":[{"id":47337,"href":"https:\/\/bnssghealthiertogether.org.uk\/fr\/wp-json\/wp\/v2\/pages\/47335\/revisions\/47337"}],"up":[{"embeddable":true,"href":"https:\/\/bnssghealthiertogether.org.uk\/fr\/wp-json\/wp\/v2\/pages\/32894"}],"wp:attachment":[{"href":"https:\/\/bnssghealthiertogether.org.uk\/fr\/wp-json\/wp\/v2\/media?parent=47335"}],"wp:term":[{"taxonomy":"post_tag","embeddable":true,"href":"https:\/\/bnssghealthiertogether.org.uk\/fr\/wp-json\/wp\/v2\/tags?post=47335"}],"curies":[{"name":"wp","href":"https:\/\/api.w.org\/{rel}","templated":true}]}}