{"id":5884,"date":"2023-05-30T15:10:58","date_gmt":"2023-05-30T14:10:58","guid":{"rendered":"https:\/\/bnssghealthiertogether.org.uk\/?page_id=5884"},"modified":"2025-01-29T21:53:58","modified_gmt":"2025-01-29T21:53:58","slug":"your-pathway-home","status":"publish","type":"page","link":"https:\/\/bnssghealthiertogether.org.uk\/fr\/your-health\/home-first\/your-pathway-home\/","title":{"rendered":"Le chemin du retour \u00e0 la maison : Votre chemin vers la maison"},"content":{"rendered":"<div class=\"assembler_default-group assembler_module_group assembler_default-group_1 assembler_module_group_1\"><div class=\"assembler_module_area assembler_module_area_1\"><div class=\"assembler_table-of-contents-module assembler_module assembler_table-of-contents-module_1 assembler_module_1  transparent\"><a tabindex=\"-1\" title=\"Section intitul\u00e9e module-1\" id=\"module-1\" href=\"https:\/\/bnssghealthiertogether.org.uk\/fr\/wp-json\/wp\/v2\/pages\/5884\/#module-1\" class=\"anchor\"><span class=\"hidden\">Section intitul\u00e9e module-1<\/span><\/a><!-- Template found for table-of-contents-module - Template: template-table-of-contents - Matched: _only -->\r\n<section class=\"w-full mx-auto max-w-content border-b border-pale-grey pt-6 sm:pt-12 pb-3 sm:pb-6\">\r\n    <div class=\"entry-content w-full\">\r\n    <h1>Home First<\/h1>\n<p>Contenu<\/p>\n    <div class=\"navigation-list\">\r\n                    <ul>\r\n                      <li class=\"text-sm\">\r\n                              <a href=\"https:\/\/bnssghealthiertogether.org.uk\/fr\/your-health\/home-first\/\" class=\"text-sm underline-offset-4 font-normal hover:!underline-4\">\r\n                                                                Pourquoi la maison d&#039;abord ?                                <\/a>\r\n                          <\/li>\r\n                                <li class=\"text-sm\">\r\n                              <a href=\"https:\/\/bnssghealthiertogether.org.uk\/fr\/your-health\/home-first\/nhs-home\/\" class=\"text-sm underline-offset-4 font-normal hover:!underline-4\">\r\n                                                                NHS@Home                                <\/a>\r\n                          <\/li>\r\n                      <li class=\"text-sm\">\r\n                                                              Votre chemin vers la maison                            <\/li>\r\n                  <\/ul>\r\n          <\/div>\r\n  <\/div>\r\n<\/section><\/div><!-- .assembler_table-of-contents-module.assembler_module.assembler_table-of-contents-module_1.assembler_module_1..transparent --><div class=\"assembler_text-module assembler_module assembler_text-module_2 assembler_module_2  transparent\"><a tabindex=\"-1\" title=\"Section intitul\u00e9e module-2\" id=\"module-2\" href=\"https:\/\/bnssghealthiertogether.org.uk\/fr\/wp-json\/wp\/v2\/pages\/5884\/#module-2\" class=\"anchor\"><span class=\"hidden\">Section intitul\u00e9e module-2<\/span><\/a><!-- Template found for text-module - Template: template-text - Matched: _only --><section class=\"w-full mx-auto max-w-content pt-3 sm:pt-6 pb-3 sm:pb-6\">\r\n  <div class=\"entry-content w-full !px-0 max-w-small\">\r\n        <h1>Votre chemin vers la maison<\/h1>\n  <\/div>\r\n  <\/section><\/div><!-- .assembler_text-module.assembler_module.assembler_text-module_2.assembler_module_2..transparent --><div class=\"assembler_text-module assembler_module assembler_text-module_3 assembler_module_3  transparent\"><a tabindex=\"-1\" title=\"Section intitul\u00e9e module-3\" id=\"module-3\" href=\"https:\/\/bnssghealthiertogether.org.uk\/fr\/wp-json\/wp\/v2\/pages\/5884\/#module-3\" class=\"anchor\"><span class=\"hidden\">Section intitul\u00e9e module-3<\/span><\/a><!-- Template found for text-module - Template: template-text - Matched: _only --><section class=\"w-full mx-auto max-w-content pt-3 sm:pt-6 pb-3 sm:pb-6\">\r\n  <div class=\"entry-content w-full !px-0 max-w-small\">\r\n        <p>Notre priorit\u00e9 est de vous aider \u00e0 gu\u00e9rir et de vous accompagner dans votre sortie de l&#039;h\u00f4pital lorsque vous n&#039;aurez plus besoin de soins. Nous savons que la gu\u00e9rison est plus rapide loin de l&#039;environnement hospitalier agit\u00e9, id\u00e9alement chez soi.<\/p>\n<p>Chez eux, les gens prennent davantage soin d&#039;eux-m\u00eames et restent actifs dans un environnement familier. Ils nous disent mieux dormir et \u00eatre de meilleure humeur, entour\u00e9s de leurs amis, de leur famille et du confort de leur foyer.<\/p>\n<p>Il a \u00e9t\u00e9 d\u00e9montr\u00e9 que des s\u00e9jours hospitaliers plus longs que n\u00e9cessaire r\u00e9duisent l&#039;autonomie et la confiance en soi, entra\u00eenent une fonte musculaire et augmentent le risque d&#039;infections, d&#039;escarres et d&#039;incontinence.<\/p>\n<p>Quitter l&#039;h\u00f4pital lorsque vous n&#039;en avez plus besoin est non seulement pr\u00e9f\u00e9rable pour vous, mais contribue \u00e9galement \u00e0 garantir la disponibilit\u00e9 des lits pour ceux qui en ont besoin.<\/p>\n<p>Votre \u00e9quipe hospitali\u00e8re a peut-\u00eatre d\u00e9j\u00e0 commenc\u00e9 \u00e0 planifier votre sortie avec vous. Nous allons<br \/>\nNous vous interrogerons, ainsi que votre famille et vos aidants, sur vos souhaits et vos envies concernant votre retour \u00e0 domicile, et nous partagerons ces informations avec nos partenaires communautaires afin de prendre les meilleures dispositions possibles pour vous.<\/p>\n<h2>Si vous avez besoin d&#039;aide suppl\u00e9mentaire<\/h2>\n<p>Pour la plupart des gens, le soutien de la famille et des amis suffira amplement dans les premiers jours suivant leur retour \u00e0 la maison. Nous en discuterons avec vous et pourrons vous fournir les coordonn\u00e9es de partenaires du secteur associatif susceptibles de vous apporter un soutien suppl\u00e9mentaire, si besoin est.<\/p>\n<p>Si vous avez besoin de plus de soutien que celui que vos proches peuvent vous apporter, il existe diff\u00e9rentes solutions pour quitter l&#039;h\u00f4pital, appel\u00e9es \u2018\u00a0parcours de sortie\u00a0\u2019. L&#039;\u00e9quipe soignante d\u00e9terminera la solution la plus adapt\u00e9e \u00e0 votre situation et \u00e0 vos besoins. Vous pourrez \u00e9galement b\u00e9n\u00e9ficier du soutien de notre service de liaison.<\/p>\n<p><a href=\"https:\/\/bnssghealthiertogether.org.uk\/fr\/your-health\/home-first\/your-pathway-home\/recovery-and-rehab-at-home\/\">Voie 1 : R\u00e9tablissement et r\u00e9adaptation \u00e0 domicile :<\/a> Vous rentrez chez vous avec le soutien de th\u00e9rapeutes communautaires et d&#039;autres personnes pour poursuivre votre r\u00e9adaptation et votre r\u00e9tablissement.<\/p>\n<p><a href=\"https:\/\/bnssghealthiertogether.org.uk\/fr\/your-health\/home-first\/your-pathway-home\/rehab-to-home\/\">Voie 2 : De la r\u00e9adaptation au retour \u00e0 domicile :<\/a> Vous \u00eates transf\u00e9r\u00e9 dans un lit de r\u00e9adaptation communautaire pour poursuivre votre r\u00e9adaptation et votre r\u00e9tablissement avant de retourner \u00e0 votre domicile.<\/p>\n<p><a href=\"https:\/\/bnssghealthiertogether.org.uk\/fr\/your-health\/home-first\/your-pathway-home\/community-bed\/\">Voie 3\u00a0: Lit communautaire<\/a><span style=\"font-size: 1.125rem;\">Vous \u00eates transf\u00e9r\u00e9 dans un lit en unit\u00e9 de soins communautaires o\u00f9 vos besoins en soins \u00e0 long terme peuvent \u00eatre \u00e9valu\u00e9s et des dispositions mises en place pour y r\u00e9pondre.<\/span><\/p>\n<p><a href=\"https:\/\/bnssghealthiertogether.org.uk\/fr\/your-health\/home-first\/your-pathway-home\/link-workers\/\">Agents de liaison et autres formes de soutien<\/a>Les r\u00e9f\u00e9rents sont des intervenants ind\u00e9pendants, bas\u00e9s dans nos h\u00f4pitaux locaux. Ils peuvent s&#039;entretenir avec vous avant votre sortie et vous donner des conseils pour favoriser votre autonomie et votre bien-\u00eatre \u00e0 domicile. Par la suite, ils peuvent vous mettre en relation avec des organismes et des services communautaires susceptibles de vous apporter une aide pr\u00e9cieuse.<\/p>\n<p>D\u00e9couvrez plus d&#039;informations sur les diff\u00e9rents professionnels de la sant\u00e9 et des soins que vous pourriez rencontrer sur le chemin du retour \u00e0 domicile gr\u00e2ce \u00e0 notre <a href=\"https:\/\/bnssghealthiertogether.org.uk\/fr\/our-work\/discharge-to-assess\/whos-who-and-what-they-do\/\">\u00c9tudes de cas du personnel.<\/a><\/p>\n  <\/div>\r\n  <\/section><\/div><!-- .assembler_text-module.assembler_module.assembler_text-module_3.assembler_module_3..transparent --><\/div><!-- .assembler_module_area.assembler_module_area_1 --><\/div><!-- .assembler_default-group.assembler_module_group.assembler_default-group_1.assembler_module_group_1  -->","protected":false},"excerpt":{"rendered":"<p>We know that people recover best away from the busy hospital environment, ideally in the place they call home.<\/p>","protected":false},"author":7,"featured_media":0,"parent":5881,"menu_order":0,"comment_status":"closed","ping_status":"closed","template":"","meta":{"_acf_changed":false,"footnotes":""},"tags":[],"class_list":["post-5884","page","type-page","status-publish","hentry"],"acf":[],"_links":{"self":[{"href":"https:\/\/bnssghealthiertogether.org.uk\/fr\/wp-json\/wp\/v2\/pages\/5884","targetHints":{"allow":["GET"]}}],"collection":[{"href":"https:\/\/bnssghealthiertogether.org.uk\/fr\/wp-json\/wp\/v2\/pages"}],"about":[{"href":"https:\/\/bnssghealthiertogether.org.uk\/fr\/wp-json\/wp\/v2\/types\/page"}],"author":[{"embeddable":true,"href":"https:\/\/bnssghealthiertogether.org.uk\/fr\/wp-json\/wp\/v2\/users\/7"}],"replies":[{"embeddable":true,"href":"https:\/\/bnssghealthiertogether.org.uk\/fr\/wp-json\/wp\/v2\/comments?post=5884"}],"version-history":[{"count":17,"href":"https:\/\/bnssghealthiertogether.org.uk\/fr\/wp-json\/wp\/v2\/pages\/5884\/revisions"}],"predecessor-version":[{"id":36647,"href":"https:\/\/bnssghealthiertogether.org.uk\/fr\/wp-json\/wp\/v2\/pages\/5884\/revisions\/36647"}],"up":[{"embeddable":true,"href":"https:\/\/bnssghealthiertogether.org.uk\/fr\/wp-json\/wp\/v2\/pages\/5881"}],"wp:attachment":[{"href":"https:\/\/bnssghealthiertogether.org.uk\/fr\/wp-json\/wp\/v2\/media?parent=5884"}],"wp:term":[{"taxonomy":"post_tag","embeddable":true,"href":"https:\/\/bnssghealthiertogether.org.uk\/fr\/wp-json\/wp\/v2\/tags?post=5884"}],"curies":[{"name":"wp","href":"https:\/\/api.w.org\/{rel}","templated":true}]}}