{"id":6921,"date":"2023-10-09T17:28:12","date_gmt":"2023-10-09T16:28:12","guid":{"rendered":"https:\/\/bnssghealthiertogether.org.uk\/?page_id=6921"},"modified":"2025-02-02T20:56:32","modified_gmt":"2025-02-02T20:56:32","slug":"mental-health-strategy","status":"publish","type":"page","link":"https:\/\/bnssghealthiertogether.org.uk\/fr\/our-work\/mental-health-strategy\/","title":{"rendered":"Strat\u00e9gie pour la sant\u00e9 mentale et le bien-\u00eatre de tous les \u00e2ges"},"content":{"rendered":"<div class=\"assembler_default-group assembler_module_group assembler_default-group_1 assembler_module_group_1\"><div class=\"assembler_module_area assembler_module_area_1\"><div class=\"assembler_text-module assembler_module assembler_text-module_1 assembler_module_1  transparent\"><a tabindex=\"-1\" title=\"Section titled module-1\" id=\"module-1\" href=\"https:\/\/bnssghealthiertogether.org.uk\/fr\/wp-json\/wp\/v2\/pages\/6921\/#module-1\" class=\"anchor\"><span class=\"hidden\">Section titled module-1<\/span><\/a><!-- Template found for text-module - Template: template-text - Matched: _only --><section class=\"w-full mx-auto max-w-content pt-12 sm:pt-24 pb-3 sm:pb-6\">\r\n  <div class=\"entry-content w-full !px-0 max-w-small\">\r\n        <h1>All Age Mental Health and Wellbeing Strategy<\/h1>\n  <\/div>\r\n  <\/section><\/div><!-- .assembler_text-module.assembler_module.assembler_text-module_1.assembler_module_1..transparent --><div class=\"assembler_text-module assembler_module assembler_text-module_2 assembler_module_2  transparent\"><a tabindex=\"-1\" title=\"Section titled module-2\" id=\"module-2\" href=\"https:\/\/bnssghealthiertogether.org.uk\/fr\/wp-json\/wp\/v2\/pages\/6921\/#module-2\" class=\"anchor\"><span class=\"hidden\">Section titled module-2<\/span><\/a><!-- Template found for text-module - Template: template-text - Matched: _only --><section class=\"w-full mx-auto max-w-content pt-3 sm:pt-6 pb-3 sm:pb-6\">\r\n  <div class=\"entry-content w-full !px-0 max-w-small\">\r\n        <p>Bristol, North Somerset and South Gloucestershire Integrated Care System (ICS) has published an All Age Mental Health and Wellbeing Strategy.<\/p>\n<p>The Strategy builds on the overall Bristol, North Somerset and South Gloucestershire<a href=\"https:\/\/bnssghealthiertogether.org.uk\/about-us\/integrated-care-system-strategy\/our-strategy\/\">\u00a0ICS Strategy<\/a> that identifies mental health as one of our main health priorities across our local communities. The Strategy complements and does not replace individual organisation Mental Health strategies such as the <a href=\"https:\/\/www.awp.nhs.uk\/about-us\/who-we-are-and-what-we-do\/our-strategy\" rel=\"noopener\">Avon and Wiltshire Mental Health Partnership (AWP) Strategy<\/a> or those held by Local Authorities. The Strategy demonstrates that, when all organisations in our system work together to deliver change, the impact can be transformational.<\/p>\n<p>It sets out our vision of \u2018people having the best mental health and wellbeing in supportive, inclusive and thriving communities\u2019 as well as the work we will do to help achieve this vision.<\/p>\n<p>Dominic Hardisty, Chief Executive at Avon and Wiltshire Mental Health Partnership (AWP), said:<\/p>\n<blockquote><p>\u201cWe have worked closely with Bristol, North Somerset and South Gloucestershire colleagues on the development of this strategy. There is clear alignment with AWP\u2019s own five-year plan to improve mental health, learning disability and autism services across the South West which we launched earlier this year. As key local partners we are fully committed to the vision and priorities described in this strategy, and to working together to provide high quality mental health services for people across Bristol, North Somerset and South Gloucestershire.\u201d<\/p><\/blockquote>\n<h2>Video: Introduction to the Strategy<\/h2>\n<p><iframe title=\"YouTube video player\" src=\"https:\/\/www.youtube.com\/embed\/q7scmSF5wU4?si=O33eosJQbvA7Yt0Z\" width=\"560\" height=\"315\" frameborder=\"0\" allowfullscreen=\"allowfullscreen\"><\/iframe><\/p>\n<h2>Video: Introduction to the Strategy (BSL version)<\/h2>\n<p><iframe title=\"YouTube video player\" src=\"https:\/\/www.youtube.com\/embed\/7ew1d4LHdw0?si=gwuj4qIuov5GxHYK\" width=\"560\" height=\"315\" frameborder=\"0\" allowfullscreen=\"allowfullscreen\"><\/iframe><br \/>\nOutlined in the Strategy are six ambitions that have been identified to help us achieve our vision:<\/p>\n<ul>\n<li><strong>Holistic care: <\/strong>People of all ages will experience support and care which considers everything that might help them stay well.<\/li>\n<li><strong>Prevention and early help: <\/strong>People of all ages, their families and carers will get the support they need in the right place and in a timely way, as early as possible.<\/li>\n<li><strong>Quality treatment:<\/strong> High quality treatment is available to people of all ages as needed closer to home, so they can stay well in their local communities.<\/li>\n<li><strong>Sustainable services:<\/strong> We will have an economically and environmentally sustainable mental health system where maximum benefit is delivered to the Community.<\/li>\n<li><strong>Health equality: <\/strong>We will reduce health inequalities by improving equity of access, experience and outcomes throughout people\u2019s lives.<\/li>\n<li><strong>Great place to work: <\/strong>We will have a happy, diverse, inclusive, trauma-informed and stable workforce across our system.<\/li>\n<\/ul>\n<p>This All Age Mental Health and Wellbeing Strategy has been co-produced and is co-owned by people with lived experience and their families.<\/p>\n<p>Corrado Totti, Independent Futures Team Manager at Changing Futures Bristol who has been working with people with lived experience to help the development of the Strategy, said:<\/p>\n<blockquote><p>\u201cThe task of reviewing a strategy is complex and requires diversity of understanding and perspective, as well as the ability to appropriately challenge ideas and views.<\/p>\n<p>\u201cI can\u2019t possibly see how strategies and their documentation can serve the purpose for which they are created without effective consultation with their beneficiaries\u201d<\/p><\/blockquote>\n  <\/div>\r\n  <\/section><\/div><!-- .assembler_text-module.assembler_module.assembler_text-module_2.assembler_module_2..transparent --><div class=\"assembler_text-module assembler_module assembler_text-module_3 assembler_module_3  transparent\"><a tabindex=\"-1\" title=\"Section titled module-3\" id=\"module-3\" href=\"https:\/\/bnssghealthiertogether.org.uk\/fr\/wp-json\/wp\/v2\/pages\/6921\/#module-3\" class=\"anchor\"><span class=\"hidden\">Section titled module-3<\/span><\/a><!-- Template found for text-module - Template: template-text - Matched: _only --><section class=\"w-full mx-auto max-w-content pt-3 sm:pt-6 pb-12 sm:pb-24\">\r\n  <div class=\"entry-content w-full !px-0 max-w-small\">\r\n        <h2>All Age Mental Health and Wellbeing Strategy documents<\/h2>\n      <a href=\"https:\/\/bnssghealthiertogether.org.uk\/library\/bnssg-ics-mental-health-and-wellbeing-strategy-on-a-page\/\" class=\"btn-link flex w-[fit-content] \">Read the All Age Mental Health and Wellbeing Strategy on a page<\/a>\n\n      <a href=\"https:\/\/bnssghealthiertogether.org.uk\/library\/bnssg-ics-all-age-mental-health-and-wellbeing-strategy-2024-2029\/\" class=\"btn-link flex w-[fit-content] \">Read the All Age Mental Health and Wellbeing Strategy<\/a>\n\n      <a href=\"https:\/\/bnssghealthiertogether.org.uk\/library\/easy-read-version-bnssg-ics-mental-health-and-wellbeing-strategy\/\" class=\"btn-link flex w-[fit-content] \">All Age Mental Health and Wellbeing Strategy - Easy Read<\/a>\n\n  <\/div>\r\n  <\/section><\/div><!-- .assembler_text-module.assembler_module.assembler_text-module_3.assembler_module_3..transparent --><\/div><!-- .assembler_module_area.assembler_module_area_1 --><\/div><!-- .assembler_default-group.assembler_module_group.assembler_default-group_1.assembler_module_group_1  -->","protected":false},"excerpt":{"rendered":"<p>Mental health is one of our main health priorities for our local communities.<\/p>","protected":false},"author":16,"featured_media":0,"parent":11779,"menu_order":0,"comment_status":"closed","ping_status":"closed","template":"","meta":{"_acf_changed":false,"footnotes":""},"tags":[96,156],"class_list":["post-6921","page","type-page","status-publish","hentry","tag-mental-health","tag-mental-health-strategy"],"acf":[],"_links":{"self":[{"href":"https:\/\/bnssghealthiertogether.org.uk\/fr\/wp-json\/wp\/v2\/pages\/6921","targetHints":{"allow":["GET"]}}],"collection":[{"href":"https:\/\/bnssghealthiertogether.org.uk\/fr\/wp-json\/wp\/v2\/pages"}],"about":[{"href":"https:\/\/bnssghealthiertogether.org.uk\/fr\/wp-json\/wp\/v2\/types\/page"}],"author":[{"embeddable":true,"href":"https:\/\/bnssghealthiertogether.org.uk\/fr\/wp-json\/wp\/v2\/users\/16"}],"replies":[{"embeddable":true,"href":"https:\/\/bnssghealthiertogether.org.uk\/fr\/wp-json\/wp\/v2\/comments?post=6921"}],"version-history":[{"count":50,"href":"https:\/\/bnssghealthiertogether.org.uk\/fr\/wp-json\/wp\/v2\/pages\/6921\/revisions"}],"predecessor-version":[{"id":36956,"href":"https:\/\/bnssghealthiertogether.org.uk\/fr\/wp-json\/wp\/v2\/pages\/6921\/revisions\/36956"}],"up":[{"embeddable":true,"href":"https:\/\/bnssghealthiertogether.org.uk\/fr\/wp-json\/wp\/v2\/pages\/11779"}],"wp:attachment":[{"href":"https:\/\/bnssghealthiertogether.org.uk\/fr\/wp-json\/wp\/v2\/media?parent=6921"}],"wp:term":[{"taxonomy":"post_tag","embeddable":true,"href":"https:\/\/bnssghealthiertogether.org.uk\/fr\/wp-json\/wp\/v2\/tags?post=6921"}],"curies":[{"name":"wp","href":"https:\/\/api.w.org\/{rel}","templated":true}]}}