{"id":7974,"date":"2024-01-25T10:58:37","date_gmt":"2024-01-25T10:58:37","guid":{"rendered":"https:\/\/bnssghealthiertogether.org.uk\/?page_id=7974"},"modified":"2026-02-02T17:08:03","modified_gmt":"2026-02-02T17:08:03","slug":"living-well-with-copd","status":"publish","type":"page","link":"https:\/\/bnssghealthiertogether.org.uk\/fr\/chronic-obstructive-pulmonary-disease-copd\/living-well-with-copd\/","title":{"rendered":"Bien vivre avec la BPCO"},"content":{"rendered":"<div class=\"assembler_default-group assembler_module_group assembler_default-group_1 assembler_module_group_1\"><div class=\"assembler_module_area assembler_module_area_1\"><div class=\"assembler_text-module assembler_module assembler_text-module_1 assembler_module_1  transparent\"><a tabindex=\"-1\" title=\"Section intitul\u00e9e module-1\" id=\"module-1\" href=\"https:\/\/bnssghealthiertogether.org.uk\/fr\/wp-json\/wp\/v2\/pages\/7974\/#module-1\" class=\"anchor\"><span class=\"hidden\">Section intitul\u00e9e module-1<\/span><\/a><!-- Template found for text-module - Template: template-text - Matched: _only --><section class=\"w-full mx-auto max-w-content pt-12 sm:pt-24 pb-12 sm:pb-24\">\r\n  <div class=\"entry-content w-full !px-0 max-w-small\">\r\n        <h1><strong>Bien vivre avec la BPCO<\/strong><\/h1>\n<p>\u00ab\u00a0Bien vivre avec la BPCO\u00a0\u00bb est un programme pilote mis en place \u00e0 Bristol, dans le North Somerset et le South Gloucestershire afin de mieux accompagner les personnes atteintes de BPCO. <a href=\"https:\/\/www.nhs.uk\/conditions\/chronic-obstructive-pulmonary-disease-copd\/\" rel=\"noopener\">maladie pulmonaire obstructive chronique (MPOC)<\/a> \u00e0 domicile et contribuer \u00e0 r\u00e9duire les hospitalisations inutiles.<\/p>\n<p>Elle offre aux utilisateurs un acc\u00e8s \u00e0 une application sp\u00e9cialis\u00e9e pour smartphone, My mHealth., <a href=\"https:\/\/mymhealth.com\/mycopd\" rel=\"noopener\">Ma BPCO<\/a>, pour les aider \u00e0 g\u00e9rer leur \u00e9tat de sant\u00e9 \u00e0 domicile. Une petite proportion de personnes aura \u00e9galement acc\u00e8s \u00e0 un \u00e9quipement de t\u00e9l\u00e9surveillance. <a href=\"https:\/\/www.doccla.com\/livingwell\" rel=\"noopener\">Doccla<\/a> afin de permettre leur suivi par des conseillers en sant\u00e9 num\u00e9rique ou par du personnel sp\u00e9cialis\u00e9 en sant\u00e9 et soins communautaires, qui pourra intervenir \u00e0 domicile si n\u00e9cessaire.<\/p>\n<p>Les personnes souffrant \u00e9galement d&#039;une maladie cardiovasculaire se verront proposer l&#039;acc\u00e8s \u00e0 l&#039;application myHeart, \u00e0 utiliser en parall\u00e8le de leur application myCOPD, gr\u00e2ce \u00e0 une seule connexion.<\/p>\n<p>Les personnes atteintes de BPCO de la r\u00e9gion sont contact\u00e9es directement et invit\u00e9es \u00e0 b\u00e9n\u00e9ficier du soutien du programme \u00ab Bien vivre avec la BPCO \u00bb.<\/p>\n<h2><strong>Quels sont les avantages de bien vivre avec une BPCO\u00a0?<\/strong><\/h2>\n<p>De nombreuses personnes atteintes de BPCO sont hospitalis\u00e9es si leur \u00e9tat se d\u00e9t\u00e9riore, notamment pendant les mois d&#039;hiver plus froids.<\/p>\n<p>Gr\u00e2ce au programme \u00ab Bien vivre avec la BPCO \u00bb, les personnes seront soutenues et responsabilis\u00e9es afin de mieux ma\u00eetriser leur sant\u00e9 gr\u00e2ce \u00e0 une meilleure information sur leur maladie et sur la meilleure fa\u00e7on de la g\u00e9rer.<\/p>\n<p>Ce soutien permettra \u00e0 davantage de personnes de rester en bonne sant\u00e9 chez elles et d&#039;\u00e9viter l&#039;hospitalisation, o\u00f9 nous savons que les gens dorment mieux et ont une vision plus positive, gr\u00e2ce au confort de leur domicile et \u00e0 la pr\u00e9sence de leur famille, de leurs amis ou de leurs soignants.<\/p>\n  <\/div>\r\n  <\/section><\/div><!-- .assembler_text-module.assembler_module.assembler_text-module_1.assembler_module_1..transparent --><\/div><!-- .assembler_module_area.assembler_module_area_1 --><\/div><!-- .assembler_default-group.assembler_module_group.assembler_default-group_1.assembler_module_group_1  -->","protected":false},"excerpt":{"rendered":"<p>Supporting people with chronic obstructive pulmonary disease (COPD) at home.<\/p>","protected":false},"author":13,"featured_media":0,"parent":36974,"menu_order":0,"comment_status":"closed","ping_status":"closed","template":"","meta":{"_acf_changed":false,"footnotes":""},"tags":[210,211,149,1088,208,69,209],"class_list":["post-7974","page","type-page","status-publish","hentry","tag-cardiovascular-disease","tag-chronic-obstructive-pulmonary-disease","tag-copd","tag-doccla","tag-home","tag-hospital","tag-respiratory"],"acf":[],"_links":{"self":[{"href":"https:\/\/bnssghealthiertogether.org.uk\/fr\/wp-json\/wp\/v2\/pages\/7974","targetHints":{"allow":["GET"]}}],"collection":[{"href":"https:\/\/bnssghealthiertogether.org.uk\/fr\/wp-json\/wp\/v2\/pages"}],"about":[{"href":"https:\/\/bnssghealthiertogether.org.uk\/fr\/wp-json\/wp\/v2\/types\/page"}],"author":[{"embeddable":true,"href":"https:\/\/bnssghealthiertogether.org.uk\/fr\/wp-json\/wp\/v2\/users\/13"}],"replies":[{"embeddable":true,"href":"https:\/\/bnssghealthiertogether.org.uk\/fr\/wp-json\/wp\/v2\/comments?post=7974"}],"version-history":[{"count":12,"href":"https:\/\/bnssghealthiertogether.org.uk\/fr\/wp-json\/wp\/v2\/pages\/7974\/revisions"}],"predecessor-version":[{"id":36981,"href":"https:\/\/bnssghealthiertogether.org.uk\/fr\/wp-json\/wp\/v2\/pages\/7974\/revisions\/36981"}],"up":[{"embeddable":true,"href":"https:\/\/bnssghealthiertogether.org.uk\/fr\/wp-json\/wp\/v2\/pages\/36974"}],"wp:attachment":[{"href":"https:\/\/bnssghealthiertogether.org.uk\/fr\/wp-json\/wp\/v2\/media?parent=7974"}],"wp:term":[{"taxonomy":"post_tag","embeddable":true,"href":"https:\/\/bnssghealthiertogether.org.uk\/fr\/wp-json\/wp\/v2\/tags?post=7974"}],"curies":[{"name":"wp","href":"https:\/\/api.w.org\/{rel}","templated":true}]}}