{"id":10535,"date":"2024-07-15T13:38:58","date_gmt":"2024-07-15T12:38:58","guid":{"rendered":"https:\/\/bnssghealthiertogether.org.uk\/?page_id=10535"},"modified":"2025-05-22T10:42:17","modified_gmt":"2025-05-22T09:42:17","slug":"application-form-part-2","status":"publish","type":"page","link":"https:\/\/bnssghealthiertogether.org.uk\/pl\/voluntary-community-and-social-enterprise-vcse\/vcse-brokerage-framework\/application-form-part-2\/","title":{"rendered":"Formularz zg\u0142oszeniowy VCSE Brokerage Framework, cz\u0119\u015b\u0107 2: zapewnienie jako\u015bci"},"content":{"rendered":"<div class=\"assembler_default-group assembler_module_group assembler_default-group_1 assembler_module_group_1\"><div class=\"assembler_module_area assembler_module_area_1\"><div class=\"assembler_text-module assembler_module assembler_text-module_1 assembler_module_1  transparent\"><a tabindex=\"-1\" title=\"Section titled module-1\" id=\"module-1\" href=\"https:\/\/bnssghealthiertogether.org.uk\/pl\/wp-json\/wp\/v2\/pages\/10535\/#module-1\" class=\"anchor\"><span class=\"hidden\">Section titled module-1<\/span><\/a><!-- Template found for text-module - Template: template-text - Matched: _only --><section class=\"w-full mx-auto max-w-content pt-10 sm:pt-20 pb-6 sm:pb-12\">\r\n  <div class=\"entry-content w-full !px-0 max-w-small\">\r\n        <link rel='stylesheet' id='formidable-css' href='https:\/\/bnssghealthiertogether.org.uk\/wp-content\/plugins\/formidable\/css\/formidableforms.css?ver=4141308' type='text\/css' media='all' \/>\n<div class=\"frm_forms  with_frm_style frm_style_formidable-style\" id=\"frm_form_54_container\" data-token=\"98c96de694f9c8c3bc0fef42735d51c9\">\n<form enctype=\"multipart\/form-data\" method=\"post\" class=\"frm-show-form  frm_pro_form  frm_logic_form \" id=\"form_vcse-brokerage-framework-application-form-part2-new\" data-token=\"98c96de694f9c8c3bc0fef42735d51c9\">\n<div class=\"frm_form_fields  frm_page_num_1\">\n<fieldset>\n<legend class=\"frm_screen_reader\">VCSE Brokerage Framework application form part 2: quality assurance<\/legend>\r\n<h3 class=\"frm_form_title\">VCSE Brokerage Framework application form part 2: quality assurance<\/h3>\r\n<div class=\"frm_fields_container\">\n<div class=\"frm_rootline_group\" role=\"group\" tabindex=\"0\" aria-label=\"Page 1 of 7\" ><ul class=\"frm_page_bar frm_rootline_7 frm_progress frm_progress_line  frm_show_lines \"><li class=\"frm_rootline_single frm_current_page\"><input type=\"button\" value=\"1\" data-page=\"\" class=\" frm_page_1\" aria-disabled=\"true\" data-field=\"0\" aria-label=\"Page 1\"  \/><\/li><li class=\"frm_rootline_single\"><input type=\"button\" value=\"2\" data-page=\"4\" class=\"frm_page_skip frm_page_2\" data-field=\"1075\" aria-label=\"Page 2\"  \/><\/li><li class=\"frm_rootline_single\"><input type=\"button\" value=\"3\" data-page=\"52\" class=\"frm_page_skip frm_page_3\" data-field=\"1068\" aria-label=\"Page 3\"  \/><\/li><li class=\"frm_rootline_single\"><input type=\"button\" value=\"4\" data-page=\"68\" class=\"frm_page_skip frm_page_4\" data-field=\"1070\" aria-label=\"Page 4\"  \/><\/li><li class=\"frm_rootline_single\"><input type=\"button\" value=\"5\" data-page=\"87\" class=\"frm_page_skip frm_page_5\" data-field=\"1071\" aria-label=\"Page 5\"  \/><\/li><li class=\"frm_rootline_single\"><input type=\"button\" value=\"6\" data-page=\"106\" class=\"frm_page_skip frm_page_6\" data-field=\"1072\" aria-label=\"Page 6\"  \/><\/li><li class=\"frm_rootline_single\"><input type=\"button\" value=\"7\" data-page=\"133\" class=\"frm_page_skip frm_page_7\" data-field=\"1073\" aria-label=\"Page 7\"  \/><\/li><\/ul><div class=\"frm_percent_complete\">0% Uko\u0144czone<\/div><div class=\"frm_pages_complete\">1 z 7<\/div><div class=\"frm_clearfix\"><\/div><\/div><input type=\"hidden\" name=\"frm_action\" value=\"create\" \/>\n<input type=\"hidden\" name=\"form_id\" value=\"54\" \/>\n<input type=\"hidden\" name=\"frm_hide_fields_54\" id=\"frm_hide_fields_54\" value=\"\" \/>\n<input type=\"hidden\" name=\"form_key\" value=\"vcse-brokerage-framework-application-form-part2-new\" \/>\n<input type=\"hidden\" name=\"item_meta[0]\" value=\"\" \/>\n<input type=\"hidden\" id=\"frm_submit_entry_54\" name=\"frm_submit_entry_54\" value=\"794edc2a6d\" \/><input type=\"hidden\" name=\"_wp_http_referer\" value=\"\/pl\/wp-json\/wp\/v2\/pages\/10535\" \/><div id=\"frm_field_872_container\" class=\"frm_form_field  frm12 frm_first frm_html_container entry-content form-field\">\n<h3>How to apply to join the Bristol, North Somerset and South Gloucestershire VCSE Brokerage Framework<\/h3>\n<p>This is part 2 of the application process. You will need to complete part 1 and part 2 before we can accept your application.<\/p>\n<p>Please ensure you have completed part 1 before starting this form.<\/p>\n<p>If you would like support to complete this form or need it in a different format please email <a href=\"mailto:contact@bnssgvcsealliance.org\">contact@bnssgvcsealliance.org<\/a><\/p>\n<p>This application form includes the following sections:<\/p>\n<ol>\n<li>Quality assurance<\/li>\n<li>Your organisation\u2019s current work<\/li>\n<li>Keeping informed<\/li>\n<li>Consent<\/li>\n<\/ol>\n<p>Most of the questions in this application form require tick box responses; some require a document to be submitted; others ask for some description about how your organisation does things.<\/p><\/div>\n<input type=\"hidden\" name=\"frm_page_order_54\" id=\"frm_page_order_54\" value=\"4\" \/>\t\t<input  type=\"hidden\" name=\"item_meta[874]\" id=\"field_1qhm92\" value=\"\"     \/>\n\t\t\t\t<input  type=\"hidden\" name=\"item_meta[876]\" id=\"field_xl2x92\" value=\"\"  data-sectionid=\"874\"     \/>\n\t\t\t\t<input  type=\"hidden\" name=\"item_meta[877]\" id=\"field_cdid72\" value=\"\"  data-sectionid=\"874\"     \/>\n\t\t\t\t<input  type=\"hidden\" name=\"item_meta[878]\" id=\"field_lyb6s2\" value=\"\"  data-sectionid=\"874\"     \/>\n\t\t\t\t<input  type=\"hidden\" name=\"item_meta[1074]\" id=\"field_r7ukf\" value=\"\"     \/>\n\t\t\t\t<input  type=\"hidden\" name=\"item_meta[880]\" id=\"field_gvn3r2\" value=\"\"  data-sectionid=\"874\"     \/>\n\t\t\t\t<input  type=\"hidden\" name=\"item_meta[881]\" id=\"field_l4th92\" value=\"\"  data-sectionid=\"874\"     \/>\n\t\t\t\t<input  type=\"hidden\" name=\"item_meta[882]\" id=\"field_a9wdg2\" value=\"\"  data-sectionid=\"874\"     \/>\n\t\t\t\t<input  type=\"hidden\" name=\"item_meta[883]\" id=\"field_9hlax2\" value=\"\"  data-sectionid=\"874\"     \/>\n\t\t\t\t<input  type=\"hidden\" name=\"item_meta[884]\" id=\"field_crhlq2\" value=\"\"  data-sectionid=\"874\"     \/>\n\t\t\t\t<input  type=\"hidden\" name=\"item_meta[886]\" id=\"field_3kwvx2\" value=\"\"  data-sectionid=\"874\"     \/>\n\t\t\t\t<input  type=\"hidden\" name=\"item_meta[887]\" id=\"field_606ri2\" value=\"\"  data-sectionid=\"874\"     \/>\n\t\t\t\t<input  type=\"hidden\" name=\"item_meta[888]\" id=\"field_a0z1e2\" value=\"\"  data-sectionid=\"874\"     \/>\n\t\t\t\t<input  type=\"hidden\" name=\"item_meta[889]\" id=\"field_4ulv62\" value=\"\"  data-sectionid=\"874\"     \/>\n\t\t\t\t<input  type=\"hidden\" name=\"item_meta[890]\" id=\"field_6igej2\" value=\"\"  data-sectionid=\"874\"     \/>\n\t\t\t\t<input  type=\"hidden\" name=\"item_meta[892]\" id=\"field_mt2x02\" value=\"\"  data-sectionid=\"874\"     \/>\n\t\t\t\t<input  type=\"hidden\" name=\"item_meta[893]\" id=\"field_om6xn2\" value=\"\"  data-sectionid=\"874\"     \/>\n\t\t\t\t<input  type=\"hidden\" name=\"item_meta[894]\" id=\"field_4t66\" value=\"\"  data-sectionid=\"874\"     \/>\n\t\t\t\t<input  type=\"hidden\" name=\"item_meta[895]\" id=\"field_po5il2\" value=\"\"  data-sectionid=\"874\"     \/>\n\t\t\t\t<input  type=\"hidden\" name=\"item_meta[896]\" id=\"field_29w7l2\" value=\"\"  data-sectionid=\"874\"     \/>\n\t\t\t\t<input  type=\"hidden\" name=\"item_meta[1068]\" id=\"field_mdamn\" value=\"\"     \/>\n\t\t\t\t<input  type=\"hidden\" name=\"item_meta[899]\" id=\"field_v5yes2\" value=\"\"     \/>\n\t\t\t\t<input  type=\"hidden\" name=\"item_meta[901]\" id=\"field_ivnv12\" value=\"\"     \/>\n\t\t\t\t<input  type=\"hidden\" name=\"item_meta[902]\" id=\"field_1xozl2\" value=\"\"     \/>\n\t\t\t\t<input  type=\"hidden\" name=\"item_meta[905]\" id=\"field_wrko\" value=\"\"  data-sectionid=\"902\"     \/>\n\t\t\t\t<input  type=\"hidden\" name=\"item_meta[914]\" id=\"field_pd25n2\" value=\"\"     \/>\n\t\t\t\t<input  type=\"hidden\" name=\"item_meta[958]\" id=\"field_ev655\" value=\"\"     \/>\n\t\t\t\t<input  type=\"hidden\" name=\"item_meta[1070]\" id=\"field_oonsu\" value=\"\"     \/>\n\t\t\t\t<input  type=\"hidden\" name=\"item_meta[916]\" id=\"field_74dd82\" value=\"\"     \/>\n\t\t\t\t<input  type=\"hidden\" name=\"item_meta[918]\" id=\"field_qxdf2-0\" value=\"\"  data-sectionid=\"916\"     \/>\n\t\t\t\t<input  type=\"hidden\" name=\"item_meta[919]\" id=\"field_zocoa2-0\" value=\"\"  data-sectionid=\"916\"     \/>\n\t\t\t\t<input  type=\"hidden\" name=\"item_meta[920]\" id=\"field_hf3662-0\" value=\"\"  data-sectionid=\"916\"     \/>\n\t\t\t\t<input  type=\"hidden\" name=\"item_meta[921]\" id=\"field_ny4g82-0\" value=\"\"  data-sectionid=\"916\"     \/>\n\t\t\t\t<input  type=\"hidden\" name=\"item_meta[922]\" id=\"field_gjl4b2-0\" value=\"\"  data-sectionid=\"916\"     \/>\n\t\t\t\t<input  type=\"hidden\" name=\"item_meta[923]\" id=\"field_elpl92-0\" value=\"\"  data-sectionid=\"916\"     \/>\n\t\t\t\t<input  type=\"hidden\" name=\"item_meta[924]\" id=\"field_eksse2\" value=\"\"     \/>\n\t\t\t\t<input  type=\"hidden\" name=\"item_meta[1071]\" id=\"field_ehk6s\" value=\"\"     \/>\n\t\t\t\t<input  type=\"hidden\" name=\"item_meta[926]\" id=\"field_q27ru2\" value=\"\"     \/>\n\t\t\t\t<input  type=\"hidden\" name=\"item_meta[928]\" id=\"field_fvt9y2-0\" value=\"\"  data-sectionid=\"926\"  data-frmlimit=\"1\"     \/>\n\t\t\t\t<input  type=\"hidden\" name=\"item_meta[929]\" id=\"field_zp3t2\" value=\"\"  data-sectionid=\"926\"     \/>\n\t\t\t\t<input  type=\"hidden\" name=\"item_meta[930]\" id=\"field_8gcuh2-0\" value=\"\"  data-sectionid=\"926\"     \/>\n\t\t\t\t<input  type=\"hidden\" name=\"item_meta[931]\" id=\"field_1c28x2-0\" value=\"\"  data-sectionid=\"926\"     \/>\n\t\t\t\t<input  type=\"hidden\" name=\"item_meta[932]\" id=\"field_xiz8q2-0\" value=\"\"  data-sectionid=\"926\"     \/>\n\t\t\t\t<input  type=\"hidden\" name=\"item_meta[933]\" id=\"field_4yvq52-0\" value=\"\"  data-sectionid=\"926\"     \/>\n\t\t\t\t<input  type=\"hidden\" name=\"item_meta[934]\" id=\"field_v9fqz2\" value=\"\"     \/>\n\t\t\t\t<input  type=\"hidden\" name=\"item_meta[1072]\" id=\"field_f5yzh\" value=\"\"     \/>\n\t\t\t\t<input  type=\"hidden\" name=\"item_meta[936]\" id=\"field_ai9fn2\" value=\"\"     \/>\n\t\t\t\t<input  type=\"hidden\" name=\"item_meta[939]\" id=\"field_ubflu2\" value=\"\"  data-sectionid=\"936\"     \/>\n\t\t\t\t<input  type=\"hidden\" name=\"item_meta[940]\" id=\"field_u90ds2\" value=\"\"  data-sectionid=\"936\"     \/>\n\t\t\t\t<input  type=\"hidden\" name=\"item_meta[941]\" id=\"field_d5ulg2\" value=\"\"  data-sectionid=\"936\"  autocomplete=\"email\"     \/>\n\t\t\t\t<input  type=\"hidden\" name=\"item_meta[942]\" id=\"field_xql6t2\" value=\"\"  data-sectionid=\"936\"     \/>\n\t\t\t\t<input  type=\"hidden\" name=\"item_meta[943]\" id=\"field_17hxr2-0\" value=\"\"  data-sectionid=\"936\"     \/>\n\t\t\t\t<input  type=\"hidden\" name=\"item_meta[944]\" id=\"field_mypvt2-0\" value=\"\"  data-sectionid=\"936\"     \/>\n\t\t\t\t<input  type=\"hidden\" name=\"item_meta[945]\" id=\"field_pd5bc2-0\" value=\"\"  data-sectionid=\"936\"     \/>\n\t\t\t\t<input  type=\"hidden\" name=\"item_meta[946]\" id=\"field_qvtk72-0\" value=\"\"  data-sectionid=\"936\"     \/>\n\t\t\t\t<input  type=\"hidden\" name=\"item_meta[947]\" id=\"field_e113k2-0\" value=\"\"  data-sectionid=\"936\"     \/>\n\t\t\t\t<input  type=\"hidden\" name=\"item_meta[948]\" id=\"field_6obad2\" value=\"\"     \/>\n\t\t\t\t<input  type=\"hidden\" name=\"item_meta[1073]\" id=\"field_inwn6\" value=\"\"     \/>\n\t\t\t\t<input  type=\"hidden\" name=\"item_meta[950]\" id=\"field_xvbb2\" value=\"\"     \/>\n\t\t\t\t<input  type=\"hidden\" name=\"item_meta[951]\" id=\"field_gqnuu2-0\" value=\"\"  data-sectionid=\"950\"     \/>\n\t\t\t\t<input  type=\"hidden\" name=\"item_meta[953]\" id=\"field_dap2x2\" value=\"\"     \/>\n\t\t\t\t<input  type=\"hidden\" name=\"item_meta[954]\" id=\"field_u0iz62\" value=\"\"     \/>\n\t\t\t\t<input  type=\"hidden\" name=\"item_meta[955]\" id=\"field_submit62\" value=\"\"     \/>\n\t\t\t<input type=\"hidden\" name=\"item_key\" value=\"\" \/>\n\t\t\t<div id=\"frm_field_1086_container\">\n\t\t\t<label for=\"field_mlmhj\" >\n\t\t\t\tJe\u017celi jeste\u015b cz\u0142owiekiem, zostaw to pole puste.\t\t\t<\/label>\n\t\t\t<input  id=\"field_mlmhj\" type=\"text\" class=\"frm_form_field form-field frm_verify\" name=\"item_meta[1086]\" value=\"\"  \/>\n\t\t<\/div>\n\t\t<input name=\"frm_state\" type=\"hidden\" value=\"yuKxb2U2wNTvlcy9ISDlKvkzO8AAX5aQkWzCXchpd2N+1nFAta5UhgjkNPfcNmpw\" \/><div class=\"frm_submit frm_flex\">\r\n<button class=\"frm_button_submit\" type=\"submit\"  >Next<\/button>\r\n\r\n\r\n\r\n<\/div><\/div>\n<\/fieldset>\n<\/div>\n\n<\/form>\n<\/div>\n\n  <\/div>\r\n  <\/section><\/div><!-- .assembler_text-module.assembler_module.assembler_text-module_1.assembler_module_1..transparent --><\/div><!-- .assembler_module_area.assembler_module_area_1 --><\/div><!-- .assembler_default-group.assembler_module_group.assembler_default-group_1.assembler_module_group_1  -->","protected":false},"excerpt":{"rendered":"<p>Part two of the application to join the VCSE Brokerage Framework.<\/p>","protected":false},"author":7,"featured_media":0,"parent":10426,"menu_order":0,"comment_status":"closed","ping_status":"closed","template":"","meta":{"_acf_changed":false,"footnotes":""},"tags":[],"class_list":["post-10535","page","type-page","status-publish","hentry"],"acf":[],"_links":{"self":[{"href":"https:\/\/bnssghealthiertogether.org.uk\/pl\/wp-json\/wp\/v2\/pages\/10535","targetHints":{"allow":["GET"]}}],"collection":[{"href":"https:\/\/bnssghealthiertogether.org.uk\/pl\/wp-json\/wp\/v2\/pages"}],"about":[{"href":"https:\/\/bnssghealthiertogether.org.uk\/pl\/wp-json\/wp\/v2\/types\/page"}],"author":[{"embeddable":true,"href":"https:\/\/bnssghealthiertogether.org.uk\/pl\/wp-json\/wp\/v2\/users\/7"}],"replies":[{"embeddable":true,"href":"https:\/\/bnssghealthiertogether.org.uk\/pl\/wp-json\/wp\/v2\/comments?post=10535"}],"version-history":[{"count":5,"href":"https:\/\/bnssghealthiertogether.org.uk\/pl\/wp-json\/wp\/v2\/pages\/10535\/revisions"}],"predecessor-version":[{"id":39459,"href":"https:\/\/bnssghealthiertogether.org.uk\/pl\/wp-json\/wp\/v2\/pages\/10535\/revisions\/39459"}],"up":[{"embeddable":true,"href":"https:\/\/bnssghealthiertogether.org.uk\/pl\/wp-json\/wp\/v2\/pages\/10426"}],"wp:attachment":[{"href":"https:\/\/bnssghealthiertogether.org.uk\/pl\/wp-json\/wp\/v2\/media?parent=10535"}],"wp:term":[{"taxonomy":"post_tag","embeddable":true,"href":"https:\/\/bnssghealthiertogether.org.uk\/pl\/wp-json\/wp\/v2\/tags?post=10535"}],"curies":[{"name":"wp","href":"https:\/\/api.w.org\/{rel}","templated":true}]}}