{"id":11986,"date":"2024-10-08T16:14:35","date_gmt":"2024-10-08T15:14:35","guid":{"rendered":"https:\/\/bnssghealthiertogether.org.uk\/?page_id=11986"},"modified":"2025-01-20T21:09:37","modified_gmt":"2025-01-20T21:09:37","slug":"healthier-with-nature","status":"publish","type":"page","link":"https:\/\/bnssghealthiertogether.org.uk\/pl\/our-work\/healthier-with-nature\/","title":{"rendered":"Zdrowsi z natur\u0105"},"content":{"rendered":"<div class=\"assembler_default-group assembler_module_group assembler_default-group_1 assembler_module_group_1\"><div class=\"assembler_module_area assembler_module_area_1\"><div class=\"assembler_text-module assembler_module assembler_text-module_1 assembler_module_1  transparent\"><a tabindex=\"-1\" title=\"Sekcja zatytu\u0142owana modu\u0142-1\" id=\"module-1\" href=\"https:\/\/bnssghealthiertogether.org.uk\/pl\/wp-json\/wp\/v2\/pages\/11986\/#module-1\" class=\"anchor\"><span class=\"hidden\">Sekcja zatytu\u0142owana modu\u0142-1<\/span><\/a><!-- Template found for text-module - Template: template-text - Matched: _only --><section class=\"w-full mx-auto max-w-content pt-10 sm:pt-20 pb-3 sm:pb-6\">\n    <div class=\"flex gap-11 md:grid md:grid-cols-2 flex-col\">\n    <div class=\"entry-content\">\n      <h1>Zdrowsi z natur\u0105<\/h1>\n<p>Zdrowsza z Natur\u0105 to program Green Social Prescribing Programme dla Bristolu, North Somerset i South Gloucestershire. Jest to jedna z siedmiu krajowych platform \u2018testuj i ucz si\u0119\u2019 w zakresie zielonego, spo\u0142ecznego przepisywania lek\u00f3w w ca\u0142ej Anglii.<\/p>\n<p>Inicjatywa Healthier with Nature jest finansowana przez kilku partner\u00f3w krajowych, w tym Ministerstwo Zdrowia i Opieki Spo\u0142ecznej, Ministerstwo \u015arodowiska, \u017bywno\u015bci i Spraw Wsi, Natural England, NHS England i NHS Improvement, Public Health England, Ministerstwo Mieszkalnictwa, Spo\u0142eczno\u015bci i Samorz\u0105du Lokalnego, Narodow\u0105 Akademi\u0119 Przepisywania Socjalnego i Sport England.<\/p>\n    <\/div>\n    <div class=\"entry-content\">\n      <p><img decoding=\"async\" class=\"aligncenter wp-image-6231\" src=\"https:\/\/bnssghealthiertogether.org.uk\/wp-content\/uploads\/2023\/07\/Hargobind-Badesha-Jasvant-Badesha-and-Abi-Sweet-1-1-e1731497094538-300x172.jpeg\" alt=\"3 people doing some gardening in an allotment for the green social prescribing project\" width=\"650\" height=\"372\" srcset=\"https:\/\/bnssghealthiertogether.org.uk\/wp-content\/uploads\/2023\/07\/Hargobind-Badesha-Jasvant-Badesha-and-Abi-Sweet-1-1-e1731497094538-300x172.jpeg 300w, https:\/\/bnssghealthiertogether.org.uk\/wp-content\/uploads\/2023\/07\/Hargobind-Badesha-Jasvant-Badesha-and-Abi-Sweet-1-1-e1731497094538-768x440.jpeg 768w, https:\/\/bnssghealthiertogether.org.uk\/wp-content\/uploads\/2023\/07\/Hargobind-Badesha-Jasvant-Badesha-and-Abi-Sweet-1-1-e1731497094538.jpeg 829w\" sizes=\"(max-width: 650px) 100vw, 650px\" \/><\/p>\n    <\/div>\n      <\/div>\n<\/section><\/div><!-- .assembler_text-module.assembler_module.assembler_text-module_1.assembler_module_1..transparent --><div class=\"assembler_text-module assembler_module assembler_text-module_2 assembler_module_2  transparent\"><a tabindex=\"-1\" title=\"Sekcja zatytu\u0142owana modu\u0142-2\" id=\"module-2\" href=\"https:\/\/bnssghealthiertogether.org.uk\/pl\/wp-json\/wp\/v2\/pages\/11986\/#module-2\" class=\"anchor\"><span class=\"hidden\">Sekcja zatytu\u0142owana modu\u0142-2<\/span><\/a><!-- Template found for text-module - Template: template-text - Matched: _only --><section class=\"w-full mx-auto max-w-content pt-3 sm:pt-6 pb-3 sm:pb-6\">\r\n  <div class=\"entry-content w-full !px-0 max-w-small\">\r\n        <h2>Cele naszego programu<\/h2>\n<ol>\n<li>Umo\u017cliwianie wi\u0119kszej liczbie os\u00f3b, zw\u0142aszcza tym, kt\u00f3rzy ciesz\u0105 si\u0119 dobrym zdrowiem, nawi\u0105zywania kontakt\u00f3w z natur\u0105 w celu poprawy ich zdrowia fizycznego i psychicznego.<\/li>\n<li>Wdra\u017canie praktyk opartych na naturze w sektorze opieki zdrowotnej i spo\u0142ecznej.<\/li>\n<\/ol>\n  <\/div>\r\n  <\/section><\/div><!-- .assembler_text-module.assembler_module.assembler_text-module_2.assembler_module_2..transparent --><div class=\"assembler_text-module assembler_module assembler_text-module_3 assembler_module_3  transparent\"><a tabindex=\"-1\" title=\"Sekcja zatytu\u0142owana modu\u0142-3\" id=\"module-3\" href=\"https:\/\/bnssghealthiertogether.org.uk\/pl\/wp-json\/wp\/v2\/pages\/11986\/#module-3\" class=\"anchor\"><span class=\"hidden\">Sekcja zatytu\u0142owana modu\u0142-3<\/span><\/a><!-- Template found for text-module - Template: template-text - Matched: _only --><section class=\"w-full mx-auto max-w-content pt-3 sm:pt-6 pb-3 sm:pb-6\">\r\n  <div class=\"entry-content w-full !px-0 max-w-small\">\r\n        <h2>Czym jest Zielone Przepisywanie Spo\u0142eczne?<\/h2>\n<p>Ekologiczne, spo\u0142eczne przepisywanie lek\u00f3w zmienia spos\u00f3b \u015bwiadczenia opieki zdrowotnej, stawiaj\u0105c dobre zdrowie psychiczne i fizyczne w centrum \u017cycia ludzi w ich lokalnej spo\u0142eczno\u015bci. Opiera si\u0119 na indywidualnych zainteresowaniach i umo\u017cliwia ludziom odgrywanie aktywnej roli w rozwijaniu i utrzymywaniu swojego zdrowia.<\/p>\n<p>Lekarze rodzinni, pracownicy socjalni i inni specjali\u015bci kieruj\u0105 pacjent\u00f3w do lokalnych, pozaklinicznych aktywno\u015bci na \u0142onie natury, takich jak spacery, ogrodnictwo, opieka nad zwierz\u0119tami, ochrona \u015brodowiska, sztuka lub programy kontaktu z natur\u0105.<\/p>\n<p>Pandemia COVID-19 sprawi\u0142a, \u017ce wiele os\u00f3b na nowo odkry\u0142o mi\u0142o\u015b\u0107 do natury jako spos\u00f3b radzenia sobie z ni\u0105, podtrzymywania pozytywnych relacji oraz dbania o zdrowie fizyczne i psychiczne. Jednak wiele os\u00f3b nadal napotyka szereg barier utrudniaj\u0105cych korzystanie z tych dobrodziejstw, a program \u201eZdrowie z natur\u0105\u201d pomaga im znale\u017a\u0107 w\u0142asne sposoby na kontakt z natur\u0105.<\/p>\n<p><a href=\"https:\/\/naturalengland.blog.gov.uk\/2022\/04\/12\/social-prescribing-the-power-of-nature-as-treatment\/\" rel=\"noopener\">Natural England przedstawia w tym blogu korzy\u015bci zdrowotne p\u0142yn\u0105ce z kontaktu z natur\u0105<\/a>.<\/p>\n<p>Odkryj wspania\u0142e projekty przyrodnicze i zdrowotne w Bristolu, North Somerset i South Gloucestershire, przegl\u0105daj\u0105c nasze <a href=\"https:\/\/bnssghealthiertogether.org.uk\/pl\/library\/green-social-prescribing-directory\/\">Zielony katalog przepisywania spo\u0142ecznego<\/a>.<\/p>\n<p>Do\u0142\u0105cz do naszej sieci \u201eZdrowsi z Natur\u0105\u201d, aby by\u0107 na bie\u017c\u0105co z informacjami o lokalnych sesjach, spotkaniach partnerskich, ekologicznych praktykach i mo\u017cliwo\u015bciach finansowania. E-mail <a href=\"mailto:bnssg.mh.greensp@nhs.net\" target=\"_blank\" rel=\"nofollow noopener\">bnssg.mh.greensp@nhs.net<\/a> aby zapisa\u0107 si\u0119 na list\u0119 mailingow\u0105.<\/p>\n  <\/div>\r\n  <\/section><\/div><!-- .assembler_text-module.assembler_module.assembler_text-module_3.assembler_module_3..transparent --><div class=\"assembler_text-module assembler_module assembler_text-module_4 assembler_module_4  transparent\"><a tabindex=\"-1\" title=\"Sekcja zatytu\u0142owana modu\u0142-4\" id=\"module-4\" href=\"https:\/\/bnssghealthiertogether.org.uk\/pl\/wp-json\/wp\/v2\/pages\/11986\/#module-4\" class=\"anchor\"><span class=\"hidden\">Sekcja zatytu\u0142owana modu\u0142-4<\/span><\/a><!-- Template found for text-module - Template: template-text - Matched: _only --><section class=\"w-full mx-auto max-w-content pt-3 sm:pt-6 pb-3 sm:pb-6\">\r\n  <div class=\"entry-content w-full !px-0 max-w-small\">\r\n        <h2>Zielone spo\u0142eczne przepisywanie w dzia\u0142aniu<\/h2>\n<p>Obejrzyj kr\u00f3tkie filmy, kt\u00f3re daj\u0105 przegl\u0105d zielonych rozwi\u0105za\u0144 spo\u0142ecznych i przedstawiaj\u0105 niekt\u00f3re z naszych fantastycznych lokalnych projekt\u00f3w.<\/p>\n  <\/div>\r\n  <\/section><\/div><!-- .assembler_text-module.assembler_module.assembler_text-module_4.assembler_module_4..transparent --><div class=\"assembler_text-module assembler_module assembler_text-module_5 assembler_module_5  transparent\"><a tabindex=\"-1\" title=\"Sekcja zatytu\u0142owana modu\u0142-5\" id=\"module-5\" href=\"https:\/\/bnssghealthiertogether.org.uk\/pl\/wp-json\/wp\/v2\/pages\/11986\/#module-5\" class=\"anchor\"><span class=\"hidden\">Sekcja zatytu\u0142owana modu\u0142-5<\/span><\/a><!-- Template found for text-module - Template: template-text - Matched: _only --><section class=\"w-full mx-auto max-w-content pt-3 sm:pt-6 pb-3 sm:pb-6\">\r\n  <div class=\"entry-content w-full !px-0 max-w-small\">\r\n        <h3>Wideo: Zdrowsi z natur\u0105 Zielone spo\u0142eczne przepisywanie<\/h3>\n<div class=\"embed_wrapper\"><iframe title=\"Zdrowsi z natur\u0105 Zielone spo\u0142eczne przepisywanie\" width=\"640\" height=\"360\" src=\"https:\/\/www.youtube.com\/embed\/Hi_QEUah05k?feature=oembed\" frameborder=\"0\" allow=\"accelerometer; autoplay; clipboard-write; encrypted-media; gyroscope; picture-in-picture; web-share\" referrerpolicy=\"strict-origin-when-cross-origin\" allowfullscreen><\/iframe><\/div>\n  <\/div>\r\n  <\/section><\/div><!-- .assembler_text-module.assembler_module.assembler_text-module_5.assembler_module_5..transparent --><div class=\"assembler_text-module assembler_module assembler_text-module_6 assembler_module_6  transparent\"><a tabindex=\"-1\" title=\"Sekcja zatytu\u0142owana modu\u0142-6\" id=\"module-6\" href=\"https:\/\/bnssghealthiertogether.org.uk\/pl\/wp-json\/wp\/v2\/pages\/11986\/#module-6\" class=\"anchor\"><span class=\"hidden\">Sekcja zatytu\u0142owana modu\u0142-6<\/span><\/a><!-- Template found for text-module - Template: template-text - Matched: _only --><section class=\"w-full mx-auto max-w-content pt-3 sm:pt-6 pb-3 sm:pb-6\">\r\n  <div class=\"entry-content w-full !px-0 max-w-small\">\r\n        <h3>Wideo: Zielone, spo\u0142eczne przepisywanie lek\u00f3w \u2013 Partnerstwo na rzecz zdrowia psychicznego Avon i Wiltshire<\/h3>\n<div class=\"embed_wrapper\"><iframe title=\"Zielone, spo\u0142eczne przepisywanie lek\u00f3w \u2013 Partnerstwo na rzecz zdrowia psychicznego Avon i Wiltshire\" width=\"640\" height=\"360\" src=\"https:\/\/www.youtube.com\/embed\/GnlvriEy7DA?feature=oembed\" frameborder=\"0\" allow=\"accelerometer; autoplay; clipboard-write; encrypted-media; gyroscope; picture-in-picture; web-share\" referrerpolicy=\"strict-origin-when-cross-origin\" allowfullscreen><\/iframe><\/div>\n  <\/div>\r\n  <\/section><\/div><!-- .assembler_text-module.assembler_module.assembler_text-module_6.assembler_module_6..transparent --><div class=\"assembler_text-module assembler_module assembler_text-module_7 assembler_module_7  transparent\"><a tabindex=\"-1\" title=\"Sekcja zatytu\u0142owana modu\u0142-7\" id=\"module-7\" href=\"https:\/\/bnssghealthiertogether.org.uk\/pl\/wp-json\/wp\/v2\/pages\/11986\/#module-7\" class=\"anchor\"><span class=\"hidden\">Sekcja zatytu\u0142owana modu\u0142-7<\/span><\/a><!-- Template found for text-module - Template: template-text - Matched: _only --><section class=\"w-full mx-auto max-w-content pt-3 sm:pt-6 pb-3 sm:pb-6\">\r\n  <div class=\"entry-content w-full !px-0 max-w-small\">\r\n        <h3>Wideo: Zielone spo\u0142eczne przepisywanie w Clevedon Marina z Open Minds Active<\/h3>\n<div class=\"embed_wrapper\"><iframe title=\"Zielone spo\u0142eczne przepisywanie w Clevedon Marina z Open Minds Active\" width=\"640\" height=\"360\" src=\"https:\/\/www.youtube.com\/embed\/lXelXIlPIkg?feature=oembed\" frameborder=\"0\" allow=\"accelerometer; autoplay; clipboard-write; encrypted-media; gyroscope; picture-in-picture; web-share\" referrerpolicy=\"strict-origin-when-cross-origin\" allowfullscreen><\/iframe><\/div>\n  <\/div>\r\n  <\/section><\/div><!-- .assembler_text-module.assembler_module.assembler_text-module_7.assembler_module_7..transparent --><div class=\"assembler_text-module assembler_module assembler_text-module_8 assembler_module_8  transparent\"><a tabindex=\"-1\" title=\"Sekcja zatytu\u0142owana modu\u0142-8\" id=\"module-8\" href=\"https:\/\/bnssghealthiertogether.org.uk\/pl\/wp-json\/wp\/v2\/pages\/11986\/#module-8\" class=\"anchor\"><span class=\"hidden\">Sekcja zatytu\u0142owana modu\u0142-8<\/span><\/a><!-- Template found for text-module - Template: template-text - Matched: _only --><section class=\"w-full mx-auto max-w-content pt-3 sm:pt-6 pb-3 sm:pb-6\">\r\n  <div class=\"entry-content w-full !px-0 max-w-small\">\r\n        <h3>Wideo: Zielone spo\u0142eczne przepisywanie lek\u00f3w w Bristolu z projektem Nordic Walking Wellness<\/h3>\n<div class=\"embed_wrapper\"><iframe title=\"Zielone spo\u0142eczne przepisywanie w Bristolu: projekt Nordic Walking Wellness\" width=\"640\" height=\"360\" src=\"https:\/\/www.youtube.com\/embed\/Yp7QXPOSKWk?feature=oembed\" frameborder=\"0\" allow=\"accelerometer; autoplay; clipboard-write; encrypted-media; gyroscope; picture-in-picture; web-share\" referrerpolicy=\"strict-origin-when-cross-origin\" allowfullscreen><\/iframe><\/div>\n  <\/div>\r\n  <\/section><\/div><!-- .assembler_text-module.assembler_module.assembler_text-module_8.assembler_module_8..transparent --><div class=\"assembler_text-module assembler_module assembler_text-module_9 assembler_module_9  transparent\"><a tabindex=\"-1\" title=\"Sekcja zatytu\u0142owana modu\u0142-9\" id=\"module-9\" href=\"https:\/\/bnssghealthiertogether.org.uk\/pl\/wp-json\/wp\/v2\/pages\/11986\/#module-9\" class=\"anchor\"><span class=\"hidden\">Sekcja zatytu\u0142owana modu\u0142-9<\/span><\/a><!-- Template found for text-module - Template: template-text - Matched: _only --><section class=\"w-full mx-auto max-w-content pt-3 sm:pt-6 pb-3 sm:pb-6\">\r\n  <div class=\"entry-content w-full !px-0 max-w-small\">\r\n        <h3>Wideo: Zielone przepisy spo\u0142eczne \u2013 G\u0142os M\u0142odzie\u017cy Somalijskiej z Bristolu<\/h3>\n<div class=\"embed_wrapper\"><iframe title=\"Zielone spo\u0142eczne przepisywanie - Bristol Somali Youth Voice\" width=\"640\" height=\"360\" src=\"https:\/\/www.youtube.com\/embed\/gThoze22rew?list=PLfycPGqSL-PLtOLeErPQjvOALy-99A-yf\" frameborder=\"0\" allow=\"accelerometer; autoplay; clipboard-write; encrypted-media; gyroscope; picture-in-picture; web-share\" referrerpolicy=\"strict-origin-when-cross-origin\" allowfullscreen><\/iframe><\/div>\n  <\/div>\r\n  <\/section><\/div><!-- .assembler_text-module.assembler_module.assembler_text-module_9.assembler_module_9..transparent --><div class=\"assembler_text-module assembler_module assembler_text-module_10 assembler_module_10  transparent\"><a tabindex=\"-1\" title=\"Sekcja zatytu\u0142owana modu\u0142-10\" id=\"module-10\" href=\"https:\/\/bnssghealthiertogether.org.uk\/pl\/wp-json\/wp\/v2\/pages\/11986\/#module-10\" class=\"anchor\"><span class=\"hidden\">Sekcja zatytu\u0142owana modu\u0142-10<\/span><\/a><!-- Template found for text-module - Template: template-text - Matched: _only --><section class=\"w-full mx-auto max-w-content pt-3 sm:pt-6 pb-3 sm:pb-6\">\r\n  <div class=\"entry-content w-full !px-0 max-w-small\">\r\n        <h3>Wideo: Zielone spo\u0142eczne przepisywanie \u2013 Tw\u00f3j park<\/h3>\n<div class=\"embed_wrapper\"><iframe title=\"Zielone recepty spo\u0142eczne - Tw\u00f3j Park\" width=\"640\" height=\"360\" src=\"https:\/\/www.youtube.com\/embed\/n4q1dYMxogs?feature=oembed\" frameborder=\"0\" allow=\"accelerometer; autoplay; clipboard-write; encrypted-media; gyroscope; picture-in-picture; web-share\" referrerpolicy=\"strict-origin-when-cross-origin\" allowfullscreen><\/iframe><\/div>\n  <\/div>\r\n  <\/section><\/div><!-- .assembler_text-module.assembler_module.assembler_text-module_10.assembler_module_10..transparent --><div class=\"assembler_text-module assembler_module assembler_text-module_11 assembler_module_11  transparent\"><a tabindex=\"-1\" title=\"Sekcja zatytu\u0142owana modu\u0142-11\" id=\"module-11\" href=\"https:\/\/bnssghealthiertogether.org.uk\/pl\/wp-json\/wp\/v2\/pages\/11986\/#module-11\" class=\"anchor\"><span class=\"hidden\">Sekcja zatytu\u0142owana modu\u0142-11<\/span><\/a><!-- Template found for text-module - Template: template-text - Matched: _only --><section class=\"w-full mx-auto max-w-content pt-3 sm:pt-6 pb-3 sm:pb-6\">\r\n  <div class=\"entry-content w-full !px-0 max-w-small\">\r\n        <h3>Wideo: Zielone przepisy spo\u0142eczne \u2013 spo\u0142eczno\u015bci oddolne<\/h3>\n<div class=\"embed_wrapper\"><iframe title=\"Zielone przepisy spo\u0142eczne \u2013 spo\u0142eczno\u015bci oddolne\" width=\"640\" height=\"360\" src=\"https:\/\/www.youtube.com\/embed\/mPLtyjbhRQQ?feature=oembed\" frameborder=\"0\" allow=\"accelerometer; autoplay; clipboard-write; encrypted-media; gyroscope; picture-in-picture; web-share\" referrerpolicy=\"strict-origin-when-cross-origin\" allowfullscreen><\/iframe><\/div>\n  <\/div>\r\n  <\/section><\/div><!-- .assembler_text-module.assembler_module.assembler_text-module_11.assembler_module_11..transparent --><div class=\"assembler_text-module assembler_module assembler_text-module_12 assembler_module_12  transparent\"><a tabindex=\"-1\" title=\"Sekcja zatytu\u0142owana modu\u0142 12\" id=\"module-12\" href=\"https:\/\/bnssghealthiertogether.org.uk\/pl\/wp-json\/wp\/v2\/pages\/11986\/#module-12\" class=\"anchor\"><span class=\"hidden\">Sekcja zatytu\u0142owana modu\u0142 12<\/span><\/a><!-- Template found for text-module - Template: template-text - Matched: _only --><section class=\"w-full mx-auto max-w-content pt-3 sm:pt-6 pb-3 sm:pb-6\">\r\n  <div class=\"entry-content w-full !px-0 max-w-small\">\r\n        <h3>Wideo: Zielone przepisy spo\u0142eczne dla pracownik\u00f3w \u0142\u0105cznikowych<\/h3>\n<div class=\"embed_wrapper\"><iframe title=\"Zielone spo\u0142eczne przepisywanie - pracownik \u0142\u0105cznikowy ds. spo\u0142ecznego przepisywania\" width=\"640\" height=\"360\" src=\"https:\/\/www.youtube.com\/embed\/RAb5N_ECpCg?start=7&#038;feature=oembed\" frameborder=\"0\" allow=\"accelerometer; autoplay; clipboard-write; encrypted-media; gyroscope; picture-in-picture; web-share\" referrerpolicy=\"strict-origin-when-cross-origin\" allowfullscreen><\/iframe><\/div>\n  <\/div>\r\n  <\/section><\/div><!-- .assembler_text-module.assembler_module.assembler_text-module_12.assembler_module_12..transparent --><div class=\"assembler_text-module assembler_module assembler_text-module_13 assembler_module_13  transparent\"><a tabindex=\"-1\" title=\"Sekcja zatytu\u0142owana modu\u0142 13\" id=\"module-13\" href=\"https:\/\/bnssghealthiertogether.org.uk\/pl\/wp-json\/wp\/v2\/pages\/11986\/#module-13\" class=\"anchor\"><span class=\"hidden\">Sekcja zatytu\u0142owana modu\u0142 13<\/span><\/a><!-- Template found for text-module - Template: template-text - Matched: _only --><section class=\"w-full mx-auto max-w-content pt-3 sm:pt-6 pb-10 sm:pb-20\">\r\n  <div class=\"entry-content w-full !px-0 max-w-small\">\r\n        <h3>Wideo: Zielone spo\u0142eczne przepisywanie nawigator\u00f3w powrotu do zdrowia<\/h3>\n<div class=\"embed_wrapper\"><iframe title=\"Zielone spo\u0142eczne przepisywanie - Nawigator powrotu do zdrowia\" width=\"640\" height=\"360\" src=\"https:\/\/www.youtube.com\/embed\/Vitn5mHhU60?feature=oembed\" frameborder=\"0\" allow=\"accelerometer; autoplay; clipboard-write; encrypted-media; gyroscope; picture-in-picture; web-share\" referrerpolicy=\"strict-origin-when-cross-origin\" allowfullscreen><\/iframe><\/div>\n  <\/div>\r\n  <\/section><\/div><!-- .assembler_text-module.assembler_module.assembler_text-module_13.assembler_module_13..transparent --><\/div><!-- .assembler_module_area.assembler_module_area_1 --><\/div><!-- .assembler_default-group.assembler_module_group.assembler_default-group_1.assembler_module_group_1  -->","protected":false},"excerpt":{"rendered":"<p>The Green Social Prescribing Programme for Bristol, North Somerset and South Gloucestershire.<\/p>","protected":false},"author":1,"featured_media":11989,"parent":11779,"menu_order":0,"comment_status":"closed","ping_status":"closed","template":"","meta":{"_acf_changed":false,"footnotes":""},"tags":[268,888,198,889,96,887,890,262],"class_list":["post-11986","page","type-page","status-publish","has-post-thumbnail","hentry","tag-awp","tag-grass-root","tag-green-social-prescribing","tag-link-workers","tag-mental-health","tag-nature","tag-open-minds-active","tag-physical-health"],"acf":[],"_links":{"self":[{"href":"https:\/\/bnssghealthiertogether.org.uk\/pl\/wp-json\/wp\/v2\/pages\/11986","targetHints":{"allow":["GET"]}}],"collection":[{"href":"https:\/\/bnssghealthiertogether.org.uk\/pl\/wp-json\/wp\/v2\/pages"}],"about":[{"href":"https:\/\/bnssghealthiertogether.org.uk\/pl\/wp-json\/wp\/v2\/types\/page"}],"author":[{"embeddable":true,"href":"https:\/\/bnssghealthiertogether.org.uk\/pl\/wp-json\/wp\/v2\/users\/1"}],"replies":[{"embeddable":true,"href":"https:\/\/bnssghealthiertogether.org.uk\/pl\/wp-json\/wp\/v2\/comments?post=11986"}],"version-history":[{"count":11,"href":"https:\/\/bnssghealthiertogether.org.uk\/pl\/wp-json\/wp\/v2\/pages\/11986\/revisions"}],"predecessor-version":[{"id":36302,"href":"https:\/\/bnssghealthiertogether.org.uk\/pl\/wp-json\/wp\/v2\/pages\/11986\/revisions\/36302"}],"up":[{"embeddable":true,"href":"https:\/\/bnssghealthiertogether.org.uk\/pl\/wp-json\/wp\/v2\/pages\/11779"}],"wp:featuredmedia":[{"embeddable":true,"href":"https:\/\/bnssghealthiertogether.org.uk\/pl\/wp-json\/wp\/v2\/media\/11989"}],"wp:attachment":[{"href":"https:\/\/bnssghealthiertogether.org.uk\/pl\/wp-json\/wp\/v2\/media?parent=11986"}],"wp:term":[{"taxonomy":"post_tag","embeddable":true,"href":"https:\/\/bnssghealthiertogether.org.uk\/pl\/wp-json\/wp\/v2\/tags?post=11986"}],"curies":[{"name":"wp","href":"https:\/\/api.w.org\/{rel}","templated":true}]}}