{"id":12011,"date":"2024-10-10T10:11:26","date_gmt":"2024-10-10T09:11:26","guid":{"rendered":"https:\/\/bnssghealthiertogether.org.uk\/?page_id=12011"},"modified":"2024-10-10T10:11:26","modified_gmt":"2024-10-10T09:11:26","slug":"accessible-communications","status":"publish","type":"page","link":"https:\/\/bnssghealthiertogether.org.uk\/pl\/integrated-care-board\/equality-diversity-and-inclusion\/accessible-communications\/","title":{"rendered":"Dost\u0119pna komunikacja"},"content":{"rendered":"<div class=\"assembler_default-group assembler_module_group assembler_default-group_1 assembler_module_group_1\"><div class=\"assembler_module_area assembler_module_area_1\"><div class=\"assembler_text-module assembler_module assembler_text-module_1 assembler_module_1  transparent\"><a tabindex=\"-1\" title=\"Sekcja zatytu\u0142owana modu\u0142-1\" id=\"module-1\" href=\"https:\/\/bnssghealthiertogether.org.uk\/pl\/wp-json\/wp\/v2\/pages\/12011\/#module-1\" class=\"anchor\"><span class=\"hidden\">Sekcja zatytu\u0142owana modu\u0142-1<\/span><\/a><!-- Template found for text-module - Template: template-text - Matched: _only --><section class=\"w-full mx-auto max-w-content pt-12 sm:pt-24 pb-12 sm:pb-24\">\n    <div class=\"flex gap-11 md:grid md:grid-cols-2 flex-col\">\n    <div class=\"entry-content\">\n      <h1>Dost\u0119pna komunikacja<\/h1>\n<p>Jako jednostka NHS jeste\u015bmy zobowi\u0105zani do pe\u0142nego spe\u0142nienia Standardu Dost\u0119pno\u015bci Informacji.<\/p>\n<p>Je\u015bli potrzebujesz jakichkolwiek opublikowanych przez nas informacji w innym j\u0119zyku lub formacie (np. w formacie Easy Read, Braille, na p\u0142ycie CD lub na ta\u015bmie audio) <a href=\"https:\/\/bnssgccg.nhs.uk\/contact-us\/\" target=\"_blank\" rel=\"noopener\">skontaktuj si\u0119 z nami<\/a>.<\/p>\n<p>Umawiaj\u0105c si\u0119 na wizyt\u0119 u dentysty, lekarza rodzinnego lub optyka, poinformuj ich o wszelkich trudno\u015bciach z m\u00f3wieniem lub rozumieniem j\u0119zyka angielskiego, a tak\u017ce o potrzebie skorzystania z us\u0142ug t\u0142umacza brytyjskiego j\u0119zyka migowego. Wszyscy pracownicy s\u0142u\u017cby zdrowia w Bristolu, North Somerset i South Gloucestershire oferuj\u0105 odpowiednie us\u0142ugi t\u0142umaczeniowe, zar\u00f3wno telefonicznie, jak i osobi\u015bcie. Prosimy pami\u0119ta\u0107, \u017ce znalezienie t\u0142umacza do konsultacji osobistej mo\u017ce zaj\u0105\u0107 kilka dni.<\/p>\n    <\/div>\n    <div class=\"entry-content\">\n      <p>Inne strony w sekcji R\u00f3wno\u015b\u0107, r\u00f3\u017cnorodno\u015b\u0107 i integracja:<\/p>\n      <div class=\"menu level-menu-shortcode arrows\">\n        <ul>\n                      <li class=\"menu-item current-menu-item\">\n              <a href=\"https:\/\/bnssghealthiertogether.org.uk\/pl\/integrated-care-board\/equality-diversity-and-inclusion\/accessible-communications\/\">Dost\u0119pna komunikacja<\/a>\n            <\/li>\n                      <li class=\"menu-item\">\n              <a href=\"https:\/\/bnssghealthiertogether.org.uk\/pl\/integrated-care-board\/equality-diversity-and-inclusion\/disability-confident\/\">Pracodawca pewny os\u00f3b niepe\u0142nosprawnych<\/a>\n            <\/li>\n                      <li class=\"menu-item\">\n              <a href=\"https:\/\/bnssghealthiertogether.org.uk\/pl\/integrated-care-board\/equality-diversity-and-inclusion\/equality-health-inequality-impact-assessments\/\">Oceny wp\u0142ywu na r\u00f3wno\u015b\u0107 i nier\u00f3wno\u015bci w opiece zdrowotnej<\/a>\n            <\/li>\n                      <li class=\"menu-item\">\n              <a href=\"https:\/\/bnssghealthiertogether.org.uk\/pl\/integrated-care-board\/equality-diversity-and-inclusion\/nhs-equality-delivery-system\/\">System \u015awiadczenia R\u00f3wno\u015bci NHS<\/a>\n            <\/li>\n                      <li class=\"menu-item\">\n              <a href=\"https:\/\/bnssghealthiertogether.org.uk\/pl\/integrated-care-board\/equality-diversity-and-inclusion\/our-equality-objectives\/\">Nasze cele w zakresie r\u00f3wno\u015bci<\/a>\n            <\/li>\n                  <\/ul>\n      <\/div>\n\n    <\/div>\n      <\/div>\n<\/section><\/div><!-- .assembler_text-module.assembler_module.assembler_text-module_1.assembler_module_1..transparent --><\/div><!-- .assembler_module_area.assembler_module_area_1 --><\/div><!-- .assembler_default-group.assembler_module_group.assembler_default-group_1.assembler_module_group_1  -->","protected":false},"excerpt":{"rendered":"<p>Section titled module-1 Accessible communications As an NHS body, we are required to meet the Accessible Information Standard in full. If you need any of our published information in another language or format (such as Easy Read, Braille, CD or audio tape) contact us. When you book an appointment with your Dentist, GP or Optician, [&hellip;]<\/p>\n","protected":false},"author":1,"featured_media":0,"parent":11874,"menu_order":0,"comment_status":"closed","ping_status":"closed","template":"","meta":{"_acf_changed":false,"footnotes":""},"tags":[],"class_list":["post-12011","page","type-page","status-publish","hentry"],"acf":[],"_links":{"self":[{"href":"https:\/\/bnssghealthiertogether.org.uk\/pl\/wp-json\/wp\/v2\/pages\/12011","targetHints":{"allow":["GET"]}}],"collection":[{"href":"https:\/\/bnssghealthiertogether.org.uk\/pl\/wp-json\/wp\/v2\/pages"}],"about":[{"href":"https:\/\/bnssghealthiertogether.org.uk\/pl\/wp-json\/wp\/v2\/types\/page"}],"author":[{"embeddable":true,"href":"https:\/\/bnssghealthiertogether.org.uk\/pl\/wp-json\/wp\/v2\/users\/1"}],"replies":[{"embeddable":true,"href":"https:\/\/bnssghealthiertogether.org.uk\/pl\/wp-json\/wp\/v2\/comments?post=12011"}],"version-history":[{"count":1,"href":"https:\/\/bnssghealthiertogether.org.uk\/pl\/wp-json\/wp\/v2\/pages\/12011\/revisions"}],"predecessor-version":[{"id":12012,"href":"https:\/\/bnssghealthiertogether.org.uk\/pl\/wp-json\/wp\/v2\/pages\/12011\/revisions\/12012"}],"up":[{"embeddable":true,"href":"https:\/\/bnssghealthiertogether.org.uk\/pl\/wp-json\/wp\/v2\/pages\/11874"}],"wp:attachment":[{"href":"https:\/\/bnssghealthiertogether.org.uk\/pl\/wp-json\/wp\/v2\/media?parent=12011"}],"wp:term":[{"taxonomy":"post_tag","embeddable":true,"href":"https:\/\/bnssghealthiertogether.org.uk\/pl\/wp-json\/wp\/v2\/tags?post=12011"}],"curies":[{"name":"wp","href":"https:\/\/api.w.org\/{rel}","templated":true}]}}