{"id":12116,"date":"2024-10-10T11:58:14","date_gmt":"2024-10-10T10:58:14","guid":{"rendered":"https:\/\/bnssghealthiertogether.org.uk\/?page_id=12116"},"modified":"2025-02-05T22:32:21","modified_gmt":"2025-02-05T22:32:21","slug":"handi-app","status":"publish","type":"page","link":"https:\/\/bnssghealthiertogether.org.uk\/pl\/nhs-apps\/handi-app\/","title":{"rendered":"Aplikacja HANDi"},"content":{"rendered":"<div class=\"assembler_default-group assembler_module_group assembler_default-group_1 assembler_module_group_1\"><div class=\"assembler_module_area assembler_module_area_1\"><div class=\"assembler_table-of-contents-module assembler_module assembler_table-of-contents-module_1 assembler_module_1  transparent\"><a tabindex=\"-1\" title=\"Sekcja zatytu\u0142owana modu\u0142-1\" id=\"module-1\" href=\"https:\/\/bnssghealthiertogether.org.uk\/pl\/wp-json\/wp\/v2\/pages\/12116\/#module-1\" class=\"anchor\"><span class=\"hidden\">Sekcja zatytu\u0142owana modu\u0142-1<\/span><\/a><!-- Template found for table-of-contents-module - Template: template-table-of-contents - Matched: _only -->\r\n<section class=\"w-full mx-auto max-w-content border-b border-pale-grey pt-6 sm:pt-12 pb-3 sm:pb-6\">\r\n    <div class=\"entry-content w-full\">\r\n    <h1>Aplikacje NHS<\/h1>\n<p>Zawarto\u015b\u0107<\/p>\n    <div class=\"navigation-list\">\r\n                    <ul>\r\n                      <li class=\"text-sm\">\r\n                              <a href=\"https:\/\/bnssghealthiertogether.org.uk\/pl\/nhs-apps\/\" class=\"text-sm underline-offset-4 font-normal hover:!underline-4\">\r\n                                                                Wypr\u00f3buj aplikacj\u0119 NHS                                <\/a>\r\n                          <\/li>\r\n                                <li class=\"text-sm\">\r\n                                                              Aplikacja HANDi                            <\/li>\r\n                  <\/ul>\r\n          <\/div>\r\n  <\/div>\r\n<\/section><\/div><!-- .assembler_table-of-contents-module.assembler_module.assembler_table-of-contents-module_1.assembler_module_1..transparent --><div class=\"assembler_text-module assembler_module assembler_text-module_2 assembler_module_2  transparent\"><a tabindex=\"-1\" title=\"Sekcja zatytu\u0142owana modu\u0142-2\" id=\"module-2\" href=\"https:\/\/bnssghealthiertogether.org.uk\/pl\/wp-json\/wp\/v2\/pages\/12116\/#module-2\" class=\"anchor\"><span class=\"hidden\">Sekcja zatytu\u0142owana modu\u0142-2<\/span><\/a><!-- Template found for text-module - Template: template-text - Matched: _only --><section class=\"w-full mx-auto max-w-content pt-3 sm:pt-6 pb-3 sm:pb-6\">\r\n  <div class=\"entry-content w-full !px-0 max-w-small\">\r\n        <h1>Aplikacja HANDi<\/h1>\n<p>Nasza aplikacja HANDi ma na celu udzielanie porad i wsparcia rodzicom i opiekunom w przypadku choroby dziecka.<\/p>\n<p>Aplikacja HANDi oferuje proste i przejrzyste porady dotycz\u0105ce nast\u0119puj\u0105cych schorze\u0144 u dzieci:<\/p>\n<ul>\n<li>biegunka i wymioty<\/li>\n<li>wysoka temperatura<\/li>\n<li>\u2018choroby powoduj\u0105ce \u2019plamki u niemowl\u0105t\u201d, takie jak zapalenie oskrzelik\u00f3w, astma i krup<\/li>\n<li>\u2018choroby \u2019dzieci\u0119ce z duszno\u015bci\u0105\u201d, takie jak \u015bwiszcz\u0105cy oddech i astma<\/li>\n<li>typowe problemy noworodk\u00f3w<\/li>\n<li>b\u00f3l brzucha<\/li>\n<li>urazy g\u0142owy.<\/li>\n<\/ul>\n<p>Aplikacja przeprowadza Ci\u0119 przez seri\u0119 pyta\u0144 dotycz\u0105cych objaw\u00f3w, kt\u00f3rych do\u015bwiadcza Twoje dziecko, a nast\u0119pnie doradza najlepszy spos\u00f3b post\u0119powania, czy to leczenie w domu, um\u00f3wienie si\u0119 na wizyt\u0119 u lekarza rodzinnego, czy udanie si\u0119 na ostry dy\u017cur.<\/p>\n<p>W przypadku ka\u017cdej choroby opracowano plan opieki domowej, kt\u00f3ry pomo\u017ce Ci zapewni\u0107 Twojemu dziecku najlepsze wsparcie i da Ci pewno\u015b\u0107, \u017ce b\u0119dziesz w stanie opiekowa\u0107 si\u0119 nim, gdy b\u0119dzie chore.<\/p>\n  <\/div>\r\n  <\/section><\/div><!-- .assembler_text-module.assembler_module.assembler_text-module_2.assembler_module_2..transparent --><div class=\"assembler_text-module assembler_module assembler_text-module_3 assembler_module_3  transparent\"><a tabindex=\"-1\" title=\"Sekcja zatytu\u0142owana modu\u0142-3\" id=\"module-3\" href=\"https:\/\/bnssghealthiertogether.org.uk\/pl\/wp-json\/wp\/v2\/pages\/12116\/#module-3\" class=\"anchor\"><span class=\"hidden\">Sekcja zatytu\u0142owana modu\u0142-3<\/span><\/a><!-- Template found for text-module - Template: template-text - Matched: _only --><section class=\"w-full mx-auto max-w-content pt-3 sm:pt-6 pb-3 sm:pb-6\">\r\n  <div class=\"entry-content w-full !px-0 max-w-small\">\r\n        <h2>Jak pobra\u0107 aplikacj\u0119 HANDi<\/h2>\n<p>Pobierz aplikacj\u0119 HANDi na telefony z systemem Android na stronie <a href=\"https:\/\/play.google.com\/store\/apps\/details?id=com.myoxygen.handi.taunton\" rel=\"noopener\">Google Play<\/a>.<\/p>\n<p>Na iPhone&#039;a lub iPada mo\u017cesz pobra\u0107 aplikacj\u0119 ze sklepu App Store lub <a href=\"https:\/\/itunes.apple.com\/gb\/app\/handi-paediatric\/id969445171?mt=8\" rel=\"noopener\">iTunes<\/a>, wpisuj\u0105c fraz\u0119 \u2018HANDi App\u2019.<\/p>\n  <\/div>\r\n  <\/section><\/div><!-- .assembler_text-module.assembler_module.assembler_text-module_3.assembler_module_3..transparent --><div class=\"assembler_text-module assembler_module assembler_text-module_4 assembler_module_4  transparent\"><a tabindex=\"-1\" title=\"Sekcja zatytu\u0142owana modu\u0142-4\" id=\"module-4\" href=\"https:\/\/bnssghealthiertogether.org.uk\/pl\/wp-json\/wp\/v2\/pages\/12116\/#module-4\" class=\"anchor\"><span class=\"hidden\">Sekcja zatytu\u0142owana modu\u0142-4<\/span><\/a><!-- Template found for text-module - Template: template-text - Matched: _only --><section class=\"w-full mx-auto max-w-content pt-3 sm:pt-6 pb-3 sm:pb-6\">\r\n  <div class=\"entry-content w-full !px-0 max-w-small\">\r\n        <h2>Wideo: Historia Alexa<\/h2>\n<div class=\"embed_wrapper\"><iframe title=\"&quot;Aplikacja HANDi jest bardzo szybka i \u0142atwa w obs\u0142udze&quot; \u2013 historia Alexa\" width=\"640\" height=\"360\" src=\"https:\/\/www.youtube.com\/embed\/u79-HxqgqnM?feature=oembed\" frameborder=\"0\" allow=\"accelerometer; autoplay; clipboard-write; encrypted-media; gyroscope; picture-in-picture; web-share\" referrerpolicy=\"strict-origin-when-cross-origin\" allowfullscreen><\/iframe><\/div>\n  <\/div>\r\n  <\/section><\/div><!-- .assembler_text-module.assembler_module.assembler_text-module_4.assembler_module_4..transparent --><div class=\"assembler_text-module assembler_module assembler_text-module_5 assembler_module_5  transparent\"><a tabindex=\"-1\" title=\"Sekcja zatytu\u0142owana modu\u0142-5\" id=\"module-5\" href=\"https:\/\/bnssghealthiertogether.org.uk\/pl\/wp-json\/wp\/v2\/pages\/12116\/#module-5\" class=\"anchor\"><span class=\"hidden\">Sekcja zatytu\u0142owana modu\u0142-5<\/span><\/a><!-- Template found for text-module - Template: template-text - Matched: _only --><section class=\"w-full mx-auto max-w-content pt-3 sm:pt-6 pb-12 sm:pb-24\">\r\n  <div class=\"entry-content w-full !px-0 max-w-small\">\r\n        <h2>Wi\u0119cej informacji, kt\u00f3re pomog\u0105 Ci opiekowa\u0107 si\u0119 chorym dzieckiem<\/h2>\n<p><a href=\"https:\/\/www.nhs.uk\/nhs-services\/pharmacies\/\" rel=\"noopener\">O aptekach \u2013 nhs.uk<\/a><\/p>\n<p><a href=\"https:\/\/bnssghealthiertogether.org.uk\/pl\/health-and-care\/which-nhs-service-should-i-use\/\">Z kt\u00f3rej us\u0142ugi NHS powinienem skorzysta\u0107?<\/a><\/p>\n<p><a href=\"https:\/\/www.nhs.uk\/conditions\/\" rel=\"noopener\">Zdrowie od A do Z \u2013 nhs.uk<\/a><\/p>\n  <\/div>\r\n  <\/section><\/div><!-- .assembler_text-module.assembler_module.assembler_text-module_5.assembler_module_5..transparent --><\/div><!-- .assembler_module_area.assembler_module_area_1 --><\/div><!-- .assembler_default-group.assembler_module_group.assembler_default-group_1.assembler_module_group_1  -->","protected":false},"excerpt":{"rendered":"<p>Access advice and support when your child is unwell using the HANDi app on your smartphone or tablet.<\/p>","protected":false},"author":1,"featured_media":0,"parent":34120,"menu_order":0,"comment_status":"closed","ping_status":"closed","template":"","meta":{"_acf_changed":false,"footnotes":""},"tags":[],"class_list":["post-12116","page","type-page","status-publish","hentry"],"acf":[],"_links":{"self":[{"href":"https:\/\/bnssghealthiertogether.org.uk\/pl\/wp-json\/wp\/v2\/pages\/12116","targetHints":{"allow":["GET"]}}],"collection":[{"href":"https:\/\/bnssghealthiertogether.org.uk\/pl\/wp-json\/wp\/v2\/pages"}],"about":[{"href":"https:\/\/bnssghealthiertogether.org.uk\/pl\/wp-json\/wp\/v2\/types\/page"}],"author":[{"embeddable":true,"href":"https:\/\/bnssghealthiertogether.org.uk\/pl\/wp-json\/wp\/v2\/users\/1"}],"replies":[{"embeddable":true,"href":"https:\/\/bnssghealthiertogether.org.uk\/pl\/wp-json\/wp\/v2\/comments?post=12116"}],"version-history":[{"count":8,"href":"https:\/\/bnssghealthiertogether.org.uk\/pl\/wp-json\/wp\/v2\/pages\/12116\/revisions"}],"predecessor-version":[{"id":37186,"href":"https:\/\/bnssghealthiertogether.org.uk\/pl\/wp-json\/wp\/v2\/pages\/12116\/revisions\/37186"}],"up":[{"embeddable":true,"href":"https:\/\/bnssghealthiertogether.org.uk\/pl\/wp-json\/wp\/v2\/pages\/34120"}],"wp:attachment":[{"href":"https:\/\/bnssghealthiertogether.org.uk\/pl\/wp-json\/wp\/v2\/media?parent=12116"}],"wp:term":[{"taxonomy":"post_tag","embeddable":true,"href":"https:\/\/bnssghealthiertogether.org.uk\/pl\/wp-json\/wp\/v2\/tags?post=12116"}],"curies":[{"name":"wp","href":"https:\/\/api.w.org\/{rel}","templated":true}]}}