{"id":12198,"date":"2024-10-10T15:38:15","date_gmt":"2024-10-10T14:38:15","guid":{"rendered":"https:\/\/bnssghealthiertogether.org.uk\/?page_id=12198"},"modified":"2025-02-06T23:23:15","modified_gmt":"2025-02-06T23:23:15","slug":"research","status":"publish","type":"page","link":"https:\/\/bnssghealthiertogether.org.uk\/pl\/get-involved\/research\/","title":{"rendered":"Badania"},"content":{"rendered":"<div class=\"assembler_default-group assembler_module_group assembler_default-group_1 assembler_module_group_1\"><div class=\"assembler_module_area assembler_module_area_1\"><div class=\"assembler_text-module assembler_module assembler_text-module_1 assembler_module_1  transparent\"><a tabindex=\"-1\" title=\"Sekcja zatytu\u0142owana modu\u0142-1\" id=\"module-1\" href=\"https:\/\/bnssghealthiertogether.org.uk\/pl\/wp-json\/wp\/v2\/pages\/12198\/#module-1\" class=\"anchor\"><span class=\"hidden\">Sekcja zatytu\u0142owana modu\u0142-1<\/span><\/a><!-- Template found for text-module - Template: template-text - Matched: _only --><section class=\"w-full mx-auto max-w-content pt-12 sm:pt-24 pb-12 sm:pb-24\">\r\n  <div class=\"entry-content w-full !px-0 max-w-small\">\r\n        <h1>Badania<\/h1>\n<p>Zale\u017cy nam na zapewnieniu pacjentom najlepszej opieki, a badania to tylko jeden ze sposob\u00f3w, w jaki mo\u017cemy ulepsza\u0107 i rozwija\u0107 us\u0142ugi NHS, kt\u00f3re zlecamy w Twoim imieniu.<\/p>\n<p>Badania te s\u0105 zr\u00f3\u017cnicowane. Mo\u017ce to by\u0107 cz\u0119\u015b\u0107 krajowego badania testuj\u0105cego nowy lek lub technologi\u0119, ocena us\u0142ug maj\u0105ca pom\u00f3c w przegl\u0105dzie us\u0142ug lub pilota\u017cowy test innowacyjnych metod leczenia.<\/p>\n<p>Do\u015bwiadczenia pacjent\u00f3w zapewniaj\u0105 nieoceniony wgl\u0105d w to, jak dzia\u0142a leczenie lub czy nale\u017cy co\u015b poprawi\u0107. Opinie ich krewnych i opiekun\u00f3w r\u00f3wnie\u017c oferuj\u0105 niezwykle wa\u017cn\u0105 perspektyw\u0119.<\/p>\n<h2>Jak mo\u017cesz si\u0119 zaanga\u017cowa\u0107<\/h2>\n<p>Istnieje wiele sposob\u00f3w na zaanga\u017cowanie si\u0119 w badania. Mo\u017ce to by\u0107 uczestnictwo w badaniu lub jako partner badawczy pomagaj\u0105cy w kszta\u0142towaniu i prowadzeniu bada\u0144.<\/p>\n<p>Na pocz\u0105tek mo\u017cesz zapyta\u0107 osob\u0119, kt\u00f3ra Ci\u0119 leczy, czy mo\u017cesz zaanga\u017cowa\u0107 si\u0119 w badania - mo\u017ce to by\u0107 Tw\u00f3j lekarz rodzinny, konsultant, chirurg, piel\u0119gniarka lub terapeuta.<\/p>\n<h3>Badania lokalne<\/h3>\n<p>Odwied\u017a sekcj\u0119 bada\u0144 na stronie internetowej swojego szpitala lub dostawcy opieki.<\/p>\n<h3>B\u0105d\u017a cz\u0119\u015bci\u0105 bada\u0144<\/h3>\n<p>Odwied\u017a stron\u0119 <a href=\"https:\/\/bepartofresearch.nihr.ac.uk\/\" target=\"_blank\" rel=\"nofollow noopener\">B\u0105d\u017a cz\u0119\u015bci\u0105 bada\u0144<\/a> Strona internetowa - cz\u0119\u015b\u0107 Narodowego Instytutu Bada\u0144 nad Zdrowiem (NIHR), kt\u00f3ry specjalizuje si\u0119 we wspieraniu wi\u0119kszego zaanga\u017cowania spo\u0142ecze\u0144stwa w badania.<\/p>\n<h3>Sie\u0107 bada\u0144 klinicznych<\/h3>\n<p>Skorzystaj z lokalnej sieci badawczej, np. <a href=\"https:\/\/www.nihr.ac.uk\/nihr-in-your-area\/west-of-england\/\" target=\"_blank\" rel=\"nofollow noopener\">Sie\u0107 bada\u0144 klinicznych - zachodnia Anglia<\/a>.<\/p>\n<h3>Strona internetowa NHS<\/h3>\n<p>Odwied\u017a stron\u0119 <a href=\"https:\/\/www.nhs.uk\/conditions\/clinical-trials\/\" target=\"_blank\" rel=\"nofollow noopener\">Strona internetowa NHS<\/a> aby dowiedzie\u0107 si\u0119 wi\u0119cej na temat bada\u0144 klinicznych i medycznych oraz rekrutacji do nich.<\/p>\n<h3>Podziel si\u0119 swoim do\u015bwiadczeniem<\/h3>\n<p>Je\u015bli nie chcesz bra\u0107 udzia\u0142u w badaniach, ale chcia\u0142by\u015b podzieli\u0107 si\u0119 swoimi do\u015bwiadczeniami, skontaktuj si\u0119 z NHS Bristol, North Somerset i South Gloucestershire ICB za pomoc\u0105 naszego formularza online.<\/p>\n<h3>Wi\u0119cej informacji<\/h3>\n<p><a href=\"https:\/\/bnssghealthiertogether.org.uk\/pl\/integrated-care-board\/research-and-evidence\/\">Zesp\u00f3\u0142 badawczy ICB NHS Bristol, North Somerset i South Gloucestershire<\/a> zapewnia organizacji wiedz\u0119 specjalistyczn\u0105 w zakresie prowadzenia bada\u0144, wykorzystywania dowod\u00f3w i oceny us\u0142ug, kt\u00f3re zlecamy. Gwarantuje to, \u017ce nasze decyzje dotycz\u0105ce zlecania s\u0105 oparte na najbardziej solidnych i aktualnych dowodach.<\/p>\n  <\/div>\r\n  <\/section><\/div><!-- .assembler_text-module.assembler_module.assembler_text-module_1.assembler_module_1..transparent --><\/div><!-- .assembler_module_area.assembler_module_area_1 --><\/div><!-- .assembler_default-group.assembler_module_group.assembler_default-group_1.assembler_module_group_1  -->","protected":false},"excerpt":{"rendered":"<p>Section titled module-1 Research We are committed to providing the best care for patients, and research is just one way we can improve and develop the NHS services that we commission on your behalf. This research is varied. It might be part of a national research study testing a new drug or technology, a service [&hellip;]<\/p>\n","protected":false},"author":1,"featured_media":12199,"parent":986,"menu_order":0,"comment_status":"closed","ping_status":"closed","template":"","meta":{"_acf_changed":false,"footnotes":""},"tags":[],"class_list":["post-12198","page","type-page","status-publish","has-post-thumbnail","hentry"],"acf":[],"_links":{"self":[{"href":"https:\/\/bnssghealthiertogether.org.uk\/pl\/wp-json\/wp\/v2\/pages\/12198","targetHints":{"allow":["GET"]}}],"collection":[{"href":"https:\/\/bnssghealthiertogether.org.uk\/pl\/wp-json\/wp\/v2\/pages"}],"about":[{"href":"https:\/\/bnssghealthiertogether.org.uk\/pl\/wp-json\/wp\/v2\/types\/page"}],"author":[{"embeddable":true,"href":"https:\/\/bnssghealthiertogether.org.uk\/pl\/wp-json\/wp\/v2\/users\/1"}],"replies":[{"embeddable":true,"href":"https:\/\/bnssghealthiertogether.org.uk\/pl\/wp-json\/wp\/v2\/comments?post=12198"}],"version-history":[{"count":4,"href":"https:\/\/bnssghealthiertogether.org.uk\/pl\/wp-json\/wp\/v2\/pages\/12198\/revisions"}],"predecessor-version":[{"id":37238,"href":"https:\/\/bnssghealthiertogether.org.uk\/pl\/wp-json\/wp\/v2\/pages\/12198\/revisions\/37238"}],"up":[{"embeddable":true,"href":"https:\/\/bnssghealthiertogether.org.uk\/pl\/wp-json\/wp\/v2\/pages\/986"}],"wp:featuredmedia":[{"embeddable":true,"href":"https:\/\/bnssghealthiertogether.org.uk\/pl\/wp-json\/wp\/v2\/media\/12199"}],"wp:attachment":[{"href":"https:\/\/bnssghealthiertogether.org.uk\/pl\/wp-json\/wp\/v2\/media?parent=12198"}],"wp:term":[{"taxonomy":"post_tag","embeddable":true,"href":"https:\/\/bnssghealthiertogether.org.uk\/pl\/wp-json\/wp\/v2\/tags?post=12198"}],"curies":[{"name":"wp","href":"https:\/\/api.w.org\/{rel}","templated":true}]}}