{"id":151,"date":"2022-08-03T15:15:38","date_gmt":"2022-08-03T14:15:38","guid":{"rendered":"https:\/\/bnssghealthiertogether.org.uk\/?page_id=151"},"modified":"2025-01-30T14:34:33","modified_gmt":"2025-01-30T14:34:33","slug":"disclaimer","status":"publish","type":"page","link":"https:\/\/bnssghealthiertogether.org.uk\/pl\/disclaimer\/","title":{"rendered":"Zastrze\u017cenie"},"content":{"rendered":"<div class=\"assembler_default-group assembler_module_group assembler_default-group_1 assembler_module_group_1\"><div class=\"assembler_module_area assembler_module_area_1\"><div class=\"assembler_text-module assembler_module assembler_text-module_1 assembler_module_1  transparent\"><a tabindex=\"-1\" title=\"Sekcja zatytu\u0142owana modu\u0142-1\" id=\"module-1\" href=\"https:\/\/bnssghealthiertogether.org.uk\/pl\/wp-json\/wp\/v2\/pages\/151\/#module-1\" class=\"anchor\"><span class=\"hidden\">Sekcja zatytu\u0142owana modu\u0142-1<\/span><\/a><!-- Template found for text-module - Template: template-text - Matched: _only --><section class=\"w-full mx-auto max-w-content pt-10 sm:pt-20 pb-3 sm:pb-6\">\r\n  <div class=\"entry-content w-full !px-0 max-w-small\">\r\n        <h1>Zastrze\u017cenie<\/h1>\n  <\/div>\r\n  <\/section><\/div><!-- .assembler_text-module.assembler_module.assembler_text-module_1.assembler_module_1..transparent --><\/div><!-- .assembler_module_area.assembler_module_area_1 --><\/div><!-- .assembler_default-group.assembler_module_group.assembler_default-group_1.assembler_module_group_1  --><div class=\"assembler_default-group assembler_module_group assembler_default-group_2 assembler_module_group_2\"><div class=\"assembler_module_area assembler_module_area_1\"><div class=\"assembler_text-module assembler_module assembler_text-module_1 assembler_module_1  transparent\"><a tabindex=\"-1\" title=\"Sekcja zatytu\u0142owana modu\u0142-2\" id=\"module-2\" href=\"https:\/\/bnssghealthiertogether.org.uk\/pl\/wp-json\/wp\/v2\/pages\/151\/#module-2\" class=\"anchor\"><span class=\"hidden\">Sekcja zatytu\u0142owana modu\u0142-2<\/span><\/a><!-- Template found for text-module - Template: template-text - Matched: _only --><section class=\"w-full mx-auto max-w-content pt-3 sm:pt-6 pb-3 sm:pb-6\">\r\n  <div class=\"entry-content w-full !px-0 max-w-small\">\r\n        <h2>Prawa autorskie<\/h2>\n<p>Tre\u015b\u0107 tej strony internetowej jest chroniona prawami autorskimi Bristol, North Somerset and South Gloucestershire Integrated Care Board (ICB) i Healthier Together - the Bristol, North Somerset and South Gloucestershire Integrated Care System (ICS), chyba \u017ce zaznaczono inaczej.<\/p>\n<p>U\u017cytkownik mo\u017ce pobiera\u0107 materia\u0142y wy\u0142\u0105cznie do u\u017cytku osobistego, prywatnej nauki, bada\u0144 lub u\u017cytku wewn\u0119trznego.<\/p>\n<p>Nie wolno kopiowa\u0107, rozpowszechnia\u0107 ani publikowa\u0107 \u017cadnych materia\u0142\u00f3w z tej witryny, chyba \u017ce uzyskano formaln\u0105 zgod\u0119 w\u0142a\u015bciciela praw autorskich.<\/p>\n<h2>Dok\u0142adno\u015b\u0107<\/h2>\n<p>Chocia\u017c starali\u015bmy si\u0119 zebra\u0107 dok\u0142adne informacje na tej stronie i aktualizowa\u0107 je, nie mo\u017cemy zagwarantowa\u0107, \u017ce s\u0105 one 100% kompletne lub poprawne.<\/p>\n<p>Informacje podane na tej stronie nie stanowi\u0105 profesjonalnej porady i mog\u0105 ulec zmianie.<\/p>\n<h2>Linki<\/h2>\n<p>Linki z tej witryny s\u0105 udost\u0119pniane wy\u0142\u0105cznie w celach informacyjnych i dla wygody u\u017cytkownika.<\/p>\n<p>Nie ponosimy odpowiedzialno\u015bci za linki do stron internetowych dost\u0119pnych za po\u015brednictwem witryny Healthier Together i NHS Bristol, North Somerset and South Gloucestershire ICB ani za informacje na nich zawarte.<\/p>\n<p>Link nie oznacza, \u017ce popieramy dan\u0105 witryn\u0119. Brak linku do strony nie oznacza r\u00f3wnie\u017c braku poparcia.<\/p>\n<h2>Dost\u0119pno\u015b\u0107<\/h2>\n<p>Nie mo\u017cemy zagwarantowa\u0107 nieprzerwanego dost\u0119pu do niniejszej witryny internetowej ani witryn, do kt\u00f3rych prowadz\u0105 \u0142\u0105cza. Nie ponosimy odpowiedzialno\u015bci za jakiekolwiek szkody wynikaj\u0105ce z utraty mo\u017cliwo\u015bci korzystania z tych informacji.<\/p>\n  <\/div>\r\n  <\/section><\/div><!-- .assembler_text-module.assembler_module.assembler_text-module_1.assembler_module_1..transparent --><\/div><!-- .assembler_module_area.assembler_module_area_1 --><\/div><!-- .assembler_default-group.assembler_module_group.assembler_default-group_2.assembler_module_group_2  -->","protected":false},"excerpt":{"rendered":"<p>The content of this website is the copyright of Healthier Together &#8211; the Bristol, North Somerset and South Gloucestershire Integrated Care System (ICS) unless stated otherwise.<\/p>","protected":false},"author":1,"featured_media":0,"parent":0,"menu_order":0,"comment_status":"closed","ping_status":"closed","template":"","meta":{"_acf_changed":false,"footnotes":""},"tags":[],"class_list":["post-151","page","type-page","status-publish","hentry"],"acf":[],"_links":{"self":[{"href":"https:\/\/bnssghealthiertogether.org.uk\/pl\/wp-json\/wp\/v2\/pages\/151","targetHints":{"allow":["GET"]}}],"collection":[{"href":"https:\/\/bnssghealthiertogether.org.uk\/pl\/wp-json\/wp\/v2\/pages"}],"about":[{"href":"https:\/\/bnssghealthiertogether.org.uk\/pl\/wp-json\/wp\/v2\/types\/page"}],"author":[{"embeddable":true,"href":"https:\/\/bnssghealthiertogether.org.uk\/pl\/wp-json\/wp\/v2\/users\/1"}],"replies":[{"embeddable":true,"href":"https:\/\/bnssghealthiertogether.org.uk\/pl\/wp-json\/wp\/v2\/comments?post=151"}],"version-history":[{"count":7,"href":"https:\/\/bnssghealthiertogether.org.uk\/pl\/wp-json\/wp\/v2\/pages\/151\/revisions"}],"predecessor-version":[{"id":36737,"href":"https:\/\/bnssghealthiertogether.org.uk\/pl\/wp-json\/wp\/v2\/pages\/151\/revisions\/36737"}],"wp:attachment":[{"href":"https:\/\/bnssghealthiertogether.org.uk\/pl\/wp-json\/wp\/v2\/media?parent=151"}],"wp:term":[{"taxonomy":"post_tag","embeddable":true,"href":"https:\/\/bnssghealthiertogether.org.uk\/pl\/wp-json\/wp\/v2\/tags?post=151"}],"curies":[{"name":"wp","href":"https:\/\/api.w.org\/{rel}","templated":true}]}}