{"id":32891,"date":"2024-10-17T13:24:51","date_gmt":"2024-10-17T12:24:51","guid":{"rendered":"https:\/\/bnssghealthiertogether.org.uk\/?page_id=32891"},"modified":"2025-01-16T22:58:17","modified_gmt":"2025-01-16T22:58:17","slug":"previously-supported-projects","status":"publish","type":"page","link":"https:\/\/bnssghealthiertogether.org.uk\/pl\/integrated-care-board\/research-and-evidence\/our-research-portfolio\/previously-supported-projects\/","title":{"rendered":"Wcze\u015bniej wspierane projekty"},"content":{"rendered":"<div class=\"assembler_default-group assembler_module_group assembler_default-group_1 assembler_module_group_1\"><div class=\"assembler_module_area assembler_module_area_1\"><div class=\"assembler_text-module assembler_module assembler_text-module_1 assembler_module_1  transparent\"><a tabindex=\"-1\" title=\"Sekcja zatytu\u0142owana modu\u0142-1\" id=\"module-1\" href=\"https:\/\/bnssghealthiertogether.org.uk\/pl\/wp-json\/wp\/v2\/pages\/32891\/#module-1\" class=\"anchor\"><span class=\"hidden\">Sekcja zatytu\u0142owana modu\u0142-1<\/span><\/a><!-- Template found for text-module - Template: template-text - Matched: _only --><section class=\"w-full mx-auto max-w-content pt-12 sm:pt-24 pb-12 sm:pb-24\">\n    <div class=\"flex gap-11 md:grid md:grid-cols-2 flex-col\">\n    <div class=\"entry-content\">\n      <h1>Wcze\u015bniej wspierane projekty<\/h1>\n<p>Links to projects previously supported by Birstol, North Somerset and South Gloucestershire ICB, such as Fellowships, previous RCF awardees, and non-NIHR funded projects.<\/p>\n      <div class=\"menu level-menu-shortcode arrows\">\n        <ul>\n                      <li class=\"menu-item\">\n              <a href=\"https:\/\/bnssghealthiertogether.org.uk\/pl\/integrated-care-board\/research-and-evidence\/our-research-portfolio\/previously-supported-projects\/a-patient-reported-questionnaire-to-measure-the-use-of-informal-care-social-care-and-personal-expenses\/\">Kwestionariusz wype\u0142niany przez pacjent\u00f3w, s\u0142u\u017c\u0105cy do pomiaru korzystania z opieki nieformalnej, opieki spo\u0142ecznej i wydatk\u00f3w osobistych<\/a>\n            <\/li>\n                      <li class=\"menu-item\">\n              <a href=\"https:\/\/bnssghealthiertogether.org.uk\/pl\/integrated-care-board\/research-and-evidence\/our-research-portfolio\/previously-supported-projects\/adapt-the-south-asian-dementia-diagnosis-pathway-an-online-toolkit-of-enhanced-interventions\/\">ADAPT: Po\u0142udniowoazjatycka \u015bcie\u017cka diagnozy demencji \u2013 internetowy zestaw narz\u0119dzi do ulepszonych interwencji<\/a>\n            <\/li>\n                      <li class=\"menu-item\">\n              <a href=\"https:\/\/bnssghealthiertogether.org.uk\/pl\/integrated-care-board\/research-and-evidence\/our-research-portfolio\/previously-supported-projects\/bee-best-emollient-in-eczema\/\">PSZCZO\u0141A: Najlepszy \u015brodek zmi\u0119kczaj\u0105cy na egzem\u0119<\/a>\n            <\/li>\n                      <li class=\"menu-item\">\n              <a href=\"https:\/\/bnssghealthiertogether.org.uk\/pl\/integrated-care-board\/research-and-evidence\/our-research-portfolio\/previously-supported-projects\/bite-size-patient-centred-exercise-and-education-videos-for-people-with-stroke-from-asian-backgrounds-indian-pakistani-and-bangladeshi\/\">Kr\u00f3tkie, dostosowane do pacjenta filmy instrukta\u017cowe i edukacyjne przeznaczone dla os\u00f3b po udarze m\u00f3zgu pochodz\u0105cych z Azji (Indii, Pakistanu i Bangladeszu)<\/a>\n            <\/li>\n                      <li class=\"menu-item\">\n              <a href=\"https:\/\/bnssghealthiertogether.org.uk\/pl\/integrated-care-board\/research-and-evidence\/our-research-portfolio\/previously-supported-projects\/chico-a-clinical-effectiveness-investigation-of-a-multi-faceted-intervention-to-improve-management-of-antibiotics-for-children-presenting-to-primary-care-with-acute-cough-and-respiratory-tract-infect\/\">CHICO: Badanie skuteczno\u015bci klinicznej wielop\u0142aszczyznowej interwencji maj\u0105cej na celu popraw\u0119 zarz\u0105dzania antybiotykami u dzieci zg\u0142aszaj\u0105cych si\u0119 do podstawowej opieki zdrowotnej z ostrym kaszlem i infekcj\u0105 dr\u00f3g oddechowych<\/a>\n            <\/li>\n                      <li class=\"menu-item\">\n              <a href=\"https:\/\/bnssghealthiertogether.org.uk\/pl\/integrated-care-board\/research-and-evidence\/our-research-portfolio\/previously-supported-projects\/coac-using-health-information-systems-to-address-patient-concerns-in-gp-consultations-a-feasibility-study\/\">COAC: Wykorzystanie system\u00f3w informacji medycznej do rozwi\u0105zywania problem\u00f3w pacjent\u00f3w podczas konsultacji z lekarzem rodzinnym: studium wykonalno\u015bci<\/a>\n            <\/li>\n                      <li class=\"menu-item\">\n              <a href=\"https:\/\/bnssghealthiertogether.org.uk\/pl\/integrated-care-board\/research-and-evidence\/our-research-portfolio\/previously-supported-projects\/development-of-a-virtual-chronic-kidney-disease-clinic\/\">Rozw\u00f3j wirtualnej kliniki przewlek\u0142ej choroby nerek<\/a>\n            <\/li>\n                      <li class=\"menu-item\">\n              <a href=\"https:\/\/bnssghealthiertogether.org.uk\/pl\/integrated-care-board\/research-and-evidence\/our-research-portfolio\/previously-supported-projects\/gped-general-practitioners-and-emergency-departments-efficient-models-of-care\/\">GPED: Lekarze rodzinni i oddzia\u0142y ratunkowe: efektywne modele opieki<\/a>\n            <\/li>\n                      <li class=\"menu-item\">\n              <a href=\"https:\/\/bnssghealthiertogether.org.uk\/pl\/integrated-care-board\/research-and-evidence\/our-research-portfolio\/previously-supported-projects\/implementation-of-flash-glucose-monitoring-in-four-paediatric-diabetes-clinics-before-and-after-study-to-produce-real-world-evidence-of-patient-benefit\/\">Wdro\u017cenie monitorowania glikemii metod\u0105 b\u0142yskawicznego monitorowania w czterech klinikach diabetologicznych dla dzieci \u2013 badanie przed i po, maj\u0105ce na celu dostarczenie rzeczywistych dowod\u00f3w na korzy\u015bci dla pacjent\u00f3w<\/a>\n            <\/li>\n                      <li class=\"menu-item\">\n              <a href=\"https:\/\/bnssghealthiertogether.org.uk\/pl\/integrated-care-board\/research-and-evidence\/our-research-portfolio\/previously-supported-projects\/improving-the-provision-of-support-for-appearance-related-issues-in-primary-care\/\">Poprawa \u015bwiadczenia wsparcia w zakresie problem\u00f3w zwi\u0105zanych z wygl\u0105dem w podstawowej opiece zdrowotnej<\/a>\n            <\/li>\n                      <li class=\"menu-item\">\n              <a href=\"https:\/\/bnssghealthiertogether.org.uk\/pl\/integrated-care-board\/research-and-evidence\/our-research-portfolio\/previously-supported-projects\/tech-for-better-care-personalised-community-medication-support-and-management-project\/\">Technologia dla lepszej opieki: spersonalizowany projekt wsparcia i zarz\u0105dzania lekami w spo\u0142eczno\u015bci.<\/a>\n            <\/li>\n                      <li class=\"menu-item\">\n              <a href=\"https:\/\/bnssghealthiertogether.org.uk\/pl\/integrated-care-board\/research-and-evidence\/our-research-portfolio\/previously-supported-projects\/the-dish-disclosure-in-sexual-health-project-to-develop-an-identification-and-support-intervention-for-sexual-violence-survivors\/\">Projekt DiSH (Disclosure in Sexual Health) maj\u0105cy na celu opracowanie interwencji w zakresie identyfikacji i wsparcia os\u00f3b, kt\u00f3re prze\u017cy\u0142y przemoc seksualn\u0105<\/a>\n            <\/li>\n                      <li class=\"menu-item\">\n              <a href=\"https:\/\/bnssghealthiertogether.org.uk\/pl\/integrated-care-board\/research-and-evidence\/our-research-portfolio\/previously-supported-projects\/the-evaluation-of-operation-topaz-for-child-sexual-and-criminal-exploitation-on-the-health-and-wellbeing-of-service-users\/\">The evaluation of Operation Topaz for child sexual and criminal exploitation on the health and wellbeing of service users.<\/a>\n            <\/li>\n                      <li class=\"menu-item\">\n              <a href=\"https:\/\/bnssghealthiertogether.org.uk\/pl\/integrated-care-board\/research-and-evidence\/our-research-portfolio\/previously-supported-projects\/triumph-treating-urinary-symptoms-in-men-in-primary-healthcare-using-non-pharmacological-and-non-surgical-interventions\/\">TRIUMF: Leczenie objaw\u00f3w ze strony uk\u0142adu moczowego u m\u0119\u017cczyzn w podstawowej opiece zdrowotnej z wykorzystaniem interwencji niefarmakologicznych i niechirurgicznych<\/a>\n            <\/li>\n                  <\/ul>\n      <\/div>\n\n    <\/div>\n    <div class=\"entry-content\">\n      <p>Inne strony w sekcji Nasze portfolio badawcze:<\/p>\n      <div class=\"menu level-menu-shortcode arrows\">\n        <ul>\n                      <li class=\"menu-item\">\n              <a href=\"https:\/\/bnssghealthiertogether.org.uk\/pl\/integrated-care-board\/research-and-evidence\/our-research-portfolio\/icb-led-applied-research-projects\/\">Projekty bada\u0144 stosowanych prowadzone przez ICB<\/a>\n            <\/li>\n                      <li class=\"menu-item\">\n              <a href=\"https:\/\/bnssghealthiertogether.org.uk\/pl\/integrated-care-board\/research-and-evidence\/our-research-portfolio\/nihr-funded-projects\/\">Projekty finansowane przez NIHR<\/a>\n            <\/li>\n                      <li class=\"menu-item current-menu-item\">\n              <a href=\"https:\/\/bnssghealthiertogether.org.uk\/pl\/integrated-care-board\/research-and-evidence\/our-research-portfolio\/previously-supported-projects\/\">Wcze\u015bniej wspierane projekty<\/a>\n            <\/li>\n                      <li class=\"menu-item\">\n              <a href=\"https:\/\/bnssghealthiertogether.org.uk\/pl\/integrated-care-board\/research-and-evidence\/our-research-portfolio\/type-1-rcf-funded-projects\/\">Projekty finansowane przez RCF typu 1<\/a>\n            <\/li>\n                      <li class=\"menu-item\">\n              <a href=\"https:\/\/bnssghealthiertogether.org.uk\/pl\/integrated-care-board\/research-and-evidence\/our-research-portfolio\/type-2-rcf-funded-projects\/\">Projekty finansowane przez RCF typu 2<\/a>\n            <\/li>\n                  <\/ul>\n      <\/div>\n\n    <\/div>\n      <\/div>\n<\/section><\/div><!-- .assembler_text-module.assembler_module.assembler_text-module_1.assembler_module_1..transparent --><\/div><!-- .assembler_module_area.assembler_module_area_1 --><\/div><!-- .assembler_default-group.assembler_module_group.assembler_default-group_1.assembler_module_group_1  -->","protected":false},"excerpt":{"rendered":"<p>Section titled module-1 Previously Supported Projects Links to projects previously supported by Birstol, North Somerset and South Gloucestershire ICB, such as Fellowships, previous RCF awardees, and non-NIHR funded projects. A patient-reported questionnaire to measure the use of informal care, social care and personal expenses ADAPT: The south Asian Dementia diAgnosis PaThway &#8211; an online toolkit [&hellip;]<\/p>\n","protected":false},"author":1,"featured_media":0,"parent":32876,"menu_order":0,"comment_status":"closed","ping_status":"closed","template":"","meta":{"_acf_changed":false,"footnotes":""},"tags":[],"class_list":["post-32891","page","type-page","status-publish","hentry"],"acf":[],"_links":{"self":[{"href":"https:\/\/bnssghealthiertogether.org.uk\/pl\/wp-json\/wp\/v2\/pages\/32891","targetHints":{"allow":["GET"]}}],"collection":[{"href":"https:\/\/bnssghealthiertogether.org.uk\/pl\/wp-json\/wp\/v2\/pages"}],"about":[{"href":"https:\/\/bnssghealthiertogether.org.uk\/pl\/wp-json\/wp\/v2\/types\/page"}],"author":[{"embeddable":true,"href":"https:\/\/bnssghealthiertogether.org.uk\/pl\/wp-json\/wp\/v2\/users\/1"}],"replies":[{"embeddable":true,"href":"https:\/\/bnssghealthiertogether.org.uk\/pl\/wp-json\/wp\/v2\/comments?post=32891"}],"version-history":[{"count":3,"href":"https:\/\/bnssghealthiertogether.org.uk\/pl\/wp-json\/wp\/v2\/pages\/32891\/revisions"}],"predecessor-version":[{"id":36188,"href":"https:\/\/bnssghealthiertogether.org.uk\/pl\/wp-json\/wp\/v2\/pages\/32891\/revisions\/36188"}],"up":[{"embeddable":true,"href":"https:\/\/bnssghealthiertogether.org.uk\/pl\/wp-json\/wp\/v2\/pages\/32876"}],"wp:attachment":[{"href":"https:\/\/bnssghealthiertogether.org.uk\/pl\/wp-json\/wp\/v2\/media?parent=32891"}],"wp:term":[{"taxonomy":"post_tag","embeddable":true,"href":"https:\/\/bnssghealthiertogether.org.uk\/pl\/wp-json\/wp\/v2\/tags?post=32891"}],"curies":[{"name":"wp","href":"https:\/\/api.w.org\/{rel}","templated":true}]}}