{"id":32894,"date":"2024-10-17T13:29:16","date_gmt":"2024-10-17T12:29:16","guid":{"rendered":"https:\/\/bnssghealthiertogether.org.uk\/?page_id=32894"},"modified":"2025-01-19T21:32:34","modified_gmt":"2025-01-19T21:32:34","slug":"type-1-rcf-funded-projects","status":"publish","type":"page","link":"https:\/\/bnssghealthiertogether.org.uk\/pl\/integrated-care-board\/research-and-evidence\/our-research-portfolio\/type-1-rcf-funded-projects\/","title":{"rendered":"Projekty finansowane przez RCF typu 1"},"content":{"rendered":"<div class=\"assembler_default-group assembler_module_group assembler_default-group_1 assembler_module_group_1\"><div class=\"assembler_module_area assembler_module_area_1\"><div class=\"assembler_text-module assembler_module assembler_text-module_1 assembler_module_1  transparent\"><a tabindex=\"-1\" title=\"Sekcja zatytu\u0142owana modu\u0142-1\" id=\"module-1\" href=\"https:\/\/bnssghealthiertogether.org.uk\/pl\/wp-json\/wp\/v2\/pages\/32894\/#module-1\" class=\"anchor\"><span class=\"hidden\">Sekcja zatytu\u0142owana modu\u0142-1<\/span><\/a><!-- Template found for text-module - Template: template-text - Matched: _only --><section class=\"w-full mx-auto max-w-content pt-12 sm:pt-24 pb-12 sm:pb-24\">\n    <div class=\"flex gap-11 md:grid md:grid-cols-2 flex-col\">\n    <div class=\"entry-content\">\n      <h1>Projekty finansowane przez RCF typu 1<\/h1>\n<p>These are very early stage projects, exploring a particular health condition or the needs of a particular patient group to find out what research is most needed. Mainly these projects involve talking to the people who plan, deliver and receive health and care services.<\/p>\n<p>Finding projects: Use \u201cCtrl + F\u201d to use the find function on your browser. Then use key terms to seek projects in the topic of your interest. It is best to try several alternative words e.g. \u201cBirth\u201d or \u201cMaternity\u201d or \u201cMaternal\u201d or \u201cnatal\u201d<\/p>\n      <div class=\"menu level-menu-shortcode arrows\">\n        <ul>\n                      <li class=\"menu-item\">\n              <a href=\"https:\/\/bnssghealthiertogether.org.uk\/pl\/integrated-care-board\/research-and-evidence\/our-research-portfolio\/type-1-rcf-funded-projects\/a-qualitative-study-exploring-ethnic-minority-patients-under-standing-of-the-link-between-their-physical-and-mental-health-to-improve-patient-care\/\">Badanie jako\u015bciowe badaj\u0105ce zrozumienie przez pacjent\u00f3w nale\u017c\u0105cych do mniejszo\u015bci etnicznych zwi\u0105zku mi\u0119dzy ich zdrowiem fizycznym i psychicznym w celu poprawy opieki nad pacjentem<\/a>\n            <\/li>\n                      <li class=\"menu-item\">\n              <a href=\"https:\/\/bnssghealthiertogether.org.uk\/pl\/integrated-care-board\/research-and-evidence\/our-research-portfolio\/type-1-rcf-funded-projects\/a-series-of-public-and-patient-involvement-ppi-and-stakeholder-workshops-to-explore-and-refine-the-scope-for-educational-and-supported-self-management-interventions-to-support-people-with-cancer-rel\/\">Seria warsztat\u00f3w anga\u017cuj\u0105cych opini\u0119 publiczn\u0105 i pacjent\u00f3w (PPI) oraz interesariuszy, maj\u0105cych na celu zbadanie i dopracowanie zakresu interwencji edukacyjnych i wspomaganych w ramach samoopieki w celu wsparcia os\u00f3b z przewlek\u0142ym b\u00f3lem zwi\u0105zanym z rakiem<\/a>\n            <\/li>\n                      <li class=\"menu-item\">\n              <a href=\"https:\/\/bnssghealthiertogether.org.uk\/pl\/integrated-care-board\/research-and-evidence\/our-research-portfolio\/type-1-rcf-funded-projects\/change-understanding-and-awareness-of-hpv-and-associated-health-conditions-across-the-life-course\/\">Zmiana zrozumienia i \u015bwiadomo\u015bci wirusa HPV i powi\u0105zanych z nim problem\u00f3w zdrowotnych w ca\u0142ym cyklu \u017cycia<\/a>\n            <\/li>\n                      <li class=\"menu-item\">\n              <a href=\"https:\/\/bnssghealthiertogether.org.uk\/pl\/integrated-care-board\/research-and-evidence\/our-research-portfolio\/type-1-rcf-funded-projects\/chronic-pain-in-weston-super-mare-worle-and-villages\/\">Przewlek\u0142y b\u00f3l w Weston-Super-Mare, Worle i wioskach<\/a>\n            <\/li>\n                      <li class=\"menu-item\">\n              <a href=\"https:\/\/bnssghealthiertogether.org.uk\/pl\/integrated-care-board\/research-and-evidence\/our-research-portfolio\/type-1-rcf-funded-projects\/co-design-a-research-question-exploring-how-lifestyle-medicine-interventions-may-improve-the-health-outcomes-of-children-in-care-through-the-development-and-evaluation-of-a-trauma-informed-evidence-b\/\">Wsp\u00f3\u0142projektowanie pytania badawczego badaj\u0105cego, w jaki spos\u00f3b interwencje medycyny stylu \u017cycia mog\u0105 poprawi\u0107 wyniki zdrowotne dzieci obj\u0119tych opiek\u0105 poprzez opracowanie i ocen\u0119 ram interwencji uwzgl\u0119dniaj\u0105cych traum\u0119 i opartych na dowodach, opracowanych specjalnie dla tej wra\u017cliwej grupy<\/a>\n            <\/li>\n                      <li class=\"menu-item\">\n              <a href=\"https:\/\/bnssghealthiertogether.org.uk\/pl\/integrated-care-board\/research-and-evidence\/our-research-portfolio\/type-1-rcf-funded-projects\/community-researcher-to-establish-the-research-priorities-of-chinese-caribbean-and-south-asian-communities-living-with-dementia\/\">Badacz spo\u0142eczno\u015bciowy maj\u0105cy na celu ustalenie priorytet\u00f3w badawczych spo\u0142eczno\u015bci chi\u0144skich, karaibskich i po\u0142udniowoazjatyckich \u017cyj\u0105cych z demencj\u0105.<\/a>\n            <\/li>\n                      <li class=\"menu-item\">\n              <a href=\"https:\/\/bnssghealthiertogether.org.uk\/pl\/integrated-care-board\/research-and-evidence\/our-research-portfolio\/type-1-rcf-funded-projects\/continence-management-and-antimicrobial-resistance-specifically-through-development-of-a-digital-catheter-passport\/\">Zarz\u0105dzanie nietrzymaniem moczu i oporno\u015bci\u0105 na \u015brodki przeciwdrobnoustrojowe, w szczeg\u00f3lno\u015bci poprzez opracowanie cyfrowego paszportu cewnika<\/a>\n            <\/li>\n                      <li class=\"menu-item\">\n              <a href=\"https:\/\/bnssghealthiertogether.org.uk\/pl\/integrated-care-board\/research-and-evidence\/our-research-portfolio\/type-1-rcf-funded-projects\/continuity-of-care-in-general-practice-and-its-relationship-with-access-to-care-and-health-inequalities\/\">Ci\u0105g\u0142o\u015b\u0107 opieki w praktyce og\u00f3lnej i jej zwi\u0105zek z dost\u0119pem do opieki i nier\u00f3wno\u015bciami w zakresie opieki zdrowotnej.<\/a>\n            <\/li>\n                      <li class=\"menu-item\">\n              <a href=\"https:\/\/bnssghealthiertogether.org.uk\/pl\/integrated-care-board\/research-and-evidence\/our-research-portfolio\/type-1-rcf-funded-projects\/engaging-stakeholders-to-identify-and-address-outdoor-occupational-risks-contributing-to-chronic-kidney-disease-of-non-traditional-origin-ckdnt\/\">Anga\u017cowanie interesariuszy w identyfikacj\u0119 i rozwi\u0105zywanie zagro\u017ce\u0144 zawodowych na zewn\u0105trz przyczyniaj\u0105cych si\u0119 do przewlek\u0142ej choroby nerek o nietypowym pochodzeniu (CKDnt)<\/a>\n            <\/li>\n                      <li class=\"menu-item\">\n              <a href=\"https:\/\/bnssghealthiertogether.org.uk\/pl\/integrated-care-board\/research-and-evidence\/our-research-portfolio\/type-1-rcf-funded-projects\/experiences-of-hrt-prescribing-in-the-perimenopause\/\">Do\u015bwiadczenia z przepisywania HRT w okresie oko\u0142omenopauzalnym<\/a>\n            <\/li>\n                      <li class=\"menu-item\">\n              <a href=\"https:\/\/bnssghealthiertogether.org.uk\/pl\/integrated-care-board\/research-and-evidence\/our-research-portfolio\/type-1-rcf-funded-projects\/explore-a-novel-approach-to-reducing-health-inequalities-in-people-who-use-drugs-understanding-the-acceptability-of-practicalities-around-and-barriers-to-the-introduction-of-a-community-pharmacy-bas\/\">Zbadaj nowatorskie podej\u015bcie do zmniejszania nier\u00f3wno\u015bci zdrowotnych w\u015br\u00f3d os\u00f3b u\u017cywaj\u0105cych narkotyk\u00f3w. Zrozumienie akceptowalno\u015bci, praktycznych aspekt\u00f3w i barier wprowadzenia badania zdrowia w aptece dla os\u00f3b u\u017cywaj\u0105cych narkotyk\u00f3w.<\/a>\n            <\/li>\n                      <li class=\"menu-item\">\n              <a href=\"https:\/\/bnssghealthiertogether.org.uk\/pl\/integrated-care-board\/research-and-evidence\/our-research-portfolio\/type-1-rcf-funded-projects\/exploring-how-loneliness-affects-people-living-with-chronic-pain-and-what-role-community-based-and-nature-based-social-prescribing-might-play-in-improving-connection-wellbeing-and-self-management\/\">Badanie wp\u0142ywu samotno\u015bci na osoby \u017cyj\u0105ce z przewlek\u0142ym b\u00f3lem oraz roli, jak\u0105 spo\u0142eczne zalecenia oparte na spo\u0142eczno\u015bci i naturze mog\u0105 odegra\u0107 w poprawie wi\u0119zi, dobrego samopoczucia i samokontroli<\/a>\n            <\/li>\n                      <li class=\"menu-item\">\n              <a href=\"https:\/\/bnssghealthiertogether.org.uk\/pl\/integrated-care-board\/research-and-evidence\/our-research-portfolio\/type-1-rcf-funded-projects\/exploring-research-capacity-among-the-pharmacy-workforce\/\">Badanie potencja\u0142u badawczego w\u015br\u00f3d pracownik\u00f3w aptek<\/a>\n            <\/li>\n                      <li class=\"menu-item\">\n              <a href=\"https:\/\/bnssghealthiertogether.org.uk\/pl\/integrated-care-board\/research-and-evidence\/our-research-portfolio\/type-1-rcf-funded-projects\/exploring-stakeholder-concerns-around-children-and-young-peoples-access-to-community-mental-health-care\/\">Badanie obaw interesariuszy dotycz\u0105cych dost\u0119pu dzieci i m\u0142odzie\u017cy do spo\u0142ecznej opieki psychiatrycznej<\/a>\n            <\/li>\n                      <li class=\"menu-item\">\n              <a href=\"https:\/\/bnssghealthiertogether.org.uk\/pl\/integrated-care-board\/research-and-evidence\/our-research-portfolio\/type-1-rcf-funded-projects\/exploring-the-understanding-and-experiences-of-gynaecological-issues-including-endometriosis-for-under-served-women-from-ethnically-minoritised-communities-this-will-include-interactions-with-healt\/\">Zbadanie wiedzy i do\u015bwiadcze\u0144 dotycz\u0105cych problem\u00f3w ginekologicznych (w tym endometriozy) w\u015br\u00f3d kobiet z niedostatecznie obs\u0142ugiwanych \u015brodowisk mniejszo\u015bci etnicznych. B\u0119dzie to obejmowa\u0107 interakcje z pracownikami s\u0142u\u017cby zdrowia podczas korzystania z opieki.<\/a>\n            <\/li>\n                      <li class=\"menu-item\">\n              <a href=\"https:\/\/bnssghealthiertogether.org.uk\/pl\/integrated-care-board\/research-and-evidence\/our-research-portfolio\/type-1-rcf-funded-projects\/exploring-ways-to-deliver-primary-care-for-people-aged-over-50-living-with-hiv\/\">Poszukiwanie sposob\u00f3w zapewnienia podstawowej opieki zdrowotnej osobom powy\u017cej 50. roku \u017cycia zaka\u017conym wirusem HIV<\/a>\n            <\/li>\n                      <li class=\"menu-item\">\n              <a href=\"https:\/\/bnssghealthiertogether.org.uk\/pl\/integrated-care-board\/research-and-evidence\/our-research-portfolio\/type-1-rcf-funded-projects\/functional-neurological-disorders-ambulance-services-recognition-care-and-management-of-fnd-patient-presentations\/\">Zaburzenia neurologiczne o charakterze czynno\u015bciowym \u2013 rozpoznawanie, opieka i leczenie pacjent\u00f3w z zaburzeniami neurologicznymi o charakterze czynno\u015bciowym przez pogotowie ratunkowe.<\/a>\n            <\/li>\n                      <li class=\"menu-item\">\n              <a href=\"https:\/\/bnssghealthiertogether.org.uk\/pl\/integrated-care-board\/research-and-evidence\/our-research-portfolio\/type-1-rcf-funded-projects\/head-and-neck-cancer-patients-who-have-localised-disease-but-are-not-fit-for-radical-radiotherapy-the-patient-experience-following-completion-of-palliative-radiotherapy\/\">Pacjenci z nowotworem g\u0142owy i szyi, u kt\u00f3rych wyst\u0119puje choroba miejscowa, ale kt\u00f3rzy nie kwalifikuj\u0105 si\u0119 do radykalnej radioterapii: do\u015bwiadczenia pacjent\u00f3w po zako\u0144czeniu paliatywnej radioterapii<\/a>\n            <\/li>\n                      <li class=\"menu-item\">\n              <a href=\"https:\/\/bnssghealthiertogether.org.uk\/pl\/integrated-care-board\/research-and-evidence\/our-research-portfolio\/type-1-rcf-funded-projects\/healthcare-professionals-active-engagement-in-promoting-lifestyle-management\/\">Aktywne zaanga\u017cowanie pracownik\u00f3w s\u0142u\u017cby zdrowia w promowanie zarz\u0105dzania stylem \u017cycia<\/a>\n            <\/li>\n                      <li class=\"menu-item\">\n              <a href=\"https:\/\/bnssghealthiertogether.org.uk\/pl\/integrated-care-board\/research-and-evidence\/our-research-portfolio\/type-1-rcf-funded-projects\/how-health-inequalities-experienced-by-disabled-people-have-been-exacerbated-by-the-cost-of-living-crisis\/\">W jaki spos\u00f3b nier\u00f3wno\u015bci w dost\u0119pie do opieki zdrowotnej, kt\u00f3rych do\u015bwiadczaj\u0105 osoby niepe\u0142nosprawne, pog\u0142\u0119bi\u0142y si\u0119 w wyniku kryzysu zwi\u0105zanego z kosztami utrzymania<\/a>\n            <\/li>\n                      <li class=\"menu-item\">\n              <a href=\"https:\/\/bnssghealthiertogether.org.uk\/pl\/integrated-care-board\/research-and-evidence\/our-research-portfolio\/type-1-rcf-funded-projects\/improving-continuity-of-care-and-health-outcomes-of-people-with-learning-disabilities-living-in-assisted-housing-developing-and-enhancing-work-initiated-by-the-bnssg-icb\/\">Poprawa ci\u0105g\u0142o\u015bci opieki i wynik\u00f3w zdrowotnych os\u00f3b z niepe\u0142nosprawno\u015bci\u0105 intelektualn\u0105 mieszkaj\u0105cych w domach pomocy spo\u0142ecznej. Rozwijanie i udoskonalanie prac zainicjowanych przez BNSSG ICB<\/a>\n            <\/li>\n                      <li class=\"menu-item\">\n              <a href=\"https:\/\/bnssghealthiertogether.org.uk\/pl\/integrated-care-board\/research-and-evidence\/our-research-portfolio\/type-1-rcf-funded-projects\/investigating-how-the-buildings-and-interior-spaces-through-which-primary-care-is-delivered-impact-the-workforce-and-patients-wellbeing-and-experience-of-care-and-their-health\/\">Badanie wp\u0142ywu budynk\u00f3w i przestrzeni wewn\u0119trznych, w kt\u00f3rych \u015bwiadczona jest podstawowa opieka zdrowotna, na samopoczucie pracownik\u00f3w i pacjent\u00f3w oraz na ich stan zdrowia i do\u015bwiadczenia zwi\u0105zane z opiek\u0105<\/a>\n            <\/li>\n                      <li class=\"menu-item\">\n              <a href=\"https:\/\/bnssghealthiertogether.org.uk\/pl\/integrated-care-board\/research-and-evidence\/our-research-portfolio\/type-1-rcf-funded-projects\/low-burden-treatment-approaches-for-fibromyalgia\/\">Podej\u015bcia terapeutyczne o niskim obci\u0105\u017ceniu dla fibromialgii<\/a>\n            <\/li>\n                      <li class=\"menu-item\">\n              <a href=\"https:\/\/bnssghealthiertogether.org.uk\/pl\/integrated-care-board\/research-and-evidence\/our-research-portfolio\/type-1-rcf-funded-projects\/menopause-perimenopause-awareness-knowledge-and-support-for-women-experiencing-menopausal-symptoms\/\">Menopauza: Perimenopauza, \u015bwiadomo\u015b\u0107, wiedza i wsparcie dla kobiet do\u015bwiadczaj\u0105cych objaw\u00f3w menopauzy<\/a>\n            <\/li>\n                      <li class=\"menu-item\">\n              <a href=\"https:\/\/bnssghealthiertogether.org.uk\/pl\/integrated-care-board\/research-and-evidence\/our-research-portfolio\/type-1-rcf-funded-projects\/minor-trauma-in-older-adults-silvermint\/\">Drobne urazy u os\u00f3b starszych (SilverMinT)<\/a>\n            <\/li>\n                      <li class=\"menu-item\">\n              <a href=\"https:\/\/bnssghealthiertogether.org.uk\/pl\/integrated-care-board\/research-and-evidence\/our-research-portfolio\/type-1-rcf-funded-projects\/nutritional-assessment-of-the-homeless-population-a-collaboration-with-patients-and-stakeholders-to-refine-a-new-nutritional-assessment-tool\/\">Ocena stanu od\u017cywienia os\u00f3b bezdomnych. Wsp\u00f3\u0142praca z pacjentami i interesariuszami w celu udoskonalenia nowego narz\u0119dzia do oceny stanu od\u017cywienia.<\/a>\n            <\/li>\n                      <li class=\"menu-item\">\n              <a href=\"https:\/\/bnssghealthiertogether.org.uk\/pl\/integrated-care-board\/research-and-evidence\/our-research-portfolio\/type-1-rcf-funded-projects\/osteoporotic-fractures-and-injuries-from-fall\/\">Z\u0142amania osteoporotyczne i urazy spowodowane upadkiem<\/a>\n            <\/li>\n                      <li class=\"menu-item\">\n              <a href=\"https:\/\/bnssghealthiertogether.org.uk\/pl\/integrated-care-board\/research-and-evidence\/our-research-portfolio\/type-1-rcf-funded-projects\/provision-of-mental-health-support-for-people-with-serious-life-limiting-illnesses-including-those-receiving-end-of-life-care-within-a-primary-care-setting\/\">Zapewnianie wsparcia w zakresie zdrowia psychicznego osobom cierpi\u0105cym na powa\u017cne choroby ograniczaj\u0105ce \u017cycie, w tym osobom otrzymuj\u0105cym opiek\u0119 paliatywn\u0105 w ramach podstawowej opieki zdrowotnej<\/a>\n            <\/li>\n                      <li class=\"menu-item\">\n              <a href=\"https:\/\/bnssghealthiertogether.org.uk\/pl\/integrated-care-board\/research-and-evidence\/our-research-portfolio\/type-1-rcf-funded-projects\/public-and-patient-involvement-ppi-and-stakeholder-workshops-to-explore-and-refine-educational-and-supported-self-management-interventions-that-support-people-with-cancer-related-chronic-pain\/\">Zaanga\u017cowanie spo\u0142ecze\u0144stwa i pacjent\u00f3w (PPI) oraz warsztaty dla interesariuszy maj\u0105ce na celu zbadanie i udoskonalenie edukacyjnych i wspieranych interwencji w zakresie samoleczenia, kt\u00f3re pomagaj\u0105 osobom z przewlek\u0142ym b\u00f3lem zwi\u0105zanym z rakiem<\/a>\n            <\/li>\n                      <li class=\"menu-item\">\n              <a href=\"https:\/\/bnssghealthiertogether.org.uk\/pl\/integrated-care-board\/research-and-evidence\/our-research-portfolio\/type-1-rcf-funded-projects\/racial-inequalities-in-mental-health\/\">Nier\u00f3wno\u015bci rasowe w zdrowiu psychicznym<\/a>\n            <\/li>\n                      <li class=\"menu-item\">\n              <a href=\"https:\/\/bnssghealthiertogether.org.uk\/pl\/integrated-care-board\/research-and-evidence\/our-research-portfolio\/type-1-rcf-funded-projects\/reasons-for-ordering-laboratory-tests-and-the-cascade-effects-of-testing-in-uk-primary-care\/\">Powody zlecania bada\u0144 laboratoryjnych i kaskadowe efekty bada\u0144 w podstawowej opiece zdrowotnej w Wielkiej Brytanii<\/a>\n            <\/li>\n                      <li class=\"menu-item\">\n              <a href=\"https:\/\/bnssghealthiertogether.org.uk\/pl\/integrated-care-board\/research-and-evidence\/our-research-portfolio\/type-1-rcf-funded-projects\/reducing-health-inequality-amongst-a-somali-community-in-lawrence-hill-bristol-with-a-focus-on-cardiovascular-risk-factor-interventions-developed-through-community-based-participatory-research\/\">Zmniejszanie nier\u00f3wno\u015bci w zakresie opieki zdrowotnej w\u015br\u00f3d spo\u0142eczno\u015bci somalijskiej w Lawrence Hill w Bristolu, ze szczeg\u00f3lnym uwzgl\u0119dnieniem interwencji w zakresie czynnik\u00f3w ryzyka sercowo-naczyniowego opracowanych w ramach bada\u0144 partycypacyjnych w spo\u0142eczno\u015bci<\/a>\n            <\/li>\n                      <li class=\"menu-item\">\n              <a href=\"https:\/\/bnssghealthiertogether.org.uk\/pl\/integrated-care-board\/research-and-evidence\/our-research-portfolio\/type-1-rcf-funded-projects\/tackling-antimicrobial-resistance-amr-inequalities-in-underserved-communities\/\">Zwalczanie nier\u00f3wno\u015bci w zakresie oporno\u015bci na \u015brodki przeciwdrobnoustrojowe (AMR) w spo\u0142eczno\u015bciach niedostatecznie obs\u0142ugiwanych<\/a>\n            <\/li>\n                      <li class=\"menu-item\">\n              <a href=\"https:\/\/bnssghealthiertogether.org.uk\/pl\/integrated-care-board\/research-and-evidence\/our-research-portfolio\/type-1-rcf-funded-projects\/the-impact-of-changes-to-general-practice-delivery-due-to-covid-19\/\">Wp\u0142yw zmian w \u015bwiadczeniu us\u0142ug opieki og\u00f3lnej spowodowanych COVID-19<\/a>\n            <\/li>\n                      <li class=\"menu-item\">\n              <a href=\"https:\/\/bnssghealthiertogether.org.uk\/pl\/integrated-care-board\/research-and-evidence\/our-research-portfolio\/type-1-rcf-funded-projects\/the-impact-of-operational-improvements-on-patient-experience-in-multi-specialist-gp-practices\/\">Wp\u0142yw usprawnie\u0144 operacyjnych na do\u015bwiadczenia pacjent\u00f3w w wielospecjalistycznych praktykach lekarzy rodzinnych<\/a>\n            <\/li>\n                      <li class=\"menu-item\">\n              <a href=\"https:\/\/bnssghealthiertogether.org.uk\/pl\/integrated-care-board\/research-and-evidence\/our-research-portfolio\/type-1-rcf-funded-projects\/the-management-of-blunt-chest-wall-injuries-following-trauma-in-adults-presenting-to-standalone-urgent-treatment-centres-utc-and-minor-injury-units-miu-with-access-to-chest-x-ray-only\/\">Post\u0119powanie w przypadku t\u0119pych uraz\u00f3w klatki piersiowej po urazie u doros\u0142ych zg\u0142aszaj\u0105cych si\u0119 do samodzielnych o\u015brodk\u00f3w leczenia dora\u017anego (UTC) i oddzia\u0142\u00f3w uraz\u00f3w drobnych (MIU) z dost\u0119pem wy\u0142\u0105cznie do zdj\u0119\u0107 rentgenowskich klatki piersiowej<\/a>\n            <\/li>\n                  <\/ul>\n      <\/div>\n\n    <\/div>\n    <div class=\"entry-content\">\n      <p>Inne strony w sekcji Nasze portfolio badawcze:<\/p>\n      <div class=\"menu level-menu-shortcode arrows\">\n        <ul>\n                      <li class=\"menu-item\">\n              <a href=\"https:\/\/bnssghealthiertogether.org.uk\/pl\/integrated-care-board\/research-and-evidence\/our-research-portfolio\/icb-led-applied-research-projects\/\">Projekty bada\u0144 stosowanych prowadzone przez ICB<\/a>\n            <\/li>\n                      <li class=\"menu-item\">\n              <a href=\"https:\/\/bnssghealthiertogether.org.uk\/pl\/integrated-care-board\/research-and-evidence\/our-research-portfolio\/nihr-funded-projects\/\">Projekty finansowane przez NIHR<\/a>\n            <\/li>\n                      <li class=\"menu-item\">\n              <a href=\"https:\/\/bnssghealthiertogether.org.uk\/pl\/integrated-care-board\/research-and-evidence\/our-research-portfolio\/previously-supported-projects\/\">Wcze\u015bniej wspierane projekty<\/a>\n            <\/li>\n                      <li class=\"menu-item current-menu-item\">\n              <a href=\"https:\/\/bnssghealthiertogether.org.uk\/pl\/integrated-care-board\/research-and-evidence\/our-research-portfolio\/type-1-rcf-funded-projects\/\">Projekty finansowane przez RCF typu 1<\/a>\n            <\/li>\n                      <li class=\"menu-item\">\n              <a href=\"https:\/\/bnssghealthiertogether.org.uk\/pl\/integrated-care-board\/research-and-evidence\/our-research-portfolio\/type-2-rcf-funded-projects\/\">Projekty finansowane przez RCF typu 2<\/a>\n            <\/li>\n                  <\/ul>\n      <\/div>\n\n    <\/div>\n      <\/div>\n<\/section><\/div><!-- .assembler_text-module.assembler_module.assembler_text-module_1.assembler_module_1..transparent --><\/div><!-- .assembler_module_area.assembler_module_area_1 --><\/div><!-- .assembler_default-group.assembler_module_group.assembler_default-group_1.assembler_module_group_1  -->","protected":false},"excerpt":{"rendered":"<p>S\u0105 to projekty badawcze b\u0119d\u0105ce na bardzo wczesnym etapie, finansowane przez ICB i maj\u0105ce na celu zbadanie konkretnego stanu zdrowia lub potrzeb konkretnej grupy pacjent\u00f3w.<\/p>","protected":false},"author":1,"featured_media":0,"parent":32876,"menu_order":0,"comment_status":"closed","ping_status":"closed","template":"","meta":{"_acf_changed":false,"footnotes":""},"tags":[],"class_list":["post-32894","page","type-page","status-publish","hentry"],"acf":[],"_links":{"self":[{"href":"https:\/\/bnssghealthiertogether.org.uk\/pl\/wp-json\/wp\/v2\/pages\/32894","targetHints":{"allow":["GET"]}}],"collection":[{"href":"https:\/\/bnssghealthiertogether.org.uk\/pl\/wp-json\/wp\/v2\/pages"}],"about":[{"href":"https:\/\/bnssghealthiertogether.org.uk\/pl\/wp-json\/wp\/v2\/types\/page"}],"author":[{"embeddable":true,"href":"https:\/\/bnssghealthiertogether.org.uk\/pl\/wp-json\/wp\/v2\/users\/1"}],"replies":[{"embeddable":true,"href":"https:\/\/bnssghealthiertogether.org.uk\/pl\/wp-json\/wp\/v2\/comments?post=32894"}],"version-history":[{"count":3,"href":"https:\/\/bnssghealthiertogether.org.uk\/pl\/wp-json\/wp\/v2\/pages\/32894\/revisions"}],"predecessor-version":[{"id":36262,"href":"https:\/\/bnssghealthiertogether.org.uk\/pl\/wp-json\/wp\/v2\/pages\/32894\/revisions\/36262"}],"up":[{"embeddable":true,"href":"https:\/\/bnssghealthiertogether.org.uk\/pl\/wp-json\/wp\/v2\/pages\/32876"}],"wp:attachment":[{"href":"https:\/\/bnssghealthiertogether.org.uk\/pl\/wp-json\/wp\/v2\/media?parent=32894"}],"wp:term":[{"taxonomy":"post_tag","embeddable":true,"href":"https:\/\/bnssghealthiertogether.org.uk\/pl\/wp-json\/wp\/v2\/tags?post=32894"}],"curies":[{"name":"wp","href":"https:\/\/api.w.org\/{rel}","templated":true}]}}