{"id":32913,"date":"2024-10-17T13:37:09","date_gmt":"2024-10-17T12:37:09","guid":{"rendered":"https:\/\/bnssghealthiertogether.org.uk\/?page_id=32913"},"modified":"2025-02-18T09:39:01","modified_gmt":"2025-02-18T09:39:01","slug":"contracting-for-national-institute-for-health-and-care-research-grants","status":"publish","type":"page","link":"https:\/\/bnssghealthiertogether.org.uk\/pl\/integrated-care-board\/research-and-evidence\/support-for-researchers\/contracting-for-national-institute-for-health-and-care-research-grants\/","title":{"rendered":"Zawieranie um\u00f3w na granty badawcze Narodowego Instytutu Zdrowia i Opieki Spo\u0142ecznej"},"content":{"rendered":"<div class=\"assembler_default-group assembler_module_group assembler_default-group_1 assembler_module_group_1\"><div class=\"assembler_module_area assembler_module_area_1\"><div class=\"assembler_text-module assembler_module assembler_text-module_1 assembler_module_1  transparent\"><a tabindex=\"-1\" title=\"Sekcja zatytu\u0142owana modu\u0142-1\" id=\"module-1\" href=\"https:\/\/bnssghealthiertogether.org.uk\/pl\/wp-json\/wp\/v2\/pages\/32913\/#module-1\" class=\"anchor\"><span class=\"hidden\">Sekcja zatytu\u0142owana modu\u0142-1<\/span><\/a><!-- Template found for text-module - Template: template-text - Matched: _only --><section class=\"w-full mx-auto max-w-content pt-12 sm:pt-24 pb-12 sm:pb-24\">\r\n  <div class=\"entry-content w-full !px-0 max-w-small\">\r\n        <h1>Zawieranie um\u00f3w na granty badawcze Narodowego Instytutu Zdrowia i Opieki Spo\u0142ecznej<\/h1>\n<p>Zesp\u00f3\u0142 badawczy ICB NHS Bristol, North Somerset i South Gloucestershire wspiera g\u0142\u00f3wnych badaczy w procesie sk\u0142adania wniosk\u00f3w o granty do Narodowego Instytutu Bada\u0144 nad Zdrowiem i Opiek\u0105 Spo\u0142eczn\u0105 (NIHR) w zakresie finans\u00f3w, w\u0142asno\u015bci intelektualnej i aspekt\u00f3w logistycznych bada\u0144.<\/p>\n<p>Dbamy o to, aby istnia\u0142y umowy obejmuj\u0105ce wszelkie kwestie prawne i organizacyjne.<\/p>\n<p>Przywi\u0105zujemy du\u017c\u0105 wag\u0119 do tego, aby umowa by\u0142a szyta na miar\u0119, tak aby G\u0142\u00f3wny Badacz m\u00f3g\u0142 pracowa\u0107 w wybrany przez siebie spos\u00f3b i realizowa\u0107 cele badawcze.<\/p>\n<p>Zarz\u0105dzamy umowami mi\u0119dzy wszystkimi wsp\u00f3\u0142pracuj\u0105cymi organizacjami w zakresie bada\u0144, organizujemy finanse i wspieramy przygotowywanie corocznych i ko\u0144cowych sprawozda\u0144 dla NIHR.<\/p>\n<p>Naszym zadaniem jest r\u00f3wnie\u017c u\u0142atwianie w\u0142a\u015bciwego wykorzystania wszelkich ustale\u0144.<\/p>\n<p>Jeste\u015bmy gospodarzami wielu du\u017cych <a href=\"https:\/\/bnssghealthiertogether.org.uk\/pl\/integrated-care-board\/research-and-evidence\/our-research-portfolio\/\">Dotacje NIHR<\/a> o znacznej \u0142\u0105cznej warto\u015bci. Jeste\u015bmy do\u015bwiadczonym dostawc\u0105 us\u0142ug hostingowych i dobrze znamy sze\u015b\u0107 krok\u00f3w:<\/p>\n<ul>\n<li><a href=\"https:\/\/bnssghealthiertogether.org.uk\/pl\/integrated-care-board\/research-and-evidence\/support-for-researchers\/grant-submissions-to-the-national-institute-for-health-and-care-research\/\">Wspieranie badaczy w sk\u0142adaniu wniosk\u00f3w o granty NIHR<\/a>;<\/li>\n<li>Podpisanie i podpisanie umowy na badania z fundatorem (Ministerstwem Zdrowia i Opieki Spo\u0142ecznej);<\/li>\n<li>Tworzenie i podpisywanie um\u00f3w podwykonawczych (um\u00f3w o wsp\u00f3\u0142pracy) z organizacjami prowadz\u0105cymi badania \u2013 mog\u0105 to by\u0107 uniwersytety lub inne organizacje NHS lub organizacje wolontariackie;<\/li>\n<li>Sprawozdawanie fundatorowi o wydatkach;<\/li>\n<li>Zapewnienie skutecznego wype\u0142niania wszelkich obowi\u0105zk\u00f3w prawnych i finansowych;<\/li>\n<li>Zapewnienie skutecznego ustanowienia ustale\u0144 dotycz\u0105cych w\u0142asno\u015bci intelektualnej.<\/li>\n<\/ul>\n<h2>Zawieranie um\u00f3w o granty NIHR: proces dwuetapowy<\/h2>\n<p>Pierwszym etapem jest Umowa G\u0142\u00f3wna, czyli kontrakt mi\u0119dzy nami a Ministerstwem Zdrowia i Opieki Spo\u0142ecznej. Na jej mocy wszystkie finanse, obowi\u0105zki prawne i odpowiedzialno\u015b\u0107 za projekt przechodz\u0105 na nas z Ministerstwa Zdrowia i Opieki Spo\u0142ecznej.<\/p>\n<p>Ministerstwo Zdrowia i Opieki Spo\u0142ecznej korzysta ze standardowych um\u00f3w, kt\u00f3re zawieraj\u0105 do\u015b\u0107 rygorystyczne warunki maj\u0105ce na celu zabezpieczenie wydatkowania publicznych pieni\u0119dzy.<\/p>\n<p>Etap drugi to proces bardziej oparty na wsp\u00f3\u0142pracy. Na przyk\u0142ad, mamy cz\u0142onka zespo\u0142u, kt\u00f3ry pracuje dla NHS Bristol, North Somerset and South Gloucestershire ICB oraz Uniwersytetu w Bristolu, kt\u00f3ry b\u0119dzie wsp\u00f3\u0142pracowa\u0107 z G\u0142\u00f3wnym Badaczem w celu stworzenia \u201cumowy o wsp\u00f3\u0142pracy\u201d.<\/p>\n<p>Umowa ta spe\u0142nia wszystkie wymogi organizacyjne i prawne, a tak\u017ce zapewnia G\u0142\u00f3wnemu Badaczowi mo\u017cliwo\u015b\u0107 prowadzenia projektu w wybrany przez siebie spos\u00f3b.<\/p>\n<p>Niniejsza umowa dzieli obowi\u0105zki przekazane nam ze wszystkimi innymi wsp\u00f3\u0142pracuj\u0105cymi organizacjami zaanga\u017cowanymi w realizacj\u0119 projektu badawczego.<\/p>\n<p>Nast\u0119pnie umowa o wsp\u00f3\u0142pracy jest negocjowana i uzgadniana przez wszystkie organizacje pracuj\u0105ce nad badaniami, tak aby\u015bmy wszyscy pracowali w oparciu o jedn\u0105 umow\u0119.<\/p>\n<h2>Skontaktuj si\u0119 z nami<\/h2>\n<p>Je\u015bli masz jakie\u015b pytania lub potrzebujesz wsparcia, wy\u015blij wiadomo\u015b\u0107 e-mail do naszego zespo\u0142u badawczego na adres <a href=\"mailto:bnssg.research@nhs.net\">bnssg.research@nhs.net<\/a>.<\/p>\n  <\/div>\r\n  <\/section><\/div><!-- .assembler_text-module.assembler_module.assembler_text-module_1.assembler_module_1..transparent --><\/div><!-- .assembler_module_area.assembler_module_area_1 --><\/div><!-- .assembler_default-group.assembler_module_group.assembler_default-group_1.assembler_module_group_1  -->","protected":false},"excerpt":{"rendered":"<p>The ICB Research Team supports Chief Investigators with finances, intellectual property and logistical aspects of NIHR grant applications.<\/p>","protected":false},"author":1,"featured_media":0,"parent":32910,"menu_order":0,"comment_status":"closed","ping_status":"closed","template":"","meta":{"_acf_changed":false,"footnotes":""},"tags":[],"class_list":["post-32913","page","type-page","status-publish","hentry"],"acf":[],"_links":{"self":[{"href":"https:\/\/bnssghealthiertogether.org.uk\/pl\/wp-json\/wp\/v2\/pages\/32913","targetHints":{"allow":["GET"]}}],"collection":[{"href":"https:\/\/bnssghealthiertogether.org.uk\/pl\/wp-json\/wp\/v2\/pages"}],"about":[{"href":"https:\/\/bnssghealthiertogether.org.uk\/pl\/wp-json\/wp\/v2\/types\/page"}],"author":[{"embeddable":true,"href":"https:\/\/bnssghealthiertogether.org.uk\/pl\/wp-json\/wp\/v2\/users\/1"}],"replies":[{"embeddable":true,"href":"https:\/\/bnssghealthiertogether.org.uk\/pl\/wp-json\/wp\/v2\/comments?post=32913"}],"version-history":[{"count":5,"href":"https:\/\/bnssghealthiertogether.org.uk\/pl\/wp-json\/wp\/v2\/pages\/32913\/revisions"}],"predecessor-version":[{"id":37556,"href":"https:\/\/bnssghealthiertogether.org.uk\/pl\/wp-json\/wp\/v2\/pages\/32913\/revisions\/37556"}],"up":[{"embeddable":true,"href":"https:\/\/bnssghealthiertogether.org.uk\/pl\/wp-json\/wp\/v2\/pages\/32910"}],"wp:attachment":[{"href":"https:\/\/bnssghealthiertogether.org.uk\/pl\/wp-json\/wp\/v2\/media?parent=32913"}],"wp:term":[{"taxonomy":"post_tag","embeddable":true,"href":"https:\/\/bnssghealthiertogether.org.uk\/pl\/wp-json\/wp\/v2\/tags?post=32913"}],"curies":[{"name":"wp","href":"https:\/\/api.w.org\/{rel}","templated":true}]}}