{"id":32920,"date":"2024-10-17T13:39:08","date_gmt":"2024-10-17T12:39:08","guid":{"rendered":"https:\/\/bnssghealthiertogether.org.uk\/?page_id=32920"},"modified":"2025-02-18T09:44:55","modified_gmt":"2025-02-18T09:44:55","slug":"excess-treatment-costs","status":"publish","type":"page","link":"https:\/\/bnssghealthiertogether.org.uk\/pl\/integrated-care-board\/research-and-evidence\/support-for-researchers\/excess-treatment-costs\/","title":{"rendered":"Nadmierne koszty leczenia"},"content":{"rendered":"<div class=\"assembler_default-group assembler_module_group assembler_default-group_1 assembler_module_group_1\"><div class=\"assembler_module_area assembler_module_area_1\"><div class=\"assembler_text-module assembler_module assembler_text-module_1 assembler_module_1  transparent\"><a tabindex=\"-1\" title=\"Sekcja zatytu\u0142owana modu\u0142-1\" id=\"module-1\" href=\"https:\/\/bnssghealthiertogether.org.uk\/pl\/wp-json\/wp\/v2\/pages\/32920\/#module-1\" class=\"anchor\"><span class=\"hidden\">Sekcja zatytu\u0142owana modu\u0142-1<\/span><\/a><!-- Template found for text-module - Template: template-text - Matched: _only --><section class=\"w-full mx-auto max-w-content pt-12 sm:pt-24 pb-12 sm:pb-24\">\r\n  <div class=\"entry-content w-full !px-0 max-w-small\">\r\n        <h1>Nadmierne koszty leczenia<\/h1>\n<p>Badania naukowe testuj\u0105ce nowe metody leczenia lub interwencje mog\u0105 generowa\u0107 nadmierne koszty leczenia.<\/p>\n<p>Koszty leczenia to koszty opieki, kt\u00f3re nadal by\u0142yby ponoszone, gdyby dana us\u0142uga opieki nad pacjentem by\u0142a nadal \u015bwiadczona po zako\u0144czeniu badania. R\u00f3\u017cnica mi\u0119dzy kosztami leczenia a kosztami istniej\u0105cego standardowego leczenia jest okre\u015blana jako nadwy\u017ckowy koszt leczenia (ETC).<\/p>\n<p>Czasami nowe lub eksperymentalne leczenie jest ta\u0144sze ni\u017c leczenie standardowe. W takim przypadku nast\u0119puje oszcz\u0119dno\u015b\u0107 koszt\u00f3w leczenia.<\/p>\n<p>Definicje r\u00f3\u017cnych koszt\u00f3w zwi\u0105zanych z badaniami przedstawiono w <a href=\"https:\/\/www.gov.uk\/government\/publications\/guidance-on-attributing-the-costs-of-health-and-social-care-research\" rel=\"noopener\">Wytyczne AcoRD Departamentu Zdrowia i Opieki Spo\u0142ecznej<\/a>.<\/p>\n<h2>Ubieganie si\u0119 o zwrot nadmiernych koszt\u00f3w leczenia<\/h2>\n<p>Sie\u0107 \u015awiadczenia Us\u0142ug Badawczych i jej sieci lokalne zarz\u0105dzaj\u0105 bud\u017cetem na pokrycie nadmiernych koszt\u00f3w leczenia w imieniu Rad ds. Zintegrowanej Opieki (ICB). Sie\u0107 \u015awiadczenia Us\u0142ug Badawczych zast\u0105pi\u0142a Sie\u0107 Bada\u0144 Klinicznych (CRN) 1 pa\u017adziernika 2024 r.<\/p>\n<p>Wniosek o zwrot nadmiernych koszt\u00f3w leczenia mo\u017cna z\u0142o\u017cy\u0107 za po\u015brednictwem internetowego narz\u0119dzia do alokacji koszt\u00f3w harmonogramu zdarze\u0144 (SoECAT), kt\u00f3re zosta\u0142o zweryfikowane przez specjalist\u0119 AcoRD.<\/p>\n<p>Narz\u0119dzie SoECAT s\u0142u\u017cy do okre\u015blania zakresu dzia\u0142a\u0144 badawczych i powi\u0105zanej z nimi atrybucji zgodnie z zasadami AcoRD.<\/p>\n<p>Jedynym punktem dost\u0119pu do przetwarzania nowych wniosk\u00f3w o pokrycie nadmiernych koszt\u00f3w leczenia jest narz\u0119dzie online NIHR SoECAT.<\/p>\n<h2>Wsparcie zespo\u0142u badawczego<\/h2>\n<p>Zesp\u00f3\u0142 badawczy NHS Bristol, North Somerset i South Gloucestershire ICB mo\u017ce udzieli\u0107 wsparcia przy obliczaniu dodatkowych koszt\u00f3w leczenia w ramach Twojego projektu i wype\u0142nieniu raportu SoECAT.<\/p>\n<p>Mo\u017cemy r\u00f3wnie\u017c zapewni\u0107 pomoc w poruszaniu si\u0119 po systemie internetowym w celu ubiegania si\u0119 o zwrot nadmiernych koszt\u00f3w leczenia. Proces ten odbywa si\u0119 za po\u015brednictwem Centralnego Systemu Zarz\u0105dzania Portfelem.<\/p>\n<h2>Kluczowe punkty nowego procesu dotycz\u0105cego nadmiernych koszt\u00f3w leczenia<\/h2>\n<ul>\n<li>Wszystkie nowe wnioski o ETC sk\u0142ada si\u0119 za po\u015brednictwem internetowego narz\u0119dzia SoECAT.<\/li>\n<li>Dodatkowy panel oceni kosztowne ETC.<\/li>\n<li>ETC to p\u0142atno\u015bci przep\u0142ywowe zarz\u0105dzane przez RDN i uruchamiane w momencie zg\u0142oszenia rekrutacji do Centralnego Systemu Zarz\u0105dzania Portfelem.<\/li>\n<\/ul>\n<h2>Skontaktuj si\u0119 z nami<\/h2>\n<p>Je\u015bli jeste\u015b badaczem potrzebuj\u0105cym wsparcia w zakresie nadmiernych koszt\u00f3w leczenia, wy\u015blij wiadomo\u015b\u0107 e-mail do naszego zespo\u0142u badawczego pod adres <a href=\"mailto:bnssg.research@nhs.net\">bnssg.research@nhs.net<\/a> i ch\u0119tnie pomo\u017cemy.<\/p>\n  <\/div>\r\n  <\/section><\/div><!-- .assembler_text-module.assembler_module.assembler_text-module_1.assembler_module_1..transparent --><\/div><!-- .assembler_module_area.assembler_module_area_1 --><\/div><!-- .assembler_default-group.assembler_module_group.assembler_default-group_1.assembler_module_group_1  -->","protected":false},"excerpt":{"rendered":"<p>Je\u015bli jeste\u015b badaczem i potrzebujesz wsparcia w kwestii nadmiernych koszt\u00f3w leczenia, zesp\u00f3\u0142 badawczy ICB ch\u0119tnie Ci pomo\u017ce.<\/p>","protected":false},"author":1,"featured_media":0,"parent":32910,"menu_order":0,"comment_status":"closed","ping_status":"closed","template":"","meta":{"_acf_changed":false,"footnotes":""},"tags":[],"class_list":["post-32920","page","type-page","status-publish","hentry"],"acf":[],"_links":{"self":[{"href":"https:\/\/bnssghealthiertogether.org.uk\/pl\/wp-json\/wp\/v2\/pages\/32920","targetHints":{"allow":["GET"]}}],"collection":[{"href":"https:\/\/bnssghealthiertogether.org.uk\/pl\/wp-json\/wp\/v2\/pages"}],"about":[{"href":"https:\/\/bnssghealthiertogether.org.uk\/pl\/wp-json\/wp\/v2\/types\/page"}],"author":[{"embeddable":true,"href":"https:\/\/bnssghealthiertogether.org.uk\/pl\/wp-json\/wp\/v2\/users\/1"}],"replies":[{"embeddable":true,"href":"https:\/\/bnssghealthiertogether.org.uk\/pl\/wp-json\/wp\/v2\/comments?post=32920"}],"version-history":[{"count":5,"href":"https:\/\/bnssghealthiertogether.org.uk\/pl\/wp-json\/wp\/v2\/pages\/32920\/revisions"}],"predecessor-version":[{"id":37557,"href":"https:\/\/bnssghealthiertogether.org.uk\/pl\/wp-json\/wp\/v2\/pages\/32920\/revisions\/37557"}],"up":[{"embeddable":true,"href":"https:\/\/bnssghealthiertogether.org.uk\/pl\/wp-json\/wp\/v2\/pages\/32910"}],"wp:attachment":[{"href":"https:\/\/bnssghealthiertogether.org.uk\/pl\/wp-json\/wp\/v2\/media?parent=32920"}],"wp:term":[{"taxonomy":"post_tag","embeddable":true,"href":"https:\/\/bnssghealthiertogether.org.uk\/pl\/wp-json\/wp\/v2\/tags?post=32920"}],"curies":[{"name":"wp","href":"https:\/\/api.w.org\/{rel}","templated":true}]}}