{"id":33063,"date":"2024-10-24T13:57:21","date_gmt":"2024-10-24T12:57:21","guid":{"rendered":"https:\/\/bnssghealthiertogether.org.uk\/?page_id=33063"},"modified":"2025-01-17T15:02:28","modified_gmt":"2025-01-17T15:02:28","slug":"about-our-organisation-and-area","status":"publish","type":"page","link":"https:\/\/bnssghealthiertogether.org.uk\/pl\/integrated-care-board\/annual-review-2023-to-2024\/about-our-organisation-and-area\/","title":{"rendered":"O naszej organizacji i okolicy"},"content":{"rendered":"<div class=\"assembler_default-group assembler_module_group assembler_default-group_1 assembler_module_group_1\"><div class=\"assembler_module_area assembler_module_area_1\"><div class=\"assembler_table-of-contents-module assembler_module assembler_table-of-contents-module_1 assembler_module_1  transparent\"><a tabindex=\"-1\" title=\"Sekcja zatytu\u0142owana modu\u0142-1\" id=\"module-1\" href=\"https:\/\/bnssghealthiertogether.org.uk\/pl\/wp-json\/wp\/v2\/pages\/33063\/#module-1\" class=\"anchor\"><span class=\"hidden\">Sekcja zatytu\u0142owana modu\u0142-1<\/span><\/a><!-- Template found for table-of-contents-module - Template: template-table-of-contents - Matched: _only -->\r\n<section class=\"w-full mx-auto max-w-content border-b border-pale-grey pt-6 sm:pt-12 pb-6 sm:pb-12\">\r\n    <div class=\"entry-content w-full\">\r\n    <h1><span class=\"TextRun SCXW187760553 BCX8\" lang=\"EN-GB\" xml:lang=\"EN-GB\" data-contrast=\"none\"><span class=\"NormalTextRun CommentStart CommentHighlightPipeRestV2 CommentHighlightRest SCXW187760553 BCX8\" data-ccp-parastyle=\"heading 1\">Coroczny\u00a0<\/span><span class=\"NormalTextRun CommentHighlightRest SCXW187760553 BCX8\" data-ccp-parastyle=\"heading 1\">Recenzja 2023<\/span><span class=\"NormalTextRun CommentHighlightRest SCXW187760553 BCX8\" data-ccp-parastyle=\"heading 1\">\u00a0do 2024 roku<\/span><\/span><\/h1>\n<p>Zawarto\u015b\u0107<\/p>\n    <div class=\"navigation-list\">\r\n                    <ul>\r\n                      <li class=\"text-sm\">\r\n                              <a href=\"https:\/\/bnssghealthiertogether.org.uk\/pl\/integrated-care-board\/annual-review-2023-to-2024\/\" class=\"text-sm underline-offset-4 font-normal hover:!underline-4\">\r\n                                                                Roczny przegl\u0105d 2023-2024                                <\/a>\r\n                          <\/li>\r\n                                <li class=\"text-sm\">\r\n                                                              O naszej organizacji i okolicy                            <\/li>\r\n                      <li class=\"text-sm\">\r\n                              <a href=\"https:\/\/bnssghealthiertogether.org.uk\/pl\/integrated-care-board\/annual-review-2023-to-2024\/how-we-spend-your-money\/\" class=\"text-sm underline-offset-4 font-normal hover:!underline-4\">\r\n                                                                Jak wydajemy Twoje pieni\u0105dze                                <\/a>\r\n                          <\/li>\r\n                      <li class=\"text-sm\">\r\n                              <a href=\"https:\/\/bnssghealthiertogether.org.uk\/pl\/integrated-care-board\/annual-review-2023-to-2024\/our-year-in-review-2023-to-2024\/\" class=\"text-sm underline-offset-4 font-normal hover:!underline-4\">\r\n                                                                Nasz przegl\u0105d roku 2023-2024                                <\/a>\r\n                          <\/li>\r\n                  <\/ul>\r\n          <\/div>\r\n  <\/div>\r\n<\/section><\/div><!-- .assembler_table-of-contents-module.assembler_module.assembler_table-of-contents-module_1.assembler_module_1..transparent --><div class=\"assembler_text-module assembler_module assembler_text-module_2 assembler_module_2  transparent\"><a tabindex=\"-1\" title=\"Sekcja zatytu\u0142owana modu\u0142-2\" id=\"module-2\" href=\"https:\/\/bnssghealthiertogether.org.uk\/pl\/wp-json\/wp\/v2\/pages\/33063\/#module-2\" class=\"anchor\"><span class=\"hidden\">Sekcja zatytu\u0142owana modu\u0142-2<\/span><\/a><!-- Template found for text-module - Template: template-text - Matched: _only --><section class=\"w-full mx-auto max-w-content pt-3 sm:pt-6 pb-3 sm:pb-6\">\n      <div class=\"entry-content no-last\">\n      <h1>\n        O naszej organizacji i okolicy      <\/h1>\n    <\/div>\n    <div class=\"flex gap-11 md:grid md:grid-cols-2 flex-col\">\n    <div class=\"entry-content\">\n      <p>Bristol, North Somerset and South Gloucestershire Integrated Care Board to ustawowa organizacja NHS, kt\u00f3ra zosta\u0142a utworzona 1 lipca 2022 r. Jeste\u015bmy odpowiedzialni za opracowywanie plan\u00f3w maj\u0105cych na celu zaspokojenie potrzeb zdrowotnych naszej populacji, zarz\u0105dzanie bud\u017cetem NHS i organizowanie \u015bwiadczenia us\u0142ug zdrowotnych na naszym obszarze.<\/p>\n<p>Naszym celem jest:<\/p>\n<ul>\n<li>Poprawa wynik\u00f3w w zakresie zdrowia populacji i opieki zdrowotnej<\/li>\n<li>Zwalczanie nier\u00f3wno\u015bci w wynikach, do\u015bwiadczeniach i dost\u0119pie<\/li>\n<li>Zwi\u0119ksz produktywno\u015b\u0107 i stosunek jako\u015bci do ceny<\/li>\n<li>Pom\u00f3\u017c NHS wspiera\u0107 szerszy rozw\u00f3j spo\u0142eczny i gospodarczy<\/li>\n<\/ul>\n<p>&nbsp;<\/p>\n<p><img decoding=\"async\" class=\"alignnone wp-image-27779 size-large\" src=\"https:\/\/bnssg.icb.nhs.uk\/wp-content\/uploads\/2024\/08\/locality-1024x726.jpg\" alt=\"\" width=\"1024\" height=\"726\" srcset=\"https:\/\/bnssghealthiertogether.org.uk\/wp-content\/uploads\/2024\/08\/locality-1024x726.jpg 1024w, https:\/\/bnssghealthiertogether.org.uk\/wp-content\/uploads\/2024\/08\/locality-300x213.jpg 300w, https:\/\/bnssghealthiertogether.org.uk\/wp-content\/uploads\/2024\/08\/locality-768x545.jpg 768w, https:\/\/bnssghealthiertogether.org.uk\/wp-content\/uploads\/2024\/08\/locality-1536x1090.jpg 1536w, https:\/\/bnssghealthiertogether.org.uk\/wp-content\/uploads\/2024\/08\/locality-2048x1453.jpg 2048w, https:\/\/bnssghealthiertogether.org.uk\/wp-content\/uploads\/2024\/08\/locality-1320x936.jpg 1320w\" sizes=\"(max-width: 1024px) 100vw, 1024px\" \/><\/p>\n    <\/div>\n    <div class=\"entry-content\">\n      <p><img decoding=\"async\" class=\"alignnone wp-image-27940 size-medium\" src=\"https:\/\/bnssg.icb.nhs.uk\/wp-content\/uploads\/2024\/09\/DSC07985-e1725360576677-300x173.jpg\" alt=\"\" width=\"600\" height=\"346\" srcset=\"https:\/\/bnssghealthiertogether.org.uk\/wp-content\/uploads\/2024\/09\/DSC07985-e1725360576677-300x173.jpg 300w, https:\/\/bnssghealthiertogether.org.uk\/wp-content\/uploads\/2024\/09\/DSC07985-e1725360576677-1024x591.jpg 1024w, https:\/\/bnssghealthiertogether.org.uk\/wp-content\/uploads\/2024\/09\/DSC07985-e1725360576677-768x443.jpg 768w, https:\/\/bnssghealthiertogether.org.uk\/wp-content\/uploads\/2024\/09\/DSC07985-e1725360576677-1536x886.jpg 1536w, https:\/\/bnssghealthiertogether.org.uk\/wp-content\/uploads\/2024\/09\/DSC07985-e1725360576677-2048x1181.jpg 2048w, https:\/\/bnssghealthiertogether.org.uk\/wp-content\/uploads\/2024\/09\/DSC07985-e1725360576677-1320x761.jpg 1320w\" sizes=\"(max-width: 600px) 100vw, 600px\" \/><\/p>\n<p>&nbsp;<\/p>\n<p>Nasze Partnerstwa Lokalne \u015bci\u015ble wsp\u00f3\u0142pracuj\u0105 z lokalnymi spo\u0142eczno\u015bciami oraz partnerami z sektora wolontariatu i spo\u0142eczno\u015bci lokalnych w celu identyfikowania i realizacji lokalnych priorytet\u00f3w w oparciu o potrzeby ka\u017cdej spo\u0142eczno\u015bci.<\/p>\n<p>Sze\u015b\u0107 partnerstw lokalnych to:<\/p>\n<ul>\n<li>Po\u0142udniowy Gloucestershire<\/li>\n<li>P\u00f3\u0142nocny i zachodni Bristol<\/li>\n<li>Centrum miasta i wschodni Bristol<\/li>\n<li>Po\u0142udniowy Bristol<\/li>\n<li>Woodspring<\/li>\n<li>Weston, Worle i wioski<\/li>\n<\/ul>\n    <\/div>\n      <\/div>\n<\/section><\/div><!-- .assembler_text-module.assembler_module.assembler_text-module_2.assembler_module_2..transparent --><div class=\"assembler_text-module assembler_module assembler_text-module_3 assembler_module_3  transparent\"><a tabindex=\"-1\" title=\"Sekcja zatytu\u0142owana modu\u0142-3\" id=\"module-3\" href=\"https:\/\/bnssghealthiertogether.org.uk\/pl\/wp-json\/wp\/v2\/pages\/33063\/#module-3\" class=\"anchor\"><span class=\"hidden\">Sekcja zatytu\u0142owana modu\u0142-3<\/span><\/a><!-- Template found for text-module - Template: template-text - Matched: _only --><section class=\"w-full mx-auto max-w-content pt-3 sm:pt-6 pb-3 sm:pb-6\">\r\n  <div class=\"entry-content w-full !px-0 max-w-small\">\r\n        <p>Jeste\u015bmy cz\u0119\u015bci\u0105 lokalnego Zintegrowanego Systemu Opieki Zdrowotnej, znanego jako Healthier Together. W ramach partnerstwa \u015bci\u015ble wsp\u00f3\u0142pracujemy z innymi organizacjami NHS, samorz\u0105dami lokalnymi oraz sektorem wolontariatu i spo\u0142eczno\u015bci, aby pom\u00f3c ludziom zachowa\u0107 szcz\u0119\u015bcie, zdrowie i dobre samopoczucie na d\u0142u\u017cej.<\/p>\n<p>Fakty o naszym regionie:<\/p>\n<ul>\n<li>1 milion ludzi<\/li>\n<li>16% mieszka\u0144c\u00f3w Bristolu to osoby czarnosk\u00f3re i mniejszo\u015bci etniczne<\/li>\n<li>Ro\u015bnie liczba os\u00f3b w wieku od 15 do 24 lat i powy\u017cej 60 lat<\/li>\n<li>1 na 10 os\u00f3b mieszka w dzielnicy zaniedbanej<\/li>\n<li>R\u00f3\u017cnica w oczekiwanej d\u0142ugo\u015bci \u017cycia mi\u0119dzy osobami mieszkaj\u0105cymi w najbardziej i najmniej upo\u015bledzonych spo\u0142eczno\u015bciach si\u0119ga nawet 15 lat<\/li>\n<\/ul>\n  <\/div>\r\n  <\/section><\/div><!-- .assembler_text-module.assembler_module.assembler_text-module_3.assembler_module_3..transparent --><div class=\"assembler_text-module assembler_module assembler_text-module_4 assembler_module_4  transparent\"><a tabindex=\"-1\" title=\"Sekcja zatytu\u0142owana modu\u0142-4\" id=\"module-4\" href=\"https:\/\/bnssghealthiertogether.org.uk\/pl\/wp-json\/wp\/v2\/pages\/33063\/#module-4\" class=\"anchor\"><span class=\"hidden\">Sekcja zatytu\u0142owana modu\u0142-4<\/span><\/a><!-- Template found for text-module - Template: template-text - Matched: _only --><section class=\"w-full mx-auto max-w-content pt-3 sm:pt-6 pb-3 sm:pb-6\">\r\n  <div class=\"entry-content w-full !px-0 max-w-small\">\r\n        <p><img decoding=\"async\" class=\"alignnone wp-image-27876 size-large\" src=\"https:\/\/bnssg.icb.nhs.uk\/wp-content\/uploads\/2024\/09\/GRAPHIC-1024x469.jpg\" alt=\"\" width=\"1024\" height=\"469\" srcset=\"https:\/\/bnssghealthiertogether.org.uk\/wp-content\/uploads\/2024\/09\/GRAPHIC-1024x469.jpg 1024w, https:\/\/bnssghealthiertogether.org.uk\/wp-content\/uploads\/2024\/09\/GRAPHIC-300x138.jpg 300w, https:\/\/bnssghealthiertogether.org.uk\/wp-content\/uploads\/2024\/09\/GRAPHIC-768x352.jpg 768w, https:\/\/bnssghealthiertogether.org.uk\/wp-content\/uploads\/2024\/09\/GRAPHIC-1536x704.jpg 1536w, https:\/\/bnssghealthiertogether.org.uk\/wp-content\/uploads\/2024\/09\/GRAPHIC-2048x939.jpg 2048w, https:\/\/bnssghealthiertogether.org.uk\/wp-content\/uploads\/2024\/09\/GRAPHIC-1320x605.jpg 1320w\" sizes=\"(max-width: 1024px) 100vw, 1024px\" \/><\/p>\n  <\/div>\r\n  <\/section><\/div><!-- .assembler_text-module.assembler_module.assembler_text-module_4.assembler_module_4..transparent --><\/div><!-- .assembler_module_area.assembler_module_area_1 --><\/div><!-- .assembler_default-group.assembler_module_group.assembler_default-group_1.assembler_module_group_1  -->","protected":false},"excerpt":{"rendered":"<p>Section titled module-1 Annual\u00a0Review 2023\u00a0to 2024 Contents Annual Review 2023 to 2024 About our organisation and area How we spend your money Our year in review 2023 to 2024 Section titled module-2 About our organisation and area Bristol, North Somerset and South Gloucestershire Integrated Care Board is a statutory NHS organisation that was established on [&hellip;]<\/p>\n","protected":false},"author":1,"featured_media":0,"parent":33059,"menu_order":0,"comment_status":"closed","ping_status":"closed","template":"","meta":{"_acf_changed":false,"footnotes":""},"tags":[],"class_list":["post-33063","page","type-page","status-publish","hentry"],"acf":[],"_links":{"self":[{"href":"https:\/\/bnssghealthiertogether.org.uk\/pl\/wp-json\/wp\/v2\/pages\/33063","targetHints":{"allow":["GET"]}}],"collection":[{"href":"https:\/\/bnssghealthiertogether.org.uk\/pl\/wp-json\/wp\/v2\/pages"}],"about":[{"href":"https:\/\/bnssghealthiertogether.org.uk\/pl\/wp-json\/wp\/v2\/types\/page"}],"author":[{"embeddable":true,"href":"https:\/\/bnssghealthiertogether.org.uk\/pl\/wp-json\/wp\/v2\/users\/1"}],"replies":[{"embeddable":true,"href":"https:\/\/bnssghealthiertogether.org.uk\/pl\/wp-json\/wp\/v2\/comments?post=33063"}],"version-history":[{"count":6,"href":"https:\/\/bnssghealthiertogether.org.uk\/pl\/wp-json\/wp\/v2\/pages\/33063\/revisions"}],"predecessor-version":[{"id":36206,"href":"https:\/\/bnssghealthiertogether.org.uk\/pl\/wp-json\/wp\/v2\/pages\/33063\/revisions\/36206"}],"up":[{"embeddable":true,"href":"https:\/\/bnssghealthiertogether.org.uk\/pl\/wp-json\/wp\/v2\/pages\/33059"}],"wp:attachment":[{"href":"https:\/\/bnssghealthiertogether.org.uk\/pl\/wp-json\/wp\/v2\/media?parent=33063"}],"wp:term":[{"taxonomy":"post_tag","embeddable":true,"href":"https:\/\/bnssghealthiertogether.org.uk\/pl\/wp-json\/wp\/v2\/tags?post=33063"}],"curies":[{"name":"wp","href":"https:\/\/api.w.org\/{rel}","templated":true}]}}