{"id":33066,"date":"2025-01-17T14:46:53","date_gmt":"2025-01-17T14:46:53","guid":{"rendered":"https:\/\/bnssghealthiertogether.org.uk\/?page_id=33066"},"modified":"2025-02-04T10:09:10","modified_gmt":"2025-02-04T10:09:10","slug":"how-we-spend-your-money","status":"publish","type":"page","link":"https:\/\/bnssghealthiertogether.org.uk\/pl\/integrated-care-board\/annual-review-2023-to-2024\/how-we-spend-your-money\/","title":{"rendered":"Jak wydajemy Twoje pieni\u0105dze"},"content":{"rendered":"<div class=\"assembler_default-group assembler_module_group assembler_default-group_1 assembler_module_group_1\"><div class=\"assembler_module_area assembler_module_area_1\"><div class=\"assembler_table-of-contents-module assembler_module assembler_table-of-contents-module_1 assembler_module_1  transparent\"><a tabindex=\"-1\" title=\"Sekcja zatytu\u0142owana modu\u0142-1\" id=\"module-1\" href=\"https:\/\/bnssghealthiertogether.org.uk\/pl\/wp-json\/wp\/v2\/pages\/33066\/#module-1\" class=\"anchor\"><span class=\"hidden\">Sekcja zatytu\u0142owana modu\u0142-1<\/span><\/a><!-- Template found for table-of-contents-module - Template: template-table-of-contents - Matched: _only -->\r\n<section class=\"w-full mx-auto max-w-content border-b border-pale-grey pt-6 sm:pt-12 pb-3 sm:pb-6\">\r\n    <div class=\"entry-content w-full\">\r\n    <h1>Roczny przegl\u0105d 2023-2024<\/h1>\n<p>Zawarto\u015b\u0107<\/p>\n    <div class=\"navigation-list\">\r\n                    <ul>\r\n                      <li class=\"text-sm\">\r\n                              <a href=\"https:\/\/bnssghealthiertogether.org.uk\/pl\/integrated-care-board\/annual-review-2023-to-2024\/\" class=\"text-sm underline-offset-4 font-normal hover:!underline-4\">\r\n                                                                Roczny przegl\u0105d 2023-2024                                <\/a>\r\n                          <\/li>\r\n                                <li class=\"text-sm\">\r\n                              <a href=\"https:\/\/bnssghealthiertogether.org.uk\/pl\/integrated-care-board\/annual-review-2023-to-2024\/about-our-organisation-and-area\/\" class=\"text-sm underline-offset-4 font-normal hover:!underline-4\">\r\n                                                                O naszej organizacji i okolicy                                <\/a>\r\n                          <\/li>\r\n                      <li class=\"text-sm\">\r\n                                                              Jak wydajemy Twoje pieni\u0105dze                            <\/li>\r\n                      <li class=\"text-sm\">\r\n                              <a href=\"https:\/\/bnssghealthiertogether.org.uk\/pl\/integrated-care-board\/annual-review-2023-to-2024\/our-year-in-review-2023-to-2024\/\" class=\"text-sm underline-offset-4 font-normal hover:!underline-4\">\r\n                                                                Nasz przegl\u0105d roku 2023-2024                                <\/a>\r\n                          <\/li>\r\n                  <\/ul>\r\n          <\/div>\r\n  <\/div>\r\n<\/section><\/div><!-- .assembler_table-of-contents-module.assembler_module.assembler_table-of-contents-module_1.assembler_module_1..transparent --><div class=\"assembler_text-module assembler_module assembler_text-module_2 assembler_module_2  transparent\"><a tabindex=\"-1\" title=\"Sekcja zatytu\u0142owana modu\u0142-2\" id=\"module-2\" href=\"https:\/\/bnssghealthiertogether.org.uk\/pl\/wp-json\/wp\/v2\/pages\/33066\/#module-2\" class=\"anchor\"><span class=\"hidden\">Sekcja zatytu\u0142owana modu\u0142-2<\/span><\/a><!-- Template found for text-module - Template: template-text - Matched: _only --><section class=\"w-full mx-auto max-w-content pt-3 sm:pt-6 pb-3 sm:pb-6\">\n      <div class=\"entry-content no-last\">\n      <h1>\n        Jak wydajemy Twoje pieni\u0105dze      <\/h1>\n    <\/div>\n    <div class=\"flex gap-11 md:grid md:grid-cols-2 flex-col\">\n    <div class=\"entry-content\">\n      <p>&nbsp;<\/p>\n<p>Nasz roczny bud\u017cet jest opracowywany i uzgadniany z NHS England i naszymi partnerami z Zintegrowanego Systemu Opieki.<\/p>\n<p>\u0141\u0105cznie w latach 2023\u20132024 wydali\u015bmy 2,17 miliarda funt\u00f3w na zdrowie i dobrostan spo\u0142eczno\u015bci, kt\u00f3rym s\u0142u\u017cymy.<\/p>\n<p>Najwi\u0119ksz\u0105 cz\u0119\u015b\u0107 naszego bud\u017cetu przeznaczamy na dora\u017ane us\u0142ugi szpitalne, a pozosta\u0142\u0105 cz\u0119\u015b\u0107 rozdzielamy mi\u0119dzy us\u0142ugi spo\u0142eczne, zdrowie psychiczne, podstawow\u0105 opiek\u0119 zdrowotn\u0105, zarz\u0105dzanie lekami i opiek\u0119 finansowan\u0105.<\/p>\n<p>&nbsp;<\/p>\n<h2 style=\"text-align: right;\"><\/h2>\n<p>&nbsp;<\/p>\n<h2><\/h2>\n<p>&nbsp;<\/p>\n<h2 style=\"text-align: right;\"><strong>Podzia\u0142 wydatk\u00f3w w latach 2023\u20132024<\/strong><\/h2>\n<p style=\"text-align: right;\"><img decoding=\"async\" class=\"alignright wp-image-27998 size-medium\" src=\"https:\/\/bnssghealthiertogether.org.uk\/wp-content\/uploads\/2024\/09\/Pie-chart-300x300.jpg\" alt=\"\" width=\"600\" height=\"600\" srcset=\"https:\/\/bnssghealthiertogether.org.uk\/wp-content\/uploads\/2024\/09\/Pie-chart-300x300.jpg 300w, https:\/\/bnssghealthiertogether.org.uk\/wp-content\/uploads\/2024\/09\/Pie-chart-1024x1024.jpg 1024w, https:\/\/bnssghealthiertogether.org.uk\/wp-content\/uploads\/2024\/09\/Pie-chart-150x150.jpg 150w, https:\/\/bnssghealthiertogether.org.uk\/wp-content\/uploads\/2024\/09\/Pie-chart-768x768.jpg 768w, https:\/\/bnssghealthiertogether.org.uk\/wp-content\/uploads\/2024\/09\/Pie-chart-1536x1536.jpg 1536w, https:\/\/bnssghealthiertogether.org.uk\/wp-content\/uploads\/2024\/09\/Pie-chart-1320x1320.jpg 1320w, https:\/\/bnssghealthiertogether.org.uk\/wp-content\/uploads\/2024\/09\/Pie-chart.jpg 1900w\" sizes=\"(max-width: 600px) 100vw, 600px\" \/><\/p>\n    <\/div>\n    <div class=\"entry-content\">\n      <p><img decoding=\"async\" class=\"alignnone wp-image-35404 size-large\" src=\"https:\/\/bnssghealthiertogether.org.uk\/wp-content\/uploads\/2024\/12\/DSC08109-scaled-1-1024x683.jpg\" alt=\"\" width=\"1024\" height=\"683\" srcset=\"https:\/\/bnssghealthiertogether.org.uk\/wp-content\/uploads\/2024\/12\/DSC08109-scaled-1-1024x683.jpg 1024w, https:\/\/bnssghealthiertogether.org.uk\/wp-content\/uploads\/2024\/12\/DSC08109-scaled-1-300x200.jpg 300w, https:\/\/bnssghealthiertogether.org.uk\/wp-content\/uploads\/2024\/12\/DSC08109-scaled-1-768x512.jpg 768w, https:\/\/bnssghealthiertogether.org.uk\/wp-content\/uploads\/2024\/12\/DSC08109-scaled-1-1536x1024.jpg 1536w, https:\/\/bnssghealthiertogether.org.uk\/wp-content\/uploads\/2024\/12\/DSC08109-scaled-1-2048x1366.jpg 2048w, https:\/\/bnssghealthiertogether.org.uk\/wp-content\/uploads\/2024\/12\/DSC08109-scaled-1-1320x880.jpg 1320w\" sizes=\"(max-width: 1024px) 100vw, 1024px\" \/><\/p>\n<p>&nbsp;<\/p>\n<p>&nbsp;<\/p>\n<p>&nbsp;<\/p>\n<p>&nbsp;<\/p>\n<ul>\n<li style=\"text-align: left;\">Szpitale ostrej opieki 51%<\/li>\n<li style=\"text-align: left;\">Opieka podstawowa, w tym<br \/>\napteka, optometria<br \/>\ni stomatologii 14%<\/li>\n<li style=\"text-align: left;\">Spo\u0142eczno\u015b\u0107, w tym us\u0142ugi dla dzieci<br \/>\n11%<\/li>\n<li style=\"text-align: left;\">Zdrowie psychiczne 11%<\/li>\n<li style=\"text-align: left;\">Leki<br \/>\nzarz\u0105dzanie 7%<\/li>\n<li style=\"text-align: left;\">Opieka finansowana 5%<\/li>\n<li style=\"text-align: left;\">Koszty eksploatacji 1%<\/li>\n<\/ul>\n    <\/div>\n      <\/div>\n<\/section><\/div><!-- .assembler_text-module.assembler_module.assembler_text-module_2.assembler_module_2..transparent --><div class=\"assembler_text-module assembler_module assembler_text-module_3 assembler_module_3  transparent\"><a tabindex=\"-1\" title=\"Sekcja zatytu\u0142owana modu\u0142-3\" id=\"module-3\" href=\"https:\/\/bnssghealthiertogether.org.uk\/pl\/wp-json\/wp\/v2\/pages\/33066\/#module-3\" class=\"anchor\"><span class=\"hidden\">Sekcja zatytu\u0142owana modu\u0142-3<\/span><\/a><!-- Template found for text-module - Template: template-text - Matched: _only --><section class=\"w-full mx-auto max-w-content pt-3 sm:pt-6 pb-12 sm:pb-24\">\r\n  <div class=\"entry-content w-full !px-0 max-w-small\">\r\n        <p><span data-contrast=\"auto\">Nasze priorytety finansowe na ten rok obejmowa\u0142y kontynuacj\u0119 przywracania podstawowych us\u0142ug po pandemii. Podj\u0119li\u015bmy si\u0119 r\u00f3wnie\u017c zlecania us\u0142ug farmaceutycznych, okulistycznych i stomatologicznych, a tak\u017ce zlecili\u015bmy nowe us\u0142ugi naszym <\/span><span data-contrast=\"none\">Partnerzy wolontariatu, spo\u0142eczno\u015bci i przedsi\u0119biorczo\u015bci spo\u0142ecznej (VCSE) oraz partnerstwa lokalne.<\/span><span data-ccp-props=\"{&quot;201341983&quot;:0,&quot;335559739&quot;:160,&quot;335559740&quot;:259}\">\u00a0<\/span><\/p>\n<p><span data-contrast=\"auto\">Z zadowoleniem przyj\u0119li\u015bmy realizacj\u0119 wszystkich naszych podstawowych obowi\u0105zk\u00f3w finansowych w tym roku. Osi\u0105gn\u0119li\u015bmy nasze cele i zako\u0144czyli\u015bmy rok w stabilnej pozycji, kt\u00f3ra pozwoli nam budowa\u0107 na lata 2024-2025.<\/span><\/p>\n  <\/div>\r\n  <\/section><\/div><!-- .assembler_text-module.assembler_module.assembler_text-module_3.assembler_module_3..transparent --><\/div><!-- .assembler_module_area.assembler_module_area_1 --><\/div><!-- .assembler_default-group.assembler_module_group.assembler_default-group_1.assembler_module_group_1  -->","protected":false},"excerpt":{"rendered":"<p>Nasz roczny bud\u017cet jest opracowywany i uzgadniany z NHS England i naszymi partnerami z Zintegrowanego Systemu Opieki.<\/p>","protected":false},"author":1,"featured_media":0,"parent":33059,"menu_order":0,"comment_status":"closed","ping_status":"closed","template":"","meta":{"_acf_changed":false,"footnotes":""},"tags":[],"class_list":["post-33066","page","type-page","status-publish","hentry"],"acf":[],"_links":{"self":[{"href":"https:\/\/bnssghealthiertogether.org.uk\/pl\/wp-json\/wp\/v2\/pages\/33066","targetHints":{"allow":["GET"]}}],"collection":[{"href":"https:\/\/bnssghealthiertogether.org.uk\/pl\/wp-json\/wp\/v2\/pages"}],"about":[{"href":"https:\/\/bnssghealthiertogether.org.uk\/pl\/wp-json\/wp\/v2\/types\/page"}],"author":[{"embeddable":true,"href":"https:\/\/bnssghealthiertogether.org.uk\/pl\/wp-json\/wp\/v2\/users\/1"}],"replies":[{"embeddable":true,"href":"https:\/\/bnssghealthiertogether.org.uk\/pl\/wp-json\/wp\/v2\/comments?post=33066"}],"version-history":[{"count":4,"href":"https:\/\/bnssghealthiertogether.org.uk\/pl\/wp-json\/wp\/v2\/pages\/33066\/revisions"}],"predecessor-version":[{"id":37108,"href":"https:\/\/bnssghealthiertogether.org.uk\/pl\/wp-json\/wp\/v2\/pages\/33066\/revisions\/37108"}],"up":[{"embeddable":true,"href":"https:\/\/bnssghealthiertogether.org.uk\/pl\/wp-json\/wp\/v2\/pages\/33059"}],"wp:attachment":[{"href":"https:\/\/bnssghealthiertogether.org.uk\/pl\/wp-json\/wp\/v2\/media?parent=33066"}],"wp:term":[{"taxonomy":"post_tag","embeddable":true,"href":"https:\/\/bnssghealthiertogether.org.uk\/pl\/wp-json\/wp\/v2\/tags?post=33066"}],"curies":[{"name":"wp","href":"https:\/\/api.w.org\/{rel}","templated":true}]}}