{"id":33231,"date":"2024-11-01T16:06:18","date_gmt":"2024-11-01T16:06:18","guid":{"rendered":"https:\/\/bnssghealthiertogether.org.uk\/?page_id=33231"},"modified":"2025-01-16T22:24:48","modified_gmt":"2025-01-16T22:24:48","slug":"proactive-hepatitis-c-reinfection-optimising-surveillance-for-detection-and-prevention","status":"publish","type":"page","link":"https:\/\/bnssghealthiertogether.org.uk\/pl\/integrated-care-board\/research-and-evidence\/our-research-portfolio\/nihr-funded-projects\/proactive-hepatitis-c-reinfection-optimising-surveillance-for-detection-and-prevention\/","title":{"rendered":"PROAKTYWNE: Ponowne zaka\u017cenie wirusem zapalenia w\u0105troby typu C: optymalizacja nadzoru w celu wykrywania i zapobiegania"},"content":{"rendered":"<div class=\"assembler_default-group assembler_module_group assembler_default-group_1 assembler_module_group_1\"><div class=\"assembler_module_area assembler_module_area_1\"><div class=\"assembler_text-module assembler_module assembler_text-module_1 assembler_module_1  transparent\"><a tabindex=\"-1\" title=\"Sekcja zatytu\u0142owana modu\u0142-1\" id=\"module-1\" href=\"https:\/\/bnssghealthiertogether.org.uk\/pl\/wp-json\/wp\/v2\/pages\/33231\/#module-1\" class=\"anchor\"><span class=\"hidden\">Sekcja zatytu\u0142owana modu\u0142-1<\/span><\/a><!-- Template found for text-module - Template: template-text - Matched: _only --><section class=\"w-full mx-auto max-w-content pt-12 sm:pt-24 pb-12 sm:pb-24\">\r\n  <div class=\"entry-content w-full !px-0 max-w-small\">\r\n        <h1>PROAKTYWNE: Ponowne zaka\u017cenie wirusem zapalenia w\u0105troby typu C: optymalizacja nadzoru w celu wykrywania i zapobiegania<\/h1>\n<h2>Finansowanie<\/h2>\n<p>Narodowy Instytut Bada\u0144 nad Zdrowiem i Opiek\u0105 (NIHR), Grant na rozw\u00f3j programu (PDG) Nr ref. NIHR207646<\/p>\n<h2>Jakie jest pytanie badawcze?<\/h2>\n<p>Jakie s\u0105 bariery utrudniaj\u0105ce wykonywanie dalszych test\u00f3w na obecno\u015b\u0107 zapalenia w\u0105troby typu C i w jaki spos\u00f3b osoby przyjmuj\u0105ce narkotyki do\u017cylnie mog\u0105 zmniejszy\u0107 ryzyko ponownego zaka\u017cenia?<\/p>\n<h2>Jaki jest problem?<\/h2>\n<p>Wirus zapalenia w\u0105troby typu C atakuje w\u0105trob\u0119, a bez leczenia d\u0142ugotrwa\u0142e zaka\u017cenie wirusem zapalenia w\u0105troby typu C mo\u017ce prowadzi\u0107 do uszkodzenia w\u0105troby, raka i przedwczesnej \u015bmierci. Jednak leczenie pozwala na szybkie i skuteczne wyleczenie zaka\u017cenia wirusem zapalenia w\u0105troby typu C. Z tego powodu \u015awiatowa Organizacja Zdrowia wyznaczy\u0142a sobie cel zwalczania wirusowego zapalenia w\u0105troby typu C do 2030 roku.<\/p>\n<p>W Wielkiej Brytanii najwi\u0119ksz\u0105 grup\u0105 os\u00f3b zara\u017conych wirusem zapalenia w\u0105troby typu C i ponownie zara\u017conych s\u0105 osoby przyjmuj\u0105ce narkotyki do\u017cylnie.<\/p>\n<p>W poprzednich badaniach przeprowadzonych w 2017 r. szybko zwi\u0119kszono skal\u0119 test\u00f3w i leczenia na obecno\u015b\u0107 wirusowego zapalenia w\u0105troby typu C u os\u00f3b przyjmuj\u0105cych narkotyki w formie iniekcji.\u00a0<a href=\"https:\/\/bnssg.icb.nhs.uk\/about-us\/research-and-evidence\/our-research-portfolio\/nihr-funded-projects\/epitope-evaluating-the-population-impact-of-hepatitis-c-direct-acting-antiviral-treatment-as-prevention-for-people-who-inject-drugs\/\" rel=\"noopener\">nasze badania<\/a>\u00a0wykaza\u0142o, \u017ce jest to bardzo skuteczne rozwi\u0105zanie w ograniczaniu zaka\u017ce\u0144 wirusem zapalenia w\u0105troby typu C.<\/p>\n<p>Aby jednak utrzyma\u0107 nisk\u0105 liczb\u0119 zaka\u017ce\u0144 wirusem zapalenia w\u0105troby typu C, musimy zapobiega\u0107 ponownym zaka\u017ceniom oraz szybko je wykrywa\u0107 i leczy\u0107. Wytyczne zalecaj\u0105, aby osoby leczone na wirusowe zapalenie w\u0105troby typu C by\u0142y badane raz w roku w celu wykrycia ponownego zaka\u017cenia. Jednak nasze badania sugeruj\u0105, \u017ce takie badania kontrolne s\u0105 rzadko przeprowadzane.<\/p>\n<h2>Jaki jest cel bada\u0144?<\/h2>\n<p>Niniejsze badanie ma trzy cele:<\/p>\n<ol>\n<li>Aby dowiedzie\u0107 si\u0119, co pomaga, a co przeszkadza w wykonywaniu dalszych bada\u0144.<\/li>\n<li>Aby dowiedzie\u0107 si\u0119, jakie informacje s\u0105 gromadzone, gdy ludzie poddaj\u0105 si\u0119 testom, co mo\u017ce pom\u00f3c nam zrozumie\u0107, co mo\u017ce zmniejszy\u0107 ryzyko ponownego zaka\u017cenia w przysz\u0142o\u015bci.<\/li>\n<li>Wsp\u00f3\u0142tworzenie wskaz\u00f3wek na potrzeby przysz\u0142ej praktyki.<\/li>\n<\/ol>\n<h2>Jak to zostanie osi\u0105gni\u0119te?<\/h2>\n<p>Cele niniejszego badania zostan\u0105 osi\u0105gni\u0119te w trzech etapach:<\/p>\n<ol>\n<li>Przegl\u0105d zakresu dotychczasowych dowod\u00f3w<\/li>\n<li>Wywiady jako\u015bciowe z osobami wstrzykuj\u0105cymi narkotyki i personelem wykonuj\u0105cym coroczne testy<\/li>\n<li>Wyniki z cz\u0119\u015bci 1 i 2 zostan\u0105 wykorzystane w czterech sesjach koprodukcyjnych. Dwie z nich odb\u0119d\u0105 si\u0119 z udzia\u0142em ekspert\u00f3w ds. wirusowego zapalenia w\u0105troby typu C, personelu wykonuj\u0105cego testy na wirusowe zapalenie w\u0105troby typu C oraz decydent\u00f3w, a dwie z udzia\u0142em os\u00f3b z do\u015bwiadczeniem. Om\u00f3wimy:<\/li>\n<\/ol>\n<ul>\n<li>jak mo\u017cna pokona\u0107 zidentyfikowane bariery,<\/li>\n<li>jak ulepszy\u0107 ofert\u0119 testu rocznego<\/li>\n<li>oraz informacje niezb\u0119dne do wspierania krajowego monitorowania wska\u017anik\u00f3w ponownego zaka\u017cenia wirusem zapalenia w\u0105troby typu C<\/li>\n<\/ul>\n<h2>Kto prowadzi badania?<\/h2>\n<p>Dr Hannah Family, Uniwersytet w Bristolu<\/p>\n<h2>Wi\u0119cej informacji:<\/h2>\n<p>Adres e-mail CI:\u00a0<a href=\"mailto:hannah.family@bristol.ac.uk\">hannah.family@bristol.ac.uk<\/a>\u00a0lub\u00a0<a href=\"mailto:Hannah.family@nhs.net\">Hannah.family@nhs.net<\/a><\/p>\n<p>Aby uzyska\u0107 wi\u0119cej informacji lub zaanga\u017cowa\u0107 si\u0119 w ten projekt, wy\u015blij wiadomo\u015b\u0107 e-mail <a href=\"mailto:bnssg.research@nhs.net\">bnssg.research@nhs.net<\/a>.<\/p>\n<p>Wyra\u017cone pogl\u0105dy s\u0105 pogl\u0105dami autora(-\u00f3w) i niekoniecznie pokrywaj\u0105 si\u0119 z pogl\u0105dami NIHR lub Departamentu Zdrowia i Opieki Spo\u0142ecznej.<\/p>\n  <\/div>\r\n  <\/section><\/div><!-- .assembler_text-module.assembler_module.assembler_text-module_1.assembler_module_1..transparent --><\/div><!-- .assembler_module_area.assembler_module_area_1 --><\/div><!-- .assembler_default-group.assembler_module_group.assembler_default-group_1.assembler_module_group_1  -->","protected":false},"excerpt":{"rendered":"<p>Section titled module-1 PROACTIVE: HePatitis C Reinfection: Optimising surveillAnCe for detection and preVEntion Funding National Institute for Health and Care Research (NIHR) , Programme Development Grant (PDG) Ref. NIHR207646 What is the Research Question? What are the barriers to follow up testing for Hepatitis C, \u00a0and how can those who inject drugs reduce their risk [&hellip;]<\/p>\n","protected":false},"author":28,"featured_media":0,"parent":32881,"menu_order":0,"comment_status":"closed","ping_status":"closed","template":"","meta":{"_acf_changed":false,"footnotes":""},"tags":[],"class_list":["post-33231","page","type-page","status-publish","hentry"],"acf":[],"_links":{"self":[{"href":"https:\/\/bnssghealthiertogether.org.uk\/pl\/wp-json\/wp\/v2\/pages\/33231","targetHints":{"allow":["GET"]}}],"collection":[{"href":"https:\/\/bnssghealthiertogether.org.uk\/pl\/wp-json\/wp\/v2\/pages"}],"about":[{"href":"https:\/\/bnssghealthiertogether.org.uk\/pl\/wp-json\/wp\/v2\/types\/page"}],"author":[{"embeddable":true,"href":"https:\/\/bnssghealthiertogether.org.uk\/pl\/wp-json\/wp\/v2\/users\/28"}],"replies":[{"embeddable":true,"href":"https:\/\/bnssghealthiertogether.org.uk\/pl\/wp-json\/wp\/v2\/comments?post=33231"}],"version-history":[{"count":3,"href":"https:\/\/bnssghealthiertogether.org.uk\/pl\/wp-json\/wp\/v2\/pages\/33231\/revisions"}],"predecessor-version":[{"id":36171,"href":"https:\/\/bnssghealthiertogether.org.uk\/pl\/wp-json\/wp\/v2\/pages\/33231\/revisions\/36171"}],"up":[{"embeddable":true,"href":"https:\/\/bnssghealthiertogether.org.uk\/pl\/wp-json\/wp\/v2\/pages\/32881"}],"wp:attachment":[{"href":"https:\/\/bnssghealthiertogether.org.uk\/pl\/wp-json\/wp\/v2\/media?parent=33231"}],"wp:term":[{"taxonomy":"post_tag","embeddable":true,"href":"https:\/\/bnssghealthiertogether.org.uk\/pl\/wp-json\/wp\/v2\/tags?post=33231"}],"curies":[{"name":"wp","href":"https:\/\/api.w.org\/{rel}","templated":true}]}}