{"id":34142,"date":"2024-11-22T12:24:40","date_gmt":"2024-11-22T12:24:40","guid":{"rendered":"https:\/\/bnssghealthiertogether.org.uk\/?page_id=34142"},"modified":"2025-11-20T14:43:22","modified_gmt":"2025-11-20T14:43:22","slug":"contact-us","status":"publish","type":"page","link":"https:\/\/bnssghealthiertogether.org.uk\/pl\/integrated-care-board\/contact-us\/","title":{"rendered":"Skontaktuj si\u0119 z Zarz\u0105dem Opieki Zintegrowanej"},"content":{"rendered":"<div class=\"assembler_default-group assembler_module_group assembler_default-group_1 assembler_module_group_1\"><div class=\"assembler_module_area assembler_module_area_1\"><div class=\"assembler_table-of-contents-module assembler_module assembler_table-of-contents-module_1 assembler_module_1  transparent\"><a tabindex=\"-1\" title=\"Section titled module-1\" id=\"module-1\" href=\"https:\/\/bnssghealthiertogether.org.uk\/pl\/wp-json\/wp\/v2\/pages\/34142\/#module-1\" class=\"anchor\"><span class=\"hidden\">Section titled module-1<\/span><\/a><!-- Template found for table-of-contents-module - Template: template-table-of-contents - Matched: _only -->\r\n<section class=\"w-full mx-auto max-w-content border-b border-pale-grey pt-6 sm:pt-12 pb-3 sm:pb-6\">\r\n    <div class=\"entry-content w-full\">\r\n    <h1>Contact us<\/h1>\n<p>Contents<\/p>\n    <div class=\"navigation-list\">\r\n                    <ul>\r\n                      <li class=\"text-sm\">\r\n                                                              Customer services                            <\/li>\r\n                                <li class=\"text-sm\">\r\n                              <a href=\"https:\/\/bnssghealthiertogether.org.uk\/pl\/integrated-care-board\/contact-us\/making-a-complaint\/\" class=\"text-sm underline-offset-4 font-normal hover:!underline-4\">\r\n                                                                Making a complaint                                <\/a>\r\n                          <\/li>\r\n                      <li class=\"text-sm\">\r\n                              <a href=\"https:\/\/bnssghealthiertogether.org.uk\/pl\/integrated-care-board\/contact-us\/social-media\/\" class=\"text-sm underline-offset-4 font-normal hover:!underline-4\">\r\n                                                                Social media                                <\/a>\r\n                          <\/li>\r\n                      <li class=\"text-sm\">\r\n                              <a href=\"https:\/\/bnssghealthiertogether.org.uk\/pl\/integrated-care-board\/contact-us\/freedom-of-information-requests\/\" class=\"text-sm underline-offset-4 font-normal hover:!underline-4\">\r\n                                                                Freedom of Information requests                                <\/a>\r\n                          <\/li>\r\n                      <li class=\"text-sm\">\r\n                              <a href=\"https:\/\/bnssghealthiertogether.org.uk\/pl\/integrated-care-board\/contact-us\/subject-access-requests\/\" class=\"text-sm underline-offset-4 font-normal hover:!underline-4\">\r\n                                                                Subject Access Requests                                <\/a>\r\n                          <\/li>\r\n                      <li class=\"text-sm\">\r\n                              <a href=\"https:\/\/bnssghealthiertogether.org.uk\/pl\/integrated-care-board\/contact-us\/privacy-notice\/\" class=\"text-sm underline-offset-4 font-normal hover:!underline-4\">\r\n                                                                Privacy notice                                <\/a>\r\n                          <\/li>\r\n                  <\/ul>\r\n          <\/div>\r\n  <\/div>\r\n<\/section><\/div><!-- .assembler_table-of-contents-module.assembler_module.assembler_table-of-contents-module_1.assembler_module_1..transparent --><div class=\"assembler_text-module assembler_module assembler_text-module_2 assembler_module_2  transparent\"><a tabindex=\"-1\" title=\"Section titled module-2\" id=\"module-2\" href=\"https:\/\/bnssghealthiertogether.org.uk\/pl\/wp-json\/wp\/v2\/pages\/34142\/#module-2\" class=\"anchor\"><span class=\"hidden\">Section titled module-2<\/span><\/a><!-- Template found for text-module - Template: template-text - Matched: _only --><section class=\"w-full mx-auto max-w-content pt-3 sm:pt-6 pb-3 sm:pb-6\">\r\n  <div class=\"entry-content w-full !px-0 max-w-small\">\r\n        <h1>Customer services<\/h1>\n<p>NHS Bristol, North Somerset and South Gloucestershire Integrated Care Board (ICB) is committed to ensuring that services in the local area meet and exceed the expectations of our population. Your feedback is important and we strongly encourage you to share your experience with us so we can use it to help maintain, improve or change the services we commission.<\/p>\n<p>If you have a compliment, concern, or complaint, or would like some free and confidential advice about a healthcare service you have received, contact our Customer Services Team who will be happy to help you.<\/p>\n<p>The team can be contacted by completing our\u00a0<a href=\"#module-3\">online contact form<\/a>, or by using the following contact details:<\/p>\n<p>Tel: 0117 900 2655 or 0800 073 0907 (freephone)<\/p>\n<p>Email:\u00a0<a href=\"mailto:bnssg.customerservice@nhs.net\">bnssg.customerservice@nhs.net<\/a><\/p>\n<p>Write to:<br \/>\nCustomer Services Team<br \/>\nNHS Bristol, North Somerset and South Gloucestershire ICB<br \/>\nFloor 2, North Wing<br \/>\n100 Temple Street<br \/>\nBristol<br \/>\nBS1 6AG<\/p>\n<h2>Media enquiries<\/h2>\n<p>Journalists contacting our media team should call 0300 123 4476 or email <a href=\"mailto:bnssg.communications@nhs.net\">bnssg.communications@nhs.net<\/a>. For urgent responses outside of normal office hours, please call 0300 123 4476. <strong>Please note that this number is for media queries only.<\/strong><\/p>\n  <\/div>\r\n  <\/section><\/div><!-- .assembler_text-module.assembler_module.assembler_text-module_2.assembler_module_2..transparent --><div class=\"assembler_form-module assembler_module assembler_form-module_3 assembler_module_3  transparent\"><a tabindex=\"-1\" title=\"Section titled module-3\" id=\"module-3\" href=\"https:\/\/bnssghealthiertogether.org.uk\/pl\/wp-json\/wp\/v2\/pages\/34142\/#module-3\" class=\"anchor\"><span class=\"hidden\">Section titled module-3<\/span><\/a><!-- Template found for form-module - Template: template-form - Matched: _only --><section class=\"w-full max-w-small mx-auto px-9 pt-3 sm:pt-6 pb-12 sm:pb-24\">\n  <h2 class=\"entry-title text-primary text-center mb-9\">Contact us<\/h2>\n  <div class=\"entry-content w-full mx-auto max-w-tiny\">\n      <\/div>\n  <div class=\"frm_forms  with_frm_style frm_center_submit frm_style_formidable-style\" id=\"frm_form_37_container\" data-token=\"e68caf31a49809c9a9f6ebea698fc57a\">\n<form enctype=\"multipart\/form-data\" method=\"post\" class=\"frm-show-form  frm_pro_form  frm_logic_form \" id=\"form_contactus\" data-token=\"e68caf31a49809c9a9f6ebea698fc57a\">\n<div class=\"frm_form_fields \">\n<fieldset>\n<legend class=\"frm_screen_reader\">Contact us - ICB<\/legend>\r\n\r\n<div class=\"frm_fields_container\">\n<input type=\"hidden\" name=\"frm_action\" value=\"create\" \/>\n<input type=\"hidden\" name=\"form_id\" value=\"37\" \/>\n<input type=\"hidden\" name=\"frm_hide_fields_37\" id=\"frm_hide_fields_37\" value=\"\" \/>\n<input type=\"hidden\" name=\"form_key\" value=\"contactus\" \/>\n<input type=\"hidden\" name=\"item_meta[0]\" value=\"\" \/>\n<input type=\"hidden\" id=\"frm_submit_entry_37\" name=\"frm_submit_entry_37\" value=\"19819cf7b3\" \/><input type=\"hidden\" name=\"_wp_http_referer\" value=\"\/pl\/wp-json\/wp\/v2\/pages\/34142\" \/><div id=\"frm_field_639_container\" class=\"frm_form_field frm_section_heading form-field  frm_first frm_half frm_hide_section\">\r\n<h3 class=\"frm_pos_none frm_section_spacing\">Section<\/h3>\r\n\r\n\r\n<div id=\"frm_field_640_container\" class=\"frm_form_field form-field  frm_required_field frm_none_container frm12 frm_first\">\r\n    <label for=\"field_wiiwe\" id=\"field_wiiwe_label\" class=\"frm_primary_label\">My enquiry is about\r\n        <span class=\"frm_required\" aria-hidden=\"true\">*<\/span>\r\n    <\/label>\r\n    \t\t<select name=\"item_meta[640]\" id=\"field_wiiwe\"  data-sectionid=\"639\"  data-placeholder=\"My enquiry is about\"  aria-label=\"My enquiry is about\"  placeholder=\"My enquiry is about\" data-reqmsg=\"My enquiry is about cannot be blank.\" aria-required=\"true\" data-invmsg=\"My enquiry is about is invalid\" aria-invalid=\"false\"  >\n\t\t<option  class=\"frm-select-placeholder\" value=\"\" data-placeholder=\"true\">My enquiry is about<\/option><option  value=\"a compliment, concern or complaint\">a compliment, concern or complaint<\/option><option  value=\"a Freedom of Information request\">a Freedom of Information request<\/option><option  value=\"advice in relation to a healthcare service\">advice in relation to a healthcare service<\/option><option  value=\"a subject access request\">a subject access request<\/option><option  value=\"something else\">something else<\/option><option  value=\"ICB Board question\">ICB Board question<\/option>\t<\/select>\n\t\r\n    \r\n    \r\n<\/div>\n<\/div>\n<div id=\"frm_field_642_container\" class=\"frm_form_field frm_section_heading form-field  frm_half frm_hide_section\">\r\n<h3 class=\"frm_pos_none frm_section_spacing\">Section<\/h3>\r\n\r\n\r\n<div id=\"frm_field_643_container\" class=\"frm_form_field form-field  frm_none_container frm_first frm_fourth\">\r\n    <label for=\"field_j0u45\" id=\"field_j0u45_label\" class=\"frm_primary_label\">Title\r\n        <span class=\"frm_required\" aria-hidden=\"true\"><\/span>\r\n    <\/label>\r\n    \t\t<select name=\"item_meta[643]\" id=\"field_j0u45\"  data-sectionid=\"642\"  data-placeholder=\"Title\"  aria-label=\"Title\"  placeholder=\"Title\" data-invmsg=\"Title jest nieprawid\u0142owe\" aria-invalid=\"false\"  >\n\t\t<option  class=\"frm-select-placeholder\" value=\"\" data-placeholder=\"true\">Title<\/option><option  value=\"Mr\">Mr<\/option><option  value=\"Mrs\">Mrs<\/option><option  value=\"Miss\">Miss<\/option><option  value=\"Ms\">Ms<\/option><option  value=\"Sir\">Sir<\/option>\t<\/select>\n\t\r\n    \r\n    \r\n<\/div>\n<div id=\"frm_field_644_container\" class=\"frm_form_field form-field  frm_required_field frm_none_container frm_three_fourths\">\r\n    <label for=\"field_6kttv\" id=\"field_6kttv_label\" class=\"frm_primary_label\">First Name\r\n        <span class=\"frm_required\" aria-hidden=\"true\">*<\/span>\r\n    <\/label>\r\n    <input  type=\"text\" id=\"field_6kttv\" name=\"item_meta[644]\" value=\"\"  data-sectionid=\"642\"  aria-label=\"First Name\"  placeholder=\"First Name\" data-reqmsg=\"First Name cannot be blank.\" aria-required=\"true\" data-invmsg=\"Text is invalid\" aria-invalid=\"false\"   \/>\r\n    \r\n    \r\n<\/div>\n<\/div>\n<div id=\"frm_field_646_container\" class=\"frm_form_field frm_section_heading form-field  frm_half frm_first frm_hide_section\">\r\n<h3 class=\"frm_pos_none frm_section_spacing\">Section<\/h3>\r\n\r\n\r\n<div id=\"frm_field_647_container\" class=\"frm_form_field form-field  frm_none_container frm12 frm_first\">\r\n    <label for=\"field_e0lt8\" id=\"field_e0lt8_label\" class=\"frm_primary_label\">Message\r\n        <span class=\"frm_required\" aria-hidden=\"true\"><\/span>\r\n    <\/label>\r\n    <textarea name=\"item_meta[647]\" id=\"field_e0lt8\" rows=\"28\"  data-sectionid=\"646\"  aria-label=\"Message\"  placeholder=\"Message...\" data-invmsg=\"Message jest nieprawid\u0142owe\" aria-invalid=\"false\"  ><\/textarea>\r\n    \r\n    \r\n<\/div>\n<\/div>\n<div id=\"frm_field_649_container\" class=\"frm_form_field frm_section_heading form-field  frm_half frm_hide_section\">\r\n<h3 class=\"frm_pos_none frm_section_spacing\">Section<\/h3>\r\n\r\n\r\n<div id=\"frm_field_650_container\" class=\"frm_form_field form-field  frm_required_field frm_none_container frm12 frm_first\">\r\n    <label for=\"field_pad5m\" id=\"field_pad5m_label\" class=\"frm_primary_label\">Last Name\r\n        <span class=\"frm_required\" aria-hidden=\"true\">*<\/span>\r\n    <\/label>\r\n    <input  type=\"text\" id=\"field_pad5m\" name=\"item_meta[650]\" value=\"\"  data-sectionid=\"649\"  aria-label=\"Last Name\"  placeholder=\"Last Name\" data-reqmsg=\"Last Name cannot be blank.\" aria-required=\"true\" data-invmsg=\"Last Name jest nieprawid\u0142owe\" aria-invalid=\"false\"   \/>\r\n    \r\n    \r\n<\/div>\n<div id=\"frm_field_651_container\" class=\"frm_form_field form-field  frm_required_field frm_none_container frm12 frm_first\">\r\n    <label for=\"field_9lutq\" id=\"field_9lutq_label\" class=\"frm_primary_label\">Email Address\r\n        <span class=\"frm_required\" aria-hidden=\"true\">*<\/span>\r\n    <\/label>\r\n    <input  type=\"text\" id=\"field_9lutq\" name=\"item_meta[651]\" value=\"\"  data-sectionid=\"649\"  aria-label=\"Email Address\"  placeholder=\"Email Address\" data-reqmsg=\"Email Address cannot be blank.\" aria-required=\"true\" data-invmsg=\"Last Name is invalid\" aria-invalid=\"false\"   \/>\r\n    \r\n    \r\n<\/div>\n<div id=\"frm_field_652_container\" class=\"frm_form_field form-field  frm_none_container frm12 frm_first\">\r\n    <label for=\"field_gf03f\" id=\"field_gf03f_label\" class=\"frm_primary_label\">Telephone Number\r\n        <span class=\"frm_required\" aria-hidden=\"true\"><\/span>\r\n    <\/label>\r\n    <input  type=\"text\" id=\"field_gf03f\" name=\"item_meta[652]\" value=\"\"  data-sectionid=\"649\"  aria-label=\"Telephone Number\"  placeholder=\"Telephone Number\" data-invmsg=\"Last Name is invalid\" aria-invalid=\"false\"   \/>\r\n    \r\n    \r\n<\/div>\n<div id=\"frm_field_653_container\" class=\"frm_form_field form-field  frm_none_container frm12 frm_first\">\r\n    <label for=\"field_6oypu\" id=\"field_6oypu_label\" class=\"frm_primary_label\">Address\r\n        <span class=\"frm_required\" aria-hidden=\"true\"><\/span>\r\n    <\/label>\r\n    <input  type=\"text\" id=\"field_6oypu\" name=\"item_meta[653]\" value=\"\"  data-sectionid=\"649\"  aria-label=\"Address\"  placeholder=\"Address\" data-invmsg=\"Last Name is invalid\" aria-invalid=\"false\"   aria-describedby=\"frm_desc_field_6oypu\" \/>\r\n    <div class=\"frm_description\" id=\"frm_desc_field_6oypu\">Required for Freedom of Information and Subject Access requests.<\/div>\r\n    \r\n<\/div>\n<div id=\"frm_field_654_container\" class=\"frm_form_field form-field  frm_none_container frm12\">\r\n    <label for=\"field_ph3lz\" id=\"field_ph3lz_label\" class=\"frm_primary_label\">Post Code\r\n        <span class=\"frm_required\" aria-hidden=\"true\"><\/span>\r\n    <\/label>\r\n    <input  type=\"text\" id=\"field_ph3lz\" name=\"item_meta[654]\" value=\"\"  data-sectionid=\"649\"  aria-label=\"Post Code\"  placeholder=\"Post Code\" data-invmsg=\"Last Name is invalid\" aria-invalid=\"false\"   aria-describedby=\"frm_desc_field_ph3lz\" \/>\r\n    <div class=\"frm_description\" id=\"frm_desc_field_ph3lz\">Required for Freedom of Information and Subject Access requests.<\/div>\r\n    \r\n<\/div>\n<div id=\"frm_field_655_container\" class=\"frm_form_field form-field  frm_none_container\">\r\n    <label for=\"field_hdavz\" id=\"field_hdavz_label\" class=\"frm_primary_label\">GP Practice\r\n        <span class=\"frm_required\" aria-hidden=\"true\"><\/span>\r\n    <\/label>\r\n    \t\t<select name=\"item_meta[655]\" id=\"field_hdavz\"  data-sectionid=\"649\"  data-placeholder=\"Select your GP Practice...\"  aria-label=\"GP Practice\"  placeholder=\"Select your GP Practice...\" data-invmsg=\"GP Practice jest nieprawid\u0142owe\" aria-invalid=\"false\"  >\n\t\t<option  class=\"frm-select-placeholder\" value=\"\" data-placeholder=\"true\">Select your GP Practice...<\/option><option  value=\"168 Medical Group\">168 Medical Group<\/option><option  value=\"Air Balloon Surgery\">Air Balloon Surgery<\/option><option  value=\"Almondsbury Surgery\">Almondsbury Surgery<\/option><option  value=\"Bedminster Family Practice\">Bedminster Family Practice<\/option><option  value=\"Beechwood Medical Practice\">Beechwood Medical Practice<\/option><option  value=\"Birchwood Medical Practice\">Birchwood Medical Practice<\/option><option  value=\"Bradley Stoke Surgery\">Bradley Stoke Surgery<\/option><option  value=\"Bridge View Medical\">Bridge View Medical<\/option><option  value=\"Broadmead Medical Centre\">Broadmead Medical Centre<\/option><option  value=\"Cadbury Heath Healthcare\">Cadbury Heath Healthcare<\/option><option  value=\"Charlotte Keel Medical Practice\">Charlotte Keel Medical Practice<\/option><option  value=\"Clevedon Medical Centre\">Clevedon Medical Centre<\/option><option  value=\"Close Farm Surgery\">Close Farm Surgery<\/option><option  value=\"Concord Medical Centre\">Concord Medical Centre<\/option><option  value=\"Coniston Medical Practice\">Coniston Medical Practice<\/option><option  value=\"Courtside Surgery\">Courtside Surgery<\/option><option  value=\"Crest Family Practice\">Crest Family Practice<\/option><option  value=\"Downend Health Group\">Downend Health Group<\/option><option  value=\"East Trees Health Centre\">East Trees Health Centre<\/option><option  value=\"Emersons Green Medical Centre\">Emersons Green Medical Centre<\/option><option  value=\"Fallodon Way Medical Centre\">Fallodon Way Medical Centre<\/option><option  value=\"Fireclay Health\">Fireclay Health<\/option><option  value=\"Fishponds Family Practice\">Fishponds Family Practice<\/option><option  value=\"Frome Valley Medical Centre\">Frome Valley Medical Centre<\/option><option  value=\"Gloucester Road Medical Centre\">Gloucester Road Medical Centre<\/option><option  value=\"Graham Road Surgery\">Graham Road Surgery<\/option><option  value=\"Grange Road Surgery\">Grange Road Surgery<\/option><option  value=\"Greenway Community Practice\">Greenway Community Practice<\/option><option  value=\"Hanham Health\">Hanham Health<\/option><option  value=\"Harbourside Family Practice\">Harbourside Family Practice<\/option><option  value=\"Hartwood Healthcare\">Hartwood Healthcare<\/option><option  value=\"Heywood Family Practice\">Heywood Family Practice<\/option><option  value=\"Hillview Family Practice\">Hillview Family Practice<\/option><option  value=\"Homeless Health Service (Brisdoc)\">Homeless Health Service (Brisdoc)<\/option><option  value=\"Horfield Health Centre\">Horfield Health Centre<\/option><option  value=\"Horizon Health Centre\">Horizon Health Centre<\/option><option  value=\"Kennedy Way Surgery\">Kennedy Way Surgery<\/option><option  value=\"Kingswood Health Centre\">Kingswood Health Centre<\/option><option  value=\"Lawrence Hill Health Centre\">Lawrence Hill Health Centre<\/option><option  value=\"Leap Valley Surgery\">Leap Valley Surgery<\/option><option  value=\"Mendip Vale Medical Practice\">Mendip Vale Medical Practice<\/option><option  value=\"Monks Park Surgery\">Monks Park Surgery<\/option><option  value=\"Montpelier Health Centre\">Montpelier Health Centre<\/option><option  value=\"Nightingale Valley Practice\">Nightingale Valley Practice<\/option><option  value=\"Pembroke Rd Surgery\">Pembroke Rd Surgery<\/option><option  value=\"Pilning Surgery\">Pilning Surgery<\/option><option  value=\"Pioneer Medical Group\">Pioneer Medical Group<\/option><option  value=\"Portishead Medical Group\">Portishead Medical Group<\/option><option  value=\"Priory Surgery\">Priory Surgery<\/option><option  value=\"Sea Mills Surgery\">Sea Mills Surgery<\/option><option  value=\"Severn View Family Practice\">Severn View Family Practice<\/option><option  value=\"Shirehampton Group Practice\">Shirehampton Group Practice<\/option><option  value=\"Southmead &amp; Henbury Family Practice\">Southmead &amp; Henbury Family Practice<\/option><option  value=\"St Mary Street Surgery\">St Mary Street Surgery<\/option><option  value=\"Stafford Medical Group\">Stafford Medical Group<\/option><option  value=\"Stockwood Medical Centre\">Stockwood Medical Centre<\/option><option  value=\"Stoke Gifford Medical Centre\">Stoke Gifford Medical Centre<\/option><option  value=\"Streamside Surgery\">Streamside Surgery<\/option><option  value=\"Student Health Service\">Student Health Service<\/option><option  value=\"The Armada Family Practice\">The Armada Family Practice<\/option><option  value=\"The Cedars Surgery\">The Cedars Surgery<\/option><option  value=\"The Family Practice\">The Family Practice<\/option><option  value=\"The Lennard Surgery\">The Lennard Surgery<\/option><option  value=\"The Merrywood Practice\">The Merrywood Practice<\/option><option  value=\"The Milton Surgery\">The Milton Surgery<\/option><option  value=\"The Old School Surgery\">The Old School Surgery<\/option><option  value=\"The Orchard Medical Centre\">The Orchard Medical Centre<\/option><option  value=\"Three Shires Medical Practice\">Three Shires Medical Practice<\/option><option  value=\"Tudor Lodge\">Tudor Lodge<\/option><option  value=\"Tyntesfield Practice\">Tyntesfield Practice<\/option><option  value=\"Wellington Road Family Practice\">Wellington Road Family Practice<\/option><option  value=\"Wells Road Surgery\">Wells Road Surgery<\/option><option  value=\"Wellspring Surgery\">Wellspring Surgery<\/option><option  value=\"West Walk Surgery\">West Walk Surgery<\/option><option  value=\"Westbury-on-Trym Practice\">Westbury-on-Trym Practice<\/option><option  value=\"Whiteladies Medical Group\">Whiteladies Medical Group<\/option><option  value=\"Winscombe &amp; Banwell Family Practice\">Winscombe &amp; Banwell Family Practice<\/option>\t<\/select>\n\t\r\n    <div class=\"frm_description\" id=\"frm_desc_field_hdavz\">Required for complaints related to GP practices<\/div>\r\n    \r\n<\/div>\n<\/div>\n<div id=\"frm_field_657_container\" class=\"frm_form_field frm_section_heading form-field  frm12 frm_hide_section\">\r\n<h3 class=\"frm_pos_none frm_section_spacing\">Section<\/h3>\r\n\r\n\r\n<div id=\"frm_field_658_container\" class=\"frm_form_field form-field  frm_top_container frm_first frm12\">\r\n    <label for=\"field_fbf9q\" id=\"field_fbf9q_label\" class=\"frm_primary_label\">File Upload\r\n        <span class=\"frm_required\" aria-hidden=\"true\"><\/span>\r\n    <\/label>\r\n    <input type=\"hidden\"  data-sectionid=\"657\"  aria-label=\"File Upload\"  data-invmsg=\"File Upload jest nieprawid\u0142owe\" aria-invalid=\"false\"   name=\"item_meta[658]\"  value=\"\" data-frmfile=\"658\" \/>\n\n<div class=\"frm_dropzone frm_single_upload frm_clearfix\" id=\"file658_dropzone\" role=\"group\" >\n\t<div class=\"fallback\">\n\t\t<input type=\"file\" name=\"file658\" id=\"field_fbf9q\"\n\t\t\t data-sectionid=\"657\"  aria-label=\"File Upload\"  data-invmsg=\"File Upload jest nieprawid\u0142owe\" aria-invalid=\"false\"  \t\t\t\/>\n\t\t\t\t<div class=\"frm_clearfix \"><\/div>\n\t<\/div>\n\t<div class=\"dz-message needsclick\">\n\t\t\t\t<svg  viewBox=\"0 0 18 18\" class=\"frmsvg frm-svg-icon\">\n\t<path viewBox=\"0 0 18 18\" fill-rule=\"evenodd\" clip-rule=\"evenodd\" d=\"M8.2 4v8a.8.8 0 001.5 0V4l2.1 2.2A.7.7 0 1013 5L9.5 1.7a.7.7 0 00-1.1 0L5.1 5.2a.8.8 0 001 1l2.1-2zm7.6 4.3c.4 0 .7.3.7.7v6.8c0 .4-.3.7-.8.7H2.3a.8.8 0 01-.8-.8V9A.8.8 0 013 9v6h12V9c0-.4.3-.8.8-.8z\"><\/path>\n<\/svg>\t\t<span class=\"frm_upload_text\"><button type=\"button\" aria-label=\"File Upload. Drop a file here or click to upload. Maximum file size: 268.44MB\">Drop a file here or click to upload<\/button><\/span>\n\t\t<span class=\"frm_compact_text\"><button type=\"button\" aria-label=\"File Upload. Choose File. Maximum file size: 268.44MB\">Choose File<\/button><\/span>\n\t\t<div class=\"frm_small_text\">\n\t\t\t<p>Maximum file size: 268.44MB<\/p>\n\t\t<\/div>\n\t<\/div>\n<\/div>\n\t\r\n    \r\n    \r\n<\/div>\n<\/div>\n<div id=\"frm_field_660_container\" class=\"frm_form_field form-field  frm_none_container\">\r\n    <label for=\"g-recaptcha-response\" id=\"field_c7svg_label\" class=\"frm_primary_label\">Captcha\r\n        <span class=\"frm_required\" aria-hidden=\"true\"><\/span>\r\n    <\/label>\r\n    <div  id=\"field_c7svg\" class=\"frm-g-recaptcha\" data-sitekey=\"6LcfcdIrAAAAABoGTdmrfrKmWknEGo3vPCiX0dtp\" data-size=\"invisible\" data-theme=\"light\"><\/div>\r\n    \r\n    \r\n<\/div>\n<div id=\"frm_field_661_container\" class=\"frm_form_field  frm_html_container entry-content form-field\"><\/div>\n<div id=\"frm_field_662_container\" class=\"frm_form_field form-field \">\r\n\t<div class=\"frm_submit\">\r\n\r\n<button class=\"frm_button_submit frm_final_submit btn-primary\" type=\"submit\"  >Submit<\/button>\r\n\r\n<\/div>\r\n<\/div>\n\t<input type=\"hidden\" name=\"item_key\" value=\"\" \/>\n\t\t\t<div id=\"frm_field_1086_container\">\n\t\t\t<label for=\"field_i8m3u\" >\n\t\t\t\tJe\u017celi jeste\u015b cz\u0142owiekiem, zostaw to pole puste.\t\t\t<\/label>\n\t\t\t<input  id=\"field_i8m3u\" type=\"text\" class=\"frm_form_field form-field frm_verify\" name=\"item_meta[1086]\" value=\"\"  \/>\n\t\t<\/div>\n\t\t<input name=\"frm_state\" type=\"hidden\" value=\"pVVlNOo0OqFZ5m6+l7U0t5FrfJzs+72\/yjuk4T5C9tfgAKGjH4d1CIy+ScagaXsH\" \/><\/div>\n<\/fieldset>\n<\/div>\n\n<\/form>\n<\/div>\n\n<\/section>\n<\/div><!-- .assembler_form-module.assembler_module.assembler_form-module_3.assembler_module_3..transparent --><\/div><!-- .assembler_module_area.assembler_module_area_1 --><\/div><!-- .assembler_default-group.assembler_module_group.assembler_default-group_1.assembler_module_group_1  -->","protected":false},"excerpt":{"rendered":"<p>How to contact the ICB Customer Services team, make a Freedom of Information request or a Subject Access Request.<\/p>","protected":false},"author":7,"featured_media":0,"parent":11828,"menu_order":0,"comment_status":"closed","ping_status":"closed","template":"","meta":{"_acf_changed":false,"footnotes":""},"tags":[805,921,926,925,927,922,923,924],"class_list":["post-34142","page","type-page","status-publish","hentry","tag-complaint","tag-customer-services","tag-foi","tag-freedom-of-information","tag-make-a-complaint","tag-media-enquiries","tag-press","tag-social-media"],"acf":[],"_links":{"self":[{"href":"https:\/\/bnssghealthiertogether.org.uk\/pl\/wp-json\/wp\/v2\/pages\/34142","targetHints":{"allow":["GET"]}}],"collection":[{"href":"https:\/\/bnssghealthiertogether.org.uk\/pl\/wp-json\/wp\/v2\/pages"}],"about":[{"href":"https:\/\/bnssghealthiertogether.org.uk\/pl\/wp-json\/wp\/v2\/types\/page"}],"author":[{"embeddable":true,"href":"https:\/\/bnssghealthiertogether.org.uk\/pl\/wp-json\/wp\/v2\/users\/7"}],"replies":[{"embeddable":true,"href":"https:\/\/bnssghealthiertogether.org.uk\/pl\/wp-json\/wp\/v2\/comments?post=34142"}],"version-history":[{"count":10,"href":"https:\/\/bnssghealthiertogether.org.uk\/pl\/wp-json\/wp\/v2\/pages\/34142\/revisions"}],"predecessor-version":[{"id":44543,"href":"https:\/\/bnssghealthiertogether.org.uk\/pl\/wp-json\/wp\/v2\/pages\/34142\/revisions\/44543"}],"up":[{"embeddable":true,"href":"https:\/\/bnssghealthiertogether.org.uk\/pl\/wp-json\/wp\/v2\/pages\/11828"}],"wp:attachment":[{"href":"https:\/\/bnssghealthiertogether.org.uk\/pl\/wp-json\/wp\/v2\/media?parent=34142"}],"wp:term":[{"taxonomy":"post_tag","embeddable":true,"href":"https:\/\/bnssghealthiertogether.org.uk\/pl\/wp-json\/wp\/v2\/tags?post=34142"}],"curies":[{"name":"wp","href":"https:\/\/api.w.org\/{rel}","templated":true}]}}