{"id":34274,"date":"2024-11-24T23:12:01","date_gmt":"2024-11-24T23:12:01","guid":{"rendered":"https:\/\/bnssghealthiertogether.org.uk\/?page_id=34274"},"modified":"2026-04-08T16:35:58","modified_gmt":"2026-04-08T15:35:58","slug":"walk-in-covid-vaccination-clinics","status":"publish","type":"page","link":"https:\/\/bnssghealthiertogether.org.uk\/pl\/vaccination\/covid-vaccination\/walk-in-covid-vaccination-clinics\/","title":{"rendered":"Walk-in COVID-19 vaccination clinics"},"content":{"rendered":"<div class=\"assembler_default-group assembler_module_group assembler_default-group_1 assembler_module_group_1\"><div class=\"assembler_module_area assembler_module_area_1\"><div class=\"assembler_table-of-contents-module assembler_module assembler_table-of-contents-module_1 assembler_module_1  transparent\"><a tabindex=\"-1\" title=\"Sekcja zatytu\u0142owana modu\u0142-1\" id=\"module-1\" href=\"https:\/\/bnssghealthiertogether.org.uk\/pl\/wp-json\/wp\/v2\/pages\/34274\/#module-1\" class=\"anchor\"><span class=\"hidden\">Sekcja zatytu\u0142owana modu\u0142-1<\/span><\/a><!-- Template found for table-of-contents-module - Template: template-table-of-contents - Matched: _only -->\r\n<section class=\"w-full mx-auto max-w-content border-b border-pale-grey pt-6 sm:pt-12 pb-3 sm:pb-6\">\r\n    <div class=\"entry-content w-full\">\r\n    <h1>Szczepienie przeciwko COVID-19<\/h1>\n<p>Zawarto\u015b\u0107<\/p>\n    <div class=\"navigation-list\">\r\n                    <ul>\r\n                      <li class=\"text-sm\">\r\n                              <a href=\"https:\/\/bnssghealthiertogether.org.uk\/pl\/vaccination\/covid-vaccination\/\" class=\"text-sm underline-offset-4 font-normal hover:!underline-4\">\r\n                                                                Szczepienie przeciwko COVID-19                                <\/a>\r\n                          <\/li>\r\n                                <li class=\"text-sm\">\r\n                                                              Przychodnie szczepie\u0144 bez wcze\u015bniejszej rejestracji                            <\/li>\r\n                      <li class=\"text-sm\">\r\n                              <a href=\"https:\/\/bnssghealthiertogether.org.uk\/pl\/vaccination\/covid-vaccination\/local-research-and-insight\/\" class=\"text-sm underline-offset-4 font-normal hover:!underline-4\">\r\n                                                                Lokalne badania i spostrze\u017cenia                                <\/a>\r\n                          <\/li>\r\n                  <\/ul>\r\n          <\/div>\r\n  <\/div>\r\n<\/section><\/div><!-- .assembler_table-of-contents-module.assembler_module.assembler_table-of-contents-module_1.assembler_module_1..transparent --><div class=\"assembler_text-module assembler_module assembler_text-module_2 assembler_module_2  transparent\"><a tabindex=\"-1\" title=\"Sekcja zatytu\u0142owana modu\u0142-2\" id=\"module-2\" href=\"https:\/\/bnssghealthiertogether.org.uk\/pl\/wp-json\/wp\/v2\/pages\/34274\/#module-2\" class=\"anchor\"><span class=\"hidden\">Sekcja zatytu\u0142owana modu\u0142-2<\/span><\/a><!-- Template found for text-module - Template: template-text - Matched: _only --><section class=\"w-full mx-auto max-w-content pt-3 sm:pt-6 pb-10 sm:pb-20\">\r\n  <div class=\"entry-content w-full !px-0 max-w-small\">\r\n        <h1>Przychodnie szczepie\u0144 bez wcze\u015bniejszej rejestracji<\/h1>\n<p>If you\u2019re eligible and aged over 12, you can get a COVID-19 vaccination without an appointment at a local walk-in clinic.<\/p>\n<p>Chcemy, aby\u015b czu\u0142 si\u0119 bezpiecznie i komfortowo w naszych punktach szczepie\u0144 NHS. Je\u015bli masz w\u0105tpliwo\u015bci lub problem, na przyk\u0142ad zwi\u0105zany ze stanem zdrowia, skontaktuj si\u0119 z nami pod adresem <a href=\"mailto:bnssg.massvaccination@nhs.net\">bnssg.massvaccination@nhs.net<\/a> i zrobimy wszystko co w naszej mocy, \u017ceby pom\u00f3c.<\/p>\n<p><strong>Thursday 16 April 10.30am &#8211; 5.30pm<\/strong><\/p>\n<p>St Werburghs Community Centre, Horley Road St. Werburghs, Bristol, BS2 9TJ<\/p>\n<p><strong>Friday 17 April 10.30am &#8211; 12.00pm<\/strong><\/p>\n<p>Hillfields Park Community centre, Thicket Avenue, BS16 4EH<\/p>\n<p><strong>Friday 17 April 1.30pm &#8211; 3.30pm<\/strong><\/p>\n<p>BS3 Community,\u00a0 Osborne Room, The Southville Centre, Beauley Road, BS3 1QG<\/p>\n<p><strong>Tuesday 21 April 10.00am &#8211; 12.00pm<\/strong><\/p>\n<p>St Andrews &#8216;The Well&#8217; cafe in St Andrews Church, Avonmouth Road junction (off McLaren Road), Avonmouth, BS11 9EN<\/p>\n<p><strong>Tuesday 21 April <span style=\"font-size: 1.125rem;\">10.00am &#8211; 5.00pm<\/span><\/strong><\/p>\n<p><span style=\"font-size: 1.125rem;\">Ambition House community centre, 2 Stile Acres, Lawrence Weston, BS11 0PZ\u00a0<\/span><\/p>\n<p><strong>Wednesday 22 April 10.30am &#8211; 2.00pm<\/strong><\/p>\n<p>For All Healthy Living Centre, 68 Lonsdale Ave, Bournville, Weston Super Mare, BS23 3SJ<\/p>\n<p><strong>Wednesday 22 April 2.<span style=\"font-size: 1.125rem;\">00pm &#8211; 5.00pm<\/span><\/strong><\/p>\n<p><span style=\"font-size: 1.125rem;\">St Georges Community Centre, Willow Close, Weston Super Mare, BS22 7XF\u00a0 \u00a0 \u00a0 \u00a0 \u00a0 \u00a0\u00a0<\/span><\/p>\n<p><strong>Wednesday 29 April 2.30pm &#8211; 5:30pm<\/strong><\/p>\n<p>Library of Things, Share Bristol, 47-49 East Street, Bedminster, Bristol, BS3 4HB<\/p>\n<p><strong>Wednesday 29 April 10.00am &#8211; 12.00pm<\/strong><\/p>\n<p>Redcliffe Hub community centre, 4 Waring House, Redcliffe, Bristol, BS1 6TB<\/p>\n  <\/div>\r\n  <\/section><\/div><!-- .assembler_text-module.assembler_module.assembler_text-module_2.assembler_module_2..transparent --><\/div><!-- .assembler_module_area.assembler_module_area_1 --><\/div><!-- .assembler_default-group.assembler_module_group.assembler_default-group_1.assembler_module_group_1  -->","protected":false},"excerpt":{"rendered":"<p>If you\u2019re eligible and aged over 18, you can get a COVID-19 and\/or flu vaccination without an appointment at one of the following walk-in clinics.<\/p>","protected":false},"author":7,"featured_media":0,"parent":677,"menu_order":2,"comment_status":"closed","ping_status":"closed","template":"","meta":{"_acf_changed":false,"footnotes":""},"tags":[],"class_list":["post-34274","page","type-page","status-publish","hentry"],"acf":[],"_links":{"self":[{"href":"https:\/\/bnssghealthiertogether.org.uk\/pl\/wp-json\/wp\/v2\/pages\/34274","targetHints":{"allow":["GET"]}}],"collection":[{"href":"https:\/\/bnssghealthiertogether.org.uk\/pl\/wp-json\/wp\/v2\/pages"}],"about":[{"href":"https:\/\/bnssghealthiertogether.org.uk\/pl\/wp-json\/wp\/v2\/types\/page"}],"author":[{"embeddable":true,"href":"https:\/\/bnssghealthiertogether.org.uk\/pl\/wp-json\/wp\/v2\/users\/7"}],"replies":[{"embeddable":true,"href":"https:\/\/bnssghealthiertogether.org.uk\/pl\/wp-json\/wp\/v2\/comments?post=34274"}],"version-history":[{"count":37,"href":"https:\/\/bnssghealthiertogether.org.uk\/pl\/wp-json\/wp\/v2\/pages\/34274\/revisions"}],"predecessor-version":[{"id":47710,"href":"https:\/\/bnssghealthiertogether.org.uk\/pl\/wp-json\/wp\/v2\/pages\/34274\/revisions\/47710"}],"up":[{"embeddable":true,"href":"https:\/\/bnssghealthiertogether.org.uk\/pl\/wp-json\/wp\/v2\/pages\/677"}],"wp:attachment":[{"href":"https:\/\/bnssghealthiertogether.org.uk\/pl\/wp-json\/wp\/v2\/media?parent=34274"}],"wp:term":[{"taxonomy":"post_tag","embeddable":true,"href":"https:\/\/bnssghealthiertogether.org.uk\/pl\/wp-json\/wp\/v2\/tags?post=34274"}],"curies":[{"name":"wp","href":"https:\/\/api.w.org\/{rel}","templated":true}]}}