{"id":34406,"date":"2024-11-26T14:34:29","date_gmt":"2024-11-26T14:34:29","guid":{"rendered":"https:\/\/bnssghealthiertogether.org.uk\/?page_id=34406"},"modified":"2025-01-15T22:14:45","modified_gmt":"2025-01-15T22:14:45","slug":"a-new-person-reported-experience-measure-prem-for-the-new-community-mental-health-service-in-bnssg","status":"publish","type":"page","link":"https:\/\/bnssghealthiertogether.org.uk\/pl\/integrated-care-board\/research-and-evidence\/impact-case-studies\/a-new-person-reported-experience-measure-prem-for-the-new-community-mental-health-service-in-bnssg\/","title":{"rendered":"Nowa miara do\u015bwiadczenia zg\u0142aszanego przez osob\u0119 (PREM) dla nowej S\u0142u\u017cby Zdrowia Psychicznego Spo\u0142eczno\u015bci"},"content":{"rendered":"<div class=\"assembler_default-group assembler_module_group assembler_default-group_1 assembler_module_group_1\"><div class=\"assembler_module_area assembler_module_area_1\"><div class=\"assembler_text-module assembler_module assembler_text-module_1 assembler_module_1  transparent\"><a tabindex=\"-1\" title=\"Sekcja zatytu\u0142owana modu\u0142-1\" id=\"module-1\" href=\"https:\/\/bnssghealthiertogether.org.uk\/pl\/wp-json\/wp\/v2\/pages\/34406\/#module-1\" class=\"anchor\"><span class=\"hidden\">Sekcja zatytu\u0142owana modu\u0142-1<\/span><\/a><!-- Template found for text-module - Template: template-text - Matched: _only --><section class=\"w-full mx-auto max-w-content pt-12 sm:pt-24 pb-12 sm:pb-24\">\r\n  <div class=\"entry-content w-full !px-0 max-w-small\">\r\n        <h1>Nowa miara do\u015bwiadczenia zg\u0142aszanego przez osob\u0119 (PREM) dla nowej s\u0142u\u017cby zdrowia psychicznego w Bristolu, North Somerset i South Gloucestershire<\/h1>\n<p><img decoding=\"async\" class=\"alignnone wp-image-8399 size-medium\" src=\"https:\/\/bnssg.icb.nhs.uk\/wp-content\/uploads\/2022\/07\/People_chatting3.original-300x154.png\" alt=\"A man and woman sitting opposite each other with coffee in front of them, chatting\" width=\"300\" height=\"154\" \/><\/p>\n<p>Us\u0142ugi zdrowia psychicznego w spo\u0142eczno\u015bciach uleg\u0142y zmianie w Bristolu, North Somerset i South Gloucestershire. Us\u0142ugi te s\u0105 teraz zintegrowane, co oznacza, \u017ce wsp\u00f3\u0142pracuj\u0105 ze sob\u0105, aby wspiera\u0107 osoby potrzebuj\u0105ce pomocy w zakresie zdrowia psychicznego. Plani\u015bci us\u0142ug dostrzegli wag\u0119 zrozumienia do\u015bwiadcze\u0144 u\u017cytkownik\u00f3w us\u0142ug dla pomiaru i poprawy ich jako\u015bci, dlatego opracowali narz\u0119dzie Person Reported Experience Measure (PREM). Badanie to ma na celu zbadanie do\u015bwiadcze\u0144 os\u00f3b korzystaj\u0105cych z nowych, zintegrowanych us\u0142ug zdrowia psychicznego w spo\u0142eczno\u015bciach.<\/p>\n<h2>Wp\u0142yw zespo\u0142u ds. efektywno\u015bci klinicznej<\/h2>\n<p>NHS Bristol, North Somerset i South Gloucestershire ICB <a href=\"https:\/\/bnssg.icb.nhs.uk\/about-us\/research-and-evidence\/\" rel=\"noopener\">Zesp\u00f3\u0142 ds. efektywno\u015bci klinicznej<\/a> wspiera\u0142 rozw\u00f3j PREM poprzez:<\/p>\n<ul>\n<li>Zbieranie informacji o tym, w jaki spos\u00f3b istniej\u0105ce lokalne s\u0142u\u017cby wsparcia zdrowia psychicznego gromadzi\u0142y do\u015bwiadczenia u\u017cytkownik\u00f3w<\/li>\n<li>Przeprowadzenie przegl\u0105du literatury dotycz\u0105cej potencjalnie istotnych miar do\u015bwiadczenia<\/li>\n<li>Opracowanie listy potencjalnych program\u00f3w PREM i wsp\u00f3\u0142praca z r\u00f3\u017cnymi interesariuszami w celu przejrzenia listy i uzgodnienia, co powinno si\u0119 w niej znale\u017a\u0107, aby uwzgl\u0119dni\u0107 do\u015bwiadczenia os\u00f3b korzystaj\u0105cych ze spo\u0142ecznych us\u0142ug zdrowia psychicznego w Bristolu, North Somerset i South Gloucestershire.<\/li>\n<\/ul>\n<p>W wyniku tych prac opracowano pi\u0119ciopytaniowy, specjalnie opracowany kwestionariusz PREM do stosowania w us\u0142ugach zdrowia psychicznego w Bristolu, North Somerset i South Gloucestershire. Pytania te mierz\u0105 r\u00f3\u017cne aspekty do\u015bwiadcze\u0144 u\u017cytkownik\u00f3w us\u0142ug. Dwa z nich pochodzi\u0142y od\u2026 <a href=\"https:\/\/gbr01.safelinks.protection.outlook.com\/?url=https%3A%2F%2Fwww.nhs.uk%2Fusing-the-nhs%2Fabout-the-nhs%2Ffriends-and-family-test-fft%2F&amp;data=05%7C01%7Cmiles.jordan%40nhs.net%7C40c53417ec0447d3120c08db082f1f4c%7C37c354b285b047f5b22207b48d774ee3%7C0%7C0%7C638112771755635656%7CUnknown%7CTWFpbGZsb3d8eyJWIjoiMC4wLjAwMDAiLCJQIjoiV2luMzIiLCJBTiI6Ik1haWwiLCJXVCI6Mn0%3D%7C3000%7C%7C%7C&amp;sdata=IKXOdTeFcceXqQGTBzrMoqfsiidqBwPCH5YWrG1QZ9w%3D&amp;reserved=0\" target=\"_blank\" rel=\"noopener\">Test dla przyjaci\u00f3\u0142 i rodziny<\/a>, miara stosowana przez wszystkie s\u0142u\u017cby NHS od 2015 r.<\/p>\n<p>Narz\u0119dzie PREM dla spo\u0142eczno\u015bci zdrowia psychicznego w Bristolu, North Somerset i South Gloucestershire b\u0119dzie dost\u0119pne w wersji papierowej i cyfrowej w wielu j\u0119zykach. Dwie s\u0142u\u017cby przeprowadz\u0105 sze\u015bciomiesi\u0119czny pilota\u017c narz\u0119dzia PREM w 2023 roku, aby zbada\u0107 jego dzia\u0142anie. Ta ewaluacja testowo-edukacyjna pomo\u017ce planistom us\u0142ug zrozumie\u0107, czy narz\u0119dzie jest przydatne w poprawie jako\u015bci us\u0142ug i akceptowalne dla os\u00f3b korzystaj\u0105cych z us\u0142ug zdrowia psychicznego. Wyniki zostan\u0105 wykorzystane w ostatecznej wersji narz\u0119dzia PREM, kt\u00f3re b\u0119dzie stosowane we wszystkich us\u0142ugach zdrowia psychicznego w Bristolu, North Somerset i South Gloucestershire.<\/p>\n<p><a href=\"https:\/\/bnssghealthiertogether.org.uk\/pl\/integrated-care-board\/research-and-evidence\/impact-case-studies\/\">Przeczytaj wi\u0119cej studi\u00f3w przypadk\u00f3w dotycz\u0105cych wp\u0142ywu<\/a><\/p>\n  <\/div>\r\n  <\/section><\/div><!-- .assembler_text-module.assembler_module.assembler_text-module_1.assembler_module_1..transparent --><\/div><!-- .assembler_module_area.assembler_module_area_1 --><\/div><!-- .assembler_default-group.assembler_module_group.assembler_default-group_1.assembler_module_group_1  -->","protected":false},"excerpt":{"rendered":"<p>Section titled module-1 A new Person Reported Experience Measure (PREM) for the new Community Mental Health Service in Bristol, North Somerset and South Gloucestershire Community Mental Health services have changed in Bristol, North Somerset and South Gloucestershire. The services are now integrated, which means they work together to support people who need help with their [&hellip;]<\/p>\n","protected":false},"author":1,"featured_media":0,"parent":32870,"menu_order":0,"comment_status":"closed","ping_status":"closed","template":"","meta":{"_acf_changed":false,"footnotes":""},"tags":[],"class_list":["post-34406","page","type-page","status-publish","hentry"],"acf":[],"_links":{"self":[{"href":"https:\/\/bnssghealthiertogether.org.uk\/pl\/wp-json\/wp\/v2\/pages\/34406","targetHints":{"allow":["GET"]}}],"collection":[{"href":"https:\/\/bnssghealthiertogether.org.uk\/pl\/wp-json\/wp\/v2\/pages"}],"about":[{"href":"https:\/\/bnssghealthiertogether.org.uk\/pl\/wp-json\/wp\/v2\/types\/page"}],"author":[{"embeddable":true,"href":"https:\/\/bnssghealthiertogether.org.uk\/pl\/wp-json\/wp\/v2\/users\/1"}],"replies":[{"embeddable":true,"href":"https:\/\/bnssghealthiertogether.org.uk\/pl\/wp-json\/wp\/v2\/comments?post=34406"}],"version-history":[{"count":5,"href":"https:\/\/bnssghealthiertogether.org.uk\/pl\/wp-json\/wp\/v2\/pages\/34406\/revisions"}],"predecessor-version":[{"id":36069,"href":"https:\/\/bnssghealthiertogether.org.uk\/pl\/wp-json\/wp\/v2\/pages\/34406\/revisions\/36069"}],"up":[{"embeddable":true,"href":"https:\/\/bnssghealthiertogether.org.uk\/pl\/wp-json\/wp\/v2\/pages\/32870"}],"wp:attachment":[{"href":"https:\/\/bnssghealthiertogether.org.uk\/pl\/wp-json\/wp\/v2\/media?parent=34406"}],"wp:term":[{"taxonomy":"post_tag","embeddable":true,"href":"https:\/\/bnssghealthiertogether.org.uk\/pl\/wp-json\/wp\/v2\/tags?post=34406"}],"curies":[{"name":"wp","href":"https:\/\/api.w.org\/{rel}","templated":true}]}}