{"id":34452,"date":"2024-11-26T16:32:08","date_gmt":"2024-11-26T16:32:08","guid":{"rendered":"https:\/\/bnssghealthiertogether.org.uk\/?page_id=34452"},"modified":"2025-01-16T09:10:14","modified_gmt":"2025-01-16T09:10:14","slug":"a-mixed-methods-investigation-of-the-delivery-impact-and-acceptability-of-a-national-de-adoption-programme-across-clinical-commissioning-groups-in-the-english-national-health-service","status":"publish","type":"page","link":"https:\/\/bnssghealthiertogether.org.uk\/pl\/integrated-care-board\/research-and-evidence\/our-research-portfolio\/nihr-funded-projects\/a-mixed-methods-investigation-of-the-delivery-impact-and-acceptability-of-a-national-de-adoption-programme-across-clinical-commissioning-groups-in-the-english-national-health-service\/","title":{"rendered":"Badanie metod mieszanych dotycz\u0105ce realizacji, wp\u0142ywu i akceptowalno\u015bci krajowego programu deadopcji w grupach zlecaj\u0105cych us\u0142ugi kliniczne w ramach angielskiej Narodowej S\u0142u\u017cby Zdrowia"},"content":{"rendered":"<div class=\"assembler_default-group assembler_module_group assembler_default-group_1 assembler_module_group_1\"><div class=\"assembler_module_area assembler_module_area_1\"><div class=\"assembler_text-module assembler_module assembler_text-module_1 assembler_module_1  transparent\"><a tabindex=\"-1\" title=\"Sekcja zatytu\u0142owana modu\u0142-1\" id=\"module-1\" href=\"https:\/\/bnssghealthiertogether.org.uk\/pl\/wp-json\/wp\/v2\/pages\/34452\/#module-1\" class=\"anchor\"><span class=\"hidden\">Sekcja zatytu\u0142owana modu\u0142-1<\/span><\/a><!-- Template found for text-module - Template: template-text - Matched: _only --><section class=\"w-full mx-auto max-w-content pt-12 sm:pt-24 pb-12 sm:pb-24\">\r\n  <div class=\"entry-content w-full !px-0 max-w-small\">\r\n        <header class=\"local_header\">\n<div class=\"local_header__inner\">\n<h1 class=\"local_header__title\">Badanie metod mieszanych dotycz\u0105ce realizacji, wp\u0142ywu i akceptowalno\u015bci krajowego programu deadopcji w grupach zlecaj\u0105cych us\u0142ugi kliniczne w ramach angielskiej Narodowej S\u0142u\u017cby Zdrowia<\/h1>\n<p>&nbsp;<\/p>\n<\/div>\n<\/header>\n<article class=\"page_content\">\n<h2 class=\"page_content__inner\">Finansowanie<\/h2>\n<\/article>\n<p>Narodowy Instytut Bada\u0144 nad Zdrowiem i Opiek\u0105 (NIHR) Badania nad us\u0142ugami zdrowotnymi i \u015bwiadczeniem us\u0142ug zdrowotnych (HS&amp;DR) Nr ref. NIHR130547.<\/p>\n<h2>Jakie jest pytanie badawcze?<\/h2>\n<p>Celem bada\u0144 jest zrozumienie realizacji, wp\u0142ywu i akceptowalno\u015bci programu interwencji opartych na dowodach (EBI) NHS England w angielskich CCGs, aby opracowa\u0107 zalecenia oparte na dowodach, s\u0142u\u017c\u0105ce optymalizacji przysz\u0142ych wysi\u0142k\u00f3w na rzecz odej\u015bcia od opieki o niskiej warto\u015bci.<\/p>\n<h2>Jaki jest problem?<\/h2>\n<p>Na NHS wywierana jest presja, aby zapewni\u0107 wysokiej jako\u015bci opiek\u0119 przy ograniczonych \u015brodkach. W miar\u0119 post\u0119pu bada\u0144 okazuje si\u0119, \u017ce niekt\u00f3re powszechnie stosowane metody leczenia nie s\u0105 tak skuteczne, jak wcze\u015bniej s\u0105dzono. Te metody leczenia mo\u017cna okre\u015bli\u0107 mianem \u2018niskowarto\u015bciowych\u2019, gdy nie przynosz\u0105 wystarczaj\u0105cych korzy\u015bci, aby uzasadni\u0107 zwi\u0105zane z nimi ryzyko i koszty.<\/p>\n<p>Zaprzestanie opieki o niskiej warto\u015bci mo\u017ce pozwoli\u0107 na uwolnienie funduszy na bardziej warto\u015bciow\u0105 opiek\u0119 i ograniczenie niepotrzebnych szk\u00f3d. Zaprzestanie lub ograniczenie leczenia okre\u015bla si\u0119 mianem \u2018deadopcji\u2019. Deadopcja mo\u017ce oznacza\u0107 ca\u0142kowite zaprzestanie leczenia lub zapewnienie go tylko pacjentom, u kt\u00f3rych spodziewane s\u0105 korzy\u015bci.<\/p>\n<p>W 2019 roku NHS England uruchomi\u0142 Program Interwencji Opartych na Dowodach (EBI). W programie wymieniono 17 zabieg\u00f3w chirurgicznych o \u2018niskiej warto\u015bci\u2019, kt\u00f3rych komisarze NHS s\u0105 zobowi\u0105zani zaprzesta\u0107 finansowania lub finansowa\u0107 je tylko wtedy, gdy pacjenci spe\u0142niaj\u0105 kryteria okre\u015blone w polityce EBI.<\/p>\n<h2>Jaki jest cel bada\u0144?<\/h2>\n<p>Celem naszego projektu jest zrozumienie realizacji programu EBI, jego wp\u0142ywu i akceptowalno\u015bci, aby\u015bmy mogli zaleci\u0107 usprawnienia przysz\u0142ych dzia\u0142a\u0144 maj\u0105cych na celu ograniczenie opieki o niskiej warto\u015bci.<\/p>\n<h2>Jak to zostanie osi\u0105gni\u0119te?<\/h2>\n<p>Osi\u0105gniemy to w trzech etapach, studiuj\u0105c dwie procedury: operacj\u0119 barku i nadgarstka.<\/p>\n<ul>\n<li>Etap 1 analizuje zmiany w opiece NHS przed i po wprowadzeniu zasad EBI.<br \/>\nZbadamy zmiany w liczbie operacji wykonywanych w ramach ka\u017cdej procedury EBI oraz zmiany w liczbie innych operacji, kt\u00f3re mog\u0105 by\u0107 wykonywane zamiast niej.<\/li>\n<li>Etap 2 b\u0119dzie obejmowa\u0142 analiz\u0119 dzia\u0142a\u0144 komisarzy i lekarzy w odpowiedzi na program EBI. Zbadamy r\u00f3wnie\u017c opinie komisarzy, lekarzy i pacjent\u00f3w na temat konsekwencji i akceptowalno\u015bci tych dzia\u0142a\u0144. Przeprowadzimy wywiady z komisarzami, lekarzami rodzinnymi i specjalistami, aby zrozumie\u0107, jakie dzia\u0142ania podj\u0119to w odpowiedzi na polityk\u0119 EBI oraz pozna\u0107 ich opinie na temat konsekwencji i akceptowalno\u015bci tych dzia\u0142a\u0144. Przeprowadzimy r\u00f3wnie\u017c wywiady z pacjentami rozwa\u017canymi do operacji, aby zbada\u0107 ich do\u015bwiadczenia i poziom zadowolenia z opieki, a tak\u017ce nagramy konsultacje kliniczne, podczas kt\u00f3rych procedury s\u0105 omawiane z pacjentami, aby zbada\u0107, jak wygl\u0105da opieka na pierwszej linii. Przeanalizujemy szeroki wyb\u00f3r polityk CCG dotycz\u0105cych dost\u0119pu do procedur EBI i wy\u015blemy ankiet\u0119 do CCG w ca\u0142ej Anglii, aby zarejestrowa\u0107 dzia\u0142ania podj\u0119te w odpowiedzi na program EBI.<\/li>\n<li>Etap 3 po\u0142\u0105czy wyniki powy\u017cszych bada\u0144 i por\u00f3wna je z aktualnymi dowodami. Nast\u0119pnie b\u0119dziemy wsp\u00f3\u0142pracowa\u0107 z pacjentami, lekarzami, komisarzami i decydentami, aby opracowa\u0107 zalecenia wspieraj\u0105ce terminow\u0105 i akceptowaln\u0105 redukcj\u0119 opieki o niskiej warto\u015bci.<\/li>\n<\/ul>\n<h2>Kto kieruje badaniami?<\/h2>\n<p>Dr Leila Rooshenas, wyk\u0142adowca jako\u015bciowych nauk o zdrowiu, Wydzia\u0142 Nauk o Zdrowiu Populacyjnym, Uniwersytet w Bristolu.<\/p>\n<h2>Wi\u0119cej informacji:<\/h2>\n<p><a href=\"https:\/\/research-information.bris.ac.uk\/en\/persons\/leila-rooshenas\" target=\"_blank\" rel=\"nofollow noopener\">Dr Leila Rooshenas<\/a><\/p>\n<p>Aby uzyska\u0107 wi\u0119cej informacji lub zaanga\u017cowa\u0107 si\u0119 w projekt, skontaktuj si\u0119 z nami <a href=\"mailto:bnssg.research@nhs.net\" target=\"_blank\" rel=\"noopener\">bnssg.research@nhs.net<\/a>.<\/p>\n<p>Wyra\u017cone pogl\u0105dy s\u0105 pogl\u0105dami autora(-\u00f3w) i niekoniecznie pokrywaj\u0105 si\u0119 z pogl\u0105dami NIHR lub Departamentu Zdrowia i Opieki Spo\u0142ecznej.<\/p>\n  <\/div>\r\n  <\/section><\/div><!-- .assembler_text-module.assembler_module.assembler_text-module_1.assembler_module_1..transparent --><\/div><!-- .assembler_module_area.assembler_module_area_1 --><\/div><!-- .assembler_default-group.assembler_module_group.assembler_default-group_1.assembler_module_group_1  -->","protected":false},"excerpt":{"rendered":"<p>Section titled module-1 A mixed-methods investigation of the delivery, impact and acceptability of a national de-adoption programme across Clinical Commissioning Groups in the English National Health Service &nbsp; Funding National Institute for Health and Care Research (NIHR) Health Service &amp; Delivery Research (HS&amp;DR) Ref. NIHR130547. What is the research question? The research question is to [&hellip;]<\/p>\n","protected":false},"author":1,"featured_media":0,"parent":32881,"menu_order":0,"comment_status":"closed","ping_status":"closed","template":"","meta":{"_acf_changed":false,"footnotes":""},"tags":[],"class_list":["post-34452","page","type-page","status-publish","hentry"],"acf":[],"_links":{"self":[{"href":"https:\/\/bnssghealthiertogether.org.uk\/pl\/wp-json\/wp\/v2\/pages\/34452","targetHints":{"allow":["GET"]}}],"collection":[{"href":"https:\/\/bnssghealthiertogether.org.uk\/pl\/wp-json\/wp\/v2\/pages"}],"about":[{"href":"https:\/\/bnssghealthiertogether.org.uk\/pl\/wp-json\/wp\/v2\/types\/page"}],"author":[{"embeddable":true,"href":"https:\/\/bnssghealthiertogether.org.uk\/pl\/wp-json\/wp\/v2\/users\/1"}],"replies":[{"embeddable":true,"href":"https:\/\/bnssghealthiertogether.org.uk\/pl\/wp-json\/wp\/v2\/comments?post=34452"}],"version-history":[{"count":3,"href":"https:\/\/bnssghealthiertogether.org.uk\/pl\/wp-json\/wp\/v2\/pages\/34452\/revisions"}],"predecessor-version":[{"id":36096,"href":"https:\/\/bnssghealthiertogether.org.uk\/pl\/wp-json\/wp\/v2\/pages\/34452\/revisions\/36096"}],"up":[{"embeddable":true,"href":"https:\/\/bnssghealthiertogether.org.uk\/pl\/wp-json\/wp\/v2\/pages\/32881"}],"wp:attachment":[{"href":"https:\/\/bnssghealthiertogether.org.uk\/pl\/wp-json\/wp\/v2\/media?parent=34452"}],"wp:term":[{"taxonomy":"post_tag","embeddable":true,"href":"https:\/\/bnssghealthiertogether.org.uk\/pl\/wp-json\/wp\/v2\/tags?post=34452"}],"curies":[{"name":"wp","href":"https:\/\/api.w.org\/{rel}","templated":true}]}}