{"id":34455,"date":"2024-11-26T16:32:48","date_gmt":"2024-11-26T16:32:48","guid":{"rendered":"https:\/\/bnssghealthiertogether.org.uk\/?page_id=34455"},"modified":"2025-01-16T10:00:33","modified_gmt":"2025-01-16T10:00:33","slug":"a-primary-care-system-level-training-and-support-programme-for-the-secondary-prevention-of-domestic-violence-and-abuse-a-multicentre-cluster-randomised-trial-with-economic-and-process-evaluation","status":"publish","type":"page","link":"https:\/\/bnssghealthiertogether.org.uk\/pl\/integrated-care-board\/research-and-evidence\/our-research-portfolio\/nihr-funded-projects\/a-primary-care-system-level-training-and-support-programme-for-the-secondary-prevention-of-domestic-violence-and-abuse-a-multicentre-cluster-randomised-trial-with-economic-and-process-evaluation\/","title":{"rendered":"Program szkolenia i wsparcia na poziomie systemu podstawowej opieki zdrowotnej w zakresie profilaktyki wt\u00f3rnej przemocy domowej i nadu\u017cy\u0107: wieloo\u015brodkowe badanie randomizowane z ocen\u0105 ekonomiczn\u0105 i procesow\u0105"},"content":{"rendered":"<div class=\"assembler_default-group assembler_module_group assembler_default-group_1 assembler_module_group_1\"><div class=\"assembler_module_area assembler_module_area_1\"><div class=\"assembler_text-module assembler_module assembler_text-module_1 assembler_module_1  transparent\"><a tabindex=\"-1\" title=\"Sekcja zatytu\u0142owana modu\u0142-1\" id=\"module-1\" href=\"https:\/\/bnssghealthiertogether.org.uk\/pl\/wp-json\/wp\/v2\/pages\/34455\/#module-1\" class=\"anchor\"><span class=\"hidden\">Sekcja zatytu\u0142owana modu\u0142-1<\/span><\/a><!-- Template found for text-module - Template: template-text - Matched: _only --><section class=\"w-full mx-auto max-w-content pt-12 sm:pt-24 pb-12 sm:pb-24\">\r\n  <div class=\"entry-content w-full !px-0 max-w-small\">\r\n        <h1>Program szkoleniowy i wsparcia na poziomie systemu podstawowej opieki zdrowotnej w zakresie profilaktyki wt\u00f3rnej przemocy domowej i nadu\u017cy\u0107: wieloo\u015brodkowe badanie z randomizacj\u0105 klastrow\u0105, obejmuj\u0105ce ocen\u0119 ekonomiczn\u0105 i procesow\u0105. <a href=\"https:\/\/www.bristol.ac.uk\/primaryhealthcare\/news\/2024\/22m-for-clinical-trial-.html\" rel=\"noopener\">IRIS+ RCT<\/a><\/h1>\n<h2>Finansowanie<\/h2>\n<p>Projekt ten jest finansowany przez Narodowy Instytut Bada\u0144 nad Zdrowiem i Opiek\u0105 (NIHR) \u2013 strumie\u0144 finansowania bada\u0144 nad zdrowiem publicznym (PHR): NIHR153788.<\/p>\n<h2>Jakie jest pytanie badawcze?<\/h2>\n<p>Czy interwencja IRIS+ jest skuteczna, op\u0142acalna i skalowalna w kontek\u015bcie kierowania doros\u0142ych i dzieci dotkni\u0119tych przemoc\u0105 domow\u0105 z podstawowej opieki zdrowotnej do specjalistycznego wsparcia rzeczniczego?<\/p>\n<h2>Jaki jest problem?<\/h2>\n<p>Przemoc domowa dotyka dziewi\u0119\u0107 milion\u00f3w doros\u0142ych w Anglii i Walii. Niszczy zdrowie, generuj\u0105c koszty spo\u0142eczne przekraczaj\u0105ce 66 miliard\u00f3w funt\u00f3w rocznie.<\/p>\n<p>Znaczna mniejszo\u015b\u0107 doros\u0142ych i dzieci zg\u0142aszaj\u0105cych si\u0119 do lekarzy rodzinnych do\u015bwiadcza przemocy domowej. Osoby, kt\u00f3re prze\u017cy\u0142y przemoc, cz\u0119\u015bciej zg\u0142aszaj\u0105 j\u0105 lekarzom rodzinnym ni\u017c innym specjalistom.<\/p>\n<p>Uzyskanie specjalistycznego wsparcia w przypadku przemocy domowej mo\u017ce poprawi\u0107 stan zdrowia, jako\u015b\u0107 \u017cycia i bezpiecze\u0144stwo ofiar.<\/p>\n<h2>Jaki jest cel bada\u0144?<\/h2>\n<p>Ocenimy, czy program szkole\u0144 i wsparcia IRIS+ dla lekarzy og\u00f3lnych sprawdza si\u0119 w przypadku kobiet, m\u0119\u017cczyzn i dzieci. Sprawdzimy, czy jest on op\u0142acalny i czy mo\u017cna go wdro\u017cy\u0107 na du\u017c\u0105 skal\u0119 w r\u00f3\u017cnych regionach Anglii i Walii.<\/p>\n<p>Je\u015bli program IRIS+ oka\u017ce si\u0119 skuteczny i op\u0142acalny, badanie pozwoli na wdro\u017cenie IRIS+ jako nowej us\u0142ugi. Wdro\u017cenie skutecznej interwencji w przysz\u0142o\u015bci mo\u017ce znacz\u0105co poprawi\u0107 bezpiecze\u0144stwo, dobrostan i zdrowie ofiar przemocy domowej oraz ich dzieci. Mo\u017ce to przynie\u015b\u0107 znaczne korzy\u015bci ekonomiczne dla NHS i spo\u0142ecze\u0144stwa.<\/p>\n<h2>Jak to zostanie osi\u0105gni\u0119te?<\/h2>\n<p>IRIS (Identyfikacja i Skierowanie w celu Poprawy Bezpiecze\u0144stwa) to skuteczny i ekonomiczny program szkoleniowo-wspieraj\u0105cy dla personelu lekarzy rodzinnych. Pomaga im zrozumie\u0107 oznaki przemocy domowej w\u015br\u00f3d kobiet, dowiedzie\u0107 si\u0119, czy jej do\u015bwiadczaj\u0105, i skierowa\u0107 je do specjalistycznego wsparcia.<\/p>\n<p>W naszych grupach doradczych dla pacjent\u00f3w i spo\u0142ecze\u0144stwa, kobiety, kt\u00f3re do\u015bwiadczy\u0142y przemocy domowej, stwierdzi\u0142y, \u017ce IRIS powinien r\u00f3wnie\u017c wspiera\u0107 dzieci dotkni\u0119te przemoc\u0105 domow\u0105. M\u0119\u017cczy\u017ani, kt\u00f3rzy do\u015bwiadczyli przemocy domowej, stwierdzili, \u017ce IRIS powinien wspiera\u0107 m\u0119\u017cczyzn.<\/p>\n<p>W naszych poprzednich badaniach lekarze rodzinni powiedzieli nam, \u017ce chc\u0105 lepiej reagowa\u0107 na potrzeby wszystkich dotkni\u0119tych chorob\u0105. W odpowiedzi opracowali\u015bmy IRIS+, kt\u00f3ry rozszerza zakres IRIS, rozszerzaj\u0105c zakres bada\u0144 na m\u0119\u017cczyzn i dzieci, nie zmniejszaj\u0105c jednocze\u015bnie skuteczno\u015bci leczenia u kobiet.<\/p>\n<p>W IRIS+ edukator i kierownik kliniczny szkol\u0105 personel medyczny. Szkolenie obejmuje oznaki przemocy domowej i sposoby kierowania os\u00f3b po wsparcie.<\/p>\n<p>Edukatorzy-rzecznicy doradzaj\u0105 personelowi lekarzy rodzinnych, przyjmuj\u0105 skierowania od pacjent\u00f3w, wspieraj\u0105 osoby pokrzywdzone i kieruj\u0105 sprawc\u00f3w do lokalnych program\u00f3w. Zaanga\u017cowani pracownicy s\u0142u\u017cby zdrowia wspieraj\u0105 dzieci i m\u0142odzie\u017c dotkni\u0119te przemoc\u0105.<\/p>\n<p>W ramach naszego nowego badania wdro\u017cymy IRIS+ w wielu gabinetach og\u00f3lnych w 3 obszarach.<\/p>\n<p>We wszystkich obszarach b\u0119dziemy losowo przydziela\u0107 praktyki do udzia\u0142u w programie IRIS+ lub IRIS. Nast\u0119pnie przetestujemy, czy program IRIS+, w por\u00f3wnaniu z IRIS, jest skuteczny i op\u0142acalny dla m\u0119\u017cczyzn i dzieci oraz czy mo\u017cliwe jest jego wdro\u017cenie na du\u017c\u0105 skal\u0119.<\/p>\n<h2>Kto kieruje badaniami?<\/h2>\n<p><a href=\"https:\/\/research-information.bris.ac.uk\/en\/persons\/eszter-szilassy\" rel=\"noopener\">Dr Eszter Szilassy,<\/a> Starszy pracownik naukowy, Centrum Podstawowej Opieki Zdrowotnej, Uniwersytet w Bristolu.<\/p>\n<p>Aby uzyska\u0107 wi\u0119cej informacji lub zaanga\u017cowa\u0107 si\u0119 w ten projekt, wy\u015blij wiadomo\u015b\u0107 e-mail na adres <a href=\"mailto:bnssg.research@nhs.net\">bnssg.research@nhs.net<\/a><\/p>\n  <\/div>\r\n  <\/section><\/div><!-- .assembler_text-module.assembler_module.assembler_text-module_1.assembler_module_1..transparent --><\/div><!-- .assembler_module_area.assembler_module_area_1 --><\/div><!-- .assembler_default-group.assembler_module_group.assembler_default-group_1.assembler_module_group_1  -->","protected":false},"excerpt":{"rendered":"<p>Section titled module-1 A primary care system-level training and support programme for the secondary prevention of domestic violence and abuse: a multicentre cluster randomised trial with economic and process evaluation. IRIS+ RCT Funding This project is funded by the National Institute for Health and care Research (NIHR) &#8211; Public Health Research (PHR) funding stream: NIHR153788. [&hellip;]<\/p>\n","protected":false},"author":1,"featured_media":0,"parent":32881,"menu_order":0,"comment_status":"closed","ping_status":"closed","template":"","meta":{"_acf_changed":false,"footnotes":""},"tags":[],"class_list":["post-34455","page","type-page","status-publish","hentry"],"acf":[],"_links":{"self":[{"href":"https:\/\/bnssghealthiertogether.org.uk\/pl\/wp-json\/wp\/v2\/pages\/34455","targetHints":{"allow":["GET"]}}],"collection":[{"href":"https:\/\/bnssghealthiertogether.org.uk\/pl\/wp-json\/wp\/v2\/pages"}],"about":[{"href":"https:\/\/bnssghealthiertogether.org.uk\/pl\/wp-json\/wp\/v2\/types\/page"}],"author":[{"embeddable":true,"href":"https:\/\/bnssghealthiertogether.org.uk\/pl\/wp-json\/wp\/v2\/users\/1"}],"replies":[{"embeddable":true,"href":"https:\/\/bnssghealthiertogether.org.uk\/pl\/wp-json\/wp\/v2\/comments?post=34455"}],"version-history":[{"count":3,"href":"https:\/\/bnssghealthiertogether.org.uk\/pl\/wp-json\/wp\/v2\/pages\/34455\/revisions"}],"predecessor-version":[{"id":36097,"href":"https:\/\/bnssghealthiertogether.org.uk\/pl\/wp-json\/wp\/v2\/pages\/34455\/revisions\/36097"}],"up":[{"embeddable":true,"href":"https:\/\/bnssghealthiertogether.org.uk\/pl\/wp-json\/wp\/v2\/pages\/32881"}],"wp:attachment":[{"href":"https:\/\/bnssghealthiertogether.org.uk\/pl\/wp-json\/wp\/v2\/media?parent=34455"}],"wp:term":[{"taxonomy":"post_tag","embeddable":true,"href":"https:\/\/bnssghealthiertogether.org.uk\/pl\/wp-json\/wp\/v2\/tags?post=34455"}],"curies":[{"name":"wp","href":"https:\/\/api.w.org\/{rel}","templated":true}]}}