{"id":34458,"date":"2024-11-26T16:33:21","date_gmt":"2024-11-26T16:33:21","guid":{"rendered":"https:\/\/bnssghealthiertogether.org.uk\/?page_id=34458"},"modified":"2025-01-16T10:03:29","modified_gmt":"2025-01-16T10:03:29","slug":"a-systematic-review-of-parents-carers-needs-and-interventions-to-support-parents-carers-of-young-people-with-mental-health-problems-receiving-mental-health-services-evidence-synthesis-wit","status":"publish","type":"page","link":"https:\/\/bnssghealthiertogether.org.uk\/pl\/integrated-care-board\/research-and-evidence\/our-research-portfolio\/nihr-funded-projects\/a-systematic-review-of-parents-carers-needs-and-interventions-to-support-parents-carers-of-young-people-with-mental-health-problems-receiving-mental-health-services-evidence-synthesis-wit\/","title":{"rendered":"Systematyczny przegl\u0105d potrzeb rodzic\u00f3w\/opiekun\u00f3w i interwencji maj\u0105cych na celu wsparcie rodzic\u00f3w\/opiekun\u00f3w m\u0142odych os\u00f3b z problemami zdrowia psychicznego, otrzymuj\u0105cych us\u0142ugi zdrowia psychicznego: synteza dowod\u00f3w z udzia\u0142em interesariuszy w celu zapewnienia praktycznych zalece\u0144"},"content":{"rendered":"<div class=\"assembler_default-group assembler_module_group assembler_default-group_1 assembler_module_group_1\"><div class=\"assembler_module_area assembler_module_area_1\"><div class=\"assembler_text-module assembler_module assembler_text-module_1 assembler_module_1  transparent\"><a tabindex=\"-1\" title=\"Sekcja zatytu\u0142owana modu\u0142-1\" id=\"module-1\" href=\"https:\/\/bnssghealthiertogether.org.uk\/pl\/wp-json\/wp\/v2\/pages\/34458\/#module-1\" class=\"anchor\"><span class=\"hidden\">Sekcja zatytu\u0142owana modu\u0142-1<\/span><\/a><!-- Template found for text-module - Template: template-text - Matched: _only --><section class=\"w-full mx-auto max-w-content pt-12 sm:pt-24 pb-12 sm:pb-24\">\r\n  <div class=\"entry-content w-full !px-0 max-w-small\">\r\n        <h1>Systematyczny przegl\u0105d potrzeb rodzic\u00f3w\/opiekun\u00f3w oraz interwencji maj\u0105cych na celu wsparcie rodzic\u00f3w\/opiekun\u00f3w m\u0142odych os\u00f3b z problemami zdrowia psychicznego, otrzymuj\u0105cych us\u0142ugi zdrowia psychicznego: synteza dowod\u00f3w z udzia\u0142em stron zainteresowanych w celu zapewnienia praktycznych zalece\u0144.<\/h1>\n<h2><strong>Finansowanie:<\/strong><\/h2>\n<p>Projekt ten jest finansowany przez NIHR Research for Patient Benefit (RfPB), NIHR203023.<\/p>\n<h2>Jakie jest pytanie badawcze?<\/h2>\n<p>Jakie s\u0105 potrzeby rodzic\u00f3w i opiekun\u00f3w m\u0142odych ludzi korzystaj\u0105cych z us\u0142ug w zakresie zdrowia psychicznego i jakie podej\u015bcia interwencyjne zosta\u0142y zastosowane w celu zaspokojenia tych potrzeb?<\/p>\n<p>Jakie dowody wskazuj\u0105 na skuteczno\u015b\u0107 tych interwencji; czy poprawiaj\u0105 one samopoczucie rodzic\u00f3w i ich rodzin?<\/p>\n<h2>Jaki jest problem?<\/h2>\n<p>Ponad 1,25 miliona dzieci i m\u0142odzie\u017cy ma problemy ze zdrowiem psychicznym. Wiele z nich potrzebuje wsparcia ze strony rodzic\u00f3w. \u201cRodzice\u201d oznaczaj\u0105 ka\u017cdego doros\u0142ego sprawuj\u0105cego rol\u0119 rodzicielsk\u0105.<\/p>\n<p>Wychowywanie dziecka z problemami ze zdrowiem psychicznym mo\u017ce by\u0107 bardzo trudne dla rodzic\u00f3w i opiekun\u00f3w; u nich samych mog\u0105 rozwin\u0105\u0107 si\u0119 problemy ze zdrowiem psychicznym. Co wi\u0119cej, ich relacja z dzieckiem mo\u017ce si\u0119 pogorszy\u0107.<\/p>\n<p>Rodzice cz\u0119sto nie wiedz\u0105, jak najlepiej wspiera\u0107 swoje dziecko, co mo\u017ce mie\u0107 wp\u0142yw na jego zdrowie. Mo\u017ce to r\u00f3wnie\u017c zwi\u0119kszy\u0107 zapotrzebowanie na us\u0142ugi opieki psychiatrycznej w ramach NHS.<\/p>\n<p>Wi\u0119kszo\u015b\u0107 us\u0142ug NHS nie zapewnia rodzicom kompleksowego wsparcia. S\u0142u\u017cby NHS chc\u0105 wiedzie\u0107, czego potrzebuj\u0105 rodzice i co im pomaga, wspieraj\u0105c m\u0142odego cz\u0142owieka.<\/p>\n<h2>Jaki jest cel bada\u0144?<\/h2>\n<p>Celem badania jest przeprowadzenie systematycznego przegl\u0105du rodzic\u00f3w i opiekun\u00f3w wspieraj\u0105cych m\u0142odych ludzi z problemami zdrowia psychicznego. Celem przegl\u0105du jest przedstawienie praktycznych rekomendacji dotycz\u0105cych interwencji wspieraj\u0105cych rodzic\u00f3w i opiekun\u00f3w.<\/p>\n<h2>Jak to zostanie osi\u0105gni\u0119te?<\/h2>\n<p>Zesp\u00f3\u0142 badawczy podsumuje badania dotycz\u0105ce potrzeb rodzic\u00f3w; analiza ta obejmie opinie rodzic\u00f3w oraz wska\u017aniki depresji, l\u0119ku, stresu i innych problem\u00f3w.<\/p>\n<p>Zesp\u00f3\u0142 dokona przegl\u0105du i opisze interwencje maj\u0105ce na celu wsparcie rodzic\u00f3w. Obejmuje to spos\u00f3b przekazywania im informacji (np. poprzez ulotki, grupy).<\/p>\n<p>Zesp\u00f3\u0142 oceni, jak d\u0142ugo trwaj\u0105 interwencje i na jakie potrzeby s\u0105 one ukierunkowane. Zesp\u00f3\u0142 przeanalizuje r\u00f3wnie\u017c, w jakim stopniu interwencje wp\u0142ywaj\u0105 na samopoczucie rodzic\u00f3w.<\/p>\n<h2>Kto kieruje badaniami?<\/h2>\n<p>Dr Faith Martin, psycholog kliniczny i zdrowotny.<\/p>\n<h2>Wi\u0119cej informacji:<\/h2>\n<p>Aby uzyska\u0107 wi\u0119cej informacji lub zaanga\u017cowa\u0107 si\u0119 w ten projekt, wy\u015blij wiadomo\u015b\u0107 e-mail na adres <a href=\"mailto:bnssg.research@nhs.net\">bnssg.research@nhs.net<\/a><\/p>\n  <\/div>\r\n  <\/section><\/div><!-- .assembler_text-module.assembler_module.assembler_text-module_1.assembler_module_1..transparent --><\/div><!-- .assembler_module_area.assembler_module_area_1 --><\/div><!-- .assembler_default-group.assembler_module_group.assembler_default-group_1.assembler_module_group_1  -->","protected":false},"excerpt":{"rendered":"<p>Section titled module-1 A systematic review of parents\u2019\/carers&#8217; needs, and interventions to support parents\/carers of young people with mental health problems receiving mental health services: evidence synthesis with stakeholder engagement to provide practical recommendations. Funding: This project is funded by the NIHR Research for Patient Benefit (RfPB), NIHR203023. What is the research question? What are [&hellip;]<\/p>\n","protected":false},"author":1,"featured_media":0,"parent":32881,"menu_order":0,"comment_status":"closed","ping_status":"closed","template":"","meta":{"_acf_changed":false,"footnotes":""},"tags":[],"class_list":["post-34458","page","type-page","status-publish","hentry"],"acf":[],"_links":{"self":[{"href":"https:\/\/bnssghealthiertogether.org.uk\/pl\/wp-json\/wp\/v2\/pages\/34458","targetHints":{"allow":["GET"]}}],"collection":[{"href":"https:\/\/bnssghealthiertogether.org.uk\/pl\/wp-json\/wp\/v2\/pages"}],"about":[{"href":"https:\/\/bnssghealthiertogether.org.uk\/pl\/wp-json\/wp\/v2\/types\/page"}],"author":[{"embeddable":true,"href":"https:\/\/bnssghealthiertogether.org.uk\/pl\/wp-json\/wp\/v2\/users\/1"}],"replies":[{"embeddable":true,"href":"https:\/\/bnssghealthiertogether.org.uk\/pl\/wp-json\/wp\/v2\/comments?post=34458"}],"version-history":[{"count":3,"href":"https:\/\/bnssghealthiertogether.org.uk\/pl\/wp-json\/wp\/v2\/pages\/34458\/revisions"}],"predecessor-version":[{"id":36099,"href":"https:\/\/bnssghealthiertogether.org.uk\/pl\/wp-json\/wp\/v2\/pages\/34458\/revisions\/36099"}],"up":[{"embeddable":true,"href":"https:\/\/bnssghealthiertogether.org.uk\/pl\/wp-json\/wp\/v2\/pages\/32881"}],"wp:attachment":[{"href":"https:\/\/bnssghealthiertogether.org.uk\/pl\/wp-json\/wp\/v2\/media?parent=34458"}],"wp:term":[{"taxonomy":"post_tag","embeddable":true,"href":"https:\/\/bnssghealthiertogether.org.uk\/pl\/wp-json\/wp\/v2\/tags?post=34458"}],"curies":[{"name":"wp","href":"https:\/\/api.w.org\/{rel}","templated":true}]}}