{"id":34466,"date":"2024-11-26T16:34:32","date_gmt":"2024-11-26T16:34:32","guid":{"rendered":"https:\/\/bnssghealthiertogether.org.uk\/?page_id=34466"},"modified":"2025-01-16T10:16:57","modified_gmt":"2025-01-16T10:16:57","slug":"athena-amitritypline-for-the-prevention-of-post-herpetic-neuralgia","status":"publish","type":"page","link":"https:\/\/bnssghealthiertogether.org.uk\/pl\/integrated-care-board\/research-and-evidence\/our-research-portfolio\/nihr-funded-projects\/athena-amitritypline-for-the-prevention-of-post-herpetic-neuralgia\/","title":{"rendered":"ATHENA: AmiTritypline do zapobiegania neuralgii poopryszczkowej"},"content":{"rendered":"<div class=\"assembler_default-group assembler_module_group assembler_default-group_1 assembler_module_group_1\"><div class=\"assembler_module_area assembler_module_area_1\"><div class=\"assembler_text-module assembler_module assembler_text-module_1 assembler_module_1  transparent\"><a tabindex=\"-1\" title=\"Sekcja zatytu\u0142owana modu\u0142-1\" id=\"module-1\" href=\"https:\/\/bnssghealthiertogether.org.uk\/pl\/wp-json\/wp\/v2\/pages\/34466\/#module-1\" class=\"anchor\"><span class=\"hidden\">Sekcja zatytu\u0142owana modu\u0142-1<\/span><\/a><!-- Template found for text-module - Template: template-text - Matched: _only --><section class=\"w-full mx-auto max-w-content pt-12 sm:pt-24 pb-12 sm:pb-24\">\r\n  <div class=\"entry-content w-full !px-0 max-w-small\">\r\n        <header class=\"local_header\">\n<div class=\"local_header__inner\">\n<h1 class=\"local_header__title\">ATHENA: AmiTritypline do zapobiegania neuralgii poopryszczkowej<\/h1>\n<\/div>\n<\/header>\n<article class=\"page_content\">\n<h2><\/h2>\n<h2 class=\"page_content__inner\">Finansowanie<\/h2>\n<\/article>\n<p>National Institute for Health (NIHR) Health Technology Assessment (HTA) Ref. NIHR129720<\/p>\n<h2>Jakie jest pytanie badawcze?<\/h2>\n<p>Jaka jest skuteczno\u015b\u0107 profilaktycznego stosowania ma\u0142ych dawek amitryptyliny w zapobieganiu neuralgii pop\u00f3\u0142pa\u015bcowej u pacjent\u00f3w z rozpoznaniem p\u00f3\u0142pa\u015bca?<\/p>\n<h2>Jaki jest problem?<\/h2>\n<p>P\u00f3\u0142pasiec jest wywo\u0142ywany przez tego samego wirusa, kt\u00f3ry powoduje osp\u0119 wietrzn\u0105. Wirus \u201c\u015bpi\u201d w kom\u00f3rkach nerwowych przez dziesi\u0119ciolecia. Kiedy si\u0119 \u201cbudzi\u201d, mo\u017ce powodowa\u0107 og\u00f3lne z\u0142e samopoczucie, powoduj\u0105c mrowienie lub b\u00f3l w jednej cz\u0119\u015bci cia\u0142a, a kilka dni p\u00f3\u017aniej wysypk\u0119. Gojenie si\u0119 wysypki mo\u017ce trwa\u0107 do 4 tygodni.<\/p>\n<p>Leki przeciwwirusowe pomagaj\u0105 zmniejszy\u0107 pocz\u0105tkowy b\u00f3l i nasilenie wysypki. Niekt\u00f3re osoby mog\u0105 odczuwa\u0107 \u201cb\u00f3l nerwowy\u201d zwany neuralgi\u0105 pop\u00f3\u0142pa\u015bcow\u0105 wiele miesi\u0119cy po ust\u0105pieniu wysypki p\u00f3\u0142pa\u015bca. Nie mamy \u017cadnych metod leczenia, aby temu zapobiec.<\/p>\n<p>Pacjenci kupuj\u0105, a lekarze rodzinni przepisuj\u0105 leki przeciwb\u00f3lowe, takie jak paracetamol, ale cz\u0119sto nie pomagaj\u0105. Amitryptylina jest starym lekiem, pierwotnie stosowanym w wysokich dawkach (75-150 mg) w leczeniu depresji, a obecnie stosowanym w niskich dawkach w leczeniu b\u00f3lu nerw\u00f3w. Niewielkie badanie opublikowane w 1997 roku sugerowa\u0142o, \u017ce wczesne przyjmowanie ma\u0142ej dawki (25 mg) amitryptyliny mo\u017ce pom\u00f3c w zapobieganiu neuralgii pop\u00f3\u0142pa\u015bcowej.<\/p>\n<h2>Jaki jest cel bada\u0144?<\/h2>\n<p>Chcemy przeprowadzi\u0107 wi\u0119ksze badanie, aby dowiedzie\u0107 si\u0119, czy stosowanie amitryptyliny przy pierwszym pojawieniu si\u0119 wysypki zapobiega p\u00f3\u017aniejszemu b\u00f3lowi. Je\u015bli wczesne rozpocz\u0119cie stosowania amitryptyliny oka\u017ce si\u0119 pomocne, b\u0119dzie to tani lek, kt\u00f3ry zapobiegnie d\u0142ugotrwa\u0142emu, trudnemu do leczenia b\u00f3lowi u tysi\u0119cy os\u00f3b.<\/p>\n<p>Jednak amitryptylina cz\u0119sto powoduje skutki uboczne, takie jak zawroty g\u0142owy, sucho\u015b\u0107 w ustach i zaparcia. Mo\u017ce r\u00f3wnie\u017c powodowa\u0107 problemy, gdy jest stosowana razem z innymi lekami. Badanie to jest konieczne, aby\u015bmy mogli by\u0107 pewni, \u017ce wszelkie korzy\u015bci przewa\u017caj\u0105 nad szkodami.<\/p>\n<h2>Jak to zostanie osi\u0105gni\u0119te?<\/h2>\n<p>Zrekrutujemy 846 os\u00f3b w wieku &gt;50 lat, u kt\u00f3rych lekarz rodzinny zdiagnozowa\u0142 p\u00f3\u0142pasiec w ci\u0105gu 72 godzin od pojawienia si\u0119 wysypki.<\/p>\n<p>Poprosimy wszystkich o przyjmowanie tabletek na noc przez 10 tygodni: po\u0142owa b\u0119dzie otrzymywa\u0107 amitryptylin\u0119, a druga po\u0142owa placebo (lub tabletki pozorowane).<\/p>\n<p>Ani pacjenci, ani ich lekarze nie b\u0119d\u0105 mogli wybra\u0107 grupy, do kt\u00f3rej trafi\u0105. Odb\u0119dzie si\u0119 to za pomoc\u0105 skomputeryzowanego procesu zwanego \u201crandomizacj\u0105\u201d - jak rzucanie kostk\u0105 w celu podj\u0119cia decyzji. W ten spos\u00f3b na wyniki nie b\u0119d\u0105 mia\u0142y wp\u0142ywu przekonania dotycz\u0105ce amitryptyliny.<\/p>\n<p>Ca\u0142a pozosta\u0142a opieka b\u0119dzie taka sama - lekarze rodzinni b\u0119d\u0105 przepisywa\u0107 leki przeciwwirusowe i przeciwb\u00f3lowe w razie potrzeby. U\u017cyjemy kwestionariuszy, aby zrozumie\u0107, co dzieje si\u0119 z ka\u017cd\u0105 osob\u0105 w ci\u0105gu kolejnych 12 miesi\u0119cy, zw\u0142aszcza czy nadal odczuwa b\u00f3l zwi\u0105zany z p\u00f3\u0142pa\u015bcem po 3 miesi\u0105cach.<\/p>\n<h2>Kto kieruje badaniami?<\/h2>\n<p>Dr Matthew Ridd, lekarz rodzinny i wyk\u0142adowca w zakresie podstawowej opieki zdrowotnej, Nauk o zdrowiu populacyjnym, Uniwersytet w Bristolu.<\/p>\n<h2>Wi\u0119cej informacji:<\/h2>\n<p><a href=\"https:\/\/research-information.bris.ac.uk\/en\/persons\/matthew-j-ridd\" target=\"_blank\" rel=\"nofollow noopener\">Dr Matthew Ridd<\/a><\/p>\n<p>Aby uzyska\u0107 wi\u0119cej informacji lub zaanga\u017cowa\u0107 si\u0119 w ten projekt, wy\u015blij wiadomo\u015b\u0107 e-mail <a href=\"mailto:bnssg.research@nhs.net\" target=\"_blank\" rel=\"noopener\">bnssg.research@nhs.net<\/a>.<\/p>\n<p>Wyra\u017cone pogl\u0105dy s\u0105 pogl\u0105dami autora(-\u00f3w) i niekoniecznie pokrywaj\u0105 si\u0119 z pogl\u0105dami NIHR lub Departamentu Zdrowia i Opieki Spo\u0142ecznej.<\/p>\n  <\/div>\r\n  <\/section><\/div><!-- .assembler_text-module.assembler_module.assembler_text-module_1.assembler_module_1..transparent --><\/div><!-- .assembler_module_area.assembler_module_area_1 --><\/div><!-- .assembler_default-group.assembler_module_group.assembler_default-group_1.assembler_module_group_1  -->","protected":false},"excerpt":{"rendered":"<p>Section titled module-1 ATHENA: AmiTritypline for the prevention of post-HErpetic NeuralgiA Funding National Institute for Health (NIHR) Health Technology Assessment (HTA) Ref. NIHR129720 What is the research question? What is the effectiveness of prophylactic low-dose amitriptyline for the prevention of post-herpetic neuralgia in patients diagnosed with herpes zoster? What is the problem? Shingles is caused [&hellip;]<\/p>\n","protected":false},"author":1,"featured_media":0,"parent":32881,"menu_order":0,"comment_status":"closed","ping_status":"closed","template":"","meta":{"_acf_changed":false,"footnotes":""},"tags":[],"class_list":["post-34466","page","type-page","status-publish","hentry"],"acf":[],"_links":{"self":[{"href":"https:\/\/bnssghealthiertogether.org.uk\/pl\/wp-json\/wp\/v2\/pages\/34466","targetHints":{"allow":["GET"]}}],"collection":[{"href":"https:\/\/bnssghealthiertogether.org.uk\/pl\/wp-json\/wp\/v2\/pages"}],"about":[{"href":"https:\/\/bnssghealthiertogether.org.uk\/pl\/wp-json\/wp\/v2\/types\/page"}],"author":[{"embeddable":true,"href":"https:\/\/bnssghealthiertogether.org.uk\/pl\/wp-json\/wp\/v2\/users\/1"}],"replies":[{"embeddable":true,"href":"https:\/\/bnssghealthiertogether.org.uk\/pl\/wp-json\/wp\/v2\/comments?post=34466"}],"version-history":[{"count":3,"href":"https:\/\/bnssghealthiertogether.org.uk\/pl\/wp-json\/wp\/v2\/pages\/34466\/revisions"}],"predecessor-version":[{"id":36104,"href":"https:\/\/bnssghealthiertogether.org.uk\/pl\/wp-json\/wp\/v2\/pages\/34466\/revisions\/36104"}],"up":[{"embeddable":true,"href":"https:\/\/bnssghealthiertogether.org.uk\/pl\/wp-json\/wp\/v2\/pages\/32881"}],"wp:attachment":[{"href":"https:\/\/bnssghealthiertogether.org.uk\/pl\/wp-json\/wp\/v2\/media?parent=34466"}],"wp:term":[{"taxonomy":"post_tag","embeddable":true,"href":"https:\/\/bnssghealthiertogether.org.uk\/pl\/wp-json\/wp\/v2\/tags?post=34466"}],"curies":[{"name":"wp","href":"https:\/\/api.w.org\/{rel}","templated":true}]}}