{"id":34473,"date":"2024-11-26T16:35:23","date_gmt":"2024-11-26T16:35:23","guid":{"rendered":"https:\/\/bnssghealthiertogether.org.uk\/?page_id=34473"},"modified":"2025-01-16T10:22:11","modified_gmt":"2025-01-16T10:22:11","slug":"developing-evidence-based-optimal-testing-strategies-to-monitor-long-term-conditions-in-primary-care","status":"publish","type":"page","link":"https:\/\/bnssghealthiertogether.org.uk\/pl\/integrated-care-board\/research-and-evidence\/our-research-portfolio\/nihr-funded-projects\/developing-evidence-based-optimal-testing-strategies-to-monitor-long-term-conditions-in-primary-care\/","title":{"rendered":"Opracowywanie optymalnych strategii testowania opartych na dowodach naukowych w celu monitorowania chor\u00f3b przewlek\u0142ych w opiece podstawowej"},"content":{"rendered":"<div class=\"assembler_default-group assembler_module_group assembler_default-group_1 assembler_module_group_1\"><div class=\"assembler_module_area assembler_module_area_1\"><div class=\"assembler_text-module assembler_module assembler_text-module_1 assembler_module_1  transparent\"><a tabindex=\"-1\" title=\"Sekcja zatytu\u0142owana modu\u0142-1\" id=\"module-1\" href=\"https:\/\/bnssghealthiertogether.org.uk\/pl\/wp-json\/wp\/v2\/pages\/34473\/#module-1\" class=\"anchor\"><span class=\"hidden\">Sekcja zatytu\u0142owana modu\u0142-1<\/span><\/a><!-- Template found for text-module - Template: template-text - Matched: _only --><section class=\"w-full mx-auto max-w-content pt-12 sm:pt-24 pb-12 sm:pb-24\">\r\n  <div class=\"entry-content w-full !px-0 max-w-small\">\r\n        <header class=\"local_header\">\n<div class=\"local_header__inner\">\n<h1 class=\"local_header__title\">Opracowywanie optymalnych strategii testowania opartych na dowodach naukowych w celu monitorowania chor\u00f3b przewlek\u0142ych w opiece podstawowej<\/h1>\n<\/div>\n<\/header>\n<article class=\"page_content\">\n<h2><\/h2>\n<h2 class=\"page_content__inner\">Finansowanie<\/h2>\n<\/article>\n<p>Dotacje na badania stosowane (PGfAR) w ramach programu Narodowego Instytutu Zdrowia (NIHR) nr ref. NIHR201616<\/p>\n<h2>Jakie jest pytanie badawcze?<\/h2>\n<p>Jak optymalizowa\u0107 testy do monitorowania przewlek\u0142ych schorze\u0144 (LTC, nadci\u015bnienie t\u0119tnicze, cukrzyca typu 2 i przewlek\u0142a choroba nerek) w opiece podstawowej?<\/p>\n<h2>Jaki jest problem?<\/h2>\n<p>Liczba bada\u0144 krwi wykonywanych w ramach NHS ro\u015bnie. Ponad po\u0142owa z nich odbywa si\u0119 w gabinetach lekarzy rodzinnych w celu monitorowania chor\u00f3b przewlek\u0142ych (LTC).<\/p>\n<p>Badanie krwi mo\u017ce by\u0107 zb\u0119dne, powodowa\u0107 stres i prowadzi\u0107 do dalszych bada\u0144 i zabieg\u00f3w, kt\u00f3re mog\u0105 by\u0107 niepotrzebne. Jednak zaniechanie badania mo\u017ce przeoczy\u0107 potencjalne nieprawid\u0142owo\u015bci.<\/p>\n<p>Obecne wytyczne dotycz\u0105ce bada\u0144, kt\u00f3rym powinny poddawa\u0107 si\u0119 osoby z d\u0142ugotrwa\u0142\u0105 opiek\u0105 zdrowotn\u0105 w celu monitorowania swojego stanu, opieraj\u0105 si\u0119 na opiniach ekspert\u00f3w, a nie na dowodach naukowych.<\/p>\n<h2>Jaki jest cel bada\u0144?<\/h2>\n<p>Chcemy opracowa\u0107 oparte na dowodach naukowych strategie testowania, aby monitorowa\u0107 osoby z nadci\u015bnieniem t\u0119tniczym, cukrzyc\u0105 i przewlek\u0142\u0105 chorob\u0105 nerek w praktyce og\u00f3lnej. Dzi\u0119ki temu pacjenci, lekarze i piel\u0119gniarki dowiedz\u0105 si\u0119, jakie testy s\u0105 najlepsze w przypadku tych schorze\u0144, jak cz\u0119sto je bada\u0107 i jak wykorzysta\u0107 wyniki.<\/p>\n<p>Mo\u017ce to uwolni\u0107 zasoby z og\u00f3lnej praktyki lekarskiej, ograniczy\u0107 liczb\u0119 niepotrzebnych bada\u0144 u pacjent\u00f3w i poprawi\u0107 og\u00f3lne zarz\u0105dzanie opiek\u0105 d\u0142ugoterminow\u0105.<\/p>\n<h2>Jak to zostanie osi\u0105gni\u0119te?<\/h2>\n<p>Proponujemy program 5-letni. Najpierw dokonamy przegl\u0105du istniej\u0105cych dowod\u00f3w naukowych i analizy danych z praktyk lekarzy rodzinnych. Zbudujemy modele matematyczne, aby sprawdzi\u0107, czy testy poprawiaj\u0105 wyniki leczenia pacjent\u00f3w i jak cz\u0119sto powinny by\u0107 stosowane.<\/p>\n<p>Nast\u0119pnie przeprowadzimy wywiady z pacjentami, lekarzami rodzinnymi i piel\u0119gniarkami na temat ich pogl\u0105d\u00f3w na temat test\u00f3w i tego, co s\u0105dz\u0105 o zmianie praktyki testowania.<\/p>\n<p>Nast\u0119pnie b\u0119dziemy wsp\u00f3\u0142pracowa\u0107 z pacjentami, lekarzami i piel\u0119gniarkami, aby opracowa\u0107 ulotki informacyjne lub przewodniki online, kt\u00f3re b\u0119d\u0105 pomocne dla os\u00f3b korzystaj\u0105cych z nowej strategii testowania.<\/p>\n<p>Na koniec ocenimy nasz\u0105 now\u0105 strategi\u0119 testowania, wdra\u017caj\u0105c j\u0105 w r\u00f3\u017cnych gabinetach lekarzy rodzinnych i por\u00f3wnuj\u0105c j\u0105 z gabinetami stosuj\u0105cymi standardow\u0105 praktyk\u0119 testowania. Por\u00f3wnamy wska\u017aniki testowania w poszczeg\u00f3lnych gabinetach, aby sprawdzi\u0107, jak nowa polityka zosta\u0142a wdro\u017cona.<\/p>\n<p>Przyjrzymy si\u0119 r\u00f3wnie\u017c wynikom leczenia pacjent\u00f3w, takim jak wizyty w szpitalu i konsultacje z lekarzem rodzinnym, aby sprawdzi\u0107, czy stan pacjent\u00f3w nie pogarsza si\u0119 z powodu zmian w systemie testowania.<\/p>\n<h2>Kto kieruje badaniami?<\/h2>\n<p>Dr Penny Whiting, profesor nadzwyczajny, nauki o zdrowiu populacyjnym, Uniwersytet w Bristolu.<\/p>\n<h2>Wi\u0119cej informacji:<\/h2>\n<p><a href=\"https:\/\/research-information.bris.ac.uk\/en\/persons\/penny-f-whiting\" target=\"_blank\" rel=\"nofollow noopener\">Doktor Penny Whiting<\/a><\/p>\n<p>Aby uzyska\u0107 wi\u0119cej informacji lub zaanga\u017cowa\u0107 si\u0119 w ten projekt, wy\u015blij wiadomo\u015b\u0107 e-mail <a href=\"mailto:bnssg.research@nhs.net\" target=\"_blank\" rel=\"noopener\">bnssg.research@nhs.net<\/a>.<\/p>\n<p>Wyra\u017cone pogl\u0105dy s\u0105 pogl\u0105dami autora(-\u00f3w) i niekoniecznie pokrywaj\u0105 si\u0119 z pogl\u0105dami NIHR lub Departamentu Zdrowia i Opieki Spo\u0142ecznej.<\/p>\n  <\/div>\r\n  <\/section><\/div><!-- .assembler_text-module.assembler_module.assembler_text-module_1.assembler_module_1..transparent --><\/div><!-- .assembler_module_area.assembler_module_area_1 --><\/div><!-- .assembler_default-group.assembler_module_group.assembler_default-group_1.assembler_module_group_1  -->","protected":false},"excerpt":{"rendered":"<p>Section titled module-1 Developing evidence based optimal testing strategies to monitor long term conditions in primary care Funding National Institute for Health (NIHR) Programme Grants for Applied Research (PGfAR) Ref. NIHR201616 What is the research question? How do we optimise tests for monitoring long-term conditions (LTC; hypertension, type 2 diabetes and chronic kidney disease) in [&hellip;]<\/p>\n","protected":false},"author":1,"featured_media":0,"parent":32881,"menu_order":0,"comment_status":"closed","ping_status":"closed","template":"","meta":{"_acf_changed":false,"footnotes":""},"tags":[],"class_list":["post-34473","page","type-page","status-publish","hentry"],"acf":[],"_links":{"self":[{"href":"https:\/\/bnssghealthiertogether.org.uk\/pl\/wp-json\/wp\/v2\/pages\/34473","targetHints":{"allow":["GET"]}}],"collection":[{"href":"https:\/\/bnssghealthiertogether.org.uk\/pl\/wp-json\/wp\/v2\/pages"}],"about":[{"href":"https:\/\/bnssghealthiertogether.org.uk\/pl\/wp-json\/wp\/v2\/types\/page"}],"author":[{"embeddable":true,"href":"https:\/\/bnssghealthiertogether.org.uk\/pl\/wp-json\/wp\/v2\/users\/1"}],"replies":[{"embeddable":true,"href":"https:\/\/bnssghealthiertogether.org.uk\/pl\/wp-json\/wp\/v2\/comments?post=34473"}],"version-history":[{"count":3,"href":"https:\/\/bnssghealthiertogether.org.uk\/pl\/wp-json\/wp\/v2\/pages\/34473\/revisions"}],"predecessor-version":[{"id":36107,"href":"https:\/\/bnssghealthiertogether.org.uk\/pl\/wp-json\/wp\/v2\/pages\/34473\/revisions\/36107"}],"up":[{"embeddable":true,"href":"https:\/\/bnssghealthiertogether.org.uk\/pl\/wp-json\/wp\/v2\/pages\/32881"}],"wp:attachment":[{"href":"https:\/\/bnssghealthiertogether.org.uk\/pl\/wp-json\/wp\/v2\/media?parent=34473"}],"wp:term":[{"taxonomy":"post_tag","embeddable":true,"href":"https:\/\/bnssghealthiertogether.org.uk\/pl\/wp-json\/wp\/v2\/tags?post=34473"}],"curies":[{"name":"wp","href":"https:\/\/api.w.org\/{rel}","templated":true}]}}