{"id":34476,"date":"2024-11-26T16:35:45","date_gmt":"2024-11-26T16:35:45","guid":{"rendered":"https:\/\/bnssghealthiertogether.org.uk\/?page_id=34476"},"modified":"2025-01-16T10:25:46","modified_gmt":"2025-01-16T10:25:46","slug":"epitope-evaluating-the-population-impact-of-hepatitis-c-direct-acting-antiviral-treatment-as-prevention-for-people-who-inject-drugs","status":"publish","type":"page","link":"https:\/\/bnssghealthiertogether.org.uk\/pl\/integrated-care-board\/research-and-evidence\/our-research-portfolio\/nihr-funded-projects\/epitope-evaluating-the-population-impact-of-hepatitis-c-direct-acting-antiviral-treatment-as-prevention-for-people-who-inject-drugs\/","title":{"rendered":"EPIToPe: Ocena wp\u0142ywu leczenia przeciwwirusowego bezpo\u015brednio dzia\u0142aj\u0105cym lekiem przeciwwirusowym na zapalenie w\u0105troby typu C w profilaktyce u os\u00f3b przyjmuj\u0105cych narkotyki do\u017cylnie na populacj\u0119"},"content":{"rendered":"<div class=\"assembler_default-group assembler_module_group assembler_default-group_1 assembler_module_group_1\"><div class=\"assembler_module_area assembler_module_area_1\"><div class=\"assembler_text-module assembler_module assembler_text-module_1 assembler_module_1  transparent\"><a tabindex=\"-1\" title=\"Sekcja zatytu\u0142owana modu\u0142-1\" id=\"module-1\" href=\"https:\/\/bnssghealthiertogether.org.uk\/pl\/wp-json\/wp\/v2\/pages\/34476\/#module-1\" class=\"anchor\"><span class=\"hidden\">Sekcja zatytu\u0142owana modu\u0142-1<\/span><\/a><!-- Template found for text-module - Template: template-text - Matched: _only --><section class=\"w-full mx-auto max-w-content pt-12 sm:pt-24 pb-12 sm:pb-24\">\r\n  <div class=\"entry-content w-full !px-0 max-w-small\">\r\n        <header class=\"local_header\">\n<div class=\"local_header__inner\">\n<h1 class=\"local_header__title\">EPIToPe: Ocena wp\u0142ywu leczenia przeciwwirusowego bezpo\u015brednio dzia\u0142aj\u0105cym lekiem przeciwwirusowym na zapalenie w\u0105troby typu C w profilaktyce u os\u00f3b przyjmuj\u0105cych narkotyki do\u017cylnie na populacj\u0119<\/h1>\n<\/div>\n<\/header>\n<article class=\"page_content\">\n<h2><\/h2>\n<h2 class=\"page_content__inner\">Finansowanie<\/h2>\n<\/article>\n<p>Dotacje na badania stosowane (PGfAR) w ramach programu Narodowego Instytutu Zdrowia (NIHR) nr ref. RP-PG-0616-20008<\/p>\n<h2>Jakie jest pytanie badawcze?<\/h2>\n<p>Czy zwi\u0119kszenie liczby leczenia wirusa zapalenia w\u0105troby typu C (HCV) w\u015br\u00f3d os\u00f3b przyjmuj\u0105cych narkotyki do\u017cylnie (PWID) zmniejsza cz\u0119sto\u015b\u0107 wyst\u0119powania i transmisj\u0119 HCV w populacji?<\/p>\n<h2>Jaki jest problem?<\/h2>\n<p>Szacuje si\u0119, \u017ce w Wielkiej Brytanii oko\u0142o 200 000 os\u00f3b zosta\u0142o zaka\u017conych wirusem zapalenia w\u0105troby typu C (HCV), kt\u00f3ry jest cz\u0119st\u0105 przyczyn\u0105 chor\u00f3b w\u0105troby, raka i zgon\u00f3w.<\/p>\n<p>Wi\u0119kszo\u015b\u0107 zaka\u017ce\u0144 HCV w Wielkiej Brytanii wyst\u0119puje u os\u00f3b przyjmuj\u0105cych narkotyki do\u017cylnie. Nowe leki na HCV lecz\u0105 ponad 90% pacjent\u00f3w w ci\u0105gu 12 tygodni, powoduj\u0105c niewiele skutk\u00f3w ubocznych, ale s\u0105 drogie (ponad 20 000 funt\u00f3w) i obecnie s\u0105 przeznaczone wy\u0142\u0105cznie dla os\u00f3b z umiarkowan\u0105 lub ci\u0119\u017ck\u0105 chorob\u0105 w\u0105troby.<\/p>\n<p>Modele matematyczne wskazuj\u0105, \u017ce \u201cleczenie HCV poprzez profilaktyk\u0119\u201d, czyli leczenie os\u00f3b wstrzykuj\u0105cych narkotyki i cierpi\u0105cych na \u0142agodn\u0105 chorob\u0119 w\u0105troby w kierunku HCV, mo\u017ce zmniejszy\u0107 og\u00f3ln\u0105 liczb\u0119 nowych zaka\u017ce\u0144 HCV w populacji, chocia\u017c niekt\u00f3rzy ludzie wstrzykuj\u0105cy narkotyki mog\u0105 r\u00f3wnie\u017c ulec ponownemu zaka\u017ceniu.<\/p>\n<p>Co wi\u0119cej, je\u015bli leczenie HCV zostanie odpowiednio zintensyfikowane, HCV zostanie ostatecznie \u201cwyeliminowane\u201d z populacji Wielkiej Brytanii. Wyniki tych modeli musz\u0105 zosta\u0107 przetestowane na pacjentach.<\/p>\n<h2>Jaki jest cel bada\u0144?<\/h2>\n<p>Wyniki uzyskane z tych modeli HCV nale\u017cy przetestowa\u0107 na pacjentach. W niniejszym badaniu zostanie zbadane, czy leczenie os\u00f3b przyjmuj\u0105cych narkotyki do\u017cylnie i z \u0142agodn\u0105 chorob\u0105 w\u0105troby mo\u017ce zmniejszy\u0107 liczb\u0119 zaka\u017ce\u0144 HCV w tej populacji.<\/p>\n<h2>Jak to zostanie osi\u0105gni\u0119te?<\/h2>\n<p>W pierwszym badaniu planujemy leczy\u0107 co najmniej 500 os\u00f3b przyjmuj\u0105cych narkotyki w Dundee\/NHS Tayside w ci\u0105gu dw\u00f3ch lat. Ten du\u017cy, szybki wzrost liczby pacjent\u00f3w leczonych z powodu HCV b\u0119dzie realizowany w wielu plac\u00f3wkach w spo\u0142eczno\u015bci, w tym w aptekach, o\u015brodkach leczenia uzale\u017cnie\u0144 i wi\u0119zieniach.<\/p>\n<p>Szacujemy, \u017ce dzi\u0119ki temu liczba przewlek\u0142ych zaka\u017ce\u0144 wirusem WZW typu C w\u015br\u00f3d os\u00f3b przyjmuj\u0105cych narkotyki do\u017cylnie w Dundee zmniejszy si\u0119 o dwie trzecie, z prawie 30% do mniej ni\u017c 10%.<\/p>\n<p>Aby zmierzy\u0107 zmiany w zakresie zaka\u017ce\u0144 HCV w populacji, musimy rozszerzy\u0107 zakres danych dost\u0119pnych w badaniach ankietowych os\u00f3b przyjmuj\u0105cych narkotyki w Tayside i na terenie ca\u0142ego Zjednoczonego Kr\u00f3lestwa oraz opracowa\u0107 nowe metody statystyczne, kt\u00f3re umo\u017cliwi\u0105 obiektywne oszacowanie, czy zaka\u017cenia HCV zmienia\u0142y si\u0119 na przestrzeni czasu.<\/p>\n<p>Przeprowadzimy wywiady z dostawcami us\u0142ug w Dundee\/NHS Tayside, aby zidentyfikowa\u0107 g\u0142\u00f3wne bariery i czynniki u\u0142atwiaj\u0105ce, kt\u00f3re mog\u0105 pom\u00f3c innym plac\u00f3wkom skutecznie zwi\u0119kszy\u0107 skal\u0119 leczenia HCV.<\/p>\n<p>Przeprowadzimy wywiady z pacjentami po leczeniu i po\u0142\u0105czymy je z administracyjnymi bazami danych, aby oceni\u0107, czy wyleczenie z HCV pomaga r\u00f3wnie\u017c osobom przyjmuj\u0105cym narkotyki do\u017cylnie w pozostaniu w specjalistycznym leczeniu i wyj\u015bciu z na\u0142ogu. Oszacujemy r\u00f3wnie\u017c, czy zwi\u0119kszenie liczby pacjent\u00f3w leczonych z powodu HCV jest op\u0142acalne dla NHS.<\/p>\n<p>Wreszcie, wraz ze wzrostem liczby terapii HCV w Anglii, wsp\u00f3lnie z regionalnymi s\u0142u\u017cbami klinicznymi HCV zaprojektujemy drug\u0105, szersz\u0105 ocen\u0119 programu \u201cLeczenie HCV jako profilaktyka\u201d. Wykorzystamy dane z naszego pierwszego badania, aby pokaza\u0107, jak mo\u017cemy zwi\u0119kszy\u0107 skal\u0119 leczenia HCV w spo\u0142eczno\u015bci i okre\u015bli\u0107, czy liczba zaka\u017ce\u0144 HCV zmniejszy si\u0119 bardziej w o\u015brodkach, w kt\u00f3rych skala leczenia HCV jest wi\u0119ksza ni\u017c w o\u015brodkach, w kt\u00f3rych skala leczenia HCV jest mniejsza.<\/p>\n<h2>Kto kieruje badaniami?<\/h2>\n<p>Prof. Matt Hickman, profesor zdrowia publicznego i epidemiologii, Katedra Nauk o Zdrowiu Populacyjnym, Uniwersytet w Bristolu.<\/p>\n<h2>Wi\u0119cej informacji:<\/h2>\n<p><a href=\"https:\/\/www.bristol.ac.uk\/population-health-sciences\/projects\/epitope\/\" target=\"_blank\" rel=\"nofollow noopener\">O firmie EPITOPE<\/a><\/p>\n<p>Aby uzyska\u0107 wi\u0119cej informacji lub zaanga\u017cowa\u0107 si\u0119 w ten projekt, wy\u015blij wiadomo\u015b\u0107 e-mail <a href=\"mailto:bnssg.research@nhs.net\" target=\"_blank\" rel=\"noopener\">bnssg.research@nhs.net<\/a>.<\/p>\n<p>Wyra\u017cone pogl\u0105dy s\u0105 pogl\u0105dami autora(-\u00f3w) i niekoniecznie pokrywaj\u0105 si\u0119 z pogl\u0105dami NIHR lub Departamentu Zdrowia i Opieki Spo\u0142ecznej.<\/p>\n  <\/div>\r\n  <\/section><\/div><!-- .assembler_text-module.assembler_module.assembler_text-module_1.assembler_module_1..transparent --><\/div><!-- .assembler_module_area.assembler_module_area_1 --><\/div><!-- .assembler_default-group.assembler_module_group.assembler_default-group_1.assembler_module_group_1  -->","protected":false},"excerpt":{"rendered":"<p>Section titled module-1 EPIToPe: Evaluating the Population Impact of Hepatitis C Direct Acting Antiviral Treatment as Prevention for People Who Inject Drugs Funding National Institute for Health (NIHR) Programme Grants for Applied Research (PGfAR) Ref. RP-PG-0616-20008 What is the research question? Does scaling-up Hepatitis C Virus (HCV) treatment among People Who Inject Drugs (PWID) reduce [&hellip;]<\/p>\n","protected":false},"author":1,"featured_media":0,"parent":32881,"menu_order":0,"comment_status":"closed","ping_status":"closed","template":"","meta":{"_acf_changed":false,"footnotes":""},"tags":[],"class_list":["post-34476","page","type-page","status-publish","hentry"],"acf":[],"_links":{"self":[{"href":"https:\/\/bnssghealthiertogether.org.uk\/pl\/wp-json\/wp\/v2\/pages\/34476","targetHints":{"allow":["GET"]}}],"collection":[{"href":"https:\/\/bnssghealthiertogether.org.uk\/pl\/wp-json\/wp\/v2\/pages"}],"about":[{"href":"https:\/\/bnssghealthiertogether.org.uk\/pl\/wp-json\/wp\/v2\/types\/page"}],"author":[{"embeddable":true,"href":"https:\/\/bnssghealthiertogether.org.uk\/pl\/wp-json\/wp\/v2\/users\/1"}],"replies":[{"embeddable":true,"href":"https:\/\/bnssghealthiertogether.org.uk\/pl\/wp-json\/wp\/v2\/comments?post=34476"}],"version-history":[{"count":4,"href":"https:\/\/bnssghealthiertogether.org.uk\/pl\/wp-json\/wp\/v2\/pages\/34476\/revisions"}],"predecessor-version":[{"id":36109,"href":"https:\/\/bnssghealthiertogether.org.uk\/pl\/wp-json\/wp\/v2\/pages\/34476\/revisions\/36109"}],"up":[{"embeddable":true,"href":"https:\/\/bnssghealthiertogether.org.uk\/pl\/wp-json\/wp\/v2\/pages\/32881"}],"wp:attachment":[{"href":"https:\/\/bnssghealthiertogether.org.uk\/pl\/wp-json\/wp\/v2\/media?parent=34476"}],"wp:term":[{"taxonomy":"post_tag","embeddable":true,"href":"https:\/\/bnssghealthiertogether.org.uk\/pl\/wp-json\/wp\/v2\/tags?post=34476"}],"curies":[{"name":"wp","href":"https:\/\/api.w.org\/{rel}","templated":true}]}}