{"id":34485,"date":"2024-11-26T16:37:41","date_gmt":"2024-11-26T16:37:41","guid":{"rendered":"https:\/\/bnssghealthiertogether.org.uk\/?page_id=34485"},"modified":"2025-01-16T11:30:14","modified_gmt":"2025-01-16T11:30:14","slug":"health-impact-of-e-bikes-and-e-scooters-helmet-baseline-data-collection-for-the-evaluation-of-e-bike-and-e-scooter-hire-schemes","status":"publish","type":"page","link":"https:\/\/bnssghealthiertogether.org.uk\/pl\/integrated-care-board\/research-and-evidence\/our-research-portfolio\/nihr-funded-projects\/health-impact-of-e-bikes-and-e-scooters-helmet-baseline-data-collection-for-the-evaluation-of-e-bike-and-e-scooter-hire-schemes\/","title":{"rendered":"Wp\u0142yw rower\u00f3w i hulajn\u00f3g elektrycznych na zdrowie (HELMET): Zbieranie danych bazowych w celu oceny system\u00f3w wypo\u017cyczania rower\u00f3w i hulajn\u00f3g elektrycznych."},"content":{"rendered":"<div class=\"assembler_default-group assembler_module_group assembler_default-group_1 assembler_module_group_1\"><div class=\"assembler_module_area assembler_module_area_1\"><div class=\"assembler_text-module assembler_module assembler_text-module_1 assembler_module_1  transparent\"><a tabindex=\"-1\" title=\"Sekcja zatytu\u0142owana modu\u0142-1\" id=\"module-1\" href=\"https:\/\/bnssghealthiertogether.org.uk\/pl\/wp-json\/wp\/v2\/pages\/34485\/#module-1\" class=\"anchor\"><span class=\"hidden\">Sekcja zatytu\u0142owana modu\u0142-1<\/span><\/a><!-- Template found for text-module - Template: template-text - Matched: _only --><section class=\"w-full mx-auto max-w-content pt-12 sm:pt-24 pb-12 sm:pb-24\">\r\n  <div class=\"entry-content w-full !px-0 max-w-small\">\r\n        <h1>Wp\u0142yw rower\u00f3w i hulajn\u00f3g elektrycznych na zdrowie (HELMET): Zbieranie danych bazowych w celu oceny system\u00f3w wypo\u017cyczania rower\u00f3w i hulajn\u00f3g elektrycznych.<\/h1>\n<h2><strong>Finansowanie:<\/strong><\/h2>\n<p>Projekt ten jest finansowany przez program bada\u0144 zdrowia publicznego (PHR) NIHR, NIHR159622.<\/p>\n<h2>Jaki jest problem?<\/h2>\n<p>Aktywno\u015b\u0107 fizyczna jest wa\u017cna dla zdrowia fizycznego i psychicznego. Spacerowanie lub jazda na rowerze mi\u0119dzy miejscami to jeden ze sposob\u00f3w na aktywno\u015b\u0107 fizyczn\u0105.<\/p>\n<p>Rowery elektryczne to rowery z peda\u0142ami i akumulatorem, kt\u00f3re u\u0142atwiaj\u0105 jazd\u0119, szczeg\u00f3lnie na wzniesieniach. Rowery elektryczne mog\u0142yby by\u0107 dobrym rozwi\u0105zaniem, aby zwi\u0119kszy\u0107 aktywno\u015b\u0107 fizyczn\u0105, ale nie mamy co do tego pewno\u015bci.<\/p>\n<p>Hulajnogi elektryczne dzia\u0142aj\u0105 na baterie, wi\u0119c nie trzeba ich pcha\u0107. Hulajnogi elektryczne mog\u0105 zmniejsza\u0107 aktywno\u015b\u0107 fizyczn\u0105, je\u015bli ludzie u\u017cywaj\u0105 ich zamiast chodzi\u0107.<\/p>\n<p>Rz\u0105d nie jest obecnie pewien, czy zalegalizowa\u0107 prywatne u\u017cytkowanie hulajn\u00f3g elektrycznych. Rz\u0105d testuje hulajnogi elektryczne w niekt\u00f3rych cz\u0119\u015bciach Wielkiej Brytanii od 2020 roku. Mo\u017cna je op\u0142aca\u0107 podczas podr\u00f3\u017cy w obr\u0119bie danego obszaru.<\/p>\n<p>Chocia\u017c niekt\u00f3re rowery elektryczne s\u0105 legalne w Wielkiej Brytanii, ich przechowywanie w domu mo\u017ce by\u0107 drogie i trudne. Mo\u017cliwo\u015b\u0107 p\u0142acenia za korzystanie z nich tylko wtedy, gdy jest to konieczne, mo\u017ce zach\u0119ci\u0107 do cz\u0119stszego korzystania z nich.<\/p>\n<h2>Jaki jest cel bada\u0144?<\/h2>\n<p>Nie wiemy, czy wybory ludzi dotycz\u0105ce transportu ulegn\u0105 zmianie po wprowadzeniu wypo\u017cyczalni rower\u00f3w i hulajn\u00f3g elektrycznych, musimy zebra\u0107 dowody na to, aby poinformowa\u0107 o tym rz\u0105d.<\/p>\n<p>Na przyk\u0142ad, czy osoby, kt\u00f3re wcze\u015bniej je\u017adzi\u0142y samochodem, wybieraj\u0105 rower elektryczny lub hulajnog\u0119 elektryczn\u0105? Czy osoby, kt\u00f3re wcze\u015bniej chodzi\u0142y pieszo, wybieraj\u0105 hulajnog\u0119 elektryczn\u0105? Zmiany w sposobie podr\u00f3\u017cowania mog\u0105 zatem wp\u0142yn\u0105\u0107 na og\u00f3lny poziom aktywno\u015bci fizycznej.<\/p>\n<h2>Jak to zostanie osi\u0105gni\u0119te?<\/h2>\n<p>Latem 2023 roku przeprowadzimy ankiet\u0119 w czterech miastach w Wielkiej Brytanii. Dwa z nich jesieni\u0105 wprowadz\u0105 programy umo\u017cliwiaj\u0105ce mieszka\u0144com p\u0142acenie za korzystanie z rower\u00f3w elektrycznych i\/lub hulajn\u00f3g elektrycznych. Dwa miasta nie b\u0119d\u0105 mia\u0142y tego typu program\u00f3w.<\/p>\n<p>W ramach tego wst\u0119pnego projektu b\u0119dziemy pyta\u0107 w formie ankiety. Link do ankiety wy\u015blemy co najmniej 40 000 os\u00f3b z r\u00f3\u017cnych miast. Zapytamy o aktywno\u015b\u0107 fizyczn\u0105. Zadamy r\u00f3wnie\u017c pytania, kt\u00f3re pomog\u0105 nam zrozumie\u0107, jak ludzie przemieszczaj\u0105 si\u0119 mi\u0119dzy miejscami, na przyk\u0142ad je\u017cd\u017c\u0105c na rowerze, pieszo, je\u017cd\u017c\u0105c na hulajnodze, samochodem lub korzystaj\u0105c z transportu publicznego.<\/p>\n<p>Planujemy zada\u0107 te same pytania p\u00f3\u017aniej, gdy rusz\u0105 programy wypo\u017cyczania rower\u00f3w i hulajn\u00f3g elektrycznych. Wtedy sprawdzimy, czy zmieni\u0142 si\u0119 poziom aktywno\u015bci fizycznej. Mo\u017cemy r\u00f3wnie\u017c sprawdzi\u0107, czy zmieni\u0142o si\u0119 korzystanie z rower\u00f3w i hulajn\u00f3g elektrycznych.<\/p>\n<p>Przeprowadzimy wywiady, aby dowiedzie\u0107 si\u0119, co s\u0105dz\u0105 o systemach wypo\u017cyczania rower\u00f3w i hulajn\u00f3g elektrycznych oraz czy zmieni\u0142y one spos\u00f3b, w jaki podr\u00f3\u017cuj\u0105. Chcemy r\u00f3wnie\u017c zapyta\u0107, jak \u0142atwa jest ankieta i czy mo\u017cna j\u0105 ulepszy\u0107.<\/p>\n<p>Wsp\u00f3\u0142pracowali\u015bmy z mieszka\u0144cami i radami nad zaprojektowaniem tego badania. Planujemy kontynuowa\u0107 wsp\u00f3\u0142prac\u0119 z tymi grupami w trakcie realizacji projektu.<\/p>\n<h2>Kto kieruje badaniami?<\/h2>\n<p class=\"uob-heading Person-module--name--E0sDo Heading-module--heading--1Cceh\"><a href=\"https:\/\/www.bristol.ac.uk\/people\/person\/Miranda-Armstrong-9b03dc7e-7c22-45ff-a153-81aa15683b0b\/\" rel=\"noopener\">Doktor Miranda Armstrong<\/a>, Starszy wyk\u0142adowca w dziedzinie aktywno\u015bci fizycznej u os\u00f3b doros\u0142ych, Uniwersytet w Bristolu.<\/p>\n<h2>Wi\u0119cej informacji:<\/h2>\n<p>Aby uzyska\u0107 wi\u0119cej informacji lub zaanga\u017cowa\u0107 si\u0119 w ten projekt, wy\u015blij wiadomo\u015b\u0107 e-mail na adres <a href=\"mailto:bnssg.research@nhs.net\">bnssg.research@nhs.net<\/a><\/p>\n  <\/div>\r\n  <\/section><\/div><!-- .assembler_text-module.assembler_module.assembler_text-module_1.assembler_module_1..transparent --><\/div><!-- .assembler_module_area.assembler_module_area_1 --><\/div><!-- .assembler_default-group.assembler_module_group.assembler_default-group_1.assembler_module_group_1  -->","protected":false},"excerpt":{"rendered":"<p>Section titled module-1 HEaLth iMpact of E-bikes and e-scooTers (HELMET): Baseline data collection for the evaluation of e-bike and e-scooter hire schemes. Funding: This project is funded by the NIHR Public Health Research (PHR) Programme, NIHR159622. What is the problem? Physical activity is important for physical and mental health. Walking or cycling between places is [&hellip;]<\/p>\n","protected":false},"author":1,"featured_media":0,"parent":32881,"menu_order":0,"comment_status":"closed","ping_status":"closed","template":"","meta":{"_acf_changed":false,"footnotes":""},"tags":[],"class_list":["post-34485","page","type-page","status-publish","hentry"],"acf":[],"_links":{"self":[{"href":"https:\/\/bnssghealthiertogether.org.uk\/pl\/wp-json\/wp\/v2\/pages\/34485","targetHints":{"allow":["GET"]}}],"collection":[{"href":"https:\/\/bnssghealthiertogether.org.uk\/pl\/wp-json\/wp\/v2\/pages"}],"about":[{"href":"https:\/\/bnssghealthiertogether.org.uk\/pl\/wp-json\/wp\/v2\/types\/page"}],"author":[{"embeddable":true,"href":"https:\/\/bnssghealthiertogether.org.uk\/pl\/wp-json\/wp\/v2\/users\/1"}],"replies":[{"embeddable":true,"href":"https:\/\/bnssghealthiertogether.org.uk\/pl\/wp-json\/wp\/v2\/comments?post=34485"}],"version-history":[{"count":3,"href":"https:\/\/bnssghealthiertogether.org.uk\/pl\/wp-json\/wp\/v2\/pages\/34485\/revisions"}],"predecessor-version":[{"id":36120,"href":"https:\/\/bnssghealthiertogether.org.uk\/pl\/wp-json\/wp\/v2\/pages\/34485\/revisions\/36120"}],"up":[{"embeddable":true,"href":"https:\/\/bnssghealthiertogether.org.uk\/pl\/wp-json\/wp\/v2\/pages\/32881"}],"wp:attachment":[{"href":"https:\/\/bnssghealthiertogether.org.uk\/pl\/wp-json\/wp\/v2\/media?parent=34485"}],"wp:term":[{"taxonomy":"post_tag","embeddable":true,"href":"https:\/\/bnssghealthiertogether.org.uk\/pl\/wp-json\/wp\/v2\/tags?post=34485"}],"curies":[{"name":"wp","href":"https:\/\/api.w.org\/{rel}","templated":true}]}}