{"id":34492,"date":"2024-11-26T16:38:28","date_gmt":"2024-11-26T16:38:28","guid":{"rendered":"https:\/\/bnssghealthiertogether.org.uk\/?page_id=34492"},"modified":"2025-01-16T13:19:03","modified_gmt":"2025-01-16T13:19:03","slug":"heart-failure-and-participation-in-physical-activity-the-happy-study","status":"publish","type":"page","link":"https:\/\/bnssghealthiertogether.org.uk\/pl\/integrated-care-board\/research-and-evidence\/our-research-portfolio\/nihr-funded-projects\/heart-failure-and-participation-in-physical-activity-the-happy-study\/","title":{"rendered":"Niewydolno\u015b\u0107 serca a udzia\u0142 w aktywno\u015bci fizycznej (badanie HAPPY)."},"content":{"rendered":"<div class=\"assembler_default-group assembler_module_group assembler_default-group_1 assembler_module_group_1\"><div class=\"assembler_module_area assembler_module_area_1\"><div class=\"assembler_text-module assembler_module assembler_text-module_1 assembler_module_1  transparent\"><a tabindex=\"-1\" title=\"Sekcja zatytu\u0142owana modu\u0142-1\" id=\"module-1\" href=\"https:\/\/bnssghealthiertogether.org.uk\/pl\/wp-json\/wp\/v2\/pages\/34492\/#module-1\" class=\"anchor\"><span class=\"hidden\">Sekcja zatytu\u0142owana modu\u0142-1<\/span><\/a><!-- Template found for text-module - Template: template-text - Matched: _only --><section class=\"w-full mx-auto max-w-content pt-12 sm:pt-24 pb-12 sm:pb-24\">\r\n  <div class=\"entry-content w-full !px-0 max-w-small\">\r\n        <h1>Niewydolno\u015b\u0107 serca a udzia\u0142 w aktywno\u015bci fizycznej (badanie HAPPY)<\/h1>\n<p>&nbsp;<\/p>\n<h2>Finansowanie<\/h2>\n<p>Projekt ten jest finansowany przez Narodowy Instytut Bada\u0144 nad Zdrowiem i Opiek\u0105 (NIHR) \u2013 strumie\u0144 finansowania Badania dla Pacjenta (RfPB): NIHR203155.<\/p>\n<h2>Jakie jest pytanie badawcze?<\/h2>\n<p>Co pomo\u017ce osobom z niewydolno\u015bci\u0105 serca utrzyma\u0107 siebie i swoje zdrowie, a tak\u017ce liczy\u0107 na wsparcie rodziny, przyjaci\u00f3\u0142 i pracownik\u00f3w s\u0142u\u017cby zdrowia w zwi\u0119kszaniu aktywno\u015bci fizycznej?<\/p>\n<h2>Jaki jest problem?<\/h2>\n<p>Niewydolno\u015b\u0107 serca dotyka prawie milion os\u00f3b w Wielkiej Brytanii. Mo\u017ce wyst\u0105pi\u0107 w ka\u017cdym wieku, ale najcz\u0119\u015bciej wyst\u0119puje u os\u00f3b starszych.<\/p>\n<p>Niewydolno\u015b\u0107 serca oznacza, \u017ce serce nie jest w stanie wystarczaj\u0105co wydajnie pompowa\u0107 krwi do organizmu. Do typowych objaw\u00f3w nale\u017c\u0105 duszno\u015b\u0107, zm\u0119czenie, ko\u0142atanie serca i obrz\u0119k kostek. Do\u015bwiadczenia ka\u017cdego pacjenta s\u0105 nieco inne.<\/p>\n<p>Wiemy, \u017ce aktywno\u015b\u0107 fizyczna mo\u017ce pom\u00f3c osobom z niewydolno\u015bci\u0105 serca zwi\u0119kszy\u0107 sprawno\u015b\u0107 fizyczn\u0105 i poprawi\u0107 nastr\u00f3j. Aktywno\u015b\u0107 fizyczna mo\u017ce obejmowa\u0107 zaj\u0119cia fitness i codzienne czynno\u015bci, takie jak spacery z psem czy prace w ogrodzie.<\/p>\n<p>Jednym z problem\u00f3w os\u00f3b z niewydolno\u015bci\u0105 serca jest brak pewno\u015bci co do tego, ile i jakiego rodzaju aktywno\u015bci fizycznej powinny podejmowa\u0107. Ludzie chc\u0105 dba\u0107 o zdrowie, ale nie otrzymuj\u0105 jasnych informacji na temat aktywno\u015bci fizycznej. Lekarze twierdz\u0105 r\u00f3wnie\u017c, \u017ce nie s\u0105 pewni, jak najlepiej doradza\u0107 swoim pacjentom.<\/p>\n<h2>Jaki jest cel bada\u0144?<\/h2>\n<p>Wspieranie os\u00f3b z niewydolno\u015bci\u0105 serca w podejmowaniu odpowiedniej ilo\u015bci aktywno\u015bci fizycznej dla ich zdrowia i dobrego samopoczucia.<\/p>\n<h2>Jak to zostanie osi\u0105gni\u0119te?<\/h2>\n<p>Zesp\u00f3\u0142 badawczy dokona przegl\u0105du aktualnej literatury, skupiaj\u0105c si\u0119 na syntezie pogl\u0105d\u00f3w i do\u015bwiadcze\u0144 na temat aktywno\u015bci fizycznej w\u015br\u00f3d os\u00f3b z niewydolno\u015bci\u0105 serca.<\/p>\n<p>Przyjrz\u0105 si\u0119 r\u00f3wnie\u017c poradom na temat aktywno\u015bci fizycznej i chor\u00f3b serca, dost\u0119pnym na stronach internetowych organizacji charytatywnych.<\/p>\n<p>Nast\u0119pnie zesp\u00f3\u0142 wykorzysta te dowody do opracowania modelu logicznego, kt\u00f3ry mo\u017ce pos\u0142u\u017cy\u0107 do prowadzenia dyskusji i udoskonalania us\u0142ug w zakresie aktywno\u015bci fizycznej dla os\u00f3b z niewydolno\u015bci\u0105 serca i pokrewnymi schorzeniami.<\/p>\n<h2>Kto kieruje badaniami?<\/h2>\n<p><a href=\"https:\/\/research-information.bris.ac.uk\/en\/persons\/alyson-l-huntley\" rel=\"noopener\">Doktor Alyson Huntley<\/a>, Starszy pracownik naukowy w dziedzinie syntezy dowod\u00f3w, Bristol Medical School (PHS), Bristol Population Health Science Institute.<\/p>\n<h2>Wi\u0119cej informacji<\/h2>\n<p>Aby uzyska\u0107 wi\u0119cej informacji lub zaanga\u017cowa\u0107 si\u0119 w ten projekt, wy\u015blij wiadomo\u015b\u0107 e-mail na adres <a href=\"mailto:bnssg.research@nhs.net\">bnssg.research@nhs.net<\/a>.<\/p>\n<p>Wyra\u017cone pogl\u0105dy s\u0105 pogl\u0105dami autora(-\u00f3w) i niekoniecznie pokrywaj\u0105 si\u0119 z pogl\u0105dami NIHR lub Departamentu Zdrowia i Opieki Spo\u0142ecznej.<\/p>\n  <\/div>\r\n  <\/section><\/div><!-- .assembler_text-module.assembler_module.assembler_text-module_1.assembler_module_1..transparent --><\/div><!-- .assembler_module_area.assembler_module_area_1 --><\/div><!-- .assembler_default-group.assembler_module_group.assembler_default-group_1.assembler_module_group_1  -->","protected":false},"excerpt":{"rendered":"<p>Section titled module-1 Heart failure And Participation in Physical activitY (the HAPPY study) &nbsp; Funding This project is funded by the National Institute for Health and Care Research (NIHR) &#8211; Research for Patient Patient (RfPB) funding stream: NIHR203155. What\u2019s the research question? What will help people with heart failure to support themselves and be supported [&hellip;]<\/p>\n","protected":false},"author":1,"featured_media":0,"parent":32881,"menu_order":0,"comment_status":"closed","ping_status":"closed","template":"","meta":{"_acf_changed":false,"footnotes":""},"tags":[],"class_list":["post-34492","page","type-page","status-publish","hentry"],"acf":[],"_links":{"self":[{"href":"https:\/\/bnssghealthiertogether.org.uk\/pl\/wp-json\/wp\/v2\/pages\/34492","targetHints":{"allow":["GET"]}}],"collection":[{"href":"https:\/\/bnssghealthiertogether.org.uk\/pl\/wp-json\/wp\/v2\/pages"}],"about":[{"href":"https:\/\/bnssghealthiertogether.org.uk\/pl\/wp-json\/wp\/v2\/types\/page"}],"author":[{"embeddable":true,"href":"https:\/\/bnssghealthiertogether.org.uk\/pl\/wp-json\/wp\/v2\/users\/1"}],"replies":[{"embeddable":true,"href":"https:\/\/bnssghealthiertogether.org.uk\/pl\/wp-json\/wp\/v2\/comments?post=34492"}],"version-history":[{"count":5,"href":"https:\/\/bnssghealthiertogether.org.uk\/pl\/wp-json\/wp\/v2\/pages\/34492\/revisions"}],"predecessor-version":[{"id":36125,"href":"https:\/\/bnssghealthiertogether.org.uk\/pl\/wp-json\/wp\/v2\/pages\/34492\/revisions\/36125"}],"up":[{"embeddable":true,"href":"https:\/\/bnssghealthiertogether.org.uk\/pl\/wp-json\/wp\/v2\/pages\/32881"}],"wp:attachment":[{"href":"https:\/\/bnssghealthiertogether.org.uk\/pl\/wp-json\/wp\/v2\/media?parent=34492"}],"wp:term":[{"taxonomy":"post_tag","embeddable":true,"href":"https:\/\/bnssghealthiertogether.org.uk\/pl\/wp-json\/wp\/v2\/tags?post=34492"}],"curies":[{"name":"wp","href":"https:\/\/api.w.org\/{rel}","templated":true}]}}