{"id":34495,"date":"2024-11-26T16:38:54","date_gmt":"2024-11-26T16:38:54","guid":{"rendered":"https:\/\/bnssghealthiertogether.org.uk\/?page_id=34495"},"modified":"2025-01-16T21:47:18","modified_gmt":"2025-01-16T21:47:18","slug":"imppp-improving-medicines-use-in-people-with-polypharmacy-in-primary-care","status":"publish","type":"page","link":"https:\/\/bnssghealthiertogether.org.uk\/pl\/integrated-care-board\/research-and-evidence\/our-research-portfolio\/nihr-funded-projects\/imppp-improving-medicines-use-in-people-with-polypharmacy-in-primary-care\/","title":{"rendered":"IMPPP: Poprawa stosowania lek\u00f3w u os\u00f3b z polipragmazj\u0105 w opiece podstawowej"},"content":{"rendered":"<div class=\"assembler_default-group assembler_module_group assembler_default-group_1 assembler_module_group_1\"><div class=\"assembler_module_area assembler_module_area_1\"><div class=\"assembler_text-module assembler_module assembler_text-module_1 assembler_module_1  transparent\"><a tabindex=\"-1\" title=\"Sekcja zatytu\u0142owana modu\u0142-1\" id=\"module-1\" href=\"https:\/\/bnssghealthiertogether.org.uk\/pl\/wp-json\/wp\/v2\/pages\/34495\/#module-1\" class=\"anchor\"><span class=\"hidden\">Sekcja zatytu\u0142owana modu\u0142-1<\/span><\/a><!-- Template found for text-module - Template: template-text - Matched: _only --><section class=\"w-full mx-auto max-w-content pt-12 sm:pt-24 pb-12 sm:pb-24\">\r\n  <div class=\"entry-content w-full !px-0 max-w-small\">\r\n        <header class=\"local_header\">\n<div class=\"local_header__inner\">\n<h1 class=\"local_header__title\">IMPPP: Poprawa stosowania lek\u00f3w u os\u00f3b z polipragmazj\u0105 w opiece podstawowej<\/h1>\n<\/div>\n<\/header>\n<article class=\"page_content\">\n<h2><\/h2>\n<h2 class=\"page_content__inner\">Finansowanie<\/h2>\n<\/article>\n<p>Narodowy Instytut Zdrowia (NIHR) Badania w zakresie us\u0142ug zdrowotnych i \u015bwiadczenia us\u0142ug (HS&amp;DR) Nr ref. 16\/118\/14<\/p>\n<h2>Jakie jest pytanie badawcze?<\/h2>\n<p>Czy mo\u017cemy opracowa\u0107 i oceni\u0107 interwencj\u0119 maj\u0105c\u0105 na celu optymalizacj\u0119 stosowania lek\u00f3w u pacjent\u00f3w stosuj\u0105cych polipragmazj\u0119 w ramach og\u00f3lnej praktyki lekarskiej?<\/p>\n<h2>Jaki jest problem?<\/h2>\n<p>Przepisywanie lek\u00f3w to jedna z najwa\u017cniejszych czynno\u015bci lekarzy maj\u0105cych na celu leczenie chor\u00f3b i popraw\u0119 zdrowia ludzi.<\/p>\n<p>Spo\u0142ecze\u0144stwo Wielkiej Brytanii stale si\u0119 starzeje, a ludzie cz\u0119sto maj\u0105 wi\u0119cej ni\u017c jeden problem zdrowotny. Oznacza to, \u017ce coraz wi\u0119cej os\u00f3b przyjmuje wiele lek\u00f3w, co nazywa si\u0119 polipragmazj\u0105.<\/p>\n<p>Polifarmacja jest cz\u0119sto konieczna, aby pom\u00f3c danej osobie zachowa\u0107 dobre samopoczucie, ale mo\u017ce te\u017c powodowa\u0107 problemy, takie jak skutki uboczne lub dezorientacj\u0119 co do tego, jakie dok\u0142adnie leki nale\u017cy przyjmowa\u0107 i kiedy.<\/p>\n<p>Musimy znale\u017a\u0107 sposoby na popraw\u0119 stosowania lek\u00f3w u os\u00f3b z polipragmazj\u0105, aby ograniczy\u0107 niekt\u00f3re z tych problem\u00f3w. Brakuje jednak rzetelnych dowod\u00f3w naukowych, kt\u00f3re pomog\u0142yby pracownikom s\u0142u\u017cby zdrowia w podj\u0119ciu decyzji, jak to zrobi\u0107.<\/p>\n<h2>Jaki jest cel bada\u0144?<\/h2>\n<p>Celem tego projektu jest stworzenie skutecznego podej\u015bcia maj\u0105cego na celu usprawnienie stosowania lek\u00f3w u os\u00f3b stosuj\u0105cych polifarmacj\u0119 i korzystaj\u0105cych z poradnictwa og\u00f3lnego.<\/p>\n<p>Opracujemy nowe podej\u015bcie (nazywane IMPPP), aby usprawni\u0107 zarz\u0105dzanie polipragmazj\u0105.<\/p>\n<p>IMPPP usprawni spos\u00f3b, w jaki przychodnie lekarzy rodzinnych organizuj\u0105 przegl\u0105dy lek\u00f3w dla pacjent\u00f3w. B\u0119dzie promowa\u0107 lepsz\u0105 opiek\u0119, zapewniaj\u0105c lekarzom rodzinnym szkolenia, p\u0142atno\u015bci i informacje o skuteczno\u015bci ich praktyki.<\/p>\n<p>B\u0119dzie on korzysta\u0142 z nowego programu komputerowego, kt\u00f3ry pomo\u017ce lekarzom rodzinnym i farmaceutom podejmowa\u0107 w\u0142a\u015bciwe decyzje dotycz\u0105ce lek\u00f3w. Obawy i \u017cyczenia pacjent\u00f3w dotycz\u0105ce ich lek\u00f3w pozostan\u0105 w centrum uwagi.<\/p>\n<p>Badania te dostarcz\u0105 nam cennych informacji na temat tego, kt\u00f3re osoby stosuj\u0105ce polifarmacj\u0119 mog\u0142yby odnie\u015b\u0107 najwi\u0119ksze korzy\u015bci z udoskonalenia swoich lek\u00f3w, a tak\u017ce wska\u017c\u0105, jakie podej\u015bcia sprawdzaj\u0105 si\u0119 najlepiej w przypadku usprawnienia stosowania lek\u00f3w przez osoby stosuj\u0105ce polifarmacj\u0119.<\/p>\n<h2>Jak to zostanie osi\u0105gni\u0119te?<\/h2>\n<p>Nasz projekt sk\u0142ada si\u0119 z 3 cz\u0119\u015bci:<\/p>\n<ol>\n<li>Najpierw porozmawiamy z pracownikami s\u0142u\u017cby zdrowia i pacjentami, kt\u00f3rzy maj\u0105 do\u015bwiadczenie z podobnym podej\u015bciem stosowanym w Szkocji. Wykorzystamy dane dotycz\u0105ce przepisywania lek\u00f3w zebrane przez systemy komputerowe szkockich lekarzy rodzinnych, aby zrozumie\u0107, kt\u00f3re osoby z polipragmazj\u0105 odnios\u0105 najwi\u0119ksze korzy\u015bci z lepszej opieki. Wykorzystamy te informacje do opracowania nowej metody IMPPP, z pomoc\u0105 pacjent\u00f3w i innych ekspert\u00f3w.<\/li>\n<li>Po drugie, przetestujemy IMPPP w 3 przychodniach lekarzy rodzinnych w Bristolu. Przeprowadzimy wywiady z pacjentami tych przychodni, aby dowiedzie\u0107 si\u0119 o ewentualnych problemach z IMPPP i m\u00f3c go udoskonali\u0107.<\/li>\n<li>Po trzecie, przeprowadzimy badanie kliniczne w Bristolu i Staffordshire. Badanie por\u00f3wna 27 operacji z zastosowaniem metody IMPPP z 27 operacjami przeprowadzanymi w ramach obecnej, standardowej praktyki. Sprawdzimy, czy wyniki IMPPP poprawi\u0142y bezpiecze\u0144stwo lek\u00f3w, ograniczy\u0142y korzystanie z us\u0142ug opieki zdrowotnej, poprawi\u0142y jako\u015b\u0107 \u017cycia i zmniejszy\u0142y obci\u0105\u017cenie pacjent\u00f3w. Sprawdzimy r\u00f3wnie\u017c, czy IMPPP jest akceptowalny dla pacjent\u00f3w, lekarzy i farmaceut\u00f3w, a tak\u017ce poznamy koszty zwi\u0105zane z IMPPP dla NHS.<\/li>\n<\/ol>\n<h2>Kto kieruje badaniami?<\/h2>\n<p>Dr Rupert Payne, starszy wyk\u0142adowca-konsultant w dziedzinie podstawowej opieki zdrowotnej, Centrum Akademickiej Podstawowej Opieki Zdrowotnej, Nauki o Zdrowiu Populacji, Uniwersytet w Bristolu.<\/p>\n<h2>Wi\u0119cej informacji:<\/h2>\n<p><a href=\"http:\/\/www.bristol.ac.uk\/primaryhealthcare\/researchthemes\/imppp\/about-imppp\/\" target=\"_blank\" rel=\"nofollow noopener\">O IMPPP<\/a><\/p>\n<p>Aby uzyska\u0107 wi\u0119cej informacji lub zaanga\u017cowa\u0107 si\u0119 w ten projekt, wy\u015blij wiadomo\u015b\u0107 e-mail <a href=\"mailto:bnssg.research@nhs.net\" target=\"_blank\" rel=\"noopener\">bnssg.research@nhs.net<\/a>.<\/p>\n<p>Wyra\u017cone pogl\u0105dy s\u0105 pogl\u0105dami autora(-\u00f3w) i niekoniecznie pokrywaj\u0105 si\u0119 z pogl\u0105dami NIHR lub Departamentu Zdrowia i Opieki Spo\u0142ecznej.<\/p>\n  <\/div>\r\n  <\/section><\/div><!-- .assembler_text-module.assembler_module.assembler_text-module_1.assembler_module_1..transparent --><\/div><!-- .assembler_module_area.assembler_module_area_1 --><\/div><!-- .assembler_default-group.assembler_module_group.assembler_default-group_1.assembler_module_group_1  -->","protected":false},"excerpt":{"rendered":"<p>Section titled module-1 IMPPP: Improving Medicines use in People with Polypharmacy in Primary Care Funding National Institute for Health (NIHR) Health Service &amp; Delivery Research (HS&amp;DR) Ref. 16\/118\/14 What is the research question? Can we develop and evaluate an intervention to optimise medication use for patients with polypharmacy in a general practice setting? What is [&hellip;]<\/p>\n","protected":false},"author":1,"featured_media":0,"parent":32881,"menu_order":0,"comment_status":"closed","ping_status":"closed","template":"","meta":{"_acf_changed":false,"footnotes":""},"tags":[],"class_list":["post-34495","page","type-page","status-publish","hentry"],"acf":[],"_links":{"self":[{"href":"https:\/\/bnssghealthiertogether.org.uk\/pl\/wp-json\/wp\/v2\/pages\/34495","targetHints":{"allow":["GET"]}}],"collection":[{"href":"https:\/\/bnssghealthiertogether.org.uk\/pl\/wp-json\/wp\/v2\/pages"}],"about":[{"href":"https:\/\/bnssghealthiertogether.org.uk\/pl\/wp-json\/wp\/v2\/types\/page"}],"author":[{"embeddable":true,"href":"https:\/\/bnssghealthiertogether.org.uk\/pl\/wp-json\/wp\/v2\/users\/1"}],"replies":[{"embeddable":true,"href":"https:\/\/bnssghealthiertogether.org.uk\/pl\/wp-json\/wp\/v2\/comments?post=34495"}],"version-history":[{"count":3,"href":"https:\/\/bnssghealthiertogether.org.uk\/pl\/wp-json\/wp\/v2\/pages\/34495\/revisions"}],"predecessor-version":[{"id":36158,"href":"https:\/\/bnssghealthiertogether.org.uk\/pl\/wp-json\/wp\/v2\/pages\/34495\/revisions\/36158"}],"up":[{"embeddable":true,"href":"https:\/\/bnssghealthiertogether.org.uk\/pl\/wp-json\/wp\/v2\/pages\/32881"}],"wp:attachment":[{"href":"https:\/\/bnssghealthiertogether.org.uk\/pl\/wp-json\/wp\/v2\/media?parent=34495"}],"wp:term":[{"taxonomy":"post_tag","embeddable":true,"href":"https:\/\/bnssghealthiertogether.org.uk\/pl\/wp-json\/wp\/v2\/tags?post=34495"}],"curies":[{"name":"wp","href":"https:\/\/api.w.org\/{rel}","templated":true}]}}