{"id":34500,"date":"2024-11-26T16:39:49","date_gmt":"2024-11-26T16:39:49","guid":{"rendered":"https:\/\/bnssghealthiertogether.org.uk\/?page_id=34500"},"modified":"2025-01-16T21:55:52","modified_gmt":"2025-01-16T21:55:52","slug":"inclusivity-in-stroke-self-management-support-issmas-co-designing-resources-to-improve-self-management-by-black-african-and-afro-caribbean-communities-living-with-stroke-in-the-uk","status":"publish","type":"page","link":"https:\/\/bnssghealthiertogether.org.uk\/pl\/integrated-care-board\/research-and-evidence\/our-research-portfolio\/nihr-funded-projects\/inclusivity-in-stroke-self-management-support-issmas-co-designing-resources-to-improve-self-management-by-black-african-and-afro-caribbean-communities-living-with-stroke-in-the-uk\/","title":{"rendered":"W\u0142\u0105czenie we wsparciu samoleczenia udaru m\u00f3zgu (ISSMAS): Wsp\u00f3\u0142tworzenie zasob\u00f3w w celu poprawy samoleczenia przez spo\u0142eczno\u015bci czarnosk\u00f3rych Afrykan\u00f3w i Afrokaraib\u00f3w \u017cyj\u0105ce z udarem m\u00f3zgu w Wielkiej Brytanii"},"content":{"rendered":"<div class=\"assembler_default-group assembler_module_group assembler_default-group_1 assembler_module_group_1\"><div class=\"assembler_module_area assembler_module_area_1\"><div class=\"assembler_text-module assembler_module assembler_text-module_1 assembler_module_1  transparent\"><a tabindex=\"-1\" title=\"Sekcja zatytu\u0142owana modu\u0142-1\" id=\"module-1\" href=\"https:\/\/bnssghealthiertogether.org.uk\/pl\/wp-json\/wp\/v2\/pages\/34500\/#module-1\" class=\"anchor\"><span class=\"hidden\">Sekcja zatytu\u0142owana modu\u0142-1<\/span><\/a><!-- Template found for text-module - Template: template-text - Matched: _only --><section class=\"w-full mx-auto max-w-content pt-12 sm:pt-24 pb-12 sm:pb-24\">\r\n  <div class=\"entry-content w-full !px-0 max-w-small\">\r\n        <h1>W\u0142\u0105czenie we wsparciu samoleczenia udaru m\u00f3zgu (ISSMAS): Wsp\u00f3\u0142tworzenie zasob\u00f3w w celu poprawy samoleczenia przez spo\u0142eczno\u015bci czarnosk\u00f3rych Afrykan\u00f3w i Afrokaraib\u00f3w \u017cyj\u0105ce z udarem m\u00f3zgu w Wielkiej Brytanii<\/h1>\n<p>&nbsp;<\/p>\n<article class=\"page_content\">\n<h2 class=\"page_content__inner\">Finansowanie<\/h2>\n<\/article>\n<p>Narodowy Instytut Bada\u0144 nad Zdrowiem i Opiek\u0105 (NIHR) Badania na rzecz dobra pacjenta (RfPB) Nr ref. NIHR204975.<\/p>\n<h2>Jaki jest problem?<\/h2>\n<p>Osoby czarnosk\u00f3re s\u0105 bardziej nara\u017cone na udar m\u00f3zgu ni\u017c osoby bia\u0142e i do\u015bwiadczaj\u0105 go w m\u0142odszym wieku. S\u0105 szczeg\u00f3lnie nara\u017cone na choroby takie jak niedokrwisto\u015b\u0107 sierpowatokrwinkowa i cukrzyca, kt\u00f3re zwi\u0119kszaj\u0105 ryzyko udaru.<\/p>\n<p>Mimo to BPLS twierdz\u0105, \u017ce nie otrzymali w\u0142a\u015bciwych informacji i porad, kt\u00f3re pomog\u0142yby im (i) skutecznie zarz\u0105dza\u0107 swoim zdrowiem i (ii) zrozumie\u0107, jak zmniejszy\u0107 ryzyko kolejnego udaru.<\/p>\n<p>Sytuacja ta wynika cz\u0119\u015bciowo z kulturowo nieintegracyjnych sposob\u00f3w prezentowania i rozpowszechniania informacji, a tak\u017ce ze s\u0142abej komunikacji z pracownikami s\u0142u\u017cby zdrowia i opieki spo\u0142ecznej.<\/p>\n<p>Wprowadzenie lepszych materia\u0142\u00f3w, kt\u00f3re spe\u0142ni\u0105 potrzeby BPLS i b\u0119d\u0105 bardziej dost\u0119pne, mo\u017ce znacznie poprawi\u0107 opiek\u0119 zdrowotn\u0105 i samopoczucie BPLS, rozwi\u0105za\u0107 niekt\u00f3re z nier\u00f3wno\u015bci, z kt\u00f3rymi si\u0119 borykaj\u0105, a tak\u017ce obni\u017cy\u0107 koszty dla NHS.<\/p>\n<h2>Jaki jest cel bada\u0144?<\/h2>\n<p>Celem naszego projektu jest zebranie informacji i porad od os\u00f3b czarnosk\u00f3rych \u017cyj\u0105cych po udarze m\u00f3zgu (BPLS), kt\u00f3re mog\u0142yby im pom\u00f3c w zarz\u0105dzaniu swoim zdrowiem po udarze, a tak\u017ce wsp\u00f3\u0142praca z BPLS oraz pracownikami s\u0142u\u017cby zdrowia i opieki spo\u0142ecznej (HCP) w celu opracowania nowych materia\u0142\u00f3w, kt\u00f3re zaspokoj\u0105 potrzeby BPLS.<\/p>\n<h2>Jak to zostanie osi\u0105gni\u0119te?<\/h2>\n<p>W procesie tym krok po kroku zastosujemy podej\u015bcie zwane wsp\u00f3\u0142projektowaniem opartym na do\u015bwiadczeniach.<\/p>\n<p>Przeprowadzimy wywiady z 24 pracownikami BPLS o r\u00f3\u017cnym wykszta\u0142ceniu i do\u015bwiadczeniu z Bristolu i Londynu, aby zrozumie\u0107, jakie s\u0105 ich priorytety w zakresie informacji i porad.<\/p>\n<p>Nast\u0119pnie zbierzemy w oddzielnych grupach po 10 specjalist\u00f3w BPLS i 10 pracownik\u00f3w s\u0142u\u017cby zdrowia maj\u0105cych do\u015bwiadczenie we wspieraniu os\u00f3b po udarze, aby om\u00f3wi\u0107 wyniki wywiad\u00f3w i potwierdzi\u0107 priorytety.<\/p>\n<p>Nast\u0119pnie, wsp\u00f3\u0142pracuj\u0105c jako r\u00f3wnoprawni partnerzy, dwa wsp\u00f3lne zespo\u0142y BPLS i HCP zaplanuj\u0105 materia\u0142y odpowiadaj\u0105ce na priorytetowe obszary. Jeden<br \/>\njeden zesp\u00f3\u0142 skupi si\u0119 bezpo\u015brednio na BPLS, a drugi na pracownikach s\u0142u\u017cby zdrowia, aby pom\u00f3c im usprawni\u0107 komunikacj\u0119 oraz wymian\u0119 informacji i porad.<\/p>\n<p>Materia\u0142y mog\u0105 obejmowa\u0107 kr\u00f3tkie filmy, ulotki i\/lub poradniki online; ich ostateczny format b\u0119dzie znany dopiero po naszym wsp\u00f3lnym projektowaniu. Materia\u0142y zostan\u0105 przygotowane profesjonalnie.<\/p>\n<p>Skonsultujemy si\u0119 z naszymi zespo\u0142ami ds. wsp\u00f3\u0142projektowania, innymi partnerami projektu, np. organizacjami spo\u0142ecznymi, oraz nasz\u0105 Grup\u0105 ds. Pacjent\u00f3w i Zaanga\u017cowania Spo\u0142ecznego (PPI), aby upewni\u0107 si\u0119, \u017ce s\u0105 one akceptowalne i mog\u0105 mie\u0107 wp\u0142yw.<\/p>\n<p>BPLS stanowi\u0105 serce naszego projektu. BPLS podkre\u015bli\u0142o potrzeb\u0119 przeprowadzenia tych prac podczas wcze\u015bniejszego badania. BPLS jest reprezentowane w zespo\u0142ach projektowych i wsp\u00f3\u0142projektowych. Nasza Grupa PPI (BPLS i opiekunowie) wsp\u00f3\u0142pracuje z nami od 2019 roku i pomog\u0142a w opracowaniu naszej propozycji projektu.<\/p>\n<p>Materia\u0142y opracowane i zebrane w ramach naszego projektu b\u0119d\u0105 natychmiast dost\u0119pne dla organizacji partnerskich. W ramach dalszych prac planujemy wdro\u017cy\u0107 i przetestowa\u0107 materia\u0142y, aby sprawdzi\u0107 ich skuteczno\u015b\u0107 oraz mo\u017cliwo\u015bci ich rozwoju i udoskonalenia w celu dalszej dystrybucji.<\/p>\n<h2>Kto kieruje badaniami?<\/h2>\n<p><a href=\"https:\/\/people.uwe.ac.uk\/Person\/JoWhite\" rel=\"noopener\">Dr Joanna White<\/a>, Starszy pracownik naukowy, University of the West of England.<\/p>\n<h2>Wi\u0119cej informacji:<\/h2>\n<p>Aby uzyska\u0107 wi\u0119cej informacji lub zaanga\u017cowa\u0107 si\u0119 w ten projekt, wy\u015blij wiadomo\u015b\u0107 e-mail <a href=\"mailto:bnssg.research@nhs.net\" target=\"_blank\" rel=\"noopener\">bnssg.research@nhs.net<\/a>.<\/p>\n<p>Wyra\u017cone pogl\u0105dy s\u0105 pogl\u0105dami autora(-\u00f3w) i niekoniecznie pokrywaj\u0105 si\u0119 z pogl\u0105dami NIHR lub Departamentu Zdrowia i Opieki Spo\u0142ecznej.<\/p>\n  <\/div>\r\n  <\/section><\/div><!-- .assembler_text-module.assembler_module.assembler_text-module_1.assembler_module_1..transparent --><\/div><!-- .assembler_module_area.assembler_module_area_1 --><\/div><!-- .assembler_default-group.assembler_module_group.assembler_default-group_1.assembler_module_group_1  -->","protected":false},"excerpt":{"rendered":"<p>Section titled module-1 Inclusivity in Stroke Self-Management Support (ISSMAS): Co-designing resources to improve self-management by black African and Afro-Caribbean communities living with stroke in the UK &nbsp; Funding National Institute for Health and Care Research (NIHR) Research for Patient Benefit (RfPB) Ref. NIHR204975. What is the problem? Black people are more likely to have a [&hellip;]<\/p>\n","protected":false},"author":1,"featured_media":0,"parent":32881,"menu_order":0,"comment_status":"closed","ping_status":"closed","template":"","meta":{"_acf_changed":false,"footnotes":""},"tags":[],"class_list":["post-34500","page","type-page","status-publish","hentry"],"acf":[],"_links":{"self":[{"href":"https:\/\/bnssghealthiertogether.org.uk\/pl\/wp-json\/wp\/v2\/pages\/34500","targetHints":{"allow":["GET"]}}],"collection":[{"href":"https:\/\/bnssghealthiertogether.org.uk\/pl\/wp-json\/wp\/v2\/pages"}],"about":[{"href":"https:\/\/bnssghealthiertogether.org.uk\/pl\/wp-json\/wp\/v2\/types\/page"}],"author":[{"embeddable":true,"href":"https:\/\/bnssghealthiertogether.org.uk\/pl\/wp-json\/wp\/v2\/users\/1"}],"replies":[{"embeddable":true,"href":"https:\/\/bnssghealthiertogether.org.uk\/pl\/wp-json\/wp\/v2\/comments?post=34500"}],"version-history":[{"count":3,"href":"https:\/\/bnssghealthiertogether.org.uk\/pl\/wp-json\/wp\/v2\/pages\/34500\/revisions"}],"predecessor-version":[{"id":36161,"href":"https:\/\/bnssghealthiertogether.org.uk\/pl\/wp-json\/wp\/v2\/pages\/34500\/revisions\/36161"}],"up":[{"embeddable":true,"href":"https:\/\/bnssghealthiertogether.org.uk\/pl\/wp-json\/wp\/v2\/pages\/32881"}],"wp:attachment":[{"href":"https:\/\/bnssghealthiertogether.org.uk\/pl\/wp-json\/wp\/v2\/media?parent=34500"}],"wp:term":[{"taxonomy":"post_tag","embeddable":true,"href":"https:\/\/bnssghealthiertogether.org.uk\/pl\/wp-json\/wp\/v2\/tags?post=34500"}],"curies":[{"name":"wp","href":"https:\/\/api.w.org\/{rel}","templated":true}]}}