{"id":34509,"date":"2024-11-26T16:41:06","date_gmt":"2024-11-26T16:41:06","guid":{"rendered":"https:\/\/bnssghealthiertogether.org.uk\/?page_id=34509"},"modified":"2025-01-16T22:06:57","modified_gmt":"2025-01-16T22:06:57","slug":"interact-integrated-therapist-and-online-cbt-for-depression-in-primary-care","status":"publish","type":"page","link":"https:\/\/bnssghealthiertogether.org.uk\/pl\/integrated-care-board\/research-and-evidence\/our-research-portfolio\/nihr-funded-projects\/interact-integrated-therapist-and-online-cbt-for-depression-in-primary-care\/","title":{"rendered":"INTERACT: Zintegrowany terapeuta i internetowa terapia poznawczo-behawioralna w leczeniu depresji w podstawowej opiece zdrowotnej"},"content":{"rendered":"<div class=\"assembler_default-group assembler_module_group assembler_default-group_1 assembler_module_group_1\"><div class=\"assembler_module_area assembler_module_area_1\"><div class=\"assembler_text-module assembler_module assembler_text-module_1 assembler_module_1  transparent\"><a tabindex=\"-1\" title=\"Sekcja zatytu\u0142owana modu\u0142-1\" id=\"module-1\" href=\"https:\/\/bnssghealthiertogether.org.uk\/pl\/wp-json\/wp\/v2\/pages\/34509\/#module-1\" class=\"anchor\"><span class=\"hidden\">Sekcja zatytu\u0142owana modu\u0142-1<\/span><\/a><!-- Template found for text-module - Template: template-text - Matched: _only --><section class=\"w-full mx-auto max-w-content pt-12 sm:pt-24 pb-12 sm:pb-24\">\r\n  <div class=\"entry-content w-full !px-0 max-w-small\">\r\n        <header class=\"local_header\">\n<div class=\"local_header__inner\">\n<h1 class=\"local_header__title\">INTERACT: Zintegrowany terapeuta i internetowa terapia poznawczo-behawioralna w leczeniu depresji w podstawowej opiece zdrowotnej<\/h1>\n<\/div>\n<\/header>\n<article class=\"page_content\">\n<h2><\/h2>\n<h2 class=\"page_content__inner\">Finansowanie<\/h2>\n<\/article>\n<p>Dotacje na badania stosowane (PGfAR) w ramach programu Narodowego Instytutu Zdrowia (NIHR) Nr ref. RP-PG-0514-20012<\/p>\n<h2>Jakie jest pytanie badawcze?<\/h2>\n<p>Czy materia\u0142y dotycz\u0105ce terapii poznawczo-behawioralnej (CBT) dost\u0119pne online mo\u017cna zintegrowa\u0107 z pomoc\u0105 akredytowanego terapeuty CBT, aby zwi\u0119kszy\u0107 dost\u0119pno\u015b\u0107 intensywnej terapii CBT dla pacjent\u00f3w z depresj\u0105 w podstawowej opiece zdrowotnej w Wielkiej Brytanii?<\/p>\n<h2>Jaki jest problem?<\/h2>\n<p>W ostatnich latach dost\u0119pno\u015b\u0107 psychologicznych metod leczenia depresji, zw\u0142aszcza dla os\u00f3b z mniej powa\u017cnymi problemami, wzros\u0142a. Jednak wiele os\u00f3b z depresj\u0105 nie jest w stanie skorzysta\u0107 z indywidualnej terapii poznawczo-behawioralnej (CBT), mimo \u017ce NICE zaleca t\u0119 terapi\u0119 szerokiemu gronu os\u00f3b, w tym tym, kt\u00f3rzy preferuj\u0105 leczenie psychologiczne, oraz osobom z ci\u0119\u017csz\u0105 depresj\u0105.<\/p>\n<p>Wykazali\u015bmy, \u017ce jest ona skuteczna u os\u00f3b, kt\u00f3re nie reaguj\u0105 na leki przeciwdepresyjne. Jednym z powod\u00f3w jest brak terapeut\u00f3w CBT, a drugim \u2013 koszty.<\/p>\n<p>Aby rozwi\u0105za\u0107 ten problem, opracowano skomputeryzowane pakiety samopomocy oparte na terapii poznawczo-behawioralnej (CBT). S\u0105 one jednak ma\u0142o skuteczne i pacjenci cz\u0119sto z nich nie korzystaj\u0105.<\/p>\n<h2>Jaki jest cel bada\u0144?<\/h2>\n<p>Naszym celem jest zintegrowanie materia\u0142\u00f3w dotycz\u0105cych terapii poznawczo-behawioralnej dost\u0119pnych online z uwagami akredytowanego terapeuty CBT, aby zapewni\u0107 skuteczn\u0105 terapi\u0119 poznawczo-behawioraln\u0105 osobom, kt\u00f3re jej potrzebuj\u0105.<\/p>\n<p>Mo\u017ce to prowadzi\u0107 do oszcz\u0119dno\u015bci koszt\u00f3w i zwi\u0119kszenia dost\u0119pno\u015bci, tak\u017ce dla tych, dla kt\u00f3rych dost\u0119p jest utrudniony, np. os\u00f3b pracuj\u0105cych w pe\u0142nym wymiarze godzin, mieszkaj\u0105cych na odleg\u0142ych obszarach, maj\u0105cych obowi\u0105zki opieku\u0144cze i grup, do kt\u00f3rych trudno dotrze\u0107.<\/p>\n<h2>Jak to zostanie osi\u0105gni\u0119te?<\/h2>\n<p>Terapeuta spotka si\u0119 z pacjentem na pierwszej sesji, a nast\u0119pnie b\u0119dzie prowadzi\u0142 terapi\u0119 online, w czasie rzeczywistym, za pomoc\u0105 wiadomo\u015bci b\u0142yskawicznych, w ramach wcze\u015bniej ustalonych termin\u00f3w; wykazali\u015bmy ju\u017c wcze\u015bniej, \u017ce jest to skuteczne i akceptowalne.<\/p>\n<p>Pacjenci b\u0119d\u0105 mieli do dyspozycji wysokiej jako\u015bci materia\u0142y, z kt\u00f3rymi b\u0119d\u0105 mogli pracowa\u0107 pomi\u0119dzy sesjami.<\/p>\n<p>Poprawimy zaanga\u017cowanie w terapi\u0119 online, buduj\u0105c pakiet wok\u00f3\u0142 relacji z terapeut\u0105. Wykorzystamy najnowsze technologie i urz\u0105dzenia online, w tym smartfony i tablety, aby umo\u017cliwi\u0107 pacjentom dok\u0142adne i natychmiastowe rejestrowanie swoich my\u015bli i uczu\u0107 oraz przeprowadzanie \u0107wicze\u0144 psychologicznych w dogodnym dla nich czasie.<\/p>\n<p>Nasz program prac b\u0119dzie si\u0119 sk\u0142ada\u0142 z czterech element\u00f3w:<\/p>\n<ol>\n<li>Faza rozwojowa: b\u0119dziemy wsp\u00f3\u0142pracowa\u0107 z interesariuszami w celu opracowania platformy informatycznej, materia\u0142\u00f3w online i pakietu szkoleniowego dla terapeut\u00f3w.<\/li>\n<li>Randomizowane badanie kontrolowane: przetestujemy pakiet u pacjent\u00f3w z depresj\u0105 rekrutowanych z praktyki og\u00f3lnej. Zapytamy pacjent\u00f3w z depresj\u0105, czy chc\u0105 do\u0142\u0105czy\u0107 do badania, a nast\u0119pnie losowo przydzielimy ich do grupy otrzymuj\u0105cej pakiet opracowany przez nas lub standardow\u0105 opiek\u0119 (w tym wspomagan\u0105 komputerowo terapi\u0119 poznawczo-behawioraln\u0105). Oznacza to, \u017ce uzyskamy obiektywn\u0105 ocen\u0119 skuteczno\u015bci naszej interwencji.<\/li>\n<li>Ocena op\u0142acalno\u015bci pakietu, aby sprawdzi\u0107, czy jest on wart swojej ceny.<\/li>\n<li>Badanie w formie wywiadu pog\u0142\u0119bionego: zapytamy pacjent\u00f3w i terapeut\u00f3w o ich opini\u0119 na temat pakietu.<\/li>\n<\/ol>\n<h2>Kto kieruje badaniami?<\/h2>\n<p>Dr Nicola Wiles, wyk\u0142adowca epidemiologii, Wydzia\u0142 Nauk o Zdrowiu Populacyjnym, Uniwersytet w Bristolu.<\/p>\n<h2>Wi\u0119cej informacji:<\/h2>\n<p><a href=\"http:\/\/www.bristol.ac.uk\/psychiatry\/research\/interact-delphi\/\" target=\"_blank\" rel=\"nofollow noopener\">Delfy<\/a><\/p>\n<p>Aby uzyska\u0107 wi\u0119cej informacji lub zaanga\u017cowa\u0107 si\u0119 w ten projekt, wy\u015blij wiadomo\u015b\u0107 e-mail <a href=\"mailto:bnssg.research@nhs.net\" target=\"_blank\" rel=\"noopener\">bnssg.research@nhs.net<\/a>.<\/p>\n<p>Wyra\u017cone pogl\u0105dy s\u0105 pogl\u0105dami autora(-\u00f3w) i niekoniecznie pokrywaj\u0105 si\u0119 z pogl\u0105dami NIHR lub Departamentu Zdrowia i Opieki Spo\u0142ecznej.<\/p>\n  <\/div>\r\n  <\/section><\/div><!-- .assembler_text-module.assembler_module.assembler_text-module_1.assembler_module_1..transparent --><\/div><!-- .assembler_module_area.assembler_module_area_1 --><\/div><!-- .assembler_default-group.assembler_module_group.assembler_default-group_1.assembler_module_group_1  -->","protected":false},"excerpt":{"rendered":"<p>Section titled module-1 INTERACT: Integrated therapist and online CBT for depression in primary care Funding National Institute for Health (NIHR) Programme Grants for Applied Research (PGfAR) Ref. RP-PG-0514-20012 What is the research question? Can online Cognitive Behavioural Therapy (CBT) materials be integrated, with input from an accredited CBT therapist, in order to increase the availability [&hellip;]<\/p>\n","protected":false},"author":1,"featured_media":0,"parent":32881,"menu_order":0,"comment_status":"closed","ping_status":"closed","template":"","meta":{"_acf_changed":false,"footnotes":""},"tags":[],"class_list":["post-34509","page","type-page","status-publish","hentry"],"acf":[],"_links":{"self":[{"href":"https:\/\/bnssghealthiertogether.org.uk\/pl\/wp-json\/wp\/v2\/pages\/34509","targetHints":{"allow":["GET"]}}],"collection":[{"href":"https:\/\/bnssghealthiertogether.org.uk\/pl\/wp-json\/wp\/v2\/pages"}],"about":[{"href":"https:\/\/bnssghealthiertogether.org.uk\/pl\/wp-json\/wp\/v2\/types\/page"}],"author":[{"embeddable":true,"href":"https:\/\/bnssghealthiertogether.org.uk\/pl\/wp-json\/wp\/v2\/users\/1"}],"replies":[{"embeddable":true,"href":"https:\/\/bnssghealthiertogether.org.uk\/pl\/wp-json\/wp\/v2\/comments?post=34509"}],"version-history":[{"count":3,"href":"https:\/\/bnssghealthiertogether.org.uk\/pl\/wp-json\/wp\/v2\/pages\/34509\/revisions"}],"predecessor-version":[{"id":36165,"href":"https:\/\/bnssghealthiertogether.org.uk\/pl\/wp-json\/wp\/v2\/pages\/34509\/revisions\/36165"}],"up":[{"embeddable":true,"href":"https:\/\/bnssghealthiertogether.org.uk\/pl\/wp-json\/wp\/v2\/pages\/32881"}],"wp:attachment":[{"href":"https:\/\/bnssghealthiertogether.org.uk\/pl\/wp-json\/wp\/v2\/media?parent=34509"}],"wp:term":[{"taxonomy":"post_tag","embeddable":true,"href":"https:\/\/bnssghealthiertogether.org.uk\/pl\/wp-json\/wp\/v2\/tags?post=34509"}],"curies":[{"name":"wp","href":"https:\/\/api.w.org\/{rel}","templated":true}]}}