{"id":34515,"date":"2024-11-26T16:42:05","date_gmt":"2024-11-26T16:42:05","guid":{"rendered":"https:\/\/bnssghealthiertogether.org.uk\/?page_id=34515"},"modified":"2025-01-16T22:12:06","modified_gmt":"2025-01-16T22:12:06","slug":"p-risk-the-feasibility-and-implementation-of-a-psychosis-risk-prediction-algorithm-p-risk-for-use-in-primary-care","status":"publish","type":"page","link":"https:\/\/bnssghealthiertogether.org.uk\/pl\/integrated-care-board\/research-and-evidence\/our-research-portfolio\/nihr-funded-projects\/p-risk-the-feasibility-and-implementation-of-a-psychosis-risk-prediction-algorithm-p-risk-for-use-in-primary-care\/","title":{"rendered":"Ryzyko P: Wykonalno\u015b\u0107 i wdro\u017cenie algorytmu przewidywania ryzyka psychozy (Ryzyko P) do stosowania w opiece podstawowej."},"content":{"rendered":"<div class=\"assembler_default-group assembler_module_group assembler_default-group_1 assembler_module_group_1\"><div class=\"assembler_module_area assembler_module_area_1\"><div class=\"assembler_text-module assembler_module assembler_text-module_1 assembler_module_1  transparent\"><a tabindex=\"-1\" title=\"Sekcja zatytu\u0142owana modu\u0142-1\" id=\"module-1\" href=\"https:\/\/bnssghealthiertogether.org.uk\/pl\/wp-json\/wp\/v2\/pages\/34515\/#module-1\" class=\"anchor\"><span class=\"hidden\">Sekcja zatytu\u0142owana modu\u0142-1<\/span><\/a><!-- Template found for text-module - Template: template-text - Matched: _only --><section class=\"w-full mx-auto max-w-content pt-12 sm:pt-24 pb-12 sm:pb-24\">\r\n  <div class=\"entry-content w-full !px-0 max-w-small\">\r\n        <article class=\"page_content\">\n<h1>Wykonalno\u015b\u0107 i wdro\u017cenie algorytmu prognozowania ryzyka psychozy (P Risk) do stosowania w opiece podstawowej<\/h1>\n<h2><\/h2>\n<h2 class=\"page_content__inner\">Finansowanie<\/h2>\n<\/article>\n<p>Narodowy Instytut Zdrowia (NIHR) Badania w zakresie us\u0142ug zdrowotnych i \u015bwiadczenia us\u0142ug zdrowotnych (HS&amp;DR) Nr ref. NIHR130547.<\/p>\n<h2>Jakie jest pytanie badawcze?<\/h2>\n<p>Czy algorytm prognozowania ryzyka P mo\u017cna wdro\u017cy\u0107 na komputerach podstawowej opieki zdrowotnej? Jaka jest akceptowalno\u015b\u0107 ryzyka P dla interesariuszy?<\/p>\n<h2>Jaki jest problem?<\/h2>\n<p>Psychoza to powa\u017cna, d\u0142ugotrwa\u0142a choroba psychiczna. Jej objawami s\u0105 halucynacje i dziwne, utrwalone my\u015bli, zwane urojeniami.<\/p>\n<p>Leczenie psychozy kosztuje NHS oko\u0142o 2 miliard\u00f3w funt\u00f3w rocznie. Psychoza mo\u017ce by\u0107 wyniszczaj\u0105ca dla chorych i ich rodzin. Ponadto rokowania s\u0105 cz\u0119sto s\u0142abe, a wiele os\u00f3b nawraca po wyzdrowieniu.<\/p>\n<p>Tylko oko\u0142o 20% os\u00f3b z psychoz\u0105 pracuje zarobkowo, a wiele z nich charakteryzuje si\u0119 nisk\u0105 jako\u015bci\u0105 \u017cycia. Istniej\u0105 przekonuj\u0105ce dowody na to, \u017ce skr\u00f3cenie czasu trwania nieleczonej psychozy poprawia rokowanie, ale identyfikacja pacjent\u00f3w z grupy ryzyka okaza\u0142a si\u0119 trudna.<\/p>\n<p>Lekarze rodzinni podkre\u015blaj\u0105, \u017ce rozpoznanie pacjent\u00f3w zagro\u017conych psychoz\u0105 mo\u017ce by\u0107 trudne, poniewa\u017c wiele wczesnych objaw\u00f3w jest niespecyficznych, a brak ci\u0105g\u0142o\u015bci opieki oznacza, \u017ce drobne zmiany w zdrowiu psychicznym pacjent\u00f3w zagro\u017conych psychoz\u0105 mog\u0105 zosta\u0107 przeoczone.<\/p>\n<h2>Jaki jest cel bada\u0144?<\/h2>\n<p>Zesp\u00f3\u0142 badawczy opracowa\u0142 algorytm prognozowania ryzyka, kt\u00f3ry generuje wynik ryzyka psychozy na podstawie historii konsultacji przechowywanej w komputerowym systemie podstawowej opieki zdrowotnej. Narz\u0119dzie zosta\u0142o walidowane wewn\u0119trznie i zewn\u0119trznie i jest statystycznie dok\u0142adne.<\/p>\n<p>W ramach tego projektu zesp\u00f3\u0142 badawczy oceni, czy narz\u0119dzie dzia\u0142a w rzeczywistym \u015bwiecie na komputerach lekarzy rodzinnych, a tak\u017ce zbierze opinie lekarzy rodzinnych i pacjent\u00f3w, a tak\u017ce opinie personelu zajmuj\u0105cego si\u0119 zdrowiem psychicznym, aby okre\u015bli\u0107 akceptowalno\u015b\u0107 narz\u0119dzia.<\/p>\n<h2>Jak to zostanie osi\u0105gni\u0119te?<\/h2>\n<p>Zesp\u00f3\u0142 badawczy P Risk b\u0119dzie wsp\u00f3\u0142pracowa\u0107 z dostawc\u0105 oprogramowania do dokumentacji medycznej podstawowej opieki zdrowotnej w celu zainstalowania P Risk w jego oprogramowaniu. Zesp\u00f3\u0142 zbierze r\u00f3wnie\u017c dane dotycz\u0105ce liczby skierowa\u0144 na ocen\u0119 psychozy od lekarzy rodzinnych z obszar\u00f3w ICB w Bristolu, Camden i Islington oraz wynik\u00f3w tych skierowa\u0144.<\/p>\n<p>Dok\u0142adno\u015b\u0107 statystyczna metody P Risk zostanie r\u00f3wnie\u017c zbadana z wykorzystaniem danych ICB. Zostan\u0105 przeprowadzone grupy fokusowe i wywiady z lekarzami, pacjentami i ich opiekunami, aby pozna\u0107 ich pogl\u0105dy na temat akceptowalno\u015bci, potencjalnej warto\u015bci i implikacji stosowania metody P Risk w praktyce og\u00f3lnej.<\/p>\n<h2>Kto kieruje badaniami?<\/h2>\n<p><a href=\"https:\/\/research-information.bris.ac.uk\/en\/persons\/sarah-a-sullivan\" rel=\"noopener\">Dr Sarah A. Sullivan<\/a>, Starszy pracownik naukowy (psychiatra-epidemiolog), Bristol Medical School (PHS).<\/p>\n<h2>Wi\u0119cej informacji<\/h2>\n<p>Aby uzyska\u0107 wi\u0119cej informacji lub zaanga\u017cowa\u0107 si\u0119 w ten projekt, wy\u015blij wiadomo\u015b\u0107 e-mail na adres <a href=\"mailto:bnssg.research@nhs.net\">bnssg.research@nhs.net<\/a>.<\/p>\n<p>Wyra\u017cone pogl\u0105dy s\u0105 pogl\u0105dami autora(-\u00f3w) i niekoniecznie pokrywaj\u0105 si\u0119 z pogl\u0105dami NIHR lub Departamentu Zdrowia i Opieki Spo\u0142ecznej.<\/p>\n  <\/div>\r\n  <\/section><\/div><!-- .assembler_text-module.assembler_module.assembler_text-module_1.assembler_module_1..transparent --><\/div><!-- .assembler_module_area.assembler_module_area_1 --><\/div><!-- .assembler_default-group.assembler_module_group.assembler_default-group_1.assembler_module_group_1  -->","protected":false},"excerpt":{"rendered":"<p>Section titled module-1 The feasibility and implementation of a psychosis risk prediction algorithm (P Risk) for use in primary care Funding National Institute for Health (NIHR) Health Service &amp; Delivery Research (HS&amp;DR) Ref. NIHR130547. What is the research question? Can the P Risk prediction algorithm be implemented on Primary Care computers? What is the acceptability [&hellip;]<\/p>\n","protected":false},"author":1,"featured_media":0,"parent":32881,"menu_order":0,"comment_status":"closed","ping_status":"closed","template":"","meta":{"_acf_changed":false,"footnotes":""},"tags":[],"class_list":["post-34515","page","type-page","status-publish","hentry"],"acf":[],"_links":{"self":[{"href":"https:\/\/bnssghealthiertogether.org.uk\/pl\/wp-json\/wp\/v2\/pages\/34515","targetHints":{"allow":["GET"]}}],"collection":[{"href":"https:\/\/bnssghealthiertogether.org.uk\/pl\/wp-json\/wp\/v2\/pages"}],"about":[{"href":"https:\/\/bnssghealthiertogether.org.uk\/pl\/wp-json\/wp\/v2\/types\/page"}],"author":[{"embeddable":true,"href":"https:\/\/bnssghealthiertogether.org.uk\/pl\/wp-json\/wp\/v2\/users\/1"}],"replies":[{"embeddable":true,"href":"https:\/\/bnssghealthiertogether.org.uk\/pl\/wp-json\/wp\/v2\/comments?post=34515"}],"version-history":[{"count":3,"href":"https:\/\/bnssghealthiertogether.org.uk\/pl\/wp-json\/wp\/v2\/pages\/34515\/revisions"}],"predecessor-version":[{"id":36167,"href":"https:\/\/bnssghealthiertogether.org.uk\/pl\/wp-json\/wp\/v2\/pages\/34515\/revisions\/36167"}],"up":[{"embeddable":true,"href":"https:\/\/bnssghealthiertogether.org.uk\/pl\/wp-json\/wp\/v2\/pages\/32881"}],"wp:attachment":[{"href":"https:\/\/bnssghealthiertogether.org.uk\/pl\/wp-json\/wp\/v2\/media?parent=34515"}],"wp:term":[{"taxonomy":"post_tag","embeddable":true,"href":"https:\/\/bnssghealthiertogether.org.uk\/pl\/wp-json\/wp\/v2\/tags?post=34515"}],"curies":[{"name":"wp","href":"https:\/\/api.w.org\/{rel}","templated":true}]}}