{"id":34521,"date":"2024-11-26T16:42:59","date_gmt":"2024-11-26T16:42:59","guid":{"rendered":"https:\/\/bnssghealthiertogether.org.uk\/?page_id=34521"},"modified":"2025-01-16T22:19:11","modified_gmt":"2025-01-16T22:19:11","slug":"pragmatic-evaluation-of-effectiveness-and-acceptability-of-the-bristol-medication-review-toolkit-brismed","status":"publish","type":"page","link":"https:\/\/bnssghealthiertogether.org.uk\/pl\/integrated-care-board\/research-and-evidence\/our-research-portfolio\/nihr-funded-projects\/pragmatic-evaluation-of-effectiveness-and-acceptability-of-the-bristol-medication-review-toolkit-brismed\/","title":{"rendered":"Pragmatyczna ocena skuteczno\u015bci i akceptowalno\u015bci zestawu narz\u0119dzi Bristol Medication Review Toolkit (BRISMED)"},"content":{"rendered":"<div class=\"assembler_default-group assembler_module_group assembler_default-group_1 assembler_module_group_1\"><div class=\"assembler_module_area assembler_module_area_1\"><div class=\"assembler_text-module assembler_module assembler_text-module_1 assembler_module_1  transparent\"><a tabindex=\"-1\" title=\"Sekcja zatytu\u0142owana modu\u0142-1\" id=\"module-1\" href=\"https:\/\/bnssghealthiertogether.org.uk\/pl\/wp-json\/wp\/v2\/pages\/34521\/#module-1\" class=\"anchor\"><span class=\"hidden\">Sekcja zatytu\u0142owana modu\u0142-1<\/span><\/a><!-- Template found for text-module - Template: template-text - Matched: _only --><section class=\"w-full mx-auto max-w-content pt-12 sm:pt-24 pb-12 sm:pb-24\">\r\n  <div class=\"entry-content w-full !px-0 max-w-small\">\r\n        <h1>Pragmatyczna ocena skuteczno\u015bci i akceptowalno\u015bci zestawu narz\u0119dzi Bristol Medication Review Toolkit (BRISMED)<\/h1>\n<h2><strong>Finansowanie:<\/strong><\/h2>\n<p>Projekt ten jest finansowany przez program badawczy NIHR Health and Social Care Delivery Research (HSDR), NIHR154205.<\/p>\n<h2>Jaki jest problem?<\/h2>\n<p>Podczas przegl\u0105du lek\u00f3w pacjent spotyka si\u0119 z lekarzem rodzinnym lub farmaceut\u0105, aby om\u00f3wi\u0107 przyjmowane leki. Przegl\u0105dy lek\u00f3w s\u0105 wa\u017cne, aby upewni\u0107 si\u0119, \u017ce leki przyjmowane przez pacjenta s\u0105 odpowiednie dla jego schorzenia.<\/p>\n<p>Recenzje sprawdzaj\u0105 r\u00f3wnie\u017c, czy leki s\u0105 stosowane bezpiecznie i skutecznie.<\/p>\n<p>Przegl\u0105dy lek\u00f3w s\u0105 standardow\u0105 procedur\u0105 opieki zdrowotnej dla os\u00f3b przyjmuj\u0105cych leki d\u0142ugotrwale. Jednak badania pokazuj\u0105, \u017ce przegl\u0105dy lek\u00f3w nie zawsze poprawiaj\u0105 jako\u015b\u0107 opieki.<\/p>\n<p>Ponadto pacjenci nie zawsze s\u0105 uwzgl\u0119dniani w decyzjach dotycz\u0105cych lek\u00f3w. Narodowy Instytut Zdrowia i Doskona\u0142o\u015bci Opieki (NICE) udziela porad i wskaz\u00f3wek NHS. NICE stwierdzi\u0142, \u017ce potrzebne s\u0105 lepsze przegl\u0105dy lek\u00f3w, a wielu lekarzy i farmaceut\u00f3w si\u0119 z tym zgadza.<\/p>\n<h2>Jaki jest cel bada\u0144?<\/h2>\n<p>Aby usprawni\u0107 proces przegl\u0105du lek\u00f3w, naukowcy z Uniwersytetu w Bristolu opracowali \u201cZestaw narz\u0119dzi do przegl\u0105du lek\u00f3w w Bristolu\u201d. Lekarze, farmaceuci, pacjenci i naukowcy wsp\u00f3\u0142pracowali przy jego tworzeniu.<\/p>\n<p>Zestaw narz\u0119dzi zawiera porady dla lekarzy i farmaceut\u00f3w dotycz\u0105ce przeprowadzania przegl\u0105du lek\u00f3w. Zawiera r\u00f3wnie\u017c porady dla pacjent\u00f3w, jak najlepiej wykorzysta\u0107 przegl\u0105d.<\/p>\n<p>Chcemy teraz sprawdzi\u0107, czy udost\u0119pnienie gabinetom lekarskim zestawu narz\u0119dzi Bristol Medication Review Toolkit usprawni proces przegl\u0105du lek\u00f3w. Chcemy r\u00f3wnie\u017c dowiedzie\u0107 si\u0119, czy pacjenci, lekarze i farmaceuci uznaj\u0105 ten zestaw za \u0142atwy w u\u017cyciu.<\/p>\n<h2>Jak to zostanie osi\u0105gni\u0119te?<\/h2>\n<p>Projekt sk\u0142ada si\u0119 z trzech cz\u0119\u015bci:<\/p>\n<p>1. Przeka\u017cemy zestaw narz\u0119dzi Bristol Medication Review oko\u0142o 500 gabinetom lekarskim w Wielkiej Brytanii i doradzimy, jak z niego korzysta\u0107. Porozmawiamy z pacjentami, lekarzami rodzinnymi i farmaceutami, aby upewni\u0107 si\u0119, \u017ce zestaw narz\u0119dzi jest jak najbardziej u\u017cyteczny i \u017ce gabinety lekarskie wiedz\u0105, jak z niego prawid\u0142owo korzysta\u0107.<\/p>\n<p>2. Przez rok b\u0119dziemy por\u00f3wnywa\u0107 zu\u017cycie lek\u00f3w w 500 gabinetach lekarskich korzystaj\u0105cych z pakietu narz\u0119dzi Bristol z 500 gabinetami, kt\u00f3re go nie u\u017cywaj\u0105. B\u0119dziemy zbiera\u0107 informacje rejestrowane przez lekarzy i farmaceut\u00f3w w systemach komputerowych gabinet\u00f3w lekarskich. Chcemy dowiedzie\u0107 si\u0119, czy leki s\u0105 stosowane bezpiecznie, a tak\u017ce pozna\u0107 inne kwestie, takie jak liczba lek\u00f3w wydawanych pacjentom. B\u0119dziemy r\u00f3wnie\u017c szuka\u0107 innych zmian w korzystaniu z us\u0142ug medycznych (na przyk\u0142ad w liczbie hospitalizacji).<\/p>\n<p>3. Przeprowadzimy wywiady z pacjentami, lekarzami i farmaceutami na temat ich opinii i do\u015bwiadcze\u0144 zwi\u0105zanych z recenzjami lek\u00f3w. Zapytamy lekarzy i farmaceut\u00f3w o ich do\u015bwiadczenia z wykorzystaniem zestawu narz\u0119dzi Bristol. Do niekt\u00f3rych pacjent\u00f3w zostanie wys\u0142ana ankieta, aby pozna\u0107 ich do\u015bwiadczenia zwi\u0105zane z recenzj\u0105 lek\u00f3w. Nagramy r\u00f3wnie\u017c audiobooki z recenzjami lek\u00f3w, przeprowadzimy ankiet\u0119 w\u015br\u00f3d lekarzy rodzinnych i zbierzemy informacje z ich system\u00f3w komputerowych, aby zrozumie\u0107, jak gabinety przeprowadzaj\u0105 recenzje lek\u00f3w, z zestawem narz\u0119dzi i bez niego.<\/p>\n<p>Wyniki pomog\u0105 nam znale\u017a\u0107 najlepszy spos\u00f3b przeprowadzania przegl\u0105d\u00f3w lek\u00f3w w przysz\u0142o\u015bci. Pomo\u017ce to zapewni\u0107 bezpieczne i skuteczne stosowanie lek\u00f3w. Zapewni to r\u00f3wnie\u017c pe\u0142ne zaanga\u017cowanie pacjent\u00f3w w dyskusje na temat przyjmowanych lek\u00f3w.<\/p>\n<p>Je\u015bli zestaw narz\u0119dzi b\u0119dzie pomocny i \u0142atwy w u\u017cyciu, \u0142atwo b\u0119dzie udost\u0119pni\u0107 go wszystkim praktykom lekarskim.<\/p>\n<p>Podzielimy si\u0119 naszymi odkryciami z lekarzami, farmaceutami, kierownikami NHS i decydentami (kt\u00f3rzy decyduj\u0105 o tym, jakie us\u0142ugi zdrowotne s\u0105 \u015bwiadczone) oraz innymi badaczami.<\/p>\n<p>Pacjenci i osoby z zewn\u0105trz pomogli nam w opracowaniu projektu badawczego i zestawu narz\u0119dzi, kt\u00f3ry testujemy. Pomog\u0105 nam r\u00f3wnie\u017c w przeprowadzeniu bada\u0144 i udost\u0119pnieniu naszych wynik\u00f3w w spos\u00f3b zrozumia\u0142y dla wszystkich.<\/p>\n<h2>Kto kieruje badaniami?<\/h2>\n<p><a href=\"https:\/\/www.bristol.ac.uk\/people\/person\/Deborah-McCahon-0fdd3797-b3f6-466a-8df6-47ad3703766e\/\" rel=\"noopener\">Doktor Deborah McCahon<\/a>, pracownik naukowy Uniwersytetu w Bristolu i <a href=\"https:\/\/medicine.exeter.ac.uk\/people\/profile\/index.php?web_id=rupert_payne\" rel=\"noopener\">Profesor Rupert Payne<\/a>, profesor podstawowej opieki zdrowotnej i farmakologii klinicznej, Uniwersytet w Exeter.<\/p>\n<h2>Wi\u0119cej informacji:<\/h2>\n<p>Aby uzyska\u0107 wi\u0119cej informacji lub zaanga\u017cowa\u0107 si\u0119 w ten projekt, wy\u015blij wiadomo\u015b\u0107 e-mail na adres <a href=\"mailto:bnssg.research@nhs.net\">bnssg.research@nhs.net<\/a><\/p>\n  <\/div>\r\n  <\/section><\/div><!-- .assembler_text-module.assembler_module.assembler_text-module_1.assembler_module_1..transparent --><\/div><!-- .assembler_module_area.assembler_module_area_1 --><\/div><!-- .assembler_default-group.assembler_module_group.assembler_default-group_1.assembler_module_group_1  -->","protected":false},"excerpt":{"rendered":"<p>Section titled module-1 Pragmatic Evaluation of Effectiveness and Acceptability of the Bristol Medication Review Toolkit (BRISMED) Funding: This project is funded by the NIHR Health and Social Care Delivery Research (HSDR) Programme, NIHR154205. What is the problem? At a medication review a patient meets a GP or pharmacist to discuss the medicines they are using. [&hellip;]<\/p>\n","protected":false},"author":1,"featured_media":0,"parent":32881,"menu_order":0,"comment_status":"closed","ping_status":"closed","template":"","meta":{"_acf_changed":false,"footnotes":""},"tags":[],"class_list":["post-34521","page","type-page","status-publish","hentry"],"acf":[],"_links":{"self":[{"href":"https:\/\/bnssghealthiertogether.org.uk\/pl\/wp-json\/wp\/v2\/pages\/34521","targetHints":{"allow":["GET"]}}],"collection":[{"href":"https:\/\/bnssghealthiertogether.org.uk\/pl\/wp-json\/wp\/v2\/pages"}],"about":[{"href":"https:\/\/bnssghealthiertogether.org.uk\/pl\/wp-json\/wp\/v2\/types\/page"}],"author":[{"embeddable":true,"href":"https:\/\/bnssghealthiertogether.org.uk\/pl\/wp-json\/wp\/v2\/users\/1"}],"replies":[{"embeddable":true,"href":"https:\/\/bnssghealthiertogether.org.uk\/pl\/wp-json\/wp\/v2\/comments?post=34521"}],"version-history":[{"count":3,"href":"https:\/\/bnssghealthiertogether.org.uk\/pl\/wp-json\/wp\/v2\/pages\/34521\/revisions"}],"predecessor-version":[{"id":36169,"href":"https:\/\/bnssghealthiertogether.org.uk\/pl\/wp-json\/wp\/v2\/pages\/34521\/revisions\/36169"}],"up":[{"embeddable":true,"href":"https:\/\/bnssghealthiertogether.org.uk\/pl\/wp-json\/wp\/v2\/pages\/32881"}],"wp:attachment":[{"href":"https:\/\/bnssghealthiertogether.org.uk\/pl\/wp-json\/wp\/v2\/media?parent=34521"}],"wp:term":[{"taxonomy":"post_tag","embeddable":true,"href":"https:\/\/bnssghealthiertogether.org.uk\/pl\/wp-json\/wp\/v2\/tags?post=34521"}],"curies":[{"name":"wp","href":"https:\/\/api.w.org\/{rel}","templated":true}]}}