{"id":34524,"date":"2024-11-26T16:43:22","date_gmt":"2024-11-26T16:43:22","guid":{"rendered":"https:\/\/bnssghealthiertogether.org.uk\/?page_id=34524"},"modified":"2025-01-16T22:21:39","modified_gmt":"2025-01-16T22:21:39","slug":"prime-pharmacy-role-in-the-promotion-of-continence","status":"publish","type":"page","link":"https:\/\/bnssghealthiertogether.org.uk\/pl\/integrated-care-board\/research-and-evidence\/our-research-portfolio\/nihr-funded-projects\/prime-pharmacy-role-in-the-promotion-of-continence\/","title":{"rendered":"PRIME: Rola apteki w promocji kontynuacji"},"content":{"rendered":"<div class=\"assembler_default-group assembler_module_group assembler_default-group_1 assembler_module_group_1\"><div class=\"assembler_module_area assembler_module_area_1\"><div class=\"assembler_text-module assembler_module assembler_text-module_1 assembler_module_1  transparent\"><a tabindex=\"-1\" title=\"Sekcja zatytu\u0142owana modu\u0142-1\" id=\"module-1\" href=\"https:\/\/bnssghealthiertogether.org.uk\/pl\/wp-json\/wp\/v2\/pages\/34524\/#module-1\" class=\"anchor\"><span class=\"hidden\">Sekcja zatytu\u0142owana modu\u0142-1<\/span><\/a><!-- Template found for text-module - Template: template-text - Matched: _only --><section class=\"w-full mx-auto max-w-content pt-12 sm:pt-24 pb-12 sm:pb-24\">\r\n  <div class=\"entry-content w-full !px-0 max-w-small\">\r\n        <header class=\"local_header\">\n<div class=\"local_header__inner\">\n<h1 class=\"local_header__title\">PRIME: Rola apteki w promocji kontynuacji<\/h1>\n<\/div>\n<h2><\/h2>\n<h2>Finansowanie<\/h2>\n<p>Narodowy Instytut Bada\u0144 nad Zdrowiem i Opiek\u0105 (NIHR) Badania na rzecz dobra pacjenta (RfPB) Ref.NIHR202212.<\/p>\n<div class=\"local_header__inner\">\n<h2>Jakie jest pytanie badawcze?<\/h2>\n<\/div>\n<\/header>\n<p>Co u\u017cytkownicy i \u015bwiadczeniodawcy us\u0142ug s\u0105dz\u0105 o interwencji w zakresie nietrzymania moczu realizowanej w aptekach spo\u0142ecznych, na czym mia\u0142aby polega\u0107 taka us\u0142uga i jakie s\u0105 dowody uzasadniaj\u0105ce opracowanie takiej us\u0142ugi?<\/p>\n<h2>Jaki jest problem?<\/h2>\n<p>Nietrzymanie moczu i stolca (jakiekolwiek przypadkowe wycieki) to trudny temat do rozmowy, co utrudnia uzyskanie pomocy.<\/p>\n<p>Przyczyn tych objaw\u00f3w jest wiele. Dotykaj\u0105 one ponad jedn\u0105 trzeci\u0105 doros\u0142ej populacji Wielkiej Brytanii.<\/p>\n<p>\u017bycie z nietrzymaniem moczu mo\u017ce by\u0107 stresuj\u0105ce i powa\u017cnie obni\u017ca\u0107 jako\u015b\u0107 \u017cycia. Niestety, ludzie cz\u0119sto nie szukaj\u0105 pomocy, poniewa\u017c wstydz\u0105 si\u0119 i uwa\u017caj\u0105, \u017ce \u2018nic nie da si\u0119 zrobi\u0107\u2019. Dost\u0119pne s\u0105 jednak metody leczenia, kt\u00f3re w wielu przypadkach mog\u0105 z\u0142agodzi\u0107 objawy.<\/p>\n<h2>Jaki jest cel bada\u0144?<\/h2>\n<p>Rozmawiali\u015bmy z osobami z objawami ze strony p\u0119cherza i jelit o tym, co mog\u0142oby im pom\u00f3c. Zasugerowali, \u017ce osoby do\u015bwiadczaj\u0105ce nietrzymania moczu powinny dowiedzie\u0107 si\u0119 wi\u0119cej o dost\u0119pnych poradach i metodach leczenia.<\/p>\n<p>Uznali r\u00f3wnie\u017c, \u017ce apteki osiedlowe b\u0119d\u0105 dobrym miejscem do tego celu, poniewa\u017c ludzie cz\u0119sto udaj\u0105 si\u0119 do nich po produkty zwi\u0105zane z nietrzymaniem moczu, takie jak podpaski. Apteki s\u0105 r\u00f3wnie\u017c postrzegane jako bardziej nieformalne i wygodne miejsca, w kt\u00f3rych mo\u017cna uzyska\u0107 porad\u0119 medyczn\u0105.<\/p>\n<p>Wierzymy, \u017ce w aptekach og\u00f3lnodost\u0119pnych mo\u017cna zrobi\u0107 o wiele wi\u0119cej, aby pom\u00f3c wi\u0119kszej liczbie os\u00f3b dowiedzie\u0107 si\u0119 o mo\u017cliwo\u015bciach samopomocy w celu z\u0142agodzenia objaw\u00f3w.<\/p>\n<h2>Jak to zostanie osi\u0105gni\u0119te?<\/h2>\n<p>W badaniu wezm\u0105 udzia\u0142 farmaceuci i personel medyczny \u015bwiadcz\u0105cy us\u0142ugi w zakresie zdrowia p\u0119cherza moczowego i jelit oraz osoby korzystaj\u0105ce z ich us\u0142ug, aby zbada\u0107 mo\u017cliwo\u015bci aptek og\u00f3lnodost\u0119pnych w zakresie \u015bwiadczenia us\u0142ug promuj\u0105cych zdrowie p\u0119cherza moczowego i jelit. B\u0119dziemy:<\/p>\n<ul>\n<li>Dowiedz si\u0119, co apteki spo\u0142eczne robi\u0105 ju\u017c, aby pom\u00f3c ludziom radzi\u0107 sobie z objawami p\u0119cherza i jelit, analizuj\u0105c dost\u0119pne informacje i przeprowadzaj\u0105c og\u00f3lnopolskie badanie aptek.,<\/li>\n<li>Zbierz opinie personelu medycznego i os\u00f3b, kt\u00f3re mog\u0142yby skorzysta\u0107 z potencjalnych us\u0142ug, poprzez dyskusje grupowe i wywiady indywidualne,<\/li>\n<li>Stworzenie Aptecznej S\u0142u\u017cby P\u0119cherza i Jelit, z udzia\u0142em os\u00f3b, kt\u00f3re prawdopodobnie b\u0119d\u0105 korzysta\u0107 z tej us\u0142ugi, oraz tych, kt\u00f3re b\u0119d\u0105 zaanga\u017cowane w jej \u015bwiadczenie, poprzez przeanalizowanie wszystkich potencjalnych problem\u00f3w i zastanowienie si\u0119, jak powinna wygl\u0105da\u0107 udana us\u0142uga.,<\/li>\n<li>Zastan\u00f3wmy si\u0119, co b\u0119dziemy musieli zmierzy\u0107, aby sprawdzi\u0107, czy us\u0142uga przynosi efekty.<\/li>\n<\/ul>\n<p>Pacjenci, opiekunowie i opinia publiczna sygnalizowali nam potrzeb\u0119 alternatywnych podej\u015b\u0107, aby umo\u017cliwi\u0107 osobom z nietrzymaniem moczu unikanie cierpienia w milczeniu. Ich wk\u0142ad jest kluczowy dla tego projektu i b\u0119d\u0105 oni bezpo\u015brednio zaanga\u017cowani w jego kszta\u0142towanie, zrozumienie wynik\u00f3w i pomoc w ich przekazywaniu.<\/p>\n<p>Us\u0142ugi wsparcia musz\u0105 by\u0107 wsp\u00f3\u0142projektowane przez osoby zmagaj\u0105ce si\u0119 z nietrzymaniem moczu, aby mie\u0107 pewno\u015b\u0107, \u017ce odpowiadaj\u0105 one ich potrzebom, a tak\u017ce przez personel apteki, aby zagwarantowa\u0107, \u017ce us\u0142uga b\u0119dzie realistycznie \u015bwiadczona.<\/p>\n<p>W pierwszym etapie zostanie opracowany plan dla Aptecznej S\u0142u\u017cby ds. P\u0119cherza i Jelit na potrzeby przysz\u0142ego projektu, kt\u00f3rego celem b\u0119dzie sprawdzenie, jak przydatne mog\u0105 by\u0107 dzia\u0142ania maj\u0105ce na celu podniesienie \u015bwiadomo\u015bci na temat nietrzymania moczu w aptekach og\u00f3lnodost\u0119pnych.<\/p>\n<p>Dotarcie do szerszej grupy os\u00f3b w naszych spo\u0142eczno\u015bciach, kt\u00f3re zmagaj\u0105 si\u0119 z nietrzymaniem moczu, by\u0142oby cenne dla poprawy opieki zdrowotnej i poprawy jako\u015bci \u017cycia pacjent\u00f3w.<\/p>\n<h2>Kto kieruje badaniami?<\/h2>\n<p>Prof. Nikki Cotterill, profesor opieki nad osobami z nietrzymaniem moczu, Wydzia\u0142 Zdrowia i Dobrostanu Spo\u0142ecznego, Centrum Zdrowia i Bada\u0144 Klinicznych, Uniwersytet Zachodniej Anglii.<\/p>\n<h2>Wi\u0119cej informacji:<\/h2>\n<p><a href=\"https:\/\/people.uwe.ac.uk\/Person\/NikkiCotterill\" target=\"_blank\" rel=\"nofollow noopener\">O tym badaniu<\/a><\/p>\n<p>Aby uzyska\u0107 wi\u0119cej informacji lub zaanga\u017cowa\u0107 si\u0119 w ten projekt, wy\u015blij wiadomo\u015b\u0107 e-mail <a href=\"mailto:bnssg.research@nhs.net\" target=\"_blank\" rel=\"noopener\">bnssg.research@nhs.net<\/a>.<\/p>\n<p>Wyra\u017cone pogl\u0105dy s\u0105 pogl\u0105dami autora(-\u00f3w) i niekoniecznie pokrywaj\u0105 si\u0119 z pogl\u0105dami NIHR lub Departamentu Zdrowia i Opieki Spo\u0142ecznej.<\/p>\n  <\/div>\r\n  <\/section><\/div><!-- .assembler_text-module.assembler_module.assembler_text-module_1.assembler_module_1..transparent --><\/div><!-- .assembler_module_area.assembler_module_area_1 --><\/div><!-- .assembler_default-group.assembler_module_group.assembler_default-group_1.assembler_module_group_1  -->","protected":false},"excerpt":{"rendered":"<p>Section titled module-1 PRIME: Pharmacy Role In the proMotion of continence Funding National Institute for Health and Care Research (NIHR) Research for Patient Benefit (RfPB) Ref.NIHR202212. What&#8217;s the research question? What do service users and providers think about a community pharmacy-based intervention for incontinence, what would the service consist of, and what is the evidence [&hellip;]<\/p>\n","protected":false},"author":1,"featured_media":0,"parent":32881,"menu_order":0,"comment_status":"closed","ping_status":"closed","template":"","meta":{"_acf_changed":false,"footnotes":""},"tags":[],"class_list":["post-34524","page","type-page","status-publish","hentry"],"acf":[],"_links":{"self":[{"href":"https:\/\/bnssghealthiertogether.org.uk\/pl\/wp-json\/wp\/v2\/pages\/34524","targetHints":{"allow":["GET"]}}],"collection":[{"href":"https:\/\/bnssghealthiertogether.org.uk\/pl\/wp-json\/wp\/v2\/pages"}],"about":[{"href":"https:\/\/bnssghealthiertogether.org.uk\/pl\/wp-json\/wp\/v2\/types\/page"}],"author":[{"embeddable":true,"href":"https:\/\/bnssghealthiertogether.org.uk\/pl\/wp-json\/wp\/v2\/users\/1"}],"replies":[{"embeddable":true,"href":"https:\/\/bnssghealthiertogether.org.uk\/pl\/wp-json\/wp\/v2\/comments?post=34524"}],"version-history":[{"count":3,"href":"https:\/\/bnssghealthiertogether.org.uk\/pl\/wp-json\/wp\/v2\/pages\/34524\/revisions"}],"predecessor-version":[{"id":36170,"href":"https:\/\/bnssghealthiertogether.org.uk\/pl\/wp-json\/wp\/v2\/pages\/34524\/revisions\/36170"}],"up":[{"embeddable":true,"href":"https:\/\/bnssghealthiertogether.org.uk\/pl\/wp-json\/wp\/v2\/pages\/32881"}],"wp:attachment":[{"href":"https:\/\/bnssghealthiertogether.org.uk\/pl\/wp-json\/wp\/v2\/media?parent=34524"}],"wp:term":[{"taxonomy":"post_tag","embeddable":true,"href":"https:\/\/bnssghealthiertogether.org.uk\/pl\/wp-json\/wp\/v2\/tags?post=34524"}],"curies":[{"name":"wp","href":"https:\/\/api.w.org\/{rel}","templated":true}]}}