{"id":34530,"date":"2024-11-26T16:44:11","date_gmt":"2024-11-26T16:44:11","guid":{"rendered":"https:\/\/bnssghealthiertogether.org.uk\/?page_id=34530"},"modified":"2025-01-16T22:27:17","modified_gmt":"2025-01-16T22:27:17","slug":"processes-of-change-in-a-group-intervention-for-domestic-violence-perpetrators-a-secondary-qualitative-analysis","status":"publish","type":"page","link":"https:\/\/bnssghealthiertogether.org.uk\/pl\/integrated-care-board\/research-and-evidence\/our-research-portfolio\/nihr-funded-projects\/processes-of-change-in-a-group-intervention-for-domestic-violence-perpetrators-a-secondary-qualitative-analysis\/","title":{"rendered":"Procesy zmian w interwencji grupowej wobec sprawc\u00f3w przemocy domowej: wt\u00f3rna analiza jako\u015bciowa"},"content":{"rendered":"<div class=\"assembler_default-group assembler_module_group assembler_default-group_1 assembler_module_group_1\"><div class=\"assembler_module_area assembler_module_area_1\"><div class=\"assembler_text-module assembler_module assembler_text-module_1 assembler_module_1  transparent\"><a tabindex=\"-1\" title=\"Sekcja zatytu\u0142owana modu\u0142-1\" id=\"module-1\" href=\"https:\/\/bnssghealthiertogether.org.uk\/pl\/wp-json\/wp\/v2\/pages\/34530\/#module-1\" class=\"anchor\"><span class=\"hidden\">Sekcja zatytu\u0142owana modu\u0142-1<\/span><\/a><!-- Template found for text-module - Template: template-text - Matched: _only --><section class=\"w-full mx-auto max-w-content pt-12 sm:pt-24 pb-12 sm:pb-24\">\r\n  <div class=\"entry-content w-full !px-0 max-w-small\">\r\n        <header class=\"local_header\">\n<div class=\"local_header__inner\">\n<h1 class=\"local_header__title\">Procesy zmian w interwencji grupowej wobec sprawc\u00f3w przemocy domowej: wt\u00f3rna analiza jako\u015bciowa<\/h1>\n<\/div>\n<\/header>\n<article class=\"page_content\">\n<h2><\/h2>\n<h2 class=\"page_content__inner\">Finansowanie<\/h2>\n<\/article>\n<p>Narodowy Instytut Zdrowia (NIHR) Badania na rzecz dobra pacjenta (RfPB) Nr ref. PB-PG-1217-20027<\/p>\n<h2>Jaki jest problem?<\/h2>\n<p>Przemoc domowa i zn\u0119canie si\u0119 (DVA) szkodz\u0105 zdrowiu i samopoczuciu. Maj\u0105 wp\u0142yw na \u017cycie doros\u0142ych i dzieci, a opr\u00f3cz powodowania ogromnego cierpienia mog\u0105 zwi\u0119ksza\u0107 ryzyko d\u0142ugotrwa\u0142ych problem\u00f3w zdrowotnych, zw\u0142aszcza chor\u00f3b psychicznych.<\/p>\n<p>DVA mo\u017ce wi\u0105za\u0107 si\u0119 ze znacznymi kosztami finansowymi dla jednostek i spo\u0142ecze\u0144stwa. Chocia\u017c wsparcie dla ofiar DVA jest powszechnie dost\u0119pne, nie wiemy, jak najlepiej zach\u0119ci\u0107 sprawc\u00f3w do zrozumienia i zaakceptowania faktu, \u017ce byli ofiarami przemocy, ani jak pom\u00f3c im zmieni\u0107 swoje zachowanie.<\/p>\n<h2>Jaki jest cel bada\u0144?<\/h2>\n<p>Niniejsze badanie zapewni wyj\u0105tkow\u0105 okazj\u0119 do szczeg\u00f3\u0142owego przyjrzenia si\u0119, jak dzia\u0142aj\u0105 programy dla sprawc\u00f3w przemocy domowej. B\u0119dzie to cenne przy opracowywaniu przysz\u0142ych program\u00f3w.<\/p>\n<p>Zrozumienie, w jaki spos\u00f3b m\u0119\u017cczy\u017ani m\u00f3wi\u0105 o swoim agresywnym zachowaniu i jak je t\u0142umacz\u0105, jest przydatne i wa\u017cne, gdy pr\u00f3bujemy znale\u017a\u0107 sposoby na ograniczenie przemocy.<\/p>\n<p>Wyniki badania mog\u0105 r\u00f3wnie\u017c pom\u00f3c zach\u0119ci\u0107 wi\u0119cej os\u00f3b do uznania, \u017ce s\u0105 sprawcami lub ofiarami\/osobami, kt\u00f3re prze\u017cy\u0142y nadu\u017cycia, i do szukania pomocy.<\/p>\n<h2>Jak to zostanie osi\u0105gni\u0119te?<\/h2>\n<p>W ramach badania przeanalizowane zostan\u0105 nagrania sesji grupowych z programu REPROVIDE, spo\u0142eczno\u015bciowego programu dla sprawc\u00f3w przemocy domowej (DVPP) przeznaczonego dla m\u0119\u017cczyzn, kt\u00f3ry jest cz\u0119\u015bci\u0105 badania naukowego.<\/p>\n<p>Programy DVPP maj\u0105 na celu pom\u00f3c osobom stosuj\u0105cym przemoc wobec swoich partner\u00f3w lub by\u0142ych partner\u00f3w w zmianie ich zachowania. Sesje DVPP odbywaj\u0105 si\u0119 co tydzie\u0144 i standardow\u0105 praktyk\u0105 jest ich nagrywanie.<\/p>\n<p>Uzyskali\u015bmy zgod\u0119 m\u0119\u017cczyzn bior\u0105cych udzia\u0142 w zaj\u0119ciach na analiz\u0119 nagra\u0144. Wsp\u00f3\u0142pracuj\u0105c z odpowiednimi ekspertami, obejrzymy nagrania i dok\u0142adnie przeanalizujemy wybrane fragmenty. Przyjrzymy si\u0119, jak m\u0119\u017cczy\u017ani opowiadaj\u0105 o swoich zachowaniach przemocowych i jak prowadz\u0105cy grup\u0119 zach\u0119caj\u0105 m\u0119\u017cczyzn do my\u015blenia i zachowywania si\u0119 w inny, nieagresywny spos\u00f3b.<\/p>\n<h2>Kto kieruje badaniami?<\/h2>\n<p>Dr Helen Cramer, starszy pracownik naukowy, Centrum Podstawowej Opieki Zdrowotnej, Uniwersytet w Bristolu.<\/p>\n<h2>Wi\u0119cej informacji:<\/h2>\n<p><a href=\"http:\/\/www.bristol.ac.uk\/primaryhealthcare\/researchthemes\/reprovide\/domestic-abuse-group-programme-for-men\/\" target=\"_blank\" rel=\"nofollow noopener\">O tym badaniu<\/a><\/p>\n<p>Aby uzyska\u0107 wi\u0119cej informacji lub zaanga\u017cowa\u0107 si\u0119 w ten projekt, wy\u015blij wiadomo\u015b\u0107 e-mail <a href=\"mailto:bnssg.research@nhs.net\" target=\"_blank\" rel=\"noopener\">bnssg.research@nhs.net<\/a>.<\/p>\n<p>Wyra\u017cone pogl\u0105dy s\u0105 pogl\u0105dami autora(-\u00f3w) i niekoniecznie pokrywaj\u0105 si\u0119 z pogl\u0105dami NIHR lub Departamentu Zdrowia i Opieki Spo\u0142ecznej.<\/p>\n  <\/div>\r\n  <\/section><\/div><!-- .assembler_text-module.assembler_module.assembler_text-module_1.assembler_module_1..transparent --><\/div><!-- .assembler_module_area.assembler_module_area_1 --><\/div><!-- .assembler_default-group.assembler_module_group.assembler_default-group_1.assembler_module_group_1  -->","protected":false},"excerpt":{"rendered":"<p>Section titled module-1 Processes of change in a group intervention for domestic violence perpetrators: a secondary qualitative analysis Funding National Institute for Health (NIHR) Research for Patient Benefit (RfPB) Ref. PB-PG-1217-20027 What is the problem? Domestic violence and abuse (DVA) damage health and wellbeing. It has an impact on the lives of adults and children, [&hellip;]<\/p>\n","protected":false},"author":1,"featured_media":0,"parent":32881,"menu_order":0,"comment_status":"closed","ping_status":"closed","template":"","meta":{"_acf_changed":false,"footnotes":""},"tags":[],"class_list":["post-34530","page","type-page","status-publish","hentry"],"acf":[],"_links":{"self":[{"href":"https:\/\/bnssghealthiertogether.org.uk\/pl\/wp-json\/wp\/v2\/pages\/34530","targetHints":{"allow":["GET"]}}],"collection":[{"href":"https:\/\/bnssghealthiertogether.org.uk\/pl\/wp-json\/wp\/v2\/pages"}],"about":[{"href":"https:\/\/bnssghealthiertogether.org.uk\/pl\/wp-json\/wp\/v2\/types\/page"}],"author":[{"embeddable":true,"href":"https:\/\/bnssghealthiertogether.org.uk\/pl\/wp-json\/wp\/v2\/users\/1"}],"replies":[{"embeddable":true,"href":"https:\/\/bnssghealthiertogether.org.uk\/pl\/wp-json\/wp\/v2\/comments?post=34530"}],"version-history":[{"count":3,"href":"https:\/\/bnssghealthiertogether.org.uk\/pl\/wp-json\/wp\/v2\/pages\/34530\/revisions"}],"predecessor-version":[{"id":36172,"href":"https:\/\/bnssghealthiertogether.org.uk\/pl\/wp-json\/wp\/v2\/pages\/34530\/revisions\/36172"}],"up":[{"embeddable":true,"href":"https:\/\/bnssghealthiertogether.org.uk\/pl\/wp-json\/wp\/v2\/pages\/32881"}],"wp:attachment":[{"href":"https:\/\/bnssghealthiertogether.org.uk\/pl\/wp-json\/wp\/v2\/media?parent=34530"}],"wp:term":[{"taxonomy":"post_tag","embeddable":true,"href":"https:\/\/bnssghealthiertogether.org.uk\/pl\/wp-json\/wp\/v2\/tags?post=34530"}],"curies":[{"name":"wp","href":"https:\/\/api.w.org\/{rel}","templated":true}]}}