{"id":34541,"date":"2024-11-26T16:45:52","date_gmt":"2024-11-26T16:45:52","guid":{"rendered":"https:\/\/bnssghealthiertogether.org.uk\/?page_id=34541"},"modified":"2025-01-16T22:37:22","modified_gmt":"2025-01-16T22:37:22","slug":"reprovide-reaching-everyone-programme-of-research-on-violence-in-diverse-domestic-environments","status":"publish","type":"page","link":"https:\/\/bnssghealthiertogether.org.uk\/pl\/integrated-care-board\/research-and-evidence\/our-research-portfolio\/nihr-funded-projects\/reprovide-reaching-everyone-programme-of-research-on-violence-in-diverse-domestic-environments\/","title":{"rendered":"REPROVIDE: Program Bada\u0144 nad Przemoc\u0105 w R\u00f3\u017cnych \u015arodowiskach Domowych \u201eDotarcie do Ka\u017cdego\u201d"},"content":{"rendered":"<div class=\"assembler_default-group assembler_module_group assembler_default-group_1 assembler_module_group_1\"><div class=\"assembler_module_area assembler_module_area_1\"><div class=\"assembler_text-module assembler_module assembler_text-module_1 assembler_module_1  transparent\"><a tabindex=\"-1\" title=\"Sekcja zatytu\u0142owana modu\u0142-1\" id=\"module-1\" href=\"https:\/\/bnssghealthiertogether.org.uk\/pl\/wp-json\/wp\/v2\/pages\/34541\/#module-1\" class=\"anchor\"><span class=\"hidden\">Sekcja zatytu\u0142owana modu\u0142-1<\/span><\/a><!-- Template found for text-module - Template: template-text - Matched: _only --><section class=\"w-full mx-auto max-w-content pt-12 sm:pt-24 pb-12 sm:pb-24\">\r\n  <div class=\"entry-content w-full !px-0 max-w-small\">\r\n        <h1>REPROVIDE: Program Bada\u0144 nad Przemoc\u0105 w R\u00f3\u017cnych \u015arodowiskach Domowych \u201eDotarcie do Ka\u017cdego\u201d<\/h1>\n<h2>Finansowanie<\/h2>\n<p>Dotacje na badania stosowane (PGfAR) w ramach programu Narodowego Instytutu Zdrowia (NIHR) Nr ref. RP-PG-0614-20012<\/p>\n<h2>Jakie jest pytanie badawcze?<\/h2>\n<p>W jaki spos\u00f3b mo\u017cemy zwi\u0119kszy\u0107 bezpiecze\u0144stwo i dobrostan ofiar przemocy domowej i nadu\u017cy\u0107 (DVA) oraz ich dzieci?<\/p>\n<h2>Jaki jest problem?<\/h2>\n<p>Przemoc domowa i zn\u0119canie si\u0119 (DVA) stanowi\u0105 powa\u017cny problem zdrowia publicznego i klinicznego. Wcze\u015bniejsze badania wykaza\u0142y, \u017ce programy szkoleniowe i wsparcia mog\u0105 poprawi\u0107 reakcj\u0119 klinicyst\u00f3w na pacjentki do\u015bwiadczaj\u0105ce przemocy.<\/p>\n<p>Przeprowadzono pilota\u017cowe dzia\u0142ania maj\u0105ce na celu zapewnienie szkole\u0144 dotycz\u0105cych potrzeb m\u0119\u017cczyzn b\u0119d\u0105cych ofiarami lub sprawc\u00f3w przemocy wobec dzieci oraz nara\u017conych na ni\u0105 dzieci, jednak reakcja organizacji zajmuj\u0105cych si\u0119 obron\u0105 praw m\u0119\u017cczyzn w przypadku ofiar przemocy wobec dzieci wymaga dalszego rozwoju.<\/p>\n<p>Szkolenia z zakresu podstawowej opieki zdrowotnej maj\u0105ce na celu skuteczn\u0105 i bezpieczn\u0105 reakcj\u0119 na przypadki przemocy domowej wobec wszystkich cz\u0142onk\u00f3w rodziny, kt\u00f3rzy jej dopu\u015bcili si\u0119 lub j\u0105 pope\u0142nili, musz\u0105 zosta\u0107 zintegrowane w jeden program i poddane rygorystycznej ocenie.<\/p>\n<h2>Jaki jest cel bada\u0144?<\/h2>\n<p>Celem tych bada\u0144 jest poprawa sposobu, w jaki pracownicy s\u0142u\u017cby zdrowia reaguj\u0105 na doros\u0142ych pacjent\u00f3w, kt\u00f3rzy do\u015bwiadczyli lub dopu\u015bcili si\u0119 przemocy seksualnej wobec dzieci, oraz na ich dzieci. Zbadane zostan\u0105 r\u00f3wnie\u017c potrzeby innych grup sprawc\u00f3w, takich jak osoby pozostaj\u0105ce w zwi\u0105zkach jednop\u0142ciowych.<\/p>\n<h2>Jak to zostanie osi\u0105gni\u0119te?<\/h2>\n<p>Dwa nurty prac w ramach tego badania s\u0105 nast\u0119puj\u0105ce:<\/p>\n<ol>\n<li>Badanie ma na celu zbadanie warto\u015bci szkolenia personelu podstawowej opieki zdrowotnej w zakresie potrzeb dzieci nara\u017conych na przemoc seksualn\u0105 wobec dzieci (DVA) oraz m\u0119\u017cczyzn i kobiet do\u015bwiadczaj\u0105cych lub sprawc\u00f3w przemocy seksualnej wobec dzieci (DVA) i umo\u017cliwienia im kontaktu ze specjalistycznymi us\u0142ugami za po\u015brednictwem rzecznika. To podej\u015bcie zostanie przetestowane w czterech plac\u00f3wkach, a nast\u0119pnie na szersz\u0105 skal\u0119, aby sprawdzi\u0107, czy program jest skuteczny i op\u0142acalny.<\/li>\n<li>Opracowany zostanie program grupowy dla m\u0119\u017cczyzn, kt\u00f3rzy dopu\u015bcili si\u0119 przemocy seksualnej wobec kobiet (DVA) oraz ich partnerek\/by\u0142ych partnerek. Naukowcy i grupa ekspert\u00f3w przeprowadz\u0105 konsultacje w celu ustalenia najbardziej obiecuj\u0105cego programu, kt\u00f3ry zostanie najpierw dostosowany i przetestowany w ma\u0142ej grupie, a nast\u0119pnie w du\u017cym badaniu klinicznym w podstawowej opiece zdrowotnej, gdzie zostanie oceniony pod k\u0105tem wzrostu bezpiecze\u0144stwa oraz tego, czy przemoc usta\u0142a\/zmala\u0142a.<\/li>\n<\/ol>\n<h2>Kto kieruje badaniami?<\/h2>\n<p>Prof. Gene Feder, profesor podstawowej opieki zdrowotnej, nauk o zdrowiu populacyjnym, Uniwersytet w Bristolu.<\/p>\n<h2>Wi\u0119cej informacji:<\/h2>\n<p><a href=\"http:\/\/www.bristol.ac.uk\/primaryhealthcare\/researchthemes\/reprovide\/\" target=\"_blank\" rel=\"nofollow noopener\">Ponownie dostarczy\u0107<\/a><\/p>\n<p>Aby uzyska\u0107 wi\u0119cej informacji lub zaanga\u017cowa\u0107 si\u0119 w ten projekt, wy\u015blij wiadomo\u015b\u0107 e-mail <a href=\"mailto:bnssg.research@nhs.net\" target=\"_blank\" rel=\"noopener\">bnssg.research@nhs.net<\/a>.<\/p>\n<p>Wyra\u017cone pogl\u0105dy s\u0105 pogl\u0105dami autora(-\u00f3w) i niekoniecznie pokrywaj\u0105 si\u0119 z pogl\u0105dami NIHR lub Departamentu Zdrowia i Opieki Spo\u0142ecznej.<\/p>\n  <\/div>\r\n  <\/section><\/div><!-- .assembler_text-module.assembler_module.assembler_text-module_1.assembler_module_1..transparent --><\/div><!-- .assembler_module_area.assembler_module_area_1 --><\/div><!-- .assembler_default-group.assembler_module_group.assembler_default-group_1.assembler_module_group_1  -->","protected":false},"excerpt":{"rendered":"<p>Section titled module-1 REPROVIDE: Reaching Everyone Programme of Research On Violence in diverse Domestic Environments Funding National Institute for Health (NIHR) Programme Grants for Applied Research (PGfAR) Ref. RP-PG-0614-20012 What is the research question? How can we increase the safety and well-being of victims of domestic violence and abuse (DVA) and their children? What is [&hellip;]<\/p>\n","protected":false},"author":1,"featured_media":0,"parent":32881,"menu_order":0,"comment_status":"closed","ping_status":"closed","template":"","meta":{"_acf_changed":false,"footnotes":""},"tags":[],"class_list":["post-34541","page","type-page","status-publish","hentry"],"acf":[],"_links":{"self":[{"href":"https:\/\/bnssghealthiertogether.org.uk\/pl\/wp-json\/wp\/v2\/pages\/34541","targetHints":{"allow":["GET"]}}],"collection":[{"href":"https:\/\/bnssghealthiertogether.org.uk\/pl\/wp-json\/wp\/v2\/pages"}],"about":[{"href":"https:\/\/bnssghealthiertogether.org.uk\/pl\/wp-json\/wp\/v2\/types\/page"}],"author":[{"embeddable":true,"href":"https:\/\/bnssghealthiertogether.org.uk\/pl\/wp-json\/wp\/v2\/users\/1"}],"replies":[{"embeddable":true,"href":"https:\/\/bnssghealthiertogether.org.uk\/pl\/wp-json\/wp\/v2\/comments?post=34541"}],"version-history":[{"count":3,"href":"https:\/\/bnssghealthiertogether.org.uk\/pl\/wp-json\/wp\/v2\/pages\/34541\/revisions"}],"predecessor-version":[{"id":36176,"href":"https:\/\/bnssghealthiertogether.org.uk\/pl\/wp-json\/wp\/v2\/pages\/34541\/revisions\/36176"}],"up":[{"embeddable":true,"href":"https:\/\/bnssghealthiertogether.org.uk\/pl\/wp-json\/wp\/v2\/pages\/32881"}],"wp:attachment":[{"href":"https:\/\/bnssghealthiertogether.org.uk\/pl\/wp-json\/wp\/v2\/media?parent=34541"}],"wp:term":[{"taxonomy":"post_tag","embeddable":true,"href":"https:\/\/bnssghealthiertogether.org.uk\/pl\/wp-json\/wp\/v2\/tags?post=34541"}],"curies":[{"name":"wp","href":"https:\/\/api.w.org\/{rel}","templated":true}]}}