{"id":34548,"date":"2024-11-26T16:46:57","date_gmt":"2024-11-26T16:46:57","guid":{"rendered":"https:\/\/bnssghealthiertogether.org.uk\/?page_id=34548"},"modified":"2025-01-16T22:41:05","modified_gmt":"2025-01-16T22:41:05","slug":"the-effectiveness-and-cost-effectiveness-of-coenzyme-q10-in-heart-failure-with-reduced-ejection-fraction-a-pragmatic-patient-centred-data-enabled-trial-in-primary-care-coral","status":"publish","type":"page","link":"https:\/\/bnssghealthiertogether.org.uk\/pl\/integrated-care-board\/research-and-evidence\/our-research-portfolio\/nihr-funded-projects\/the-effectiveness-and-cost-effectiveness-of-coenzyme-q10-in-heart-failure-with-reduced-ejection-fraction-a-pragmatic-patient-centred-data-enabled-trial-in-primary-care-coral\/","title":{"rendered":"Skuteczno\u015b\u0107 i op\u0142acalno\u015b\u0107 koenzymu Q10 w leczeniu niewydolno\u015bci serca z obni\u017con\u0105 frakcj\u0105 wyrzutow\u0105: pragmatyczne, skoncentrowane na pacjencie badanie kliniczne oparte na danych w opiece podstawowej (CORAL)"},"content":{"rendered":"<div class=\"assembler_default-group assembler_module_group assembler_default-group_1 assembler_module_group_1\"><div class=\"assembler_module_area assembler_module_area_1\"><div class=\"assembler_text-module assembler_module assembler_text-module_1 assembler_module_1  transparent\"><a tabindex=\"-1\" title=\"Sekcja zatytu\u0142owana modu\u0142-1\" id=\"module-1\" href=\"https:\/\/bnssghealthiertogether.org.uk\/pl\/wp-json\/wp\/v2\/pages\/34548\/#module-1\" class=\"anchor\"><span class=\"hidden\">Sekcja zatytu\u0142owana modu\u0142-1<\/span><\/a><!-- Template found for text-module - Template: template-text - Matched: _only --><section class=\"w-full mx-auto max-w-content pt-12 sm:pt-24 pb-12 sm:pb-24\">\r\n  <div class=\"entry-content w-full !px-0 max-w-small\">\r\n        <h1>Skuteczno\u015b\u0107 i op\u0142acalno\u015b\u0107 koenzymu Q10 w niewydolno\u015bci serca z obni\u017con\u0105<br \/>\nfrakcja wyrzutowa: pragmatyczne, zorientowane na pacjenta badanie oparte na danych w opiece podstawowej (CORAL)<\/h1>\n<p>&nbsp;<\/p>\n<article class=\"page_content\">\n<h2 class=\"page_content__inner\">Finansowanie<\/h2>\n<\/article>\n<p>Narodowy Instytut Bada\u0144 nad Zdrowiem i Opiek\u0105 (NIHR) Ocena Technologii Medycznych (HTA) Nr ref. NIHR152257.<\/p>\n<h2>Jaki jest problem?<\/h2>\n<p>Niewydolno\u015b\u0107 serca oznacza, \u017ce serce nie mo\u017ce prawid\u0142owo pompowa\u0107 krwi, poniewa\u017c jest zbyt s\u0142abe lub zbyt sztywne. Osoby z niewydolno\u015bci\u0105 serca cz\u0119sto odczuwaj\u0105 duszno\u015b\u0107 i zm\u0119czenie. Ich stopy i kostki puchn\u0105. Objawy te mog\u0105 prowadzi\u0107 do pogorszenia jako\u015bci \u017cycia.<\/p>\n<p>Osoby cierpi\u0105ce na niewydolno\u015b\u0107 serca i ich lekarze twierdz\u0105, \u017ce najwa\u017cniejsze dla nich s\u0105 badania maj\u0105ce na celu zrozumienie, co mo\u017ce poprawi\u0107 jako\u015b\u0107 ich \u017cycia.<\/p>\n<p>Niewydolno\u015b\u0107 serca diagnozuje si\u0119 za pomoc\u0105 skanu serca (echokardiogramu). Pomiar ten polega na pomiarze \u201cfrakcji wyrzutowej\u201d \u2013 ilo\u015bci krwi wyciskanej z g\u0142\u00f3wnej komory serca podczas ka\u017cdego uderzenia.<\/p>\n<p>U niekt\u00f3rych os\u00f3b z niewydolno\u015bci\u0105 serca frakcja wyrzutowa jest prawid\u0142owa, jednak badania koncentruj\u0105 si\u0119 na osobach z niewydolno\u015bci\u0105 serca, u kt\u00f3rych frakcja wyrzutowa jest obni\u017cona.<\/p>\n<h2>Jaki jest cel bada\u0144?<\/h2>\n<p>G\u0142\u00f3wnym celem badania jest sprawdzenie, czy koenzym Q10 poprawia jako\u015b\u0107 \u017cycia. Koenzym Q10 to substancja witaminopodobna, wyst\u0119puj\u0105ca naturalnie w organizmie i w niekt\u00f3rych produktach spo\u017cywczych.<\/p>\n<p>Chcemy przeprowadzi\u0107 badanie, aby si\u0119 dowiedzie\u0107, czy przyjmowanie koenzymu Q10 jest korzystne dla os\u00f3b z niewydolno\u015bci\u0105 serca i obni\u017con\u0105 frakcj\u0105 wyrzutow\u0105.<\/p>\n<h2>Jak to zostanie osi\u0105gni\u0119te?<\/h2>\n<p>Dowiemy si\u0119 tego, prosz\u0105c osoby bior\u0105ce udzia\u0142 w badaniu o wype\u0142nienie ankiet. Kwestionariusze b\u0119d\u0105 dotyczy\u0107 jako\u015bci \u017cycia i codziennego \u017cycia (Kwestionariusz Kardiomiopatii Kansas City, Kwestionariusz Zdrowia EuroQol 5 Dimensions oraz Kwestionariusz New York Heart Association).<\/p>\n<p>Przeprowadzona zostanie r\u00f3wnie\u017c ankieta pytaj\u0105ca o to, jak niewydolno\u015b\u0107 serca wp\u0142ywa na sytuacj\u0119 finansow\u0105 pacjent\u00f3w i ich opiekun\u00f3w. Osoby bior\u0105ce udzia\u0142 w badaniu zostan\u0105 poproszone o wype\u0142nienie tych ankiet przed rozpocz\u0119ciem badania, a nast\u0119pnie po 3, 6, 9 miesi\u0105cach i roku (po zako\u0144czeniu badania).<\/p>\n<p>Szacujemy, \u017ce wype\u0142nienie ankiet zajmie oko\u0142o 35 minut. Za ka\u017cdy zestaw ankiet przewidziana jest rekompensata w wysoko\u015bci 10 funt\u00f3w.<\/p>\n<p>Za zgod\u0105, wykorzystamy ich dokumentacj\u0119 medyczn\u0105, aby dowiedzie\u0107 si\u0119 o wizytach w plac\u00f3wkach opieki zdrowotnej, przyj\u0119ciach do szpitala i wska\u017aniku prze\u017cycia. Aby u\u0142atwi\u0107 osobom z niewydolno\u015bci\u0105 serca udzia\u0142 w badaniu, nie b\u0119dziemy ich prosi\u0107 o zg\u0142aszanie si\u0119 do szpitala ani do przychodni lekarskiej na \u017cadne wizyty w ramach badania.<\/p>\n<p>Informacje o badaniu zostan\u0105 przes\u0142ane pacjentom poczt\u0105, lekarz rodzinny lub piel\u0119gniarka skontaktuj\u0105 si\u0119 z nimi telefonicznie, aby wyja\u015bni\u0107 szczeg\u00f3\u0142y badania, a lek badany zostanie wys\u0142any bezpo\u015brednio do ich domu.<\/p>\n<p>Osoby bior\u0105ce udzia\u0142 w badaniu b\u0119d\u0105 mia\u0142y mo\u017cliwo\u015b\u0107 wype\u0142nienia kwestionariuszy na kilka sposob\u00f3w: online, telefonicznie lub osobi\u015bcie w swojej praktyce lekarza rodzinnego.<\/p>\n<h2>Kto kieruje badaniami?<\/h2>\n<p><a href=\"https:\/\/www.bristol.ac.uk\/people\/person\/Maria-Pufulete-6812e04e-f4da-448d-91db-032c4eddd93a\/\" rel=\"noopener\">Dr Maria Pufulete<\/a>, starszy pracownik naukowy, Uniwersytet w Bristolu i <a href=\"https:\/\/www.bristol.ac.uk\/people\/person\/Rachel-Johnson-76214692-715a-441e-b67a-cfd9acdfa97a\/\" rel=\"noopener\">Doktor Rachel Johnson<\/a>, profesor nadzwyczajny w dziedzinie opieki podstawowej, Uniwersytet w Bristolu.<\/p>\n<h2>Wi\u0119cej informacji:<\/h2>\n<p>Aby uzyska\u0107 wi\u0119cej informacji lub zaanga\u017cowa\u0107 si\u0119 w ten projekt, wy\u015blij wiadomo\u015b\u0107 e-mail <a href=\"mailto:bnssg.research@nhs.net\" target=\"_blank\" rel=\"noopener\">bnssg.research@nhs.net<\/a>.<\/p>\n<p>Wyra\u017cone pogl\u0105dy s\u0105 pogl\u0105dami autora(-\u00f3w) i niekoniecznie pokrywaj\u0105 si\u0119 z pogl\u0105dami NIHR lub Departamentu Zdrowia i Opieki Spo\u0142ecznej.<\/p>\n  <\/div>\r\n  <\/section><\/div><!-- .assembler_text-module.assembler_module.assembler_text-module_1.assembler_module_1..transparent --><\/div><!-- .assembler_module_area.assembler_module_area_1 --><\/div><!-- .assembler_default-group.assembler_module_group.assembler_default-group_1.assembler_module_group_1  -->","protected":false},"excerpt":{"rendered":"<p>Section titled module-1 The effectiveness and cost effectiveness of coenzyme Q10 in heart failure with reduced ejection fraction: a pragmatic, patient-centred, data-enabled trial in primary care (CORAL) &nbsp; Funding National Institute for Health and Care Research (NIHR) Health Technology Assessment (HTA) Ref. NIHR152257. What is the problem? Heart failure means the heart can\u2019t pump blood [&hellip;]<\/p>\n","protected":false},"author":1,"featured_media":0,"parent":32881,"menu_order":0,"comment_status":"closed","ping_status":"closed","template":"","meta":{"_acf_changed":false,"footnotes":""},"tags":[],"class_list":["post-34548","page","type-page","status-publish","hentry"],"acf":[],"_links":{"self":[{"href":"https:\/\/bnssghealthiertogether.org.uk\/pl\/wp-json\/wp\/v2\/pages\/34548","targetHints":{"allow":["GET"]}}],"collection":[{"href":"https:\/\/bnssghealthiertogether.org.uk\/pl\/wp-json\/wp\/v2\/pages"}],"about":[{"href":"https:\/\/bnssghealthiertogether.org.uk\/pl\/wp-json\/wp\/v2\/types\/page"}],"author":[{"embeddable":true,"href":"https:\/\/bnssghealthiertogether.org.uk\/pl\/wp-json\/wp\/v2\/users\/1"}],"replies":[{"embeddable":true,"href":"https:\/\/bnssghealthiertogether.org.uk\/pl\/wp-json\/wp\/v2\/comments?post=34548"}],"version-history":[{"count":3,"href":"https:\/\/bnssghealthiertogether.org.uk\/pl\/wp-json\/wp\/v2\/pages\/34548\/revisions"}],"predecessor-version":[{"id":36179,"href":"https:\/\/bnssghealthiertogether.org.uk\/pl\/wp-json\/wp\/v2\/pages\/34548\/revisions\/36179"}],"up":[{"embeddable":true,"href":"https:\/\/bnssghealthiertogether.org.uk\/pl\/wp-json\/wp\/v2\/pages\/32881"}],"wp:attachment":[{"href":"https:\/\/bnssghealthiertogether.org.uk\/pl\/wp-json\/wp\/v2\/media?parent=34548"}],"wp:term":[{"taxonomy":"post_tag","embeddable":true,"href":"https:\/\/bnssghealthiertogether.org.uk\/pl\/wp-json\/wp\/v2\/tags?post=34548"}],"curies":[{"name":"wp","href":"https:\/\/api.w.org\/{rel}","templated":true}]}}