{"id":34551,"date":"2024-11-26T16:47:23","date_gmt":"2024-11-26T16:47:23","guid":{"rendered":"https:\/\/bnssghealthiertogether.org.uk\/?page_id=34551"},"modified":"2025-01-16T22:42:07","modified_gmt":"2025-01-16T22:42:07","slug":"the-role-of-survivor-support-services-integrated-within-domestic-abuse-prevention-programmes","status":"publish","type":"page","link":"https:\/\/bnssghealthiertogether.org.uk\/pl\/integrated-care-board\/research-and-evidence\/our-research-portfolio\/nihr-funded-projects\/the-role-of-survivor-support-services-integrated-within-domestic-abuse-prevention-programmes\/","title":{"rendered":"Rola us\u0142ug wsparcia dla os\u00f3b pokrzywdzonych zintegrowanych z programami zapobiegania przemocy domowej"},"content":{"rendered":"<div class=\"assembler_default-group assembler_module_group assembler_default-group_1 assembler_module_group_1\"><div class=\"assembler_module_area assembler_module_area_1\"><div class=\"assembler_text-module assembler_module assembler_text-module_1 assembler_module_1  transparent\"><a tabindex=\"-1\" title=\"Sekcja zatytu\u0142owana modu\u0142-1\" id=\"module-1\" href=\"https:\/\/bnssghealthiertogether.org.uk\/pl\/wp-json\/wp\/v2\/pages\/34551\/#module-1\" class=\"anchor\"><span class=\"hidden\">Sekcja zatytu\u0142owana modu\u0142-1<\/span><\/a><!-- Template found for text-module - Template: template-text - Matched: _only --><section class=\"w-full mx-auto max-w-content pt-12 sm:pt-24 pb-12 sm:pb-24\">\r\n  <div class=\"entry-content w-full !px-0 max-w-small\">\r\n        <h1>Rola us\u0142ug wsparcia dla ofiar zintegrowanych z programami zapobiegania przemocy domowej.<\/h1>\n<p>&nbsp;<\/p>\n<article class=\"page_content\">\n<h2 class=\"page_content__inner\">Finansowanie<\/h2>\n<\/article>\n<p>Narodowy Instytut Bada\u0144 nad Zdrowiem i Opiek\u0105 (NIHR) Badania na rzecz opieki spo\u0142ecznej (RfSC) Nr ref. NIHR204257.<\/p>\n<h2>Jakie jest pytanie badawcze?<\/h2>\n<p>1. Jakie rodzaje wsparcia dla os\u00f3b ocala\u0142ych s\u0105 \u015bwiadczone w ramach brytyjskich program\u00f3w DAPP?<br \/>\n2. W jaki spos\u00f3b r\u00f3\u017cne rodzaje wsparcia zaspokajaj\u0105 potrzeby os\u00f3b ocala\u0142ych w zakresie bezpiecze\u0144stwa i inne?<br \/>\n3. Czego potrzebuj\u0105 pracownicy DAPP udzielaj\u0105cy wsparcia ofiarom przemocy, aby sprosta\u0107 wyzwaniom zwi\u0105zanym z ich rol\u0105?<br \/>\n4. W jaki spos\u00f3b nasze ustalenia mog\u0105 przyczyni\u0107 si\u0119 do poprawy krajowych standard\u00f3w i szkole\u0144 w zakresie wsparcia os\u00f3b ocala\u0142ych w ramach program\u00f3w DAPP?<\/p>\n<h2>Jaki jest problem?<\/h2>\n<p>Respect to og\u00f3lnokrajowa organizacja, kt\u00f3ra dba o to, aby us\u0142ugi \u015bwiadczone w ramach programu by\u0142y zgodne z najlepszymi praktykami. Programy akredytowane przez Respect prowadz\u0105 prac\u0119 nad zmian\u0105 zachowania osoby stosuj\u0105cej przemoc, a obecni\/byli partnerzy otrzymuj\u0105 wsparcie.<\/p>\n<p>Opr\u00f3cz pomocy praktycznej i emocjonalnej, praca wspieraj\u0105ca osoby, kt\u00f3re prze\u017cy\u0142y, w ramach akredytowanych s\u0142u\u017cb pozwala zarz\u0105dza\u0107 ryzykiem, pomaga osobom, kt\u00f3re prze\u017cy\u0142y, mie\u0107 realistyczne oczekiwania co do zmiany zachowania ich (by\u0142ego) partnera i dostarcza informacji na temat zarz\u0105dzania spraw\u0105.<\/p>\n<p>Wiadomo, \u017ce wsparcie dla os\u00f3b ocala\u0142ych r\u00f3\u017cni si\u0119 w zale\u017cno\u015bci od us\u0142ug. Obowi\u0105zuj\u0105ce standardy zawieraj\u0105 ograniczone wytyczne dotycz\u0105ce sposobu udzielania wsparcia; jednak wsparcie dla os\u00f3b ocala\u0142ych mo\u017ce by\u0107 kluczowym elementem sukcesu tych program\u00f3w.<\/p>\n<h2>Jaki jest cel bada\u0144?<\/h2>\n<p>Programy Zapobiegania Przemocy Domowej (DAPP) maj\u0105 na celu pom\u00f3c osobom stosuj\u0105cym przemoc zmieni\u0107 swoje zachowanie oraz zwi\u0119kszy\u0107 bezpiecze\u0144stwo i wolno\u015b\u0107 ofiar przemocy. U\u017cywamy terminu \u2019osoba, kt\u00f3ra do\u015bwiadczy\u0142a przemocy domowej\u2018, aby opisa\u0107 osob\u0119, kt\u00f3ra do\u015bwiadczy\u0142a przemocy domowej, poniewa\u017c jest to zazwyczaj preferowane okre\u015blenie ni\u017c \u2019ofiara\u2018.<\/p>\n<h2>Jak to zostanie osi\u0105gni\u0119te?<\/h2>\n<p>Badanie to ma na celu:<\/p>\n<p>1. Przeprowadzi\u0107 og\u00f3lnopolskie badanie us\u0142ug wsparcia dla os\u00f3b, kt\u00f3re prze\u017cy\u0142y atak DAPP, w celu ustalenia r\u00f3\u017cnych modeli wsparcia.<\/p>\n<p>2. Przeprowad\u017a wywiady z osobami, kt\u00f3re otrzyma\u0142y wsparcie, aby lepiej zrozumie\u0107 ich potrzeby i do\u015bwiadczenia zwi\u0105zane ze wsparciem.<\/p>\n<p>3. Obserwacja i przeprowadzanie wywiad\u00f3w z personelem wspieraj\u0105cym osoby, kt\u00f3re uczestniczy\u0142y w programach lub wsp\u00f3\u0142pracowa\u0142y z nimi, aby zrozumie\u0107, w jaki spos\u00f3b zaspokajaj\u0105 one r\u00f3\u017cne potrzeby os\u00f3b, kt\u00f3re prze\u017cy\u0142y, a tak\u017ce zrozumie\u0107 wyzwania zwi\u0105zane z t\u0105 rol\u0105.<\/p>\n<p>4. Wsp\u00f3\u0142pracuj z organizacj\u0105 Respect, z dostawc\u0105 programu\/organizacj\u0105 charytatywn\u0105 dla dzieci Barnardo&#039;s oraz z osobami, kt\u00f3re prze\u017cy\u0142y PPI, aby prze\u0142o\u017cy\u0107 wyniki bada\u0144 na praktyczne zalecenia maj\u0105ce na celu popraw\u0119 standard\u00f3w krajowych i szkole\u0144.<\/p>\n<h2>Kto kieruje badaniami?<\/h2>\n<p><a href=\"https:\/\/www.bristol.ac.uk\/people\/person\/Karen-Morgan-6a00fc75-a671-4d82-b2df-c61a35a2ae40\/\" rel=\"noopener\">Doktor Karen Morgan<\/a>, pracownik naukowy Uniwersytetu w Bristolu i <a href=\"https:\/\/research-information.bris.ac.uk\/en\/persons\/helen-a-cramer\" rel=\"noopener\">Dr Helen Cramer<\/a>, Starszy pracownik naukowy, Bristol Medical School.<\/p>\n<h2>Wi\u0119cej informacji:<\/h2>\n<p>Aby uzyska\u0107 wi\u0119cej informacji lub zaanga\u017cowa\u0107 si\u0119 w ten projekt, wy\u015blij wiadomo\u015b\u0107 e-mail <a href=\"mailto:bnssg.research@nhs.net\" target=\"_blank\" rel=\"noopener\">bnssg.research@nhs.net<\/a>.<\/p>\n<p>Wyra\u017cone pogl\u0105dy s\u0105 pogl\u0105dami autora(-\u00f3w) i niekoniecznie pokrywaj\u0105 si\u0119 z pogl\u0105dami NIHR lub Departamentu Zdrowia i Opieki Spo\u0142ecznej.<\/p>\n  <\/div>\r\n  <\/section><\/div><!-- .assembler_text-module.assembler_module.assembler_text-module_1.assembler_module_1..transparent --><\/div><!-- .assembler_module_area.assembler_module_area_1 --><\/div><!-- .assembler_default-group.assembler_module_group.assembler_default-group_1.assembler_module_group_1  -->","protected":false},"excerpt":{"rendered":"<p>Section titled module-1 The role of survivor-support services integrated within domestic abuse prevention programmes. &nbsp; Funding National Institute for Health and Care Research (NIHR) Research for Social Care (RfSC) Ref. NIHR204257. What is the research question? 1. What types of survivor-support are provided within UK DAPPs? 2. How do different types of support meet survivors\u2019 [&hellip;]<\/p>\n","protected":false},"author":1,"featured_media":0,"parent":32881,"menu_order":0,"comment_status":"closed","ping_status":"closed","template":"","meta":{"_acf_changed":false,"footnotes":""},"tags":[],"class_list":["post-34551","page","type-page","status-publish","hentry"],"acf":[],"_links":{"self":[{"href":"https:\/\/bnssghealthiertogether.org.uk\/pl\/wp-json\/wp\/v2\/pages\/34551","targetHints":{"allow":["GET"]}}],"collection":[{"href":"https:\/\/bnssghealthiertogether.org.uk\/pl\/wp-json\/wp\/v2\/pages"}],"about":[{"href":"https:\/\/bnssghealthiertogether.org.uk\/pl\/wp-json\/wp\/v2\/types\/page"}],"author":[{"embeddable":true,"href":"https:\/\/bnssghealthiertogether.org.uk\/pl\/wp-json\/wp\/v2\/users\/1"}],"replies":[{"embeddable":true,"href":"https:\/\/bnssghealthiertogether.org.uk\/pl\/wp-json\/wp\/v2\/comments?post=34551"}],"version-history":[{"count":3,"href":"https:\/\/bnssghealthiertogether.org.uk\/pl\/wp-json\/wp\/v2\/pages\/34551\/revisions"}],"predecessor-version":[{"id":36180,"href":"https:\/\/bnssghealthiertogether.org.uk\/pl\/wp-json\/wp\/v2\/pages\/34551\/revisions\/36180"}],"up":[{"embeddable":true,"href":"https:\/\/bnssghealthiertogether.org.uk\/pl\/wp-json\/wp\/v2\/pages\/32881"}],"wp:attachment":[{"href":"https:\/\/bnssghealthiertogether.org.uk\/pl\/wp-json\/wp\/v2\/media?parent=34551"}],"wp:term":[{"taxonomy":"post_tag","embeddable":true,"href":"https:\/\/bnssghealthiertogether.org.uk\/pl\/wp-json\/wp\/v2\/tags?post=34551"}],"curies":[{"name":"wp","href":"https:\/\/api.w.org\/{rel}","templated":true}]}}