{"id":34560,"date":"2024-11-26T16:48:32","date_gmt":"2024-11-26T16:48:32","guid":{"rendered":"https:\/\/bnssghealthiertogether.org.uk\/?page_id=34560"},"modified":"2025-01-16T22:48:46","modified_gmt":"2025-01-16T22:48:46","slug":"vertebral-fracture-clinical-decision-tool-for-older-women-with-back-pain-vfrac-a-feasibility-study","status":"publish","type":"page","link":"https:\/\/bnssghealthiertogether.org.uk\/pl\/integrated-care-board\/research-and-evidence\/our-research-portfolio\/nihr-funded-projects\/vertebral-fracture-clinical-decision-tool-for-older-women-with-back-pain-vfrac-a-feasibility-study\/","title":{"rendered":"Narz\u0119dzie kliniczne do podejmowania decyzji w przypadku z\u0142ama\u0144 kr\u0119g\u00f3w u starszych kobiet z b\u00f3lem plec\u00f3w (Vfrac) \u2013 studium wykonalno\u015bci."},"content":{"rendered":"<div class=\"assembler_default-group assembler_module_group assembler_default-group_1 assembler_module_group_1\"><div class=\"assembler_module_area assembler_module_area_1\"><div class=\"assembler_text-module assembler_module assembler_text-module_1 assembler_module_1  transparent\"><a tabindex=\"-1\" title=\"Sekcja zatytu\u0142owana modu\u0142-1\" id=\"module-1\" href=\"https:\/\/bnssghealthiertogether.org.uk\/pl\/wp-json\/wp\/v2\/pages\/34560\/#module-1\" class=\"anchor\"><span class=\"hidden\">Sekcja zatytu\u0142owana modu\u0142-1<\/span><\/a><!-- Template found for text-module - Template: template-text - Matched: _only --><section class=\"w-full mx-auto max-w-content pt-12 sm:pt-24 pb-12 sm:pb-24\">\r\n  <div class=\"entry-content w-full !px-0 max-w-small\">\r\n        <h1>Narz\u0119dzie kliniczne do podejmowania decyzji w przypadku z\u0142ama\u0144 kr\u0119g\u00f3w u starszych kobiet z b\u00f3lem plec\u00f3w (Vfrac) \u2013 studium wykonalno\u015bci.<\/h1>\n<h2>Finansowanie<\/h2>\n<p>Narodowy Instytut Bada\u0144 nad Zdrowiem i Opiek\u0105, Badania na rzecz dobra pacjenta.<\/p>\n<h2><strong>Jaki jest problem?<\/strong><\/h2>\n<p>Osteoporoza (os\u0142abienie ko\u015bci) to jedna z najcz\u0119stszych chor\u00f3b uk\u0142adu mi\u0119\u015bniowo-szkieletowego u starszych kobiet. Z\u0142amania kr\u0119g\u00f3w osteoporotyczne (z\u0142amania ko\u015bci kr\u0119gos\u0142upa spowodowane osteoporoz\u0105) s\u0105 szczeg\u00f3lnie istotne, poniewa\u017c identyfikuj\u0105 osoby z wysokim ryzykiem z\u0142amania wi\u0119kszej liczby ko\u015bci.<\/p>\n<p>Jednak mniej ni\u017c jedna trzecia os\u00f3b ze z\u0142amaniami kr\u0119g\u00f3w jest prawid\u0142owo diagnozowana i leczona. G\u0142\u00f3wn\u0105 przyczyn\u0105 tego niepowodzenia jest trudno\u015b\u0107 w ustaleniu, kto powinien wykona\u0107 prze\u015bwietlenie kr\u0119gos\u0142upa.<\/p>\n<p>Narz\u0119dzie Vfrac to prosty kwestionariusz opracowany starannie na podstawie bada\u0144 z udzia\u0142em kobiet z osteoporoz\u0105 i bez osteoporotycznych z\u0142ama\u0144 kr\u0119g\u00f3w. Vfrac jest przeznaczony dla pracownik\u00f3w s\u0142u\u017cby zdrowia w gabinetach lekarzy rodzinnych, kt\u00f3rzy zg\u0142aszaj\u0105 si\u0119 do lekarza w wieku powy\u017cej 65 lat z b\u00f3lem plec\u00f3w.<\/p>\n<p>Wynik badania Vfrac wskazuje, czy pacjent powinien wykona\u0107 zdj\u0119cie rentgenowskie kr\u0119gos\u0142upa.<\/p>\n<h2><strong>Jaki jest cel bada\u0144?<\/strong><\/h2>\n<p>Metoda Vfrac nigdy nie zosta\u0142a przetestowana w warunkach rzeczywistych, aby sprawdzi\u0107 jej skuteczno\u015b\u0107 i prawdopodobie\u0144stwo op\u0142acalno\u015bci dla NHS. Testy w warunkach rzeczywistych b\u0119d\u0105 szeroko zakrojonym badaniem z udzia\u0142em wielu praktyk lekarzy rodzinnych i sprawdz\u0105, czy Vfrac poprawia leczenie os\u00f3b starszych z osteoporoz\u0105.<\/p>\n<p>Zanim zaprojektujemy to badanie, potrzebujemy informacji, kt\u00f3re pozwol\u0105 nam zaplanowa\u0107:<\/p>\n<ol>\n<li>Skala i przebieg badania, w oparciu o informacje obejmuj\u0105ce liczb\u0119 kobiet zg\u0142aszaj\u0105cych si\u0119 do lekarza rodzinnego z powodu b\u00f3lu plec\u00f3w oraz \u015bredni czas oczekiwania na wyniki zdj\u0119\u0107 rentgenowskich.<\/li>\n<li>Wymagania IT w zale\u017cno\u015bci od tego, z jakich system\u00f3w IT korzystaj\u0105 gabinety lekarskie.<\/li>\n<li>W jaki spos\u00f3b wykorzystuje si\u0119 Vfrac i na podstawie jakich specjalist\u00f3w s\u0142u\u017cby zdrowia pacjenci w podesz\u0142ym wieku cierpi\u0105cy na b\u00f3le plec\u00f3w s\u0105 diagnozowani w ramach podstawowej opieki zdrowotnej.<\/li>\n<li>Czy musimy zmieni\u0107 narz\u0119dzie w oparciu o zrozumienie opinii pacjent\u00f3w i pracownik\u00f3w s\u0142u\u017cby zdrowia oraz ich do\u015bwiadcze\u0144 w korzystaniu z Vfrac.<\/li>\n<li>Czy mo\u017cemy korzysta\u0107 z Vfrac przez telefon (konsultacje zdalne).<\/li>\n<\/ol>\n<h2><strong>Jak to zostanie osi\u0105gni\u0119te?<\/strong><\/h2>\n<p>My:<\/p>\n<p>(A) Wykorzystaj baz\u0119 danych, w kt\u00f3rej gromadzone s\u0105 dane pacjent\u00f3w z gabinet\u00f3w lekarzy rodzinnych w Wielkiej Brytanii, aby obliczy\u0107 skal\u0119 i projekt du\u017cego badania.<\/p>\n<p>(B) Popro\u015b sze\u015b\u0107 gabinet\u00f3w lekarskich o udzia\u0142 w tym badaniu i zach\u0119\u0107 po\u0142ow\u0119 z nich do korzystania z Vfrac przez 12 miesi\u0119cy. To pomo\u017ce nam zrozumie\u0107 wymagania IT. Zapytamy pacjent\u00f3w i pracownik\u00f3w s\u0142u\u017cby zdrowia o ich opinie na temat Vfrac i zidentyfikujemy czynniki, kt\u00f3re u\u0142atwiaj\u0105 lub utrudniaj\u0105 korzystanie z niego. Przetestujemy go osobi\u015bcie oraz telefonicznie\/wideo.<\/p>\n<p>(C) Przeprowad\u017a og\u00f3lnopolsk\u0105 ankiet\u0119 w\u015br\u00f3d lekarzy rodzinnych, aby opisa\u0107, jacy specjali\u015bci zajmuj\u0105 si\u0119 opiek\u0105 nad osobami starszymi cierpi\u0105cymi na b\u00f3le plec\u00f3w.<\/p>\n<p>Pacjenci i spo\u0142ecze\u0144stwo byli zaanga\u017cowani w planowanie i realizacj\u0119 projekt\u00f3w badawczych, kt\u00f3re doprowadzi\u0142y do powstania Vfrac. Dwie osoby z osteoporotycznymi z\u0142amaniami kr\u0119g\u00f3w zgodzi\u0142y si\u0119 na dalszy udzia\u0142 \u2013 b\u0119d\u0105 one cz\u0142onkami komitetu steruj\u0105cego tego wniosku. Nasz nagradzany program Partnerstwa na rzecz Do\u015bwiadcze\u0144 Pacjent\u00f3w w Badaniach pom\u00f3g\u0142 w napisaniu tej analizy.<\/p>\n<h2><strong>Kto kieruje badaniami?<\/strong><\/h2>\n<p>Profesor Emma Clark, profesor epidemiologii klinicznej uk\u0142adu mi\u0119\u015bniowo-szkieletowego, Bristol Medical School, Uniwersytet w Bristolu.<\/p>\n<h2>Wi\u0119cej informacji:<\/h2>\n<p><a href=\"https:\/\/www.bristol.ac.uk\/people\/person\/Emma-Clark-fa805e1c-3313-427d-b4fe-c35b80f93313\/\" rel=\"noopener\">Profesor Emma Clark<\/a><\/p>\n<p>Aby uzyska\u0107 wi\u0119cej informacji lub zaanga\u017cowa\u0107 si\u0119 w ten projekt, wy\u015blij wiadomo\u015b\u0107 e-mail <a href=\"mailto:bnssg.research@nhs.net\" target=\"_blank\" rel=\"noopener\">bnssg.research@nhs.net<\/a>.<\/p>\n<p>Wyra\u017cone pogl\u0105dy s\u0105 pogl\u0105dami autora(-\u00f3w) i niekoniecznie pokrywaj\u0105 si\u0119 z pogl\u0105dami NIHR lub Departamentu Zdrowia i Opieki Spo\u0142ecznej.<\/p>\n  <\/div>\r\n  <\/section><\/div><!-- .assembler_text-module.assembler_module.assembler_text-module_1.assembler_module_1..transparent --><\/div><!-- .assembler_module_area.assembler_module_area_1 --><\/div><!-- .assembler_default-group.assembler_module_group.assembler_default-group_1.assembler_module_group_1  -->","protected":false},"excerpt":{"rendered":"<p>Section titled module-1 Vertebral fracture clinical decision tool for older women with back pain (Vfrac) \u2013 a feasibility study. Funding National Institute for Health and Care Research, Research for Patient Benefit. What is the problem? Osteoporosis (weak bones) is one of the most common musculoskeletal conditions in older women. Osteoporotic vertebral fractures (broken bones in [&hellip;]<\/p>\n","protected":false},"author":1,"featured_media":0,"parent":32881,"menu_order":0,"comment_status":"closed","ping_status":"closed","template":"","meta":{"_acf_changed":false,"footnotes":""},"tags":[],"class_list":["post-34560","page","type-page","status-publish","hentry"],"acf":[],"_links":{"self":[{"href":"https:\/\/bnssghealthiertogether.org.uk\/pl\/wp-json\/wp\/v2\/pages\/34560","targetHints":{"allow":["GET"]}}],"collection":[{"href":"https:\/\/bnssghealthiertogether.org.uk\/pl\/wp-json\/wp\/v2\/pages"}],"about":[{"href":"https:\/\/bnssghealthiertogether.org.uk\/pl\/wp-json\/wp\/v2\/types\/page"}],"author":[{"embeddable":true,"href":"https:\/\/bnssghealthiertogether.org.uk\/pl\/wp-json\/wp\/v2\/users\/1"}],"replies":[{"embeddable":true,"href":"https:\/\/bnssghealthiertogether.org.uk\/pl\/wp-json\/wp\/v2\/comments?post=34560"}],"version-history":[{"count":3,"href":"https:\/\/bnssghealthiertogether.org.uk\/pl\/wp-json\/wp\/v2\/pages\/34560\/revisions"}],"predecessor-version":[{"id":36183,"href":"https:\/\/bnssghealthiertogether.org.uk\/pl\/wp-json\/wp\/v2\/pages\/34560\/revisions\/36183"}],"up":[{"embeddable":true,"href":"https:\/\/bnssghealthiertogether.org.uk\/pl\/wp-json\/wp\/v2\/pages\/32881"}],"wp:attachment":[{"href":"https:\/\/bnssghealthiertogether.org.uk\/pl\/wp-json\/wp\/v2\/media?parent=34560"}],"wp:term":[{"taxonomy":"post_tag","embeddable":true,"href":"https:\/\/bnssghealthiertogether.org.uk\/pl\/wp-json\/wp\/v2\/tags?post=34560"}],"curies":[{"name":"wp","href":"https:\/\/api.w.org\/{rel}","templated":true}]}}