{"id":34563,"date":"2024-11-26T16:50:54","date_gmt":"2024-11-26T16:50:54","guid":{"rendered":"https:\/\/bnssghealthiertogether.org.uk\/?page_id=34563"},"modified":"2025-01-19T20:20:14","modified_gmt":"2025-01-19T20:20:14","slug":"a-patient-reported-questionnaire-to-measure-the-use-of-informal-care-social-care-and-personal-expenses","status":"publish","type":"page","link":"https:\/\/bnssghealthiertogether.org.uk\/pl\/integrated-care-board\/research-and-evidence\/our-research-portfolio\/previously-supported-projects\/a-patient-reported-questionnaire-to-measure-the-use-of-informal-care-social-care-and-personal-expenses\/","title":{"rendered":"Kwestionariusz wype\u0142niany przez pacjent\u00f3w, s\u0142u\u017c\u0105cy do pomiaru korzystania z opieki nieformalnej, opieki spo\u0142ecznej i wydatk\u00f3w osobistych"},"content":{"rendered":"<div class=\"assembler_default-group assembler_module_group assembler_default-group_1 assembler_module_group_1\"><div class=\"assembler_module_area assembler_module_area_1\"><div class=\"assembler_text-module assembler_module assembler_text-module_1 assembler_module_1  transparent\"><a tabindex=\"-1\" title=\"Sekcja zatytu\u0142owana modu\u0142-1\" id=\"module-1\" href=\"https:\/\/bnssghealthiertogether.org.uk\/pl\/wp-json\/wp\/v2\/pages\/34563\/#module-1\" class=\"anchor\"><span class=\"hidden\">Sekcja zatytu\u0142owana modu\u0142-1<\/span><\/a><!-- Template found for text-module - Template: template-text - Matched: _only --><section class=\"w-full mx-auto max-w-content pt-12 sm:pt-24 pb-12 sm:pb-24\">\r\n  <div class=\"entry-content w-full !px-0 max-w-small\">\r\n        <header class=\"local_header\">\n<div class=\"local_header__inner\">\n<h1 class=\"local_header__title\">Kwestionariusz wype\u0142niany przez pacjent\u00f3w, s\u0142u\u017c\u0105cy do pomiaru korzystania z opieki nieformalnej, opieki spo\u0142ecznej i wydatk\u00f3w osobistych<\/h1>\n<\/div>\n<\/header>\n<article class=\"page_content\">\n<h2><\/h2>\n<h2 class=\"page_content__inner\">Finansowanie<\/h2>\n<\/article>\n<p>Narodowy Instytut Zdrowia (NIHR) Badania na rzecz dobra pacjenta (RfPB) Nr ref. NIHR201961<\/p>\n<h2>Jakie jest pytanie badawcze?<\/h2>\n<p>Naszym celem jest opracowanie sprawdzonych modu\u0142\u00f3w do kwestionariusza dotycz\u0105cego wykorzystania zasob\u00f3w, kt\u00f3rego autorami s\u0105 pacjenci, w celu oszacowania koszt\u00f3w opieki w randomizowanych badaniach kontrolowanych (RCT) i innych badaniach naukowych.<\/p>\n<h2>Jaki jest problem?<\/h2>\n<p>Ekonomi\u015bci zajmuj\u0105cy si\u0119 ochron\u0105 zdrowia przeprowadzaj\u0105 badania op\u0142acalno\u015bci, aby ustali\u0107, czy konkretna opieka jest op\u0142acalna.<\/p>\n<p>W badaniu op\u0142acalno\u015bci musimy zmierzy\u0107 zar\u00f3wno koszt samej opieki, jak i jej wp\u0142yw na inne us\u0142ugi, z kt\u00f3rych korzystaj\u0105 pacjenci. Obecnie nasza metoda pomiaru koszt\u00f3w nie jest idealna.<\/p>\n<h2>Jaki jest cel bada\u0144?<\/h2>\n<p>Obecnie opracowujemy kwestionariusz, w kt\u00f3rym pytamy pacjent\u00f3w o opiek\u0119 zdrowotn\u0105 w ramach NHS (np. wizyty u lekarza rodzinnego). Jednak wiele os\u00f3b korzysta z opieki \u015bwiadczonej poza NHS.<\/p>\n<p>W ramach tego projektu zamierzamy rozszerzy\u0107 kwestionariusz dotycz\u0105cy opieki zdrowotnej poprzez opracowanie trzech dodatkowych modu\u0142\u00f3w.<\/p>\n<p>W pierwszym przypadku pacjenci zostan\u0105 zapytani o pomoc spo\u0142eczn\u0105, z kt\u00f3rej korzystali (np. pomoc domow\u0105).<\/p>\n<p>Druga kategoria b\u0119dzie obejmowa\u0107 opiek\u0119 nieformaln\u0105, np. pomoc partnera lub przyjaciela.<\/p>\n<p>W ostatnim module zostanie poruszona kwestia koszt\u00f3w, kt\u00f3re pacjenci ponie\u015bli sami.<\/p>\n<h2>Jak to zostanie osi\u0105gni\u0119te?<\/h2>\n<p>Aby opracowa\u0107 modu\u0142y, najpierw okre\u015blimy, jakie pytania powinny zosta\u0107 zawarte, poprzez przegl\u0105d opublikowanych prac i analiz\u0119 istniej\u0105cych kwestionariuszy. Zapytamy r\u00f3wnie\u017c ekspert\u00f3w ds. opieki spo\u0142ecznej o us\u0142ugi, kt\u00f3re ich zdaniem s\u0105 wa\u017cne.<\/p>\n<p>Przeprowadzimy grupow\u0105 dyskusj\u0119 z udzia\u0142em badaczy i przedstawicieli spo\u0142ecze\u0144stwa, aby ustali\u0107, kt\u00f3re sugestie s\u0105 najwa\u017cniejsze do zmierzenia.<\/p>\n<p>Zaprojektujemy wersje robocze modu\u0142\u00f3w, formu\u0142uj\u0105c pytania odzwierciedlaj\u0105ce najlepsze praktyki. Przeprowadzimy telefoniczne wywiady z oko\u0142o 20 badaczami, aby dowiedzie\u0107 si\u0119, czy uwa\u017caj\u0105 oni modu\u0142y za kompletne i czy mo\u017cliwe jest znalezienie informacji o kosztach dla ka\u017cdego pytania.<\/p>\n<p>Nast\u0119pnie przeprowadzimy wywiady z oko\u0142o 25 pacjentami, u\u017cytkownikami opieki lub opiekunami, aby pozna\u0107 ich opinie. Wykorzystamy metod\u0119 \u2018my\u015blenia na g\u0142os\u2019, w kt\u00f3rej uczestnicy zostan\u0105 poproszeni o wype\u0142nienie kwestionariusza, opisuj\u0105c jednocze\u015bnie swoje my\u015bli na g\u0142os. Pozwoli nam to dowiedzie\u0107 si\u0119, czy istniej\u0105 obszary trudne do zrozumienia lub uzupe\u0142nienia, i wprowadzi\u0107 dalsze ulepszenia.<\/p>\n<p>Po zako\u0144czeniu tych etap\u00f3w, prze\u015blemy kwestionariusz do oko\u0142o 250 os\u00f3b, aby sprawdzi\u0107 jego akceptowalno\u015b\u0107 w praktyce. Nast\u0119pnie, na podstawie otrzymanych opinii, dopracujemy jego tre\u015b\u0107. Przygotujemy r\u00f3wnie\u017c zestawienia koszt\u00f3w, kt\u00f3re b\u0119d\u0105 do\u0142\u0105czone do kwestionariusza.<\/p>\n<p>Rezultatem projektu b\u0119dzie gotowy do u\u017cycia modu\u0142owy kwestionariusz do bada\u0144 nad szerokim spektrum chor\u00f3b i stan\u00f3w zdrowia.<\/p>\n<h2>Kto kieruje badaniami?<\/h2>\n<p>Dr Joanna Thorn, pracownik naukowy, Nauki o Zdrowiu Populacyjnym, Uniwersytet w Bristolu.<\/p>\n<h2>Wi\u0119cej informacji:<\/h2>\n<p><a href=\"https:\/\/research-information.bris.ac.uk\/en\/persons\/joanna-c-thorn\" target=\"_blank\" rel=\"nofollow noopener\">Dr Joanna Thorn<\/a><\/p>\n<p>Aby uzyska\u0107 wi\u0119cej informacji lub zaanga\u017cowa\u0107 si\u0119 w ten projekt, wy\u015blij wiadomo\u015b\u0107 e-mail <a href=\"mailto:bnssg.research@nhs.net\" target=\"_blank\" rel=\"noopener\">bnssg.research@nhs.net<\/a>.<\/p>\n<p>Wyra\u017cone pogl\u0105dy s\u0105 pogl\u0105dami autora(-\u00f3w) i niekoniecznie pokrywaj\u0105 si\u0119 z pogl\u0105dami NIHR lub Departamentu Zdrowia i Opieki Spo\u0142ecznej.<\/p>\n  <\/div>\r\n  <\/section><\/div><!-- .assembler_text-module.assembler_module.assembler_text-module_1.assembler_module_1..transparent --><\/div><!-- .assembler_module_area.assembler_module_area_1 --><\/div><!-- .assembler_default-group.assembler_module_group.assembler_default-group_1.assembler_module_group_1  -->","protected":false},"excerpt":{"rendered":"<p>Section titled module-1 A patient-reported questionnaire to measure the use of informal care, social care and personal expenses Funding National Institute for Health (NIHR) Research for Patient Benefit (RfPB) Ref. NIHR201961 What is the research question? We aim to develop validated modules for a patient-reported resource-use questionnaire to estimate care costs in randomised controlled trials [&hellip;]<\/p>\n","protected":false},"author":1,"featured_media":0,"parent":32891,"menu_order":0,"comment_status":"closed","ping_status":"closed","template":"","meta":{"_acf_changed":false,"footnotes":""},"tags":[],"class_list":["post-34563","page","type-page","status-publish","hentry"],"acf":[],"_links":{"self":[{"href":"https:\/\/bnssghealthiertogether.org.uk\/pl\/wp-json\/wp\/v2\/pages\/34563","targetHints":{"allow":["GET"]}}],"collection":[{"href":"https:\/\/bnssghealthiertogether.org.uk\/pl\/wp-json\/wp\/v2\/pages"}],"about":[{"href":"https:\/\/bnssghealthiertogether.org.uk\/pl\/wp-json\/wp\/v2\/types\/page"}],"author":[{"embeddable":true,"href":"https:\/\/bnssghealthiertogether.org.uk\/pl\/wp-json\/wp\/v2\/users\/1"}],"replies":[{"embeddable":true,"href":"https:\/\/bnssghealthiertogether.org.uk\/pl\/wp-json\/wp\/v2\/comments?post=34563"}],"version-history":[{"count":3,"href":"https:\/\/bnssghealthiertogether.org.uk\/pl\/wp-json\/wp\/v2\/pages\/34563\/revisions"}],"predecessor-version":[{"id":36228,"href":"https:\/\/bnssghealthiertogether.org.uk\/pl\/wp-json\/wp\/v2\/pages\/34563\/revisions\/36228"}],"up":[{"embeddable":true,"href":"https:\/\/bnssghealthiertogether.org.uk\/pl\/wp-json\/wp\/v2\/pages\/32891"}],"wp:attachment":[{"href":"https:\/\/bnssghealthiertogether.org.uk\/pl\/wp-json\/wp\/v2\/media?parent=34563"}],"wp:term":[{"taxonomy":"post_tag","embeddable":true,"href":"https:\/\/bnssghealthiertogether.org.uk\/pl\/wp-json\/wp\/v2\/tags?post=34563"}],"curies":[{"name":"wp","href":"https:\/\/api.w.org\/{rel}","templated":true}]}}