{"id":34566,"date":"2024-11-26T16:51:41","date_gmt":"2024-11-26T16:51:41","guid":{"rendered":"https:\/\/bnssghealthiertogether.org.uk\/?page_id=34566"},"modified":"2025-01-19T20:24:13","modified_gmt":"2025-01-19T20:24:13","slug":"adapt-the-south-asian-dementia-diagnosis-pathway-an-online-toolkit-of-enhanced-interventions","status":"publish","type":"page","link":"https:\/\/bnssghealthiertogether.org.uk\/pl\/integrated-care-board\/research-and-evidence\/our-research-portfolio\/previously-supported-projects\/adapt-the-south-asian-dementia-diagnosis-pathway-an-online-toolkit-of-enhanced-interventions\/","title":{"rendered":"ADAPT: Po\u0142udniowoazjatycka \u015bcie\u017cka diagnozy demencji \u2013 internetowy zestaw narz\u0119dzi do ulepszonych interwencji"},"content":{"rendered":"<div class=\"assembler_default-group assembler_module_group assembler_default-group_1 assembler_module_group_1\"><div class=\"assembler_module_area assembler_module_area_1\"><div class=\"assembler_text-module assembler_module assembler_text-module_1 assembler_module_1  transparent\"><a tabindex=\"-1\" title=\"Sekcja zatytu\u0142owana modu\u0142-1\" id=\"module-1\" href=\"https:\/\/bnssghealthiertogether.org.uk\/pl\/wp-json\/wp\/v2\/pages\/34566\/#module-1\" class=\"anchor\"><span class=\"hidden\">Sekcja zatytu\u0142owana modu\u0142-1<\/span><\/a><!-- Template found for text-module - Template: template-text - Matched: _only --><section class=\"w-full mx-auto max-w-content pt-12 sm:pt-24 pb-12 sm:pb-24\">\r\n  <div class=\"entry-content w-full !px-0 max-w-small\">\r\n        <header class=\"local_header\">\n<div class=\"local_header__inner\">\n<h1 class=\"local_header__title\">ADAPT: Po\u0142udniowoazjatycka \u015bcie\u017cka diagnozy demencji \u2013 internetowy zestaw narz\u0119dzi do ulepszonych interwencji<\/h1>\n<\/div>\n<\/header>\n<article class=\"page_content\">\n<h2><\/h2>\n<h2 class=\"page_content__inner\">Finansowanie<\/h2>\n<\/article>\n<p>Narodowy Instytut Bada\u0144 (NIHR) Badania na rzecz dobra pacjenta (RfPB) Nr ref. NIHR200736<\/p>\n<h2>Jakie jest pytanie badawcze?<\/h2>\n<p>Okre\u015blenie element\u00f3w internetowego zestawu narz\u0119dzi, z kt\u00f3rego w razie potrzeby b\u0119d\u0105 mogli korzysta\u0107 komisarze, lekarze i zespo\u0142y opieku\u0144cze, aby sprosta\u0107 lokalnym potrzebom mieszka\u0144c\u00f3w Azji Po\u0142udniowej cierpi\u0105cych na demencj\u0119.<\/p>\n<h2>Jaki jest problem?<\/h2>\n<p>W Wielkiej Brytanii na demencj\u0119 cierpi oko\u0142o 25 000 os\u00f3b pochodzenia czarnosk\u00f3rego, azjatyckiego i innych mniejszo\u015bci etnicznych (BAME).<\/p>\n<p>W ci\u0105gu nast\u0119pnych trzydziestu lat liczba ta gwa\u0142townie wzro\u015bnie, tak \u017ce oko\u0142o 150 000 os\u00f3b ze spo\u0142eczno\u015bci BAME prawdopodobnie zachoruje na demencj\u0119.<\/p>\n<p>Uwa\u017ca si\u0119, \u017ce spo\u0142eczno\u015b\u0107 Azji Po\u0142udniowej (Pakista\u0144czycy, Hindusi, Bangladeszczycy) jest najwi\u0119ksz\u0105 mniejszo\u015bci\u0105 etniczn\u0105 w Wielkiej Brytanii.<\/p>\n<p>U os\u00f3b pochodzenia po\u0142udniowoazjatyckiego demencja jest cz\u0119\u015bciej diagnozowana w p\u00f3\u017aniejszym stadium i wtedy, gdy objawy s\u0105 znacznie powa\u017cniejsze ni\u017c u bia\u0142ych Brytyjczyk\u00f3w. W zwi\u0105zku z tym rzadziej otrzymuj\u0105 oni leki lub zalecane leczenie demencji.<\/p>\n<p>Istniej\u0105 r\u00f3wnie\u017c r\u00f3\u017cnice w otrzymywanym przez nich wsparciu. Osoby z Azji Po\u0142udniowej cz\u0119sto polegaj\u0105 na wsparciu grup spo\u0142ecznych, kt\u00f3rymi zazwyczaj kieruje personel nieprzeszkolony w zakresie demencji.<\/p>\n<p>Wszystkie te problemy sprawiaj\u0105, \u017ce mieszka\u0144cy Azji Po\u0142udniowej s\u0105 w niekorzystnej sytuacji, a NHS i s\u0142u\u017cby socjalne nie zawsze zapewniaj\u0105 im odpowiedniego wsparcia.<\/p>\n<h2>Jaki jest cel bada\u0144?<\/h2>\n<p>Celem niniejszego badania b\u0119dzie udoskonalenie us\u0142ug dla os\u00f3b cierpi\u0105cych na demencj\u0119, aby odpowiada\u0142y one potrzebom mieszka\u0144c\u00f3w Azji Po\u0142udniowej.<\/p>\n<p>Zrobimy to poprzez stworzenie internetowego zestawu narz\u0119dzi zawieraj\u0105cego zasoby dostosowane do danej kultury i zebranie ich w jednym miejscu, aby pracownicy s\u0142u\u017cby zdrowia i opieki spo\u0142ecznej mogli z nich korzysta\u0107 w swoim miejscu pracy.<\/p>\n<p>Lokalne s\u0142u\u017cby b\u0119d\u0105 mog\u0142y wybra\u0107 te elementy zestawu narz\u0119dzi, kt\u00f3re najlepiej odpowiadaj\u0105 potrzebom ich region\u00f3w. U\u0142atwiaj\u0105c korzystanie z us\u0142ug dla os\u00f3b z demencj\u0105, pacjenci s\u0105 diagnozowani na wcze\u015bniejszym etapie, a tym samym maj\u0105 dost\u0119p do wi\u0119kszego wsparcia i leczenia.<\/p>\n<h2>Jak to zostanie osi\u0105gni\u0119te?<\/h2>\n<p>Pierwsza cz\u0119\u015b\u0107 projektu b\u0119dzie polega\u0142a na rozmowach z lud\u017ami z r\u00f3\u017cnych spo\u0142eczno\u015bci Azji Po\u0142udniowej dotkni\u0119tymi demencj\u0105, aby dowiedzie\u0107 si\u0119, jak najlepiej ocenia\u0107 demencj\u0119 i udziela\u0107 wsparcia.<\/p>\n<p>Nast\u0119pnie ustalimy, jak NHS i grupy spo\u0142eczne mog\u0105 najlepiej wsp\u00f3\u0142pracowa\u0107.<\/p>\n<p>Stworzymy klipy wideo z udzia\u0142em os\u00f3b z Azji Po\u0142udniowej opowiadaj\u0105cych o \u2018najlepszych praktykach\u2019 w pracy ze spo\u0142eczno\u015bciami Azji Po\u0142udniowej, na przyk\u0142ad o tym, jak wsp\u00f3\u0142pracowa\u0107 z t\u0142umaczami w warunkach szpitalnych.<\/p>\n<p>Zbierzemy wszystkie te zasoby i stworzymy internetowy zestaw narz\u0119dzi. Nast\u0119pnie podzielimy si\u0119 naszymi wnioskami za po\u015brednictwem medi\u00f3w spo\u0142eczno\u015bciowych i zorganizujemy wydarzenia w Bristolu, Bradford i Wolverhampton.<\/p>\n<h2>Kto kieruje badaniami?<\/h2>\n<p>Prof. Richard Cheston, profesor bada\u0144 nad demencj\u0105, Centrum Zdrowia i Bada\u0144 Klinicznych, Uniwersytet Zachodniej Anglii.<\/p>\n<p>Dr Sahdia Parveen, starszy pracownik naukowy, Centrum Stosowanych Studi\u00f3w nad Demencj\u0105, Uniwersytet w Bradford.<\/p>\n<h2>Wi\u0119cej informacji:<\/h2>\n<p><a href=\"https:\/\/www.bristolhealthpartners.org.uk\/health-integration-teams\/dementia-hit\/research\/\" target=\"_blank\" rel=\"nofollow noopener\">O tym badaniu<\/a><\/p>\n<p>Aby uzyska\u0107 wi\u0119cej informacji lub zaanga\u017cowa\u0107 si\u0119 w ten projekt, wy\u015blij wiadomo\u015b\u0107 e-mail <a href=\"mailto:bnssg.research@nhs.net\" target=\"_blank\" rel=\"noopener\">bnssg.research@nhs.net<\/a>.<\/p>\n<p>Wyra\u017cone pogl\u0105dy s\u0105 pogl\u0105dami autora(-\u00f3w) i niekoniecznie pokrywaj\u0105 si\u0119 z pogl\u0105dami NIHR lub Departamentu Zdrowia i Opieki Spo\u0142ecznej.<\/p>\n  <\/div>\r\n  <\/section><\/div><!-- .assembler_text-module.assembler_module.assembler_text-module_1.assembler_module_1..transparent --><\/div><!-- .assembler_module_area.assembler_module_area_1 --><\/div><!-- .assembler_default-group.assembler_module_group.assembler_default-group_1.assembler_module_group_1  -->","protected":false},"excerpt":{"rendered":"<p>Section titled module-1 ADAPT: The south Asian Dementia diAgnosis PaThway &#8211; an online toolkit of enhanced interventions Funding National Institute for Research (NIHR) Research for Patient Benefit (RfPB) Ref. NIHR200736 What is the research question? To identify the elements of an online toolkit that can be drawn on as necessary by commissioners, clinicians and care [&hellip;]<\/p>\n","protected":false},"author":1,"featured_media":0,"parent":32891,"menu_order":0,"comment_status":"closed","ping_status":"closed","template":"","meta":{"_acf_changed":false,"footnotes":""},"tags":[],"class_list":["post-34566","page","type-page","status-publish","hentry"],"acf":[],"_links":{"self":[{"href":"https:\/\/bnssghealthiertogether.org.uk\/pl\/wp-json\/wp\/v2\/pages\/34566","targetHints":{"allow":["GET"]}}],"collection":[{"href":"https:\/\/bnssghealthiertogether.org.uk\/pl\/wp-json\/wp\/v2\/pages"}],"about":[{"href":"https:\/\/bnssghealthiertogether.org.uk\/pl\/wp-json\/wp\/v2\/types\/page"}],"author":[{"embeddable":true,"href":"https:\/\/bnssghealthiertogether.org.uk\/pl\/wp-json\/wp\/v2\/users\/1"}],"replies":[{"embeddable":true,"href":"https:\/\/bnssghealthiertogether.org.uk\/pl\/wp-json\/wp\/v2\/comments?post=34566"}],"version-history":[{"count":3,"href":"https:\/\/bnssghealthiertogether.org.uk\/pl\/wp-json\/wp\/v2\/pages\/34566\/revisions"}],"predecessor-version":[{"id":36229,"href":"https:\/\/bnssghealthiertogether.org.uk\/pl\/wp-json\/wp\/v2\/pages\/34566\/revisions\/36229"}],"up":[{"embeddable":true,"href":"https:\/\/bnssghealthiertogether.org.uk\/pl\/wp-json\/wp\/v2\/pages\/32891"}],"wp:attachment":[{"href":"https:\/\/bnssghealthiertogether.org.uk\/pl\/wp-json\/wp\/v2\/media?parent=34566"}],"wp:term":[{"taxonomy":"post_tag","embeddable":true,"href":"https:\/\/bnssghealthiertogether.org.uk\/pl\/wp-json\/wp\/v2\/tags?post=34566"}],"curies":[{"name":"wp","href":"https:\/\/api.w.org\/{rel}","templated":true}]}}